{"id":39473,"date":"2026-03-19T08:36:38","date_gmt":"2026-03-19T08:36:38","guid":{"rendered":"https:\/\/monti.lt\/?post_type=product&#038;p=39473"},"modified":"2026-03-24T04:11:54","modified_gmt":"2026-03-24T04:11:54","slug":"edukaciniai-kiausiniai-12-vnt","status":"publish","type":"product","link":"https:\/\/monti.lt\/en\/product\/edukaciniai-kiausiniai-12-vnt\/","title":{"rendered":"Edukaciniai kiau\u0161iniai, 12 vnt."},"content":{"rendered":"<h1 class=\"wp-block-heading\">Kiau\u0161ini\u0173 r\u016b\u0161iuokl\u0117, Montessori edukacin\u0117 d\u0117lion\u0117, derinkite formas ir spalvas 12 kiau\u0161ini\u0173 &#8211; lavinkis per \u017eaidim\u0105!&nbsp;<\/h1>\n\n\n\n<p>&nbsp;&nbsp;<strong>vystymasis per \u017eaidim\u0105<\/strong>&nbsp;&nbsp;&nbsp;\u2013 kiau\u0161inio formos d\u0117lion\u0117&nbsp;&nbsp;&nbsp;<strong>skatina vaiko k\u016brybi\u0161kum\u0105, rank\u0173 \u012fg\u016bd\u017eius ir login\u012f m\u0105stym\u0105<\/strong>&nbsp;, kartu moko susikaupimo ir kantryb\u0117s&nbsp;<\/p>\n\n\n\n<p>&nbsp;&nbsp;<strong>saugus vaikams<\/strong>&nbsp;&nbsp;&nbsp;\u2013 visi elementai pagaminti i\u0161 tvirt\u0173, netoksi\u0161k\u0173 med\u017eiag\u0173,&nbsp;&nbsp;&nbsp;<strong>puikiai tinka ma\u017eoms rankyt\u0117ms<\/strong>&nbsp;&nbsp;&nbsp;ir be a\u0161tri\u0173 briaun\u0173&nbsp;<\/p>\n\n\n\n<p>&nbsp;&nbsp;<strong>edukacinis \u017eaislas<\/strong>&nbsp;&nbsp;&nbsp;\u2013 komplekte yra&nbsp;<strong>&nbsp;&nbsp;12 skirting\u0173 form\u0173 ir spalv\u0173 kiau\u0161ini\u0173<\/strong>&nbsp;, kuriuos vaikas sujungia poromis, lavindamas vaizduot\u0119, steb\u0117jim\u0105 ir atmint\u012f<\/p>\n\n\n\n<h2 class=\"wp-block-heading\">Kiau\u0161ini\u0173 d\u0117lion\u0117s specifikacijos:<\/h2>\n\n\n\n<ul class=\"wp-block-list\">\n<li>atitinka Europos standartus<\/li>\n\n\n\n<li>mokymosi \u017eaislas<\/li>\n\n\n\n<li>mokymasis per \u017eaidim\u0105<\/li>\n\n\n\n<li>kiekvienas kiau\u0161inis skirtingos formos ir spalvos<\/li>\n\n\n\n<li>atminties ir koncentracijos lavinimas<\/li>\n\n\n\n<li>mokytis form\u0173 ir spalv\u0173<\/li>\n\n\n\n<li>rankinis k\u016brimas<\/li>\n\n\n\n<li>dviej\u0173 kiau\u0161ini\u0173 puseli\u0173 sujungimas<\/li>\n\n\n\n<li>vaikams nuo 2 met\u0173<\/li>\n\n\n\n<li>Matmenys: 10,5 x 29,3 x 7 cm<\/li>\n\n\n\n<li>svoris: 0,356 kg<\/li>\n\n\n\n<li>pakuot\u0117s svoris: 0,482 kg<\/li>\n\n\n\n<li>spalva: daugiaspalv\u0117<\/li>\n\n\n\n<li>med\u017eiaga: ABS, PP<\/li>\n<\/ul>\n\n\n\n<h2 class=\"wp-block-heading\">\u012e komplekt\u0105 \u012feina:<\/h2>\n\n\n\n<ul class=\"wp-block-list\">\n<li>d\u0117\u017eut\u0117<\/li>\n\n\n\n<li>12 kiau\u0161ini\u0173<\/li>\n\n\n\n<li>vartotojo vadovas<\/li>\n\n\n\n<li>ruda siuntimo d\u0117\u017eut\u0117<\/li>\n<\/ul>\n\n\n\n<p><strong>GAMINTOJAS:<\/strong><\/p>\n\n\n\n<p>SHANTOU LONGHU DISTRICT XIONGLEXING TOY FACTORY<br>PENGZHONG VILLAGE, PENGNAN INDUSTRIAL ZONE, WAISHA STREET, LONGHU DISTRICT, SHANTOU CITYQI GOU PIAN NO.405<br>362401993@qq.com<\/p>\n\n\n\n<p><strong>ATSAKINGAS ASMUO ES:<\/strong><\/p>\n\n\n\n<p>IsoTrade<\/p>\n\n\n\n<p><strong>\u012eSP\u0116JIMO TURINYS:<\/strong><\/p>\n\n\n\n<p>\u012eSP\u0116JIMAI \u2013 Rekomenduojamas am\u017eius: 2+ \u2013 Produktai netinkami vartoti. \u2013 Nelaikyti at\u0161iauriose oro s\u0105lygose ir ugniai. \u2013 Naudoti pagal paskirt\u012f. \u2013 Nenaudoti pa\u017eeisto produkto. \u2013 Pakuot\u0117 n\u0117ra \u017eaislas. \u017daisl\u0105 turi i\u0161pakuoti suaug\u0119s asmuo, o pakuot\u0119 ir jos fragmentus i\u0161imti i\u0161 pakuot\u0117s.<br>vaikui pasiekiamoje vietoje.<\/p>","protected":false},"excerpt":{"rendered":"<p>Kiau\u0161ini\u0173 r\u016b\u0161iuokl\u0117, Montessori edukacin\u0117 d\u0117lion\u0117, derinkite formas ir spalvas 12 kiau\u0161ini\u0173 &#8211; lavinkis per \u017eaidim\u0105!&nbsp; &nbsp;&nbsp;vystymasis per \u017eaidim\u0105&nbsp;&nbsp;&nbsp;\u2013 kiau\u0161inio formos d\u0117lion\u0117&nbsp;&nbsp;&nbsp;skatina vaiko k\u016brybi\u0161kum\u0105, rank\u0173 \u012fg\u016bd\u017eius ir login\u012f m\u0105stym\u0105&nbsp;, kartu moko susikaupimo ir kantryb\u0117s&nbsp; &nbsp;&nbsp;saugus vaikams&nbsp;&nbsp;&nbsp;\u2013 visi elementai pagaminti i\u0161 tvirt\u0173, netoksi\u0161k\u0173 med\u017eiag\u0173,&nbsp;&nbsp;&nbsp;puikiai tinka ma\u017eoms rankyt\u0117ms&nbsp;&nbsp;&nbsp;ir be a\u0161tri\u0173 briaun\u0173&nbsp; &nbsp;&nbsp;edukacinis \u017eaislas&nbsp;&nbsp;&nbsp;\u2013 komplekte yra&nbsp;&nbsp;&nbsp;12 skirting\u0173 form\u0173 ir [&hellip;]<\/p>","protected":false},"featured_media":39474,"template":"","meta":{"_acf_changed":false,"iawp_total_views":19},"product_cat":[92,193,194,195,191,84,83,86,50,49,39,201],"product_tag":[95,96,97,98],"class_list":{"0":"post-39473","1":"product","2":"type-product","3":"status-publish","4":"has-post-thumbnail","6":"product_cat-deliones","7":"product_cat-dovanos-vaikams-1-2-metu","8":"product_cat-dovanos-vaikams-2-3-metu","9":"product_cat-dovanos-vaikams-3-4-metu","10":"product_cat-dovanos-vaikams","11":"product_cat-lavinamieji-zaislai","12":"product_cat-montessori-zaislai","13":"product_cat-smulkioji-motorika","14":"product_cat-top-dovanos","15":"product_cat-visi-zaislai","16":"product_cat-zaislai","17":"product_cat-zaislai-kelioneje","18":"product_tag-1-m-2-m","19":"product_tag-2-m-3-m","20":"product_tag-3-m-4-m","21":"product_tag-5-m-7-m","23":"first","24":"outofstock","25":"taxable","26":"shipping-taxable","27":"purchasable","28":"product-type-simple"},"acf":[],"yoast_head":"<!-- This site is optimized with the Yoast SEO plugin v23.3 - https:\/\/yoast.com\/wordpress\/plugins\/seo\/ -->\n<title>Edukaciniai kiau\u0161iniai, 12 vnt. - Montessori \u017eaislai<\/title>\n<meta name=\"robots\" content=\"index, follow, max-snippet:-1, max-image-preview:large, max-video-preview:-1\" \/>\n<link rel=\"canonical\" href=\"https:\/\/monti.lt\/en\/product\/edukaciniai-kiausiniai-12-vnt\/\" \/>\n<meta property=\"og:locale\" content=\"en_US\" \/>\n<meta property=\"og:type\" content=\"article\" \/>\n<meta property=\"og:title\" content=\"Edukaciniai kiau\u0161iniai, 12 vnt. - Montessori \u017eaislai\" \/>\n<meta property=\"og:description\" content=\"Kiau\u0161ini\u0173 r\u016b\u0161iuokl\u0117, Montessori edukacin\u0117 d\u0117lion\u0117, derinkite formas ir spalvas 12 kiau\u0161ini\u0173 &#8211; lavinkis per \u017eaidim\u0105!&nbsp; &nbsp;&nbsp;vystymasis per \u017eaidim\u0105&nbsp;&nbsp;&nbsp;\u2013 kiau\u0161inio formos d\u0117lion\u0117&nbsp;&nbsp;&nbsp;skatina vaiko k\u016brybi\u0161kum\u0105, rank\u0173 \u012fg\u016bd\u017eius ir login\u012f m\u0105stym\u0105&nbsp;, kartu moko susikaupimo ir kantryb\u0117s&nbsp; &nbsp;&nbsp;saugus vaikams&nbsp;&nbsp;&nbsp;\u2013 visi elementai pagaminti i\u0161 tvirt\u0173, netoksi\u0161k\u0173 med\u017eiag\u0173,&nbsp;&nbsp;&nbsp;puikiai tinka ma\u017eoms rankyt\u0117ms&nbsp;&nbsp;&nbsp;ir be a\u0161tri\u0173 briaun\u0173&nbsp; &nbsp;&nbsp;edukacinis \u017eaislas&nbsp;&nbsp;&nbsp;\u2013 komplekte yra&nbsp;&nbsp;&nbsp;12 skirting\u0173 form\u0173 ir [&hellip;]\" \/>\n<meta property=\"og:url\" content=\"https:\/\/monti.lt\/en\/product\/edukaciniai-kiausiniai-12-vnt\/\" \/>\n<meta property=\"og:site_name\" content=\"Montessori \u017eaislai\" \/>\n<meta property=\"article:modified_time\" content=\"2026-03-24T04:11:54+00:00\" \/>\n<meta property=\"og:image\" content=\"https:\/\/monti.lt\/wp-content\/uploads\/2026\/03\/lit_pl_Delione-kiausiniu-rinkinys-12-vnt-26653-18480_7.jpg\" \/>\n\t<meta property=\"og:image:width\" content=\"500\" \/>\n\t<meta property=\"og:image:height\" content=\"500\" \/>\n\t<meta property=\"og:image:type\" content=\"image\/jpeg\" \/>\n<meta name=\"twitter:card\" content=\"summary_large_image\" \/>\n<meta name=\"twitter:label1\" content=\"Est. reading time\" \/>\n\t<meta name=\"twitter:data1\" content=\"2 minutes\" \/>\n<script type=\"application\/ld+json\" class=\"yoast-schema-graph\">{\"@context\":\"https:\/\/schema.org\",\"@graph\":[{\"@type\":\"WebPage\",\"@id\":\"https:\/\/monti.lt\/product\/edukaciniai-kiausiniai-12-vnt\/\",\"url\":\"https:\/\/monti.lt\/product\/edukaciniai-kiausiniai-12-vnt\/\",\"name\":\"Edukaciniai kiau\u0161iniai, 12 vnt. - Montessori \u017eaislai\",\"isPartOf\":{\"@id\":\"https:\/\/monti.lt\/#website\"},\"primaryImageOfPage\":{\"@id\":\"https:\/\/monti.lt\/product\/edukaciniai-kiausiniai-12-vnt\/#primaryimage\"},\"image\":{\"@id\":\"https:\/\/monti.lt\/product\/edukaciniai-kiausiniai-12-vnt\/#primaryimage\"},\"thumbnailUrl\":\"https:\/\/monti.lt\/wp-content\/uploads\/2026\/03\/lit_pl_Delione-kiausiniu-rinkinys-12-vnt-26653-18480_7.jpg\",\"datePublished\":\"2026-03-19T08:36:38+00:00\",\"dateModified\":\"2026-03-24T04:11:54+00:00\",\"breadcrumb\":{\"@id\":\"https:\/\/monti.lt\/product\/edukaciniai-kiausiniai-12-vnt\/#breadcrumb\"},\"inLanguage\":\"en-US\",\"potentialAction\":[{\"@type\":\"ReadAction\",\"target\":[\"https:\/\/monti.lt\/product\/edukaciniai-kiausiniai-12-vnt\/\"]}]},{\"@type\":\"ImageObject\",\"inLanguage\":\"en-US\",\"@id\":\"https:\/\/monti.lt\/product\/edukaciniai-kiausiniai-12-vnt\/#primaryimage\",\"url\":\"https:\/\/monti.lt\/wp-content\/uploads\/2026\/03\/lit_pl_Delione-kiausiniu-rinkinys-12-vnt-26653-18480_7.jpg\",\"contentUrl\":\"https:\/\/monti.lt\/wp-content\/uploads\/2026\/03\/lit_pl_Delione-kiausiniu-rinkinys-12-vnt-26653-18480_7.jpg\",\"width\":500,\"height\":500,\"caption\":\"dovana Velykoms\"},{\"@type\":\"BreadcrumbList\",\"@id\":\"https:\/\/monti.lt\/product\/edukaciniai-kiausiniai-12-vnt\/#breadcrumb\",\"itemListElement\":[{\"@type\":\"ListItem\",\"position\":1,\"name\":\"Home\",\"item\":\"https:\/\/monti.lt\/\"},{\"@type\":\"ListItem\",\"position\":2,\"name\":\"Parduotuv\u0117\",\"item\":\"https:\/\/monti.lt\/shop\/\"},{\"@type\":\"ListItem\",\"position\":3,\"name\":\"Edukaciniai kiau\u0161iniai, 12 vnt.\"}]},{\"@type\":\"WebSite\",\"@id\":\"https:\/\/monti.lt\/#website\",\"url\":\"https:\/\/monti.lt\/\",\"name\":\"Montessori \u017eaislai\",\"description\":\"\",\"publisher\":{\"@id\":\"https:\/\/monti.lt\/#organization\"},\"potentialAction\":[{\"@type\":\"SearchAction\",\"target\":{\"@type\":\"EntryPoint\",\"urlTemplate\":\"https:\/\/monti.lt\/?s={search_term_string}\"},\"query-input\":\"required name=search_term_string\"}],\"inLanguage\":\"en-US\"},{\"@type\":\"Organization\",\"@id\":\"https:\/\/monti.lt\/#organization\",\"name\":\"Montessori \u017eaislai\",\"url\":\"https:\/\/monti.lt\/\",\"logo\":{\"@type\":\"ImageObject\",\"inLanguage\":\"en-US\",\"@id\":\"https:\/\/monti.lt\/#\/schema\/logo\/image\/\",\"url\":\"https:\/\/monti.lt\/wp-content\/uploads\/2022\/03\/montilogo-1.png\",\"contentUrl\":\"https:\/\/monti.lt\/wp-content\/uploads\/2022\/03\/montilogo-1.png\",\"width\":512,\"height\":512,\"caption\":\"Montessori \u017eaislai\"},\"image\":{\"@id\":\"https:\/\/monti.lt\/#\/schema\/logo\/image\/\"}}]}<\/script>\n<!-- \/ Yoast SEO plugin. -->","yoast_head_json":{"title":"Edukaciniai kiau\u0161iniai, 12 vnt. - Montessori \u017eaislai","robots":{"index":"index","follow":"follow","max-snippet":"max-snippet:-1","max-image-preview":"max-image-preview:large","max-video-preview":"max-video-preview:-1"},"canonical":"https:\/\/monti.lt\/en\/product\/edukaciniai-kiausiniai-12-vnt\/","og_locale":"en_US","og_type":"article","og_title":"Edukaciniai kiau\u0161iniai, 12 vnt. - Montessori \u017eaislai","og_description":"Kiau\u0161ini\u0173 r\u016b\u0161iuokl\u0117, Montessori edukacin\u0117 d\u0117lion\u0117, derinkite formas ir spalvas 12 kiau\u0161ini\u0173 &#8211; lavinkis per \u017eaidim\u0105!&nbsp; &nbsp;&nbsp;vystymasis per \u017eaidim\u0105&nbsp;&nbsp;&nbsp;\u2013 kiau\u0161inio formos d\u0117lion\u0117&nbsp;&nbsp;&nbsp;skatina vaiko k\u016brybi\u0161kum\u0105, rank\u0173 \u012fg\u016bd\u017eius ir login\u012f m\u0105stym\u0105&nbsp;, kartu moko susikaupimo ir kantryb\u0117s&nbsp; &nbsp;&nbsp;saugus vaikams&nbsp;&nbsp;&nbsp;\u2013 visi elementai pagaminti i\u0161 tvirt\u0173, netoksi\u0161k\u0173 med\u017eiag\u0173,&nbsp;&nbsp;&nbsp;puikiai tinka ma\u017eoms rankyt\u0117ms&nbsp;&nbsp;&nbsp;ir be a\u0161tri\u0173 briaun\u0173&nbsp; &nbsp;&nbsp;edukacinis \u017eaislas&nbsp;&nbsp;&nbsp;\u2013 komplekte yra&nbsp;&nbsp;&nbsp;12 skirting\u0173 form\u0173 ir [&hellip;]","og_url":"https:\/\/monti.lt\/en\/product\/edukaciniai-kiausiniai-12-vnt\/","og_site_name":"Montessori \u017eaislai","article_modified_time":"2026-03-24T04:11:54+00:00","og_image":[{"width":500,"height":500,"url":"https:\/\/monti.lt\/wp-content\/uploads\/2026\/03\/lit_pl_Delione-kiausiniu-rinkinys-12-vnt-26653-18480_7.jpg","type":"image\/jpeg"}],"twitter_card":"summary_large_image","twitter_misc":{"Est. reading time":"2 minutes"},"schema":{"@context":"https:\/\/schema.org","@graph":[{"@type":"WebPage","@id":"https:\/\/monti.lt\/product\/edukaciniai-kiausiniai-12-vnt\/","url":"https:\/\/monti.lt\/product\/edukaciniai-kiausiniai-12-vnt\/","name":"Edukaciniai kiau\u0161iniai, 12 vnt. - Montessori \u017eaislai","isPartOf":{"@id":"https:\/\/monti.lt\/#website"},"primaryImageOfPage":{"@id":"https:\/\/monti.lt\/product\/edukaciniai-kiausiniai-12-vnt\/#primaryimage"},"image":{"@id":"https:\/\/monti.lt\/product\/edukaciniai-kiausiniai-12-vnt\/#primaryimage"},"thumbnailUrl":"https:\/\/monti.lt\/wp-content\/uploads\/2026\/03\/lit_pl_Delione-kiausiniu-rinkinys-12-vnt-26653-18480_7.jpg","datePublished":"2026-03-19T08:36:38+00:00","dateModified":"2026-03-24T04:11:54+00:00","breadcrumb":{"@id":"https:\/\/monti.lt\/product\/edukaciniai-kiausiniai-12-vnt\/#breadcrumb"},"inLanguage":"en-US","potentialAction":[{"@type":"ReadAction","target":["https:\/\/monti.lt\/product\/edukaciniai-kiausiniai-12-vnt\/"]}]},{"@type":"ImageObject","inLanguage":"en-US","@id":"https:\/\/monti.lt\/product\/edukaciniai-kiausiniai-12-vnt\/#primaryimage","url":"https:\/\/monti.lt\/wp-content\/uploads\/2026\/03\/lit_pl_Delione-kiausiniu-rinkinys-12-vnt-26653-18480_7.jpg","contentUrl":"https:\/\/monti.lt\/wp-content\/uploads\/2026\/03\/lit_pl_Delione-kiausiniu-rinkinys-12-vnt-26653-18480_7.jpg","width":500,"height":500,"caption":"dovana Velykoms"},{"@type":"BreadcrumbList","@id":"https:\/\/monti.lt\/product\/edukaciniai-kiausiniai-12-vnt\/#breadcrumb","itemListElement":[{"@type":"ListItem","position":1,"name":"Home","item":"https:\/\/monti.lt\/"},{"@type":"ListItem","position":2,"name":"Parduotuv\u0117","item":"https:\/\/monti.lt\/shop\/"},{"@type":"ListItem","position":3,"name":"Edukaciniai kiau\u0161iniai, 12 vnt."}]},{"@type":"WebSite","@id":"https:\/\/monti.lt\/#website","url":"https:\/\/monti.lt\/","name":"Montessori \u017eaislai","description":"","publisher":{"@id":"https:\/\/monti.lt\/#organization"},"potentialAction":[{"@type":"SearchAction","target":{"@type":"EntryPoint","urlTemplate":"https:\/\/monti.lt\/?s={search_term_string}"},"query-input":"required name=search_term_string"}],"inLanguage":"en-US"},{"@type":"Organization","@id":"https:\/\/monti.lt\/#organization","name":"Montessori \u017eaislai","url":"https:\/\/monti.lt\/","logo":{"@type":"ImageObject","inLanguage":"en-US","@id":"https:\/\/monti.lt\/#\/schema\/logo\/image\/","url":"https:\/\/monti.lt\/wp-content\/uploads\/2022\/03\/montilogo-1.png","contentUrl":"https:\/\/monti.lt\/wp-content\/uploads\/2022\/03\/montilogo-1.png","width":512,"height":512,"caption":"Montessori \u017eaislai"},"image":{"@id":"https:\/\/monti.lt\/#\/schema\/logo\/image\/"}}]}},"_links":{"self":[{"href":"https:\/\/monti.lt\/en\/wp-json\/wp\/v2\/product\/39473"}],"collection":[{"href":"https:\/\/monti.lt\/en\/wp-json\/wp\/v2\/product"}],"about":[{"href":"https:\/\/monti.lt\/en\/wp-json\/wp\/v2\/types\/product"}],"version-history":[{"count":1,"href":"https:\/\/monti.lt\/en\/wp-json\/wp\/v2\/product\/39473\/revisions"}],"predecessor-version":[{"id":39483,"href":"https:\/\/monti.lt\/en\/wp-json\/wp\/v2\/product\/39473\/revisions\/39483"}],"wp:featuredmedia":[{"embeddable":true,"href":"https:\/\/monti.lt\/en\/wp-json\/wp\/v2\/media\/39474"}],"wp:attachment":[{"href":"https:\/\/monti.lt\/en\/wp-json\/wp\/v2\/media?parent=39473"}],"wp:term":[{"taxonomy":"product_cat","embeddable":true,"href":"https:\/\/monti.lt\/en\/wp-json\/wp\/v2\/product_cat?post=39473"},{"taxonomy":"product_tag","embeddable":true,"href":"https:\/\/monti.lt\/en\/wp-json\/wp\/v2\/product_tag?post=39473"}],"curies":[{"name":"wp","href":"https:\/\/api.w.org\/{rel}","templated":true}]}}