{"id":39484,"date":"2026-03-19T08:40:49","date_gmt":"2026-03-19T08:40:49","guid":{"rendered":"https:\/\/monti.lt\/?post_type=product&#038;p=39484"},"modified":"2026-03-24T21:19:15","modified_gmt":"2026-03-24T21:19:15","slug":"baltas-karaoke-mikrofonas-kiskis","status":"publish","type":"product","link":"https:\/\/monti.lt\/en\/product\/baltas-karaoke-mikrofonas-kiskis\/","title":{"rendered":"Baltas karaoke mikrofonas &#8220;Ki\u0161kis&#8221;"},"content":{"rendered":"<h1 class=\"wp-block-heading\">Belaidis \u201eBluetooth\u201c karaoke mikrofonas vaikams su triu\u0161io garsiakalbiu&nbsp;<\/h1>\n\n\n\n<h2 class=\"wp-block-heading\">Belaidis karaoke mikrofonas vaikams, \u201eBluetooth\u201c baltas, su USB C tipo garsiakalbiu&nbsp;<\/h2>\n\n\n\n<p>\u201eBluetooth\u201c karaoke mikrofonas vaikams&nbsp;<strong>&nbsp;&nbsp;Su \u012fmontuotu 5 W garsiakalbiu, RGB efektais ir magi\u0161ko balso funkcija tai puikus pasirinkimas dovanai<\/strong>&nbsp;&nbsp;&nbsp;\u2013 suteikia valand\u0173 valandas k\u016brybi\u0161ko \u017eaidimo be laid\u0173, triuk\u0161mo ar nusivylimo. D\u0117l sertifikat\u0173 ir stabilaus \u201eBluetooth 5.1\u201c ry\u0161io galite b\u016bti tikri, kad&nbsp;&nbsp;&nbsp;<strong>vaikas naudoja saugias ir modernias technologijas, kurios tikrai veikia.<\/strong><\/p>\n\n\n\n<h2 class=\"wp-block-heading\">Kod\u0117l jums patiks IZOXIS karaoke mikrofonas&nbsp;<\/h2>\n\n\n\n<p><strong>veikia su bet kokiu \u012frenginiu<\/strong>&nbsp;&nbsp;&nbsp;&#8211; mikrofonas palaiko \u201eBluetooth 5.1\u201c, tod\u0117l veikia su i\u0161maniaisiais telefonais, plan\u0161etiniais kompiuteriais, ne\u0161iojamaisiais kompiuteriais ir televizoriais &#8211;&nbsp;&nbsp;&nbsp;<strong>Jums tereikia \u201eBluetooth\u201c ry\u0161io arba TF kortel\u0117s, kad gal\u0117tum\u0117te m\u0117gautis muzika ir dainuoti be laid\u0173!<\/strong><\/p>\n\n\n\n<p><strong>Spalvingas RGB LED ap\u0161vietimas ir magi\u0161ko balso funkcija su 4 moduliacijos re\u017eimais&nbsp;&nbsp;<\/strong>&nbsp;&#8211; \u017eaidimas pritraukia ma\u017eiausi\u0173j\u0173 d\u0117mes\u012f, suteikia daug d\u017eiaugsmo ir k\u016brybi\u0161ko \u017eaidimo,&nbsp;&nbsp;&nbsp;<strong>Tai ne tik karaoke mikrofonas, bet ir tikras \u0161ou namuose!<\/strong><\/p>\n\n\n\n<p><strong>garsiai ir ai\u0161kiai<\/strong>&nbsp;&nbsp;&nbsp;&#8211; \u012fmontuotas 5 W garsiakalbis ir pa\u017eangiausios technologijos&nbsp;&nbsp;&nbsp;<strong>u\u017etikrina ai\u0161k\u0173, gars\u0173 gars\u0105 be i\u0161kraipym\u0173, idealiai tinka vaik\u0173 karaoke pasirodymams ir \u0161eimos pramogoms<\/strong><\/p>\n\n\n\n<p><strong>saugus vaikams<\/strong>&nbsp;&nbsp;&nbsp;&#8211; mikrofonas buvo i\u0161bandytas akredituotose laboratorijose ir yra sertifikuotas, be to, jis pagamintas i\u0161 patvari\u0173 ABS ir PC med\u017eiag\u0173 &#8211;&nbsp;&nbsp;&nbsp;<strong>Tai saugus, tvirtas \u017eaislas, pritaikytas jauniausiems naudotojams<\/strong><\/p>\n\n\n\n<p><strong>vaikas gal\u0117s valdyti \u012frengin\u012f<\/strong>&nbsp;&nbsp;&nbsp;&#8211; Intuityv\u016bs mygtukai ir ai\u0161kios funkcijos leid\u017eia net ir ma\u017eiausiems vaikams&nbsp;&nbsp;&nbsp;<strong>savaranki\u0161kai keisti re\u017eimus, reguliuoti garsum\u0105 ir groti su mikrofonu be suaugusi\u0173j\u0173 pagalbos<\/strong><\/p>\n\n\n\n<p><strong>galinga baterija<\/strong>&nbsp;&nbsp;&nbsp;&#8211; D\u0117l \u012fmontuotos 800 mAh baterijos mikrofonas veikia iki keli\u0173 valand\u0173 be \u012fkrovimo &#8211;&nbsp;<strong>&nbsp;&nbsp;puikiai tinka vakar\u0117liams, \u0161eimos susib\u016brimams ar pramogoms keliaujant<\/strong><\/p>\n\n\n\n<p><strong>perkate mikrofon\u0105 i\u0161 lenki\u0161ko prek\u0117s \u017eenklo \u201eIzoxis\u201c<\/strong>&nbsp;&nbsp;&nbsp;su vietiniu aptarnavimu ir garantiniu aptarnavimu \u2013&nbsp;&nbsp;&nbsp;<strong>i\u0161kilus problemai, gausite reali\u0105 ir greit\u0105 pagalb\u0105<\/strong><\/p>\n\n\n\n<h2 class=\"wp-block-heading\">\u201eIzoxis\u201c karaoke mikrofono technin\u0117s specifikacijos&nbsp;<\/h2>\n\n\n\n<ul class=\"wp-block-list\">\n<li><strong>atitinka Europos standartus<\/strong><\/li>\n\n\n\n<li>\u012fmontuotas garsiakalbis<\/li>\n\n\n\n<li><strong>RGB LED vaizdo efekt\u0173 funkcija<\/strong><\/li>\n\n\n\n<li><strong>kelios valandos veiksmo<\/strong>\u00a0\u00a0\u00a0\u012frenginiai<\/li>\n\n\n\n<li><strong>triuk\u0161mo ma\u017einimo funkcija<\/strong>\u00a0\u00a0\u00a0&#8211; balsas skamb\u0117s ai\u0161kiai ir be trukd\u017ei\u0173<\/li>\n\n\n\n<li><strong>balso moduliacijos funkcija<\/strong>\u00a0\u00a0\u00a0suteikia daug juoko<\/li>\n\n\n\n<li><strong>belaid\u017eio ry\u0161io funkcija<\/strong><\/li>\n\n\n\n<li>vaiko am\u017eius:\u00a0\u00a0\u00a0<strong>3+<\/strong><\/li>\n\n\n\n<li>i\u0161\u0117jimo galia:\u00a0\u00a0\u00a0<strong>5W<\/strong><\/li>\n\n\n\n<li>garsiakalbis:\u00a0\u00a0\u00a0<strong>52 mm<\/strong><\/li>\n\n\n\n<li>Da\u017eni\u0173 diapazonas:\u00a0\u00a0\u00a0<strong>40 Hz\u201318 kHz<\/strong><\/li>\n\n\n\n<li>\u201eBluetooth\u201c:\u00a0\u00a0\u00a0<strong>5.1 versija<\/strong><\/li>\n\n\n\n<li>registrat\u016bra:\u00a0\u00a0\u00a0<strong>iki 10 m<\/strong><\/li>\n\n\n\n<li>TF korteli\u0173 palaikymas:\u00a0\u00a0\u00a0<strong>MP3<\/strong><\/li>\n\n\n\n<li>akumuliatoriaus talpa:\u00a0\u00a0\u00a0<strong>800 mAh<\/strong><\/li>\n\n\n\n<li>uostai:\u00a0\u00a0\u00a0<strong>microUSB kortel\u0117<\/strong><\/li>\n\n\n\n<li>\u012fkrovimo \u012ftampa:\u00a0\u00a0\u00a0<strong>4,8\u20135 V nuolatin\u0117 srov\u0117 (USB)<\/strong><\/li>\n\n\n\n<li>nusileidimas:\u00a0\u00a0\u00a0<strong>USB C tipo<\/strong><\/li>\n\n\n\n<li>matmenys:\u00a0\u00a0\u00a0<strong>23,5 x 9 x 3,5 cm<\/strong><\/li>\n\n\n\n<li>Svarstykl\u0117s:\u00a0\u00a0\u00a0<strong>0,259 kg<\/strong><\/li>\n\n\n\n<li>svoris pakuot\u0117je:\u00a0\u00a0\u00a0<strong>0,315 kg<\/strong><\/li>\n\n\n\n<li>\u017eenklas:\u00a0\u00a0\u00a0<strong>IZOKSIS<\/strong><\/li>\n\n\n\n<li>med\u017eiaga:\u00a0\u00a0\u00a0<strong>ABS, PC, PVC, kempin\u0117, gele\u017eis<\/strong><\/li>\n\n\n\n<li>spalva:\u00a0\u00a0\u00a0<strong>balta<\/strong><\/li>\n<\/ul>\n\n\n\n<h2 class=\"wp-block-heading\">Kas \u012feina \u012f rinkin\u012f?&nbsp;<\/h2>\n\n\n\n<ul class=\"wp-block-list\">\n<li><strong>belaidis karaoke mikrofonas<\/strong>\u00a0\u00a0\u00a0Saldus triu\u0161is Izoksis<\/li>\n\n\n\n<li><strong>USB \u012fkrovimo laidas<\/strong><\/li>\n\n\n\n<li>daugiakalbis\u00a0<strong>naudotojo vadovas<\/strong><\/li>\n\n\n\n<li>originalus\u00a0\u00a0\u00a0<strong>gamintojo pakuot\u0117<\/strong><\/li>\n<\/ul>\n\n\n\n<p><strong>GAMINTOJAS:<\/strong><\/p>\n\n\n\n<p>ISO TRADE Sp. z o. o.<br>Gniewomierz 173,<br>59-241 Legnickie Pole, Poland<\/p>\n\n\n\n<p><strong>ATSAKINGAS ASMUO ES:<\/strong><\/p>\n\n\n\n<p>IsoTrade<\/p>\n\n\n\n<p><strong>\u012eSP\u0116JIMO TURINYS:<\/strong><\/p>\n\n\n\n<p>\u012eSP\u0116JIMAI<br>&#8211; \u012esp\u0117jimas. Netinka vaikams iki 36 m\u0117nesi\u0173. Smulkios dalys. U\u017espringimo pavojus.<br>&#8211; Produktai netinkami vartoti.<br>&#8211; Saugoti nuo at\u0161iauri\u0173 oro s\u0105lyg\u0173 ir ugnies.<br>&#8211; Naudoti pagal paskirt\u012f.<br>&#8211; Neignoruokite rekomendacij\u0173 d\u0117l naudotojo am\u017eiaus.<br>&#8211; Nenaudokite pa\u017eeisto gaminio.<br>&#8211; Surinkimui reikalingas suaug\u0119s asmuo.<br>&#8211; Nelaikykite nesurinkt\u0173 dali\u0173 vaikams prieinamose vietose.<br>&#8211; Pakuot\u0117 n\u0117ra \u017eaislas. \u017daisl\u0105 turi i\u0161pakuoti suaug\u0119s asmuo, o pakuot\u0119 ir jos fragmentus reikia laikyti vaikams nepasiekiamoje vietoje.<br>&#8211; \u017daisl\u0105 galima naudoti tik su rekomenduojamu transformatoriumi.<br>&#8211; Transformatorius n\u0117ra \u017eaislas. Netinkamas transformatoriaus naudojimas gali sukelti elektros sm\u016bg\u012f.<br>&#8211; \u017daisle yra nekei\u010diamos baterijos.<br>&#8211; \u017daislo pavir\u0161i\u0173 palaikykite \u0161var\u0173, nuvalydami j\u012f mink\u0161tu, sausu skudur\u0117liu.<br>&#8211; \u017daisl\u0105 galima jungti tik prie \u012frengini\u0173, pa\u017eym\u0117t\u0173 vienu i\u0161 \u0161i\u0173 simboli\u0173 arba<\/p>","protected":false},"excerpt":{"rendered":"<p>Belaidis \u201eBluetooth\u201c karaoke mikrofonas vaikams su triu\u0161io garsiakalbiu&nbsp; Belaidis karaoke mikrofonas vaikams, \u201eBluetooth\u201c baltas, su USB C tipo garsiakalbiu&nbsp; \u201eBluetooth\u201c karaoke mikrofonas vaikams&nbsp;&nbsp;&nbsp;Su \u012fmontuotu 5 W garsiakalbiu, RGB efektais ir magi\u0161ko balso funkcija tai puikus pasirinkimas dovanai&nbsp;&nbsp;&nbsp;\u2013 suteikia valand\u0173 valandas k\u016brybi\u0161ko \u017eaidimo be laid\u0173, triuk\u0161mo ar nusivylimo. D\u0117l sertifikat\u0173 ir stabilaus \u201eBluetooth 5.1\u201c ry\u0161io galite [&hellip;]<\/p>","protected":false},"featured_media":39485,"template":"","meta":{"_acf_changed":false,"iawp_total_views":19},"product_cat":[195,216,217,191,84,85,50,93,49,39],"product_tag":[97,98,99],"class_list":{"0":"post-39484","1":"product","2":"type-product","3":"status-publish","4":"has-post-thumbnail","6":"product_cat-dovanos-vaikams-3-4-metu","7":"product_cat-dovanos-4-5-metu-vaikams","8":"product_cat-dovanos-5-7-metu-vaikams","9":"product_cat-dovanos-vaikams","10":"product_cat-lavinamieji-zaislai","11":"product_cat-muzikiniai-zaislai","12":"product_cat-top-dovanos","13":"product_cat-vaidmenu-zaidimai","14":"product_cat-visi-zaislai","15":"product_cat-zaislai","16":"product_tag-3-m-4-m","17":"product_tag-5-m-7-m","18":"product_tag-8-m-11-m","20":"first","21":"outofstock","22":"taxable","23":"shipping-taxable","24":"purchasable","25":"product-type-simple"},"acf":[],"yoast_head":"<!-- This site is optimized with the Yoast SEO plugin v23.3 - https:\/\/yoast.com\/wordpress\/plugins\/seo\/ -->\n<title>Baltas karaoke mikrofonas &quot;Ki\u0161kis&quot; - Montessori \u017eaislai<\/title>\n<meta name=\"robots\" content=\"index, follow, max-snippet:-1, max-image-preview:large, max-video-preview:-1\" \/>\n<link rel=\"canonical\" href=\"https:\/\/monti.lt\/en\/product\/baltas-karaoke-mikrofonas-kiskis\/\" \/>\n<meta property=\"og:locale\" content=\"en_US\" \/>\n<meta property=\"og:type\" content=\"article\" \/>\n<meta property=\"og:title\" content=\"Baltas karaoke mikrofonas &quot;Ki\u0161kis&quot; - Montessori \u017eaislai\" \/>\n<meta property=\"og:description\" content=\"Belaidis \u201eBluetooth\u201c karaoke mikrofonas vaikams su triu\u0161io garsiakalbiu&nbsp; Belaidis karaoke mikrofonas vaikams, \u201eBluetooth\u201c baltas, su USB C tipo garsiakalbiu&nbsp; \u201eBluetooth\u201c karaoke mikrofonas vaikams&nbsp;&nbsp;&nbsp;Su \u012fmontuotu 5 W garsiakalbiu, RGB efektais ir magi\u0161ko balso funkcija tai puikus pasirinkimas dovanai&nbsp;&nbsp;&nbsp;\u2013 suteikia valand\u0173 valandas k\u016brybi\u0161ko \u017eaidimo be laid\u0173, triuk\u0161mo ar nusivylimo. D\u0117l sertifikat\u0173 ir stabilaus \u201eBluetooth 5.1\u201c ry\u0161io galite [&hellip;]\" \/>\n<meta property=\"og:url\" content=\"https:\/\/monti.lt\/en\/product\/baltas-karaoke-mikrofonas-kiskis\/\" \/>\n<meta property=\"og:site_name\" content=\"Montessori \u017eaislai\" \/>\n<meta property=\"article:modified_time\" content=\"2026-03-24T21:19:15+00:00\" \/>\n<meta property=\"og:image\" content=\"https:\/\/monti.lt\/wp-content\/uploads\/2026\/03\/lit_pl_-Izoxis-27047-belaidis-karaoke-mikrofonas-baltas-18784_9.jpg\" \/>\n\t<meta property=\"og:image:width\" content=\"500\" \/>\n\t<meta property=\"og:image:height\" content=\"500\" \/>\n\t<meta property=\"og:image:type\" content=\"image\/jpeg\" \/>\n<meta name=\"twitter:card\" content=\"summary_large_image\" \/>\n<meta name=\"twitter:label1\" content=\"Est. reading time\" \/>\n\t<meta name=\"twitter:data1\" content=\"3 minutes\" \/>\n<script type=\"application\/ld+json\" class=\"yoast-schema-graph\">{\"@context\":\"https:\/\/schema.org\",\"@graph\":[{\"@type\":\"WebPage\",\"@id\":\"https:\/\/monti.lt\/product\/baltas-karaoke-mikrofonas-kiskis\/\",\"url\":\"https:\/\/monti.lt\/product\/baltas-karaoke-mikrofonas-kiskis\/\",\"name\":\"Baltas karaoke mikrofonas \\\"Ki\u0161kis\\\" - Montessori \u017eaislai\",\"isPartOf\":{\"@id\":\"https:\/\/monti.lt\/#website\"},\"primaryImageOfPage\":{\"@id\":\"https:\/\/monti.lt\/product\/baltas-karaoke-mikrofonas-kiskis\/#primaryimage\"},\"image\":{\"@id\":\"https:\/\/monti.lt\/product\/baltas-karaoke-mikrofonas-kiskis\/#primaryimage\"},\"thumbnailUrl\":\"https:\/\/monti.lt\/wp-content\/uploads\/2026\/03\/lit_pl_-Izoxis-27047-belaidis-karaoke-mikrofonas-baltas-18784_9.jpg\",\"datePublished\":\"2026-03-19T08:40:49+00:00\",\"dateModified\":\"2026-03-24T21:19:15+00:00\",\"breadcrumb\":{\"@id\":\"https:\/\/monti.lt\/product\/baltas-karaoke-mikrofonas-kiskis\/#breadcrumb\"},\"inLanguage\":\"en-US\",\"potentialAction\":[{\"@type\":\"ReadAction\",\"target\":[\"https:\/\/monti.lt\/product\/baltas-karaoke-mikrofonas-kiskis\/\"]}]},{\"@type\":\"ImageObject\",\"inLanguage\":\"en-US\",\"@id\":\"https:\/\/monti.lt\/product\/baltas-karaoke-mikrofonas-kiskis\/#primaryimage\",\"url\":\"https:\/\/monti.lt\/wp-content\/uploads\/2026\/03\/lit_pl_-Izoxis-27047-belaidis-karaoke-mikrofonas-baltas-18784_9.jpg\",\"contentUrl\":\"https:\/\/monti.lt\/wp-content\/uploads\/2026\/03\/lit_pl_-Izoxis-27047-belaidis-karaoke-mikrofonas-baltas-18784_9.jpg\",\"width\":500,\"height\":500,\"caption\":\"dovana velykoms\"},{\"@type\":\"BreadcrumbList\",\"@id\":\"https:\/\/monti.lt\/product\/baltas-karaoke-mikrofonas-kiskis\/#breadcrumb\",\"itemListElement\":[{\"@type\":\"ListItem\",\"position\":1,\"name\":\"Home\",\"item\":\"https:\/\/monti.lt\/\"},{\"@type\":\"ListItem\",\"position\":2,\"name\":\"Parduotuv\u0117\",\"item\":\"https:\/\/monti.lt\/shop\/\"},{\"@type\":\"ListItem\",\"position\":3,\"name\":\"Baltas karaoke mikrofonas &#8220;Ki\u0161kis&#8221;\"}]},{\"@type\":\"WebSite\",\"@id\":\"https:\/\/monti.lt\/#website\",\"url\":\"https:\/\/monti.lt\/\",\"name\":\"Montessori \u017eaislai\",\"description\":\"\",\"publisher\":{\"@id\":\"https:\/\/monti.lt\/#organization\"},\"potentialAction\":[{\"@type\":\"SearchAction\",\"target\":{\"@type\":\"EntryPoint\",\"urlTemplate\":\"https:\/\/monti.lt\/?s={search_term_string}\"},\"query-input\":\"required name=search_term_string\"}],\"inLanguage\":\"en-US\"},{\"@type\":\"Organization\",\"@id\":\"https:\/\/monti.lt\/#organization\",\"name\":\"Montessori \u017eaislai\",\"url\":\"https:\/\/monti.lt\/\",\"logo\":{\"@type\":\"ImageObject\",\"inLanguage\":\"en-US\",\"@id\":\"https:\/\/monti.lt\/#\/schema\/logo\/image\/\",\"url\":\"https:\/\/monti.lt\/wp-content\/uploads\/2022\/03\/montilogo-1.png\",\"contentUrl\":\"https:\/\/monti.lt\/wp-content\/uploads\/2022\/03\/montilogo-1.png\",\"width\":512,\"height\":512,\"caption\":\"Montessori \u017eaislai\"},\"image\":{\"@id\":\"https:\/\/monti.lt\/#\/schema\/logo\/image\/\"}}]}<\/script>\n<!-- \/ Yoast SEO plugin. -->","yoast_head_json":{"title":"Baltas karaoke mikrofonas \"Ki\u0161kis\" - Montessori \u017eaislai","robots":{"index":"index","follow":"follow","max-snippet":"max-snippet:-1","max-image-preview":"max-image-preview:large","max-video-preview":"max-video-preview:-1"},"canonical":"https:\/\/monti.lt\/en\/product\/baltas-karaoke-mikrofonas-kiskis\/","og_locale":"en_US","og_type":"article","og_title":"Baltas karaoke mikrofonas \"Ki\u0161kis\" - Montessori \u017eaislai","og_description":"Belaidis \u201eBluetooth\u201c karaoke mikrofonas vaikams su triu\u0161io garsiakalbiu&nbsp; Belaidis karaoke mikrofonas vaikams, \u201eBluetooth\u201c baltas, su USB C tipo garsiakalbiu&nbsp; \u201eBluetooth\u201c karaoke mikrofonas vaikams&nbsp;&nbsp;&nbsp;Su \u012fmontuotu 5 W garsiakalbiu, RGB efektais ir magi\u0161ko balso funkcija tai puikus pasirinkimas dovanai&nbsp;&nbsp;&nbsp;\u2013 suteikia valand\u0173 valandas k\u016brybi\u0161ko \u017eaidimo be laid\u0173, triuk\u0161mo ar nusivylimo. D\u0117l sertifikat\u0173 ir stabilaus \u201eBluetooth 5.1\u201c ry\u0161io galite [&hellip;]","og_url":"https:\/\/monti.lt\/en\/product\/baltas-karaoke-mikrofonas-kiskis\/","og_site_name":"Montessori \u017eaislai","article_modified_time":"2026-03-24T21:19:15+00:00","og_image":[{"width":500,"height":500,"url":"https:\/\/monti.lt\/wp-content\/uploads\/2026\/03\/lit_pl_-Izoxis-27047-belaidis-karaoke-mikrofonas-baltas-18784_9.jpg","type":"image\/jpeg"}],"twitter_card":"summary_large_image","twitter_misc":{"Est. reading time":"3 minutes"},"schema":{"@context":"https:\/\/schema.org","@graph":[{"@type":"WebPage","@id":"https:\/\/monti.lt\/product\/baltas-karaoke-mikrofonas-kiskis\/","url":"https:\/\/monti.lt\/product\/baltas-karaoke-mikrofonas-kiskis\/","name":"Baltas karaoke mikrofonas \"Ki\u0161kis\" - Montessori \u017eaislai","isPartOf":{"@id":"https:\/\/monti.lt\/#website"},"primaryImageOfPage":{"@id":"https:\/\/monti.lt\/product\/baltas-karaoke-mikrofonas-kiskis\/#primaryimage"},"image":{"@id":"https:\/\/monti.lt\/product\/baltas-karaoke-mikrofonas-kiskis\/#primaryimage"},"thumbnailUrl":"https:\/\/monti.lt\/wp-content\/uploads\/2026\/03\/lit_pl_-Izoxis-27047-belaidis-karaoke-mikrofonas-baltas-18784_9.jpg","datePublished":"2026-03-19T08:40:49+00:00","dateModified":"2026-03-24T21:19:15+00:00","breadcrumb":{"@id":"https:\/\/monti.lt\/product\/baltas-karaoke-mikrofonas-kiskis\/#breadcrumb"},"inLanguage":"en-US","potentialAction":[{"@type":"ReadAction","target":["https:\/\/monti.lt\/product\/baltas-karaoke-mikrofonas-kiskis\/"]}]},{"@type":"ImageObject","inLanguage":"en-US","@id":"https:\/\/monti.lt\/product\/baltas-karaoke-mikrofonas-kiskis\/#primaryimage","url":"https:\/\/monti.lt\/wp-content\/uploads\/2026\/03\/lit_pl_-Izoxis-27047-belaidis-karaoke-mikrofonas-baltas-18784_9.jpg","contentUrl":"https:\/\/monti.lt\/wp-content\/uploads\/2026\/03\/lit_pl_-Izoxis-27047-belaidis-karaoke-mikrofonas-baltas-18784_9.jpg","width":500,"height":500,"caption":"dovana velykoms"},{"@type":"BreadcrumbList","@id":"https:\/\/monti.lt\/product\/baltas-karaoke-mikrofonas-kiskis\/#breadcrumb","itemListElement":[{"@type":"ListItem","position":1,"name":"Home","item":"https:\/\/monti.lt\/"},{"@type":"ListItem","position":2,"name":"Parduotuv\u0117","item":"https:\/\/monti.lt\/shop\/"},{"@type":"ListItem","position":3,"name":"Baltas karaoke mikrofonas &#8220;Ki\u0161kis&#8221;"}]},{"@type":"WebSite","@id":"https:\/\/monti.lt\/#website","url":"https:\/\/monti.lt\/","name":"Montessori \u017eaislai","description":"","publisher":{"@id":"https:\/\/monti.lt\/#organization"},"potentialAction":[{"@type":"SearchAction","target":{"@type":"EntryPoint","urlTemplate":"https:\/\/monti.lt\/?s={search_term_string}"},"query-input":"required name=search_term_string"}],"inLanguage":"en-US"},{"@type":"Organization","@id":"https:\/\/monti.lt\/#organization","name":"Montessori \u017eaislai","url":"https:\/\/monti.lt\/","logo":{"@type":"ImageObject","inLanguage":"en-US","@id":"https:\/\/monti.lt\/#\/schema\/logo\/image\/","url":"https:\/\/monti.lt\/wp-content\/uploads\/2022\/03\/montilogo-1.png","contentUrl":"https:\/\/monti.lt\/wp-content\/uploads\/2022\/03\/montilogo-1.png","width":512,"height":512,"caption":"Montessori \u017eaislai"},"image":{"@id":"https:\/\/monti.lt\/#\/schema\/logo\/image\/"}}]}},"_links":{"self":[{"href":"https:\/\/monti.lt\/en\/wp-json\/wp\/v2\/product\/39484"}],"collection":[{"href":"https:\/\/monti.lt\/en\/wp-json\/wp\/v2\/product"}],"about":[{"href":"https:\/\/monti.lt\/en\/wp-json\/wp\/v2\/types\/product"}],"version-history":[{"count":1,"href":"https:\/\/monti.lt\/en\/wp-json\/wp\/v2\/product\/39484\/revisions"}],"predecessor-version":[{"id":39495,"href":"https:\/\/monti.lt\/en\/wp-json\/wp\/v2\/product\/39484\/revisions\/39495"}],"wp:featuredmedia":[{"embeddable":true,"href":"https:\/\/monti.lt\/en\/wp-json\/wp\/v2\/media\/39485"}],"wp:attachment":[{"href":"https:\/\/monti.lt\/en\/wp-json\/wp\/v2\/media?parent=39484"}],"wp:term":[{"taxonomy":"product_cat","embeddable":true,"href":"https:\/\/monti.lt\/en\/wp-json\/wp\/v2\/product_cat?post=39484"},{"taxonomy":"product_tag","embeddable":true,"href":"https:\/\/monti.lt\/en\/wp-json\/wp\/v2\/product_tag?post=39484"}],"curies":[{"name":"wp","href":"https:\/\/api.w.org\/{rel}","templated":true}]}}