{"id":39496,"date":"2026-03-19T08:45:16","date_gmt":"2026-03-19T08:45:16","guid":{"rendered":"https:\/\/monti.lt\/?post_type=product&#038;p=39496"},"modified":"2026-04-10T07:49:05","modified_gmt":"2026-04-10T07:49:05","slug":"kurybinis-smelio-konstruktoriaus-rinkinys","status":"publish","type":"product","link":"https:\/\/monti.lt\/en\/product\/kurybinis-smelio-konstruktoriaus-rinkinys\/","title":{"rendered":"K\u016brybinis sm\u0117lio konstruktoriaus rinkinys"},"content":{"rendered":"<h1 class=\"wp-block-heading\">\u201eIso Trade\u201c k\u016brybinis sm\u0117lis su XXL konstruktoriaus rinkiniu, sm\u0117lio d\u0117\u017ee lagamine \u2013 k\u016brybi\u0161kas \u017eaidimas ir vaiko raida be netvarkos<\/h1>\n\n\n\n<p>Atraskite unikal\u0173 XXL sm\u0117lio konstruktoriaus rinkin\u012f, kuris kiekvien\u0105 \u017eaidimo akimirk\u0105 pavers nepamir\u0161tamu nuotykiu.&nbsp;&nbsp;&nbsp;<strong>Tvirtas lagaminas taip pat gali b\u016bti naudojamas kaip mobili sm\u0117lio d\u0117\u017e\u0117, kuri\u0105 galite pastatyti vos per sekund\u0119<\/strong>&nbsp;ir prad\u0117ti konstruoti statybviet\u0119, piln\u0105 interaktyvi\u0173 ma\u0161in\u0173 ir pried\u0173. \u0160is \u017eaislas pad\u0117s j\u016bs\u0173 vaikui pasijusti tikru statybininku, lavins sensorinius \u012fg\u016bd\u017eius, k\u016brybi\u0161kum\u0105 ir rank\u0173 miklum\u0105, o j\u016bs i\u0161vengsite netvarkos!<\/p>\n\n\n\n<h2 class=\"wp-block-heading\">Konstrukcijos rinkinys \u2013 mobili sm\u0117lio d\u0117\u017e\u0117 lagamine: mobilus kranas, statybin\u0117s transporto priemon\u0117s, formos ir priedai k\u016brybi\u0161kam \u017eaidimui be netvarkos; sensorinis ir motorinis lavinimas<\/h2>\n\n\n\n<ul class=\"wp-block-list\">\n<li><strong>mobili sm\u0117lio d\u0117\u017e\u0117 lagamine\u00a0\u00a0<\/strong>\u00a0\u2013 lengva i\u0161skleisti ir pasiimti bet kur<\/li>\n\n\n\n<li><strong>Rinkinyje yra kilnojamas kranas<\/strong>\u00a0: dar realesnis ir interaktyvesnis \u017eaidimas<\/li>\n\n\n\n<li><strong>k\u016brybi\u0161kumas<\/strong>\u00a0\u00a0\u00a0&#8211; formos, mentel\u0117s, mentel\u0117s, kelio \u017eenklai: vaikas planuoja mar\u0161rutus, kuria gatves ir darbo zonas<\/li>\n\n\n\n<li><strong>sensoriniai ir motoriniai \u012fg\u016bd\u017eiai\u00a0\u00a0<\/strong>\u00a0&#8211; sm\u0117lis puikiai tinka formavimui; jis lavina aki\u0173 ir rank\u0173 koordinacij\u0105 bei erdvin\u0119 vaizduot\u0119<\/li>\n\n\n\n<li><strong>lavina rank\u0173 \u012fg\u016bd\u017eius<\/strong>\u00a0, k\u016brybi\u0161kum\u0105 ir kantryb\u0119<\/li>\n\n\n\n<li><strong>tobula dovana\u00a0\u00a0<\/strong>\u00a0ma\u017eiesiems konstruktoriams nuo 3 met\u0173<\/li>\n\n\n\n<li><strong>pagaminta i\u0161 saugi\u0173<\/strong>\u00a0, patvari\u0173 med\u017eiag\u0173, sertifikuota vaikamsVaik\u0173 rinkinio technin\u0117s specifikacijos:\n<ul class=\"wp-block-list\">\n<li>Lagamino \/ sm\u0117lio d\u0117\u017e\u0117s matmenys: 36 x 7 x 29 cm<\/li>\n\n\n\n<li>svoris su pakuote: 2,554 kg<\/li>\n\n\n\n<li>Svoris be pakuot\u0117s: 2,181 kg<\/li>\n\n\n\n<li>sm\u0117lio kiekis: 1500 gram\u0173<\/li>\n\n\n\n<li>med\u017eiaga: ABS plastikas, poliesteris, cinko lydinys<\/li>\n<\/ul>\n<\/li>\n<\/ul>\n\n\n\n<h2 class=\"wp-block-heading\">Rinkinio turinys:<\/h2>\n\n\n\n<ul class=\"wp-block-list\">\n<li>sm\u0117lio d\u0117\u017e\u0117s tipo lagaminas su \u012fmontuota krano vieta<\/li>\n\n\n\n<li>1500 g sm\u0117lio<\/li>\n\n\n\n<li>mobilus kranas<\/li>\n\n\n\n<li>3 statybin\u0117s transporto priemon\u0117s: 2 buldozeriai ir ekskavatorius<\/li>\n\n\n\n<li>3 modeliavimo mentel\u0117s<\/li>\n\n\n\n<li>pakuot\u0117\u00a0<\/li>\n<\/ul>\n\n\n\n<p><strong>GAMINTOJAS:<\/strong><\/p>\n\n\n\n<p>PEPEDO TOYS FACTORY<br>CHENGHAI DISTRICT, SHANTOU CITY, GUANGDONG PROVINCE, CHINA<br>2139162312@qq.com<\/p>\n\n\n\n<p><strong>ATSAKINGAS ASMUO ES:<\/strong><\/p>\n\n\n\n<p>IsoTrade<\/p>\n\n\n\n<p><strong>\u012eSP\u0116JIMO TURINYS:<\/strong><\/p>\n\n\n\n<p>&#8211; \u012esp\u0117jimas. Netinka vaikams iki 36 m\u0117nesi\u0173. Smulkios dalys. U\u017espringimo pavojus.<br>&#8211; Produktai netinkami vartoti.<br>&#8211; Saugoti nuo at\u0161iauri\u0173 oro s\u0105lyg\u0173 ir ugnies.<br>&#8211; Naudoti pagal paskirt\u012f.<br>&#8211; Neignoruokite rekomendacij\u0173 d\u0117l naudotojo am\u017eiaus.<br>&#8211; Nenaudokite pa\u017eeisto gaminio.<br>&#8211; Surinkimui reikalingas suaug\u0119s asmuo.<br>&#8211; Nelaikykite nesurinkt\u0173 dali\u0173 vaikams prieinamose vietose.<br>&#8211; Pakuot\u0117 n\u0117ra \u017eaislas. \u017daisl\u0105 turi i\u0161pakuoti suaug\u0119s asmuo, o pakuot\u0119 ir jos fragmentus reikia laikyti vaikams nepasiekiamoje vietoje.&nbsp;<\/p>\n\n\n\n<p><strong>GAMINTOJAS:<\/strong><\/p>\n\n\n\n<p>PEPEDO TOYS FACTORY<br>CHENGHAI DISTRICT, SHANTOU CITY, GUANGDONG PROVINCE, CHINA<br>2139162312@qq.com<\/p>\n\n\n\n<p><strong>ATSAKINGAS ASMUO ES:<\/strong><\/p>\n\n\n\n<p>IsoTrade<\/p>\n\n\n\n<p><strong>\u012eSP\u0116JIMO TURINYS:<\/strong><\/p>\n\n\n\n<p>&#8211; \u012esp\u0117jimas. Netinka vaikams iki 36 m\u0117nesi\u0173. Smulkios dalys. U\u017espringimo pavojus.<br>&#8211; Produktai netinkami vartoti.<br>&#8211; Saugoti nuo at\u0161iauri\u0173 oro s\u0105lyg\u0173 ir ugnies.<br>&#8211; Naudoti pagal paskirt\u012f.<br>&#8211; Neignoruokite rekomendacij\u0173 d\u0117l naudotojo am\u017eiaus.<br>&#8211; Nenaudokite pa\u017eeisto gaminio.<br>&#8211; Surinkimui reikalingas suaug\u0119s asmuo.<br>&#8211; Nelaikykite nesurinkt\u0173 dali\u0173 vaikams prieinamose vietose.<br>&#8211; Pakuot\u0117 n\u0117ra \u017eaislas. \u017daisl\u0105 turi i\u0161pakuoti suaug\u0119s asmuo, o pakuot\u0119 ir jos fragmentus reikia laikyti vaikams nepasiekiamoje vietoje.&nbsp;<\/p>","protected":false},"excerpt":{"rendered":"<p>\u201eIso Trade\u201c k\u016brybinis sm\u0117lis su XXL konstruktoriaus rinkiniu, sm\u0117lio d\u0117\u017ee lagamine \u2013 k\u016brybi\u0161kas \u017eaidimas ir vaiko raida be netvarkos Atraskite unikal\u0173 XXL sm\u0117lio konstruktoriaus rinkin\u012f, kuris kiekvien\u0105 \u017eaidimo akimirk\u0105 pavers nepamir\u0161tamu nuotykiu.&nbsp;&nbsp;&nbsp;Tvirtas lagaminas taip pat gali b\u016bti naudojamas kaip mobili sm\u0117lio d\u0117\u017e\u0117, kuri\u0105 galite pastatyti vos per sekund\u0119&nbsp;ir prad\u0117ti konstruoti statybviet\u0119, piln\u0105 interaktyvi\u0173 ma\u0161in\u0173 ir [&hellip;]<\/p>","protected":false},"featured_media":39497,"template":"","meta":{"_acf_changed":false,"iawp_total_views":37},"product_cat":[195,216,197,191,87,84,86,49,39,215],"product_tag":[97,98],"class_list":{"0":"post-39496","1":"product","2":"type-product","3":"status-publish","4":"has-post-thumbnail","6":"product_cat-dovanos-vaikams-3-4-metu","7":"product_cat-dovanos-4-5-metu-vaikams","8":"product_cat-dovanos-berniukams","9":"product_cat-dovanos-vaikams","10":"product_cat-kurybiniai-rinkiniai","11":"product_cat-lavinamieji-zaislai","12":"product_cat-smulkioji-motorika","13":"product_cat-visi-zaislai","14":"product_cat-zaislai","15":"product_cat-zaislai-berniukams","16":"product_tag-3-m-4-m","17":"product_tag-5-m-7-m","19":"first","20":"instock","21":"taxable","22":"shipping-taxable","23":"purchasable","24":"product-type-simple"},"acf":[],"yoast_head":"<!-- This site is optimized with the Yoast SEO plugin v23.3 - https:\/\/yoast.com\/wordpress\/plugins\/seo\/ -->\n<title>K\u016brybinis sm\u0117lio konstruktoriaus rinkinys - Montessori \u017eaislai<\/title>\n<meta name=\"robots\" content=\"index, follow, max-snippet:-1, max-image-preview:large, max-video-preview:-1\" \/>\n<link rel=\"canonical\" href=\"https:\/\/monti.lt\/en\/product\/kurybinis-smelio-konstruktoriaus-rinkinys\/\" \/>\n<meta property=\"og:locale\" content=\"en_US\" \/>\n<meta property=\"og:type\" content=\"article\" \/>\n<meta property=\"og:title\" content=\"K\u016brybinis sm\u0117lio konstruktoriaus rinkinys - Montessori \u017eaislai\" \/>\n<meta property=\"og:description\" content=\"\u201eIso Trade\u201c k\u016brybinis sm\u0117lis su XXL konstruktoriaus rinkiniu, sm\u0117lio d\u0117\u017ee lagamine \u2013 k\u016brybi\u0161kas \u017eaidimas ir vaiko raida be netvarkos Atraskite unikal\u0173 XXL sm\u0117lio konstruktoriaus rinkin\u012f, kuris kiekvien\u0105 \u017eaidimo akimirk\u0105 pavers nepamir\u0161tamu nuotykiu.&nbsp;&nbsp;&nbsp;Tvirtas lagaminas taip pat gali b\u016bti naudojamas kaip mobili sm\u0117lio d\u0117\u017e\u0117, kuri\u0105 galite pastatyti vos per sekund\u0119&nbsp;ir prad\u0117ti konstruoti statybviet\u0119, piln\u0105 interaktyvi\u0173 ma\u0161in\u0173 ir [&hellip;]\" \/>\n<meta property=\"og:url\" content=\"https:\/\/monti.lt\/en\/product\/kurybinis-smelio-konstruktoriaus-rinkinys\/\" \/>\n<meta property=\"og:site_name\" content=\"Montessori \u017eaislai\" \/>\n<meta property=\"article:modified_time\" content=\"2026-04-10T07:49:05+00:00\" \/>\n<meta property=\"og:image\" content=\"https:\/\/monti.lt\/wp-content\/uploads\/2026\/03\/lit_pl_Kurybinis-smelio-konstruktoriaus-rinkinys-26766-18628_10.jpg\" \/>\n\t<meta property=\"og:image:width\" content=\"500\" \/>\n\t<meta property=\"og:image:height\" content=\"500\" \/>\n\t<meta property=\"og:image:type\" content=\"image\/jpeg\" \/>\n<meta name=\"twitter:card\" content=\"summary_large_image\" \/>\n<meta name=\"twitter:label1\" content=\"Est. reading time\" \/>\n\t<meta name=\"twitter:data1\" content=\"3 minutes\" \/>\n<script type=\"application\/ld+json\" class=\"yoast-schema-graph\">{\"@context\":\"https:\/\/schema.org\",\"@graph\":[{\"@type\":\"WebPage\",\"@id\":\"https:\/\/monti.lt\/product\/kurybinis-smelio-konstruktoriaus-rinkinys\/\",\"url\":\"https:\/\/monti.lt\/product\/kurybinis-smelio-konstruktoriaus-rinkinys\/\",\"name\":\"K\u016brybinis sm\u0117lio konstruktoriaus rinkinys - Montessori \u017eaislai\",\"isPartOf\":{\"@id\":\"https:\/\/monti.lt\/#website\"},\"primaryImageOfPage\":{\"@id\":\"https:\/\/monti.lt\/product\/kurybinis-smelio-konstruktoriaus-rinkinys\/#primaryimage\"},\"image\":{\"@id\":\"https:\/\/monti.lt\/product\/kurybinis-smelio-konstruktoriaus-rinkinys\/#primaryimage\"},\"thumbnailUrl\":\"https:\/\/monti.lt\/wp-content\/uploads\/2026\/03\/lit_pl_Kurybinis-smelio-konstruktoriaus-rinkinys-26766-18628_10.jpg\",\"datePublished\":\"2026-03-19T08:45:16+00:00\",\"dateModified\":\"2026-04-10T07:49:05+00:00\",\"breadcrumb\":{\"@id\":\"https:\/\/monti.lt\/product\/kurybinis-smelio-konstruktoriaus-rinkinys\/#breadcrumb\"},\"inLanguage\":\"en-US\",\"potentialAction\":[{\"@type\":\"ReadAction\",\"target\":[\"https:\/\/monti.lt\/product\/kurybinis-smelio-konstruktoriaus-rinkinys\/\"]}]},{\"@type\":\"ImageObject\",\"inLanguage\":\"en-US\",\"@id\":\"https:\/\/monti.lt\/product\/kurybinis-smelio-konstruktoriaus-rinkinys\/#primaryimage\",\"url\":\"https:\/\/monti.lt\/wp-content\/uploads\/2026\/03\/lit_pl_Kurybinis-smelio-konstruktoriaus-rinkinys-26766-18628_10.jpg\",\"contentUrl\":\"https:\/\/monti.lt\/wp-content\/uploads\/2026\/03\/lit_pl_Kurybinis-smelio-konstruktoriaus-rinkinys-26766-18628_10.jpg\",\"width\":500,\"height\":500,\"caption\":\"dovana velykoms\"},{\"@type\":\"BreadcrumbList\",\"@id\":\"https:\/\/monti.lt\/product\/kurybinis-smelio-konstruktoriaus-rinkinys\/#breadcrumb\",\"itemListElement\":[{\"@type\":\"ListItem\",\"position\":1,\"name\":\"Home\",\"item\":\"https:\/\/monti.lt\/\"},{\"@type\":\"ListItem\",\"position\":2,\"name\":\"Parduotuv\u0117\",\"item\":\"https:\/\/monti.lt\/shop\/\"},{\"@type\":\"ListItem\",\"position\":3,\"name\":\"K\u016brybinis sm\u0117lio konstruktoriaus rinkinys\"}]},{\"@type\":\"WebSite\",\"@id\":\"https:\/\/monti.lt\/#website\",\"url\":\"https:\/\/monti.lt\/\",\"name\":\"Montessori \u017eaislai\",\"description\":\"\",\"publisher\":{\"@id\":\"https:\/\/monti.lt\/#organization\"},\"potentialAction\":[{\"@type\":\"SearchAction\",\"target\":{\"@type\":\"EntryPoint\",\"urlTemplate\":\"https:\/\/monti.lt\/?s={search_term_string}\"},\"query-input\":\"required name=search_term_string\"}],\"inLanguage\":\"en-US\"},{\"@type\":\"Organization\",\"@id\":\"https:\/\/monti.lt\/#organization\",\"name\":\"Montessori \u017eaislai\",\"url\":\"https:\/\/monti.lt\/\",\"logo\":{\"@type\":\"ImageObject\",\"inLanguage\":\"en-US\",\"@id\":\"https:\/\/monti.lt\/#\/schema\/logo\/image\/\",\"url\":\"https:\/\/monti.lt\/wp-content\/uploads\/2022\/03\/montilogo-1.png\",\"contentUrl\":\"https:\/\/monti.lt\/wp-content\/uploads\/2022\/03\/montilogo-1.png\",\"width\":512,\"height\":512,\"caption\":\"Montessori \u017eaislai\"},\"image\":{\"@id\":\"https:\/\/monti.lt\/#\/schema\/logo\/image\/\"}}]}<\/script>\n<!-- \/ Yoast SEO plugin. -->","yoast_head_json":{"title":"K\u016brybinis sm\u0117lio konstruktoriaus rinkinys - Montessori \u017eaislai","robots":{"index":"index","follow":"follow","max-snippet":"max-snippet:-1","max-image-preview":"max-image-preview:large","max-video-preview":"max-video-preview:-1"},"canonical":"https:\/\/monti.lt\/en\/product\/kurybinis-smelio-konstruktoriaus-rinkinys\/","og_locale":"en_US","og_type":"article","og_title":"K\u016brybinis sm\u0117lio konstruktoriaus rinkinys - Montessori \u017eaislai","og_description":"\u201eIso Trade\u201c k\u016brybinis sm\u0117lis su XXL konstruktoriaus rinkiniu, sm\u0117lio d\u0117\u017ee lagamine \u2013 k\u016brybi\u0161kas \u017eaidimas ir vaiko raida be netvarkos Atraskite unikal\u0173 XXL sm\u0117lio konstruktoriaus rinkin\u012f, kuris kiekvien\u0105 \u017eaidimo akimirk\u0105 pavers nepamir\u0161tamu nuotykiu.&nbsp;&nbsp;&nbsp;Tvirtas lagaminas taip pat gali b\u016bti naudojamas kaip mobili sm\u0117lio d\u0117\u017e\u0117, kuri\u0105 galite pastatyti vos per sekund\u0119&nbsp;ir prad\u0117ti konstruoti statybviet\u0119, piln\u0105 interaktyvi\u0173 ma\u0161in\u0173 ir [&hellip;]","og_url":"https:\/\/monti.lt\/en\/product\/kurybinis-smelio-konstruktoriaus-rinkinys\/","og_site_name":"Montessori \u017eaislai","article_modified_time":"2026-04-10T07:49:05+00:00","og_image":[{"width":500,"height":500,"url":"https:\/\/monti.lt\/wp-content\/uploads\/2026\/03\/lit_pl_Kurybinis-smelio-konstruktoriaus-rinkinys-26766-18628_10.jpg","type":"image\/jpeg"}],"twitter_card":"summary_large_image","twitter_misc":{"Est. reading time":"3 minutes"},"schema":{"@context":"https:\/\/schema.org","@graph":[{"@type":"WebPage","@id":"https:\/\/monti.lt\/product\/kurybinis-smelio-konstruktoriaus-rinkinys\/","url":"https:\/\/monti.lt\/product\/kurybinis-smelio-konstruktoriaus-rinkinys\/","name":"K\u016brybinis sm\u0117lio konstruktoriaus rinkinys - Montessori \u017eaislai","isPartOf":{"@id":"https:\/\/monti.lt\/#website"},"primaryImageOfPage":{"@id":"https:\/\/monti.lt\/product\/kurybinis-smelio-konstruktoriaus-rinkinys\/#primaryimage"},"image":{"@id":"https:\/\/monti.lt\/product\/kurybinis-smelio-konstruktoriaus-rinkinys\/#primaryimage"},"thumbnailUrl":"https:\/\/monti.lt\/wp-content\/uploads\/2026\/03\/lit_pl_Kurybinis-smelio-konstruktoriaus-rinkinys-26766-18628_10.jpg","datePublished":"2026-03-19T08:45:16+00:00","dateModified":"2026-04-10T07:49:05+00:00","breadcrumb":{"@id":"https:\/\/monti.lt\/product\/kurybinis-smelio-konstruktoriaus-rinkinys\/#breadcrumb"},"inLanguage":"en-US","potentialAction":[{"@type":"ReadAction","target":["https:\/\/monti.lt\/product\/kurybinis-smelio-konstruktoriaus-rinkinys\/"]}]},{"@type":"ImageObject","inLanguage":"en-US","@id":"https:\/\/monti.lt\/product\/kurybinis-smelio-konstruktoriaus-rinkinys\/#primaryimage","url":"https:\/\/monti.lt\/wp-content\/uploads\/2026\/03\/lit_pl_Kurybinis-smelio-konstruktoriaus-rinkinys-26766-18628_10.jpg","contentUrl":"https:\/\/monti.lt\/wp-content\/uploads\/2026\/03\/lit_pl_Kurybinis-smelio-konstruktoriaus-rinkinys-26766-18628_10.jpg","width":500,"height":500,"caption":"dovana velykoms"},{"@type":"BreadcrumbList","@id":"https:\/\/monti.lt\/product\/kurybinis-smelio-konstruktoriaus-rinkinys\/#breadcrumb","itemListElement":[{"@type":"ListItem","position":1,"name":"Home","item":"https:\/\/monti.lt\/"},{"@type":"ListItem","position":2,"name":"Parduotuv\u0117","item":"https:\/\/monti.lt\/shop\/"},{"@type":"ListItem","position":3,"name":"K\u016brybinis sm\u0117lio konstruktoriaus rinkinys"}]},{"@type":"WebSite","@id":"https:\/\/monti.lt\/#website","url":"https:\/\/monti.lt\/","name":"Montessori \u017eaislai","description":"","publisher":{"@id":"https:\/\/monti.lt\/#organization"},"potentialAction":[{"@type":"SearchAction","target":{"@type":"EntryPoint","urlTemplate":"https:\/\/monti.lt\/?s={search_term_string}"},"query-input":"required name=search_term_string"}],"inLanguage":"en-US"},{"@type":"Organization","@id":"https:\/\/monti.lt\/#organization","name":"Montessori \u017eaislai","url":"https:\/\/monti.lt\/","logo":{"@type":"ImageObject","inLanguage":"en-US","@id":"https:\/\/monti.lt\/#\/schema\/logo\/image\/","url":"https:\/\/monti.lt\/wp-content\/uploads\/2022\/03\/montilogo-1.png","contentUrl":"https:\/\/monti.lt\/wp-content\/uploads\/2022\/03\/montilogo-1.png","width":512,"height":512,"caption":"Montessori \u017eaislai"},"image":{"@id":"https:\/\/monti.lt\/#\/schema\/logo\/image\/"}}]}},"_links":{"self":[{"href":"https:\/\/monti.lt\/en\/wp-json\/wp\/v2\/product\/39496"}],"collection":[{"href":"https:\/\/monti.lt\/en\/wp-json\/wp\/v2\/product"}],"about":[{"href":"https:\/\/monti.lt\/en\/wp-json\/wp\/v2\/types\/product"}],"version-history":[{"count":1,"href":"https:\/\/monti.lt\/en\/wp-json\/wp\/v2\/product\/39496\/revisions"}],"predecessor-version":[{"id":39509,"href":"https:\/\/monti.lt\/en\/wp-json\/wp\/v2\/product\/39496\/revisions\/39509"}],"wp:featuredmedia":[{"embeddable":true,"href":"https:\/\/monti.lt\/en\/wp-json\/wp\/v2\/media\/39497"}],"wp:attachment":[{"href":"https:\/\/monti.lt\/en\/wp-json\/wp\/v2\/media?parent=39496"}],"wp:term":[{"taxonomy":"product_cat","embeddable":true,"href":"https:\/\/monti.lt\/en\/wp-json\/wp\/v2\/product_cat?post=39496"},{"taxonomy":"product_tag","embeddable":true,"href":"https:\/\/monti.lt\/en\/wp-json\/wp\/v2\/product_tag?post=39496"}],"curies":[{"name":"wp","href":"https:\/\/api.w.org\/{rel}","templated":true}]}}