{"id":39600,"date":"2026-03-24T10:57:16","date_gmt":"2026-03-24T10:57:16","guid":{"rendered":"https:\/\/monti.lt\/?post_type=product&#038;p=39600"},"modified":"2026-05-07T18:05:09","modified_gmt":"2026-05-07T18:05:09","slug":"woopie-spirale-piramide","status":"publish","type":"product","link":"https:\/\/monti.lt\/en\/product\/woopie-spirale-piramide\/","title":{"rendered":"Woopie spiral\u0117-piramid\u0117"},"content":{"rendered":"<p>\u201eWOOPIE Twisted Tower\u201c \u2013 tai unikalus \u017eaislas vaikams, kuris ma\u017eylius supa\u017eindina su \u012fsp\u016bding\u0173 spalv\u0173, form\u0173 ir judesio pasauliu. J\u012f sudaro spalvingos detal\u0117s, kurias ant strypo u\u017esukama. \u0160i piramid\u0117 ne tik pramogauja, bet ir ugdo, skatindama visapusi\u0161k\u0105 vaiko vystym\u0105si. D\u0117l tvirtos konstrukcijos ir saugi\u0173 med\u017eiag\u0173 \u201eTwisted Tower\u201c yra patvarus ir saugus \u017eaislas, kuris tikrai u\u017eims j\u016bs\u0173 ma\u017eyl\u012f valand\u0173 valandas. Komplekt\u0105 sudaro \u0161e\u0161i \u012fvairi\u0173 spalv\u0173 ir form\u0173 diskai bei ant pagrindo pastatytas strypas. Detal\u0117s yra dviej\u0173 spalv\u0173, kad b\u016bt\u0173 galima \u012fvairiau sud\u0117ti diskus \u012f piramid\u0119. Piramid\u0117s surinkimas reikalauja loginio m\u0105stymo ir planavimo.<\/p>\n\n\n\n<p>Charakteristika:<\/p>\n\n\n\n<ul class=\"wp-block-list\">\n<li>\u017daislas skirtas vaikams nuo 3 met\u0173<\/li>\n\n\n\n<li>\u017daislas supakuotas \u012f esteti\u0161k\u0105 ir funkcionali\u0105 pakuot\u0119<\/li>\n\n\n\n<li>Bandymas u\u017esukti diskus ant strypo ugdo kantryb\u0119 ir atkaklum\u0105<\/li>\n\n\n\n<li>Komplekte yra \u0161e\u0161i \u017evaig\u017ed\u0117s formos diskai, kuriuos galima sud\u0117ti vien\u0105 ant kito, kad susidaryt\u0173 spalvinga ir besisukanti piramid\u0117<\/li>\n<\/ul>\n\n\n\n<p>\u017daislas ugdo:<\/p>\n\n\n\n<p>Login\u012f m\u0105stym\u0105<br>Koncentracij\u0105<br>Spalv\u0173 ir form\u0173 pa\u017einim\u0105<br>Smulki\u0105j\u0105 motorik\u0105: Disk\u0173 manipuliavimas skatina smulkiosios motorikos ir rank\u0173 bei aki\u0173 koordinacijos vystym\u0105si.<br>Vaizduot\u0119 ir k\u016brybi\u0161kum\u0105<\/p>\n\n\n\n<p><\/p>","protected":false},"excerpt":{"rendered":"<p>\u201eWOOPIE Twisted Tower\u201c \u2013 tai unikalus \u017eaislas vaikams, kuris ma\u017eylius supa\u017eindina su \u012fsp\u016bding\u0173 spalv\u0173, form\u0173 ir judesio pasauliu. J\u012f sudaro spalvingos detal\u0117s, kurias ant strypo u\u017esukama. \u0160i piramid\u0117 ne tik pramogauja, bet ir ugdo, skatindama visapusi\u0161k\u0105 vaiko vystym\u0105si. D\u0117l tvirtos konstrukcijos ir saugi\u0173 med\u017eiag\u0173 \u201eTwisted Tower\u201c yra patvarus ir saugus \u017eaislas, kuris tikrai u\u017eims j\u016bs\u0173 [&hellip;]<\/p>","protected":false},"featured_media":39601,"template":"","meta":{"_acf_changed":false,"iawp_total_views":29},"product_cat":[193,194,195,191,84,91,83,49,249,39],"product_tag":[95,96,97],"class_list":{"0":"post-39600","1":"product","2":"type-product","3":"status-publish","4":"has-post-thumbnail","6":"product_cat-dovanos-vaikams-1-2-metu","7":"product_cat-dovanos-vaikams-2-3-metu","8":"product_cat-dovanos-vaikams-3-4-metu","9":"product_cat-dovanos-vaikams","10":"product_cat-lavinamieji-zaislai","11":"product_cat-loginiam-mastymui","12":"product_cat-montessori-zaislai","13":"product_cat-visi-zaislai","14":"product_cat-woppie","15":"product_cat-zaislai","16":"product_tag-1-m-2-m","17":"product_tag-2-m-3-m","18":"product_tag-3-m-4-m","20":"first","21":"instock","22":"taxable","23":"shipping-taxable","24":"purchasable","25":"product-type-simple"},"acf":[],"yoast_head":"<!-- This site is optimized with the Yoast SEO plugin v23.3 - https:\/\/yoast.com\/wordpress\/plugins\/seo\/ -->\n<title>Woopie spiral\u0117-piramid\u0117 - Montessori \u017eaislai<\/title>\n<meta name=\"robots\" content=\"index, follow, max-snippet:-1, max-image-preview:large, max-video-preview:-1\" \/>\n<link rel=\"canonical\" href=\"https:\/\/monti.lt\/en\/product\/woopie-spirale-piramide\/\" \/>\n<meta property=\"og:locale\" content=\"en_US\" \/>\n<meta property=\"og:type\" content=\"article\" \/>\n<meta property=\"og:title\" content=\"Woopie spiral\u0117-piramid\u0117 - Montessori \u017eaislai\" \/>\n<meta property=\"og:description\" content=\"\u201eWOOPIE Twisted Tower\u201c \u2013 tai unikalus \u017eaislas vaikams, kuris ma\u017eylius supa\u017eindina su \u012fsp\u016bding\u0173 spalv\u0173, form\u0173 ir judesio pasauliu. J\u012f sudaro spalvingos detal\u0117s, kurias ant strypo u\u017esukama. \u0160i piramid\u0117 ne tik pramogauja, bet ir ugdo, skatindama visapusi\u0161k\u0105 vaiko vystym\u0105si. D\u0117l tvirtos konstrukcijos ir saugi\u0173 med\u017eiag\u0173 \u201eTwisted Tower\u201c yra patvarus ir saugus \u017eaislas, kuris tikrai u\u017eims j\u016bs\u0173 [&hellip;]\" \/>\n<meta property=\"og:url\" content=\"https:\/\/monti.lt\/en\/product\/woopie-spirale-piramide\/\" \/>\n<meta property=\"og:site_name\" content=\"Montessori \u017eaislai\" \/>\n<meta property=\"article:modified_time\" content=\"2026-05-07T18:05:09+00:00\" \/>\n<meta property=\"og:image\" content=\"https:\/\/monti.lt\/wp-content\/uploads\/2026\/03\/woopie-baby-educational-pyramid-twisted-tower.jpg\" \/>\n\t<meta property=\"og:image:width\" content=\"1100\" \/>\n\t<meta property=\"og:image:height\" content=\"1422\" \/>\n\t<meta property=\"og:image:type\" content=\"image\/jpeg\" \/>\n<meta name=\"twitter:card\" content=\"summary_large_image\" \/>\n<meta name=\"twitter:label1\" content=\"Est. reading time\" \/>\n\t<meta name=\"twitter:data1\" content=\"2 minutes\" \/>\n<script type=\"application\/ld+json\" class=\"yoast-schema-graph\">{\"@context\":\"https:\/\/schema.org\",\"@graph\":[{\"@type\":\"WebPage\",\"@id\":\"https:\/\/monti.lt\/product\/woopie-spirale-piramide\/\",\"url\":\"https:\/\/monti.lt\/product\/woopie-spirale-piramide\/\",\"name\":\"Woopie spiral\u0117-piramid\u0117 - Montessori \u017eaislai\",\"isPartOf\":{\"@id\":\"https:\/\/monti.lt\/#website\"},\"primaryImageOfPage\":{\"@id\":\"https:\/\/monti.lt\/product\/woopie-spirale-piramide\/#primaryimage\"},\"image\":{\"@id\":\"https:\/\/monti.lt\/product\/woopie-spirale-piramide\/#primaryimage\"},\"thumbnailUrl\":\"https:\/\/monti.lt\/wp-content\/uploads\/2026\/03\/woopie-baby-educational-pyramid-twisted-tower.jpg\",\"datePublished\":\"2026-03-24T10:57:16+00:00\",\"dateModified\":\"2026-05-07T18:05:09+00:00\",\"breadcrumb\":{\"@id\":\"https:\/\/monti.lt\/product\/woopie-spirale-piramide\/#breadcrumb\"},\"inLanguage\":\"en-US\",\"potentialAction\":[{\"@type\":\"ReadAction\",\"target\":[\"https:\/\/monti.lt\/product\/woopie-spirale-piramide\/\"]}]},{\"@type\":\"ImageObject\",\"inLanguage\":\"en-US\",\"@id\":\"https:\/\/monti.lt\/product\/woopie-spirale-piramide\/#primaryimage\",\"url\":\"https:\/\/monti.lt\/wp-content\/uploads\/2026\/03\/woopie-baby-educational-pyramid-twisted-tower.jpg\",\"contentUrl\":\"https:\/\/monti.lt\/wp-content\/uploads\/2026\/03\/woopie-baby-educational-pyramid-twisted-tower.jpg\",\"width\":1100,\"height\":1422,\"caption\":\"spirale piramide\"},{\"@type\":\"BreadcrumbList\",\"@id\":\"https:\/\/monti.lt\/product\/woopie-spirale-piramide\/#breadcrumb\",\"itemListElement\":[{\"@type\":\"ListItem\",\"position\":1,\"name\":\"Home\",\"item\":\"https:\/\/monti.lt\/\"},{\"@type\":\"ListItem\",\"position\":2,\"name\":\"Parduotuv\u0117\",\"item\":\"https:\/\/monti.lt\/shop\/\"},{\"@type\":\"ListItem\",\"position\":3,\"name\":\"Woopie spiral\u0117-piramid\u0117\"}]},{\"@type\":\"WebSite\",\"@id\":\"https:\/\/monti.lt\/#website\",\"url\":\"https:\/\/monti.lt\/\",\"name\":\"Montessori \u017eaislai\",\"description\":\"\",\"publisher\":{\"@id\":\"https:\/\/monti.lt\/#organization\"},\"potentialAction\":[{\"@type\":\"SearchAction\",\"target\":{\"@type\":\"EntryPoint\",\"urlTemplate\":\"https:\/\/monti.lt\/?s={search_term_string}\"},\"query-input\":\"required name=search_term_string\"}],\"inLanguage\":\"en-US\"},{\"@type\":\"Organization\",\"@id\":\"https:\/\/monti.lt\/#organization\",\"name\":\"Montessori \u017eaislai\",\"url\":\"https:\/\/monti.lt\/\",\"logo\":{\"@type\":\"ImageObject\",\"inLanguage\":\"en-US\",\"@id\":\"https:\/\/monti.lt\/#\/schema\/logo\/image\/\",\"url\":\"https:\/\/monti.lt\/wp-content\/uploads\/2022\/03\/montilogo-1.png\",\"contentUrl\":\"https:\/\/monti.lt\/wp-content\/uploads\/2022\/03\/montilogo-1.png\",\"width\":512,\"height\":512,\"caption\":\"Montessori \u017eaislai\"},\"image\":{\"@id\":\"https:\/\/monti.lt\/#\/schema\/logo\/image\/\"}}]}<\/script>\n<!-- \/ Yoast SEO plugin. -->","yoast_head_json":{"title":"Woopie spiral\u0117-piramid\u0117 - Montessori \u017eaislai","robots":{"index":"index","follow":"follow","max-snippet":"max-snippet:-1","max-image-preview":"max-image-preview:large","max-video-preview":"max-video-preview:-1"},"canonical":"https:\/\/monti.lt\/en\/product\/woopie-spirale-piramide\/","og_locale":"en_US","og_type":"article","og_title":"Woopie spiral\u0117-piramid\u0117 - Montessori \u017eaislai","og_description":"\u201eWOOPIE Twisted Tower\u201c \u2013 tai unikalus \u017eaislas vaikams, kuris ma\u017eylius supa\u017eindina su \u012fsp\u016bding\u0173 spalv\u0173, form\u0173 ir judesio pasauliu. J\u012f sudaro spalvingos detal\u0117s, kurias ant strypo u\u017esukama. \u0160i piramid\u0117 ne tik pramogauja, bet ir ugdo, skatindama visapusi\u0161k\u0105 vaiko vystym\u0105si. D\u0117l tvirtos konstrukcijos ir saugi\u0173 med\u017eiag\u0173 \u201eTwisted Tower\u201c yra patvarus ir saugus \u017eaislas, kuris tikrai u\u017eims j\u016bs\u0173 [&hellip;]","og_url":"https:\/\/monti.lt\/en\/product\/woopie-spirale-piramide\/","og_site_name":"Montessori \u017eaislai","article_modified_time":"2026-05-07T18:05:09+00:00","og_image":[{"width":1100,"height":1422,"url":"https:\/\/monti.lt\/wp-content\/uploads\/2026\/03\/woopie-baby-educational-pyramid-twisted-tower.jpg","type":"image\/jpeg"}],"twitter_card":"summary_large_image","twitter_misc":{"Est. reading time":"2 minutes"},"schema":{"@context":"https:\/\/schema.org","@graph":[{"@type":"WebPage","@id":"https:\/\/monti.lt\/product\/woopie-spirale-piramide\/","url":"https:\/\/monti.lt\/product\/woopie-spirale-piramide\/","name":"Woopie spiral\u0117-piramid\u0117 - Montessori \u017eaislai","isPartOf":{"@id":"https:\/\/monti.lt\/#website"},"primaryImageOfPage":{"@id":"https:\/\/monti.lt\/product\/woopie-spirale-piramide\/#primaryimage"},"image":{"@id":"https:\/\/monti.lt\/product\/woopie-spirale-piramide\/#primaryimage"},"thumbnailUrl":"https:\/\/monti.lt\/wp-content\/uploads\/2026\/03\/woopie-baby-educational-pyramid-twisted-tower.jpg","datePublished":"2026-03-24T10:57:16+00:00","dateModified":"2026-05-07T18:05:09+00:00","breadcrumb":{"@id":"https:\/\/monti.lt\/product\/woopie-spirale-piramide\/#breadcrumb"},"inLanguage":"en-US","potentialAction":[{"@type":"ReadAction","target":["https:\/\/monti.lt\/product\/woopie-spirale-piramide\/"]}]},{"@type":"ImageObject","inLanguage":"en-US","@id":"https:\/\/monti.lt\/product\/woopie-spirale-piramide\/#primaryimage","url":"https:\/\/monti.lt\/wp-content\/uploads\/2026\/03\/woopie-baby-educational-pyramid-twisted-tower.jpg","contentUrl":"https:\/\/monti.lt\/wp-content\/uploads\/2026\/03\/woopie-baby-educational-pyramid-twisted-tower.jpg","width":1100,"height":1422,"caption":"spirale piramide"},{"@type":"BreadcrumbList","@id":"https:\/\/monti.lt\/product\/woopie-spirale-piramide\/#breadcrumb","itemListElement":[{"@type":"ListItem","position":1,"name":"Home","item":"https:\/\/monti.lt\/"},{"@type":"ListItem","position":2,"name":"Parduotuv\u0117","item":"https:\/\/monti.lt\/shop\/"},{"@type":"ListItem","position":3,"name":"Woopie spiral\u0117-piramid\u0117"}]},{"@type":"WebSite","@id":"https:\/\/monti.lt\/#website","url":"https:\/\/monti.lt\/","name":"Montessori \u017eaislai","description":"","publisher":{"@id":"https:\/\/monti.lt\/#organization"},"potentialAction":[{"@type":"SearchAction","target":{"@type":"EntryPoint","urlTemplate":"https:\/\/monti.lt\/?s={search_term_string}"},"query-input":"required name=search_term_string"}],"inLanguage":"en-US"},{"@type":"Organization","@id":"https:\/\/monti.lt\/#organization","name":"Montessori \u017eaislai","url":"https:\/\/monti.lt\/","logo":{"@type":"ImageObject","inLanguage":"en-US","@id":"https:\/\/monti.lt\/#\/schema\/logo\/image\/","url":"https:\/\/monti.lt\/wp-content\/uploads\/2022\/03\/montilogo-1.png","contentUrl":"https:\/\/monti.lt\/wp-content\/uploads\/2022\/03\/montilogo-1.png","width":512,"height":512,"caption":"Montessori \u017eaislai"},"image":{"@id":"https:\/\/monti.lt\/#\/schema\/logo\/image\/"}}]}},"_links":{"self":[{"href":"https:\/\/monti.lt\/en\/wp-json\/wp\/v2\/product\/39600"}],"collection":[{"href":"https:\/\/monti.lt\/en\/wp-json\/wp\/v2\/product"}],"about":[{"href":"https:\/\/monti.lt\/en\/wp-json\/wp\/v2\/types\/product"}],"version-history":[{"count":1,"href":"https:\/\/monti.lt\/en\/wp-json\/wp\/v2\/product\/39600\/revisions"}],"predecessor-version":[{"id":39610,"href":"https:\/\/monti.lt\/en\/wp-json\/wp\/v2\/product\/39600\/revisions\/39610"}],"wp:featuredmedia":[{"embeddable":true,"href":"https:\/\/monti.lt\/en\/wp-json\/wp\/v2\/media\/39601"}],"wp:attachment":[{"href":"https:\/\/monti.lt\/en\/wp-json\/wp\/v2\/media?parent=39600"}],"wp:term":[{"taxonomy":"product_cat","embeddable":true,"href":"https:\/\/monti.lt\/en\/wp-json\/wp\/v2\/product_cat?post=39600"},{"taxonomy":"product_tag","embeddable":true,"href":"https:\/\/monti.lt\/en\/wp-json\/wp\/v2\/product_tag?post=39600"}],"curies":[{"name":"wp","href":"https:\/\/api.w.org\/{rel}","templated":true}]}}