{"id":39611,"date":"2026-03-24T11:00:47","date_gmt":"2026-03-24T11:00:47","guid":{"rendered":"https:\/\/monti.lt\/?post_type=product&#038;p=39611"},"modified":"2026-04-01T04:40:26","modified_gmt":"2026-04-01T04:40:26","slug":"woopie-interaktyvus-kiskutis","status":"publish","type":"product","link":"https:\/\/monti.lt\/en\/product\/woopie-interaktyvus-kiskutis\/","title":{"rendered":"Woopie interaktyvus ki\u0161kutis"},"content":{"rendered":"<p>Susipa\u017einkite su interaktyviu pliu\u0161iniu zuikiu \u201eWoopie\u201c \u2013 mink\u0161tu, \u017eaviu vaik\u0173 nuotyki\u0173 kompanionu, kuris juda ir skleid\u017eia garsus! Tai ne tik pliu\u0161inis \u017eaislas \u2013 \u0161is interaktyvus gyv\u016bn\u0117lis skatina aktyv\u0173 \u017eaidim\u0105, r\u016bpest\u012f ir patirtin\u012f mokym\u0105si. D\u0117l realisti\u0161k\u0173 judesi\u0173, mink\u0161tos tekst\u016bros ir interaktyvi\u0173 funkcij\u0173 zuikis puikiai atitinka ma\u017eyli\u0173 poreikius. \u0160is \u017eaislas ne tik linksmina ir pramogauja, bet ir ugdo svarbius socialinius, motorinius bei emocinius \u012fg\u016bd\u017eius. Nesvarbu, ar vaikas \u017eaid\u017eia vienas, ar su bendraam\u017eiais, interaktyvus zuikis tampa kiekvieno \u017eaidimo dalimi, mokydamas empatijos, r\u016bpestingumo ir atsakomyb\u0117s.<\/p>\n\n\n\n<p>Charakteristikos:<\/p>\n\n\n\n<ul class=\"wp-block-list\">\n<li>Mink\u0161ta, p\u016bkuota med\u017eiaga \u2013 saugi ir maloni liesti, puikiai tinka gl\u0117sti<\/li>\n\n\n\n<li>Veikia su baterijomis \u2013 lengvai kei\u010diamos baterijos, ilgos valandos linksmybi\u0173 (2x AA baterijos, \u012f komplekt\u0105 ne\u012feina)<\/li>\n\n\n\n<li>\u017daislas skirtas vaikams nuo 3 met\u0173<br>Savyb\u0117s:<\/li>\n\n\n\n<li>Zuikis vaik\u0161to<\/li>\n\n\n\n<li>Judina ausis ir uodeg\u0105<\/li>\n\n\n\n<li>I\u0161leid\u017eia realisti\u0161kus garsus<br>Komplekte yra:<\/li>\n\n\n\n<li>Sm\u0117lio spalvos zuikis<\/li>\n\n\n\n<li>Morkyt\u0117<br>\u017daislas ugdo:<\/li>\n\n\n\n<li>Empatij\u0105 ir r\u016bpest\u012f \u2013 vaikas mokosi r\u016bpintis \u201eaugintiniu\u201c, j\u012f \u0161erdamas ir pri\u017ei\u016br\u0117damas<\/li>\n\n\n\n<li>Smulki\u0105j\u0105 motorik\u0105 \u2013 \u017eaidimas su morkute ir bendravimas su zuiku\u010diu skatina tiksli\u0173 rank\u0173 judesi\u0173 vystym\u0105si<\/li>\n\n\n\n<li>Akies ir rankos koordinacij\u0105 \u2013 steb\u0117jimas ir reagavimas \u012f me\u0161kiuko judesius lavina suvokim\u0105<\/li>\n\n\n\n<li>Vaizduot\u0119 ir k\u016brybi\u0161kum\u0105 \u2013 vaikai kuria savo istorijas ir \u017eaidimo scenarijus<\/li>\n\n\n\n<li>Socialinius \u012fg\u016bd\u017eius \u2013 \u017eaidimas su bendraam\u017eiais moko bendradarbiauti ir dalytis<\/li>\n<\/ul>\n\n\n\n<p><\/p>","protected":false},"excerpt":{"rendered":"<p>Susipa\u017einkite su interaktyviu pliu\u0161iniu zuikiu \u201eWoopie\u201c \u2013 mink\u0161tu, \u017eaviu vaik\u0173 nuotyki\u0173 kompanionu, kuris juda ir skleid\u017eia garsus! Tai ne tik pliu\u0161inis \u017eaislas \u2013 \u0161is interaktyvus gyv\u016bn\u0117lis skatina aktyv\u0173 \u017eaidim\u0105, r\u016bpest\u012f ir patirtin\u012f mokym\u0105si. D\u0117l realisti\u0161k\u0173 judesi\u0173, mink\u0161tos tekst\u016bros ir interaktyvi\u0173 funkcij\u0173 zuikis puikiai atitinka ma\u017eyli\u0173 poreikius. \u0160is \u017eaislas ne tik linksmina ir pramogauja, bet ir [&hellip;]<\/p>","protected":false},"featured_media":39612,"template":"","meta":{"_acf_changed":false,"iawp_total_views":16},"product_cat":[195,216,191,84,90,50,93,49,249,39,201],"product_tag":[97,98],"class_list":{"0":"post-39611","1":"product","2":"type-product","3":"status-publish","4":"has-post-thumbnail","6":"product_cat-dovanos-vaikams-3-4-metu","7":"product_cat-dovanos-4-5-metu-vaikams","8":"product_cat-dovanos-vaikams","9":"product_cat-lavinamieji-zaislai","10":"product_cat-pasaulio-pazinimas","11":"product_cat-top-dovanos","12":"product_cat-vaidmenu-zaidimai","13":"product_cat-visi-zaislai","14":"product_cat-woppie","15":"product_cat-zaislai","16":"product_cat-zaislai-kelioneje","17":"product_tag-3-m-4-m","18":"product_tag-5-m-7-m","20":"first","21":"outofstock","22":"taxable","23":"shipping-taxable","24":"purchasable","25":"product-type-simple"},"acf":[],"yoast_head":"<!-- This site is optimized with the Yoast SEO plugin v23.3 - https:\/\/yoast.com\/wordpress\/plugins\/seo\/ -->\n<title>Woopie interaktyvus ki\u0161kutis - Montessori \u017eaislai<\/title>\n<meta name=\"robots\" content=\"index, follow, max-snippet:-1, max-image-preview:large, max-video-preview:-1\" \/>\n<link rel=\"canonical\" href=\"https:\/\/monti.lt\/en\/product\/woopie-interaktyvus-kiskutis\/\" \/>\n<meta property=\"og:locale\" content=\"en_US\" \/>\n<meta property=\"og:type\" content=\"article\" \/>\n<meta property=\"og:title\" content=\"Woopie interaktyvus ki\u0161kutis - Montessori \u017eaislai\" \/>\n<meta property=\"og:description\" content=\"Susipa\u017einkite su interaktyviu pliu\u0161iniu zuikiu \u201eWoopie\u201c \u2013 mink\u0161tu, \u017eaviu vaik\u0173 nuotyki\u0173 kompanionu, kuris juda ir skleid\u017eia garsus! Tai ne tik pliu\u0161inis \u017eaislas \u2013 \u0161is interaktyvus gyv\u016bn\u0117lis skatina aktyv\u0173 \u017eaidim\u0105, r\u016bpest\u012f ir patirtin\u012f mokym\u0105si. D\u0117l realisti\u0161k\u0173 judesi\u0173, mink\u0161tos tekst\u016bros ir interaktyvi\u0173 funkcij\u0173 zuikis puikiai atitinka ma\u017eyli\u0173 poreikius. \u0160is \u017eaislas ne tik linksmina ir pramogauja, bet ir [&hellip;]\" \/>\n<meta property=\"og:url\" content=\"https:\/\/monti.lt\/en\/product\/woopie-interaktyvus-kiskutis\/\" \/>\n<meta property=\"og:site_name\" content=\"Montessori \u017eaislai\" \/>\n<meta property=\"article:modified_time\" content=\"2026-04-01T04:40:26+00:00\" \/>\n<meta property=\"og:image\" content=\"https:\/\/monti.lt\/wp-content\/uploads\/2026\/03\/woopie-bunny-interactive-plush-toy-with-carrot-beige.jpg\" \/>\n\t<meta property=\"og:image:width\" content=\"1100\" \/>\n\t<meta property=\"og:image:height\" content=\"1422\" \/>\n\t<meta property=\"og:image:type\" content=\"image\/jpeg\" \/>\n<meta name=\"twitter:card\" content=\"summary_large_image\" \/>\n<meta name=\"twitter:label1\" content=\"Est. reading time\" \/>\n\t<meta name=\"twitter:data1\" content=\"2 minutes\" \/>\n<script type=\"application\/ld+json\" class=\"yoast-schema-graph\">{\"@context\":\"https:\/\/schema.org\",\"@graph\":[{\"@type\":\"WebPage\",\"@id\":\"https:\/\/monti.lt\/product\/woopie-interaktyvus-kiskutis\/\",\"url\":\"https:\/\/monti.lt\/product\/woopie-interaktyvus-kiskutis\/\",\"name\":\"Woopie interaktyvus ki\u0161kutis - Montessori \u017eaislai\",\"isPartOf\":{\"@id\":\"https:\/\/monti.lt\/#website\"},\"primaryImageOfPage\":{\"@id\":\"https:\/\/monti.lt\/product\/woopie-interaktyvus-kiskutis\/#primaryimage\"},\"image\":{\"@id\":\"https:\/\/monti.lt\/product\/woopie-interaktyvus-kiskutis\/#primaryimage\"},\"thumbnailUrl\":\"https:\/\/monti.lt\/wp-content\/uploads\/2026\/03\/woopie-bunny-interactive-plush-toy-with-carrot-beige.jpg\",\"datePublished\":\"2026-03-24T11:00:47+00:00\",\"dateModified\":\"2026-04-01T04:40:26+00:00\",\"breadcrumb\":{\"@id\":\"https:\/\/monti.lt\/product\/woopie-interaktyvus-kiskutis\/#breadcrumb\"},\"inLanguage\":\"en-US\",\"potentialAction\":[{\"@type\":\"ReadAction\",\"target\":[\"https:\/\/monti.lt\/product\/woopie-interaktyvus-kiskutis\/\"]}]},{\"@type\":\"ImageObject\",\"inLanguage\":\"en-US\",\"@id\":\"https:\/\/monti.lt\/product\/woopie-interaktyvus-kiskutis\/#primaryimage\",\"url\":\"https:\/\/monti.lt\/wp-content\/uploads\/2026\/03\/woopie-bunny-interactive-plush-toy-with-carrot-beige.jpg\",\"contentUrl\":\"https:\/\/monti.lt\/wp-content\/uploads\/2026\/03\/woopie-bunny-interactive-plush-toy-with-carrot-beige.jpg\",\"width\":1100,\"height\":1422,\"caption\":\"interaktyvus kiskis\"},{\"@type\":\"BreadcrumbList\",\"@id\":\"https:\/\/monti.lt\/product\/woopie-interaktyvus-kiskutis\/#breadcrumb\",\"itemListElement\":[{\"@type\":\"ListItem\",\"position\":1,\"name\":\"Home\",\"item\":\"https:\/\/monti.lt\/\"},{\"@type\":\"ListItem\",\"position\":2,\"name\":\"Parduotuv\u0117\",\"item\":\"https:\/\/monti.lt\/shop\/\"},{\"@type\":\"ListItem\",\"position\":3,\"name\":\"Woopie interaktyvus ki\u0161kutis\"}]},{\"@type\":\"WebSite\",\"@id\":\"https:\/\/monti.lt\/#website\",\"url\":\"https:\/\/monti.lt\/\",\"name\":\"Montessori \u017eaislai\",\"description\":\"\",\"publisher\":{\"@id\":\"https:\/\/monti.lt\/#organization\"},\"potentialAction\":[{\"@type\":\"SearchAction\",\"target\":{\"@type\":\"EntryPoint\",\"urlTemplate\":\"https:\/\/monti.lt\/?s={search_term_string}\"},\"query-input\":\"required name=search_term_string\"}],\"inLanguage\":\"en-US\"},{\"@type\":\"Organization\",\"@id\":\"https:\/\/monti.lt\/#organization\",\"name\":\"Montessori \u017eaislai\",\"url\":\"https:\/\/monti.lt\/\",\"logo\":{\"@type\":\"ImageObject\",\"inLanguage\":\"en-US\",\"@id\":\"https:\/\/monti.lt\/#\/schema\/logo\/image\/\",\"url\":\"https:\/\/monti.lt\/wp-content\/uploads\/2022\/03\/montilogo-1.png\",\"contentUrl\":\"https:\/\/monti.lt\/wp-content\/uploads\/2022\/03\/montilogo-1.png\",\"width\":512,\"height\":512,\"caption\":\"Montessori \u017eaislai\"},\"image\":{\"@id\":\"https:\/\/monti.lt\/#\/schema\/logo\/image\/\"}}]}<\/script>\n<!-- \/ Yoast SEO plugin. -->","yoast_head_json":{"title":"Woopie interaktyvus ki\u0161kutis - Montessori \u017eaislai","robots":{"index":"index","follow":"follow","max-snippet":"max-snippet:-1","max-image-preview":"max-image-preview:large","max-video-preview":"max-video-preview:-1"},"canonical":"https:\/\/monti.lt\/en\/product\/woopie-interaktyvus-kiskutis\/","og_locale":"en_US","og_type":"article","og_title":"Woopie interaktyvus ki\u0161kutis - Montessori \u017eaislai","og_description":"Susipa\u017einkite su interaktyviu pliu\u0161iniu zuikiu \u201eWoopie\u201c \u2013 mink\u0161tu, \u017eaviu vaik\u0173 nuotyki\u0173 kompanionu, kuris juda ir skleid\u017eia garsus! Tai ne tik pliu\u0161inis \u017eaislas \u2013 \u0161is interaktyvus gyv\u016bn\u0117lis skatina aktyv\u0173 \u017eaidim\u0105, r\u016bpest\u012f ir patirtin\u012f mokym\u0105si. D\u0117l realisti\u0161k\u0173 judesi\u0173, mink\u0161tos tekst\u016bros ir interaktyvi\u0173 funkcij\u0173 zuikis puikiai atitinka ma\u017eyli\u0173 poreikius. \u0160is \u017eaislas ne tik linksmina ir pramogauja, bet ir [&hellip;]","og_url":"https:\/\/monti.lt\/en\/product\/woopie-interaktyvus-kiskutis\/","og_site_name":"Montessori \u017eaislai","article_modified_time":"2026-04-01T04:40:26+00:00","og_image":[{"width":1100,"height":1422,"url":"https:\/\/monti.lt\/wp-content\/uploads\/2026\/03\/woopie-bunny-interactive-plush-toy-with-carrot-beige.jpg","type":"image\/jpeg"}],"twitter_card":"summary_large_image","twitter_misc":{"Est. reading time":"2 minutes"},"schema":{"@context":"https:\/\/schema.org","@graph":[{"@type":"WebPage","@id":"https:\/\/monti.lt\/product\/woopie-interaktyvus-kiskutis\/","url":"https:\/\/monti.lt\/product\/woopie-interaktyvus-kiskutis\/","name":"Woopie interaktyvus ki\u0161kutis - Montessori \u017eaislai","isPartOf":{"@id":"https:\/\/monti.lt\/#website"},"primaryImageOfPage":{"@id":"https:\/\/monti.lt\/product\/woopie-interaktyvus-kiskutis\/#primaryimage"},"image":{"@id":"https:\/\/monti.lt\/product\/woopie-interaktyvus-kiskutis\/#primaryimage"},"thumbnailUrl":"https:\/\/monti.lt\/wp-content\/uploads\/2026\/03\/woopie-bunny-interactive-plush-toy-with-carrot-beige.jpg","datePublished":"2026-03-24T11:00:47+00:00","dateModified":"2026-04-01T04:40:26+00:00","breadcrumb":{"@id":"https:\/\/monti.lt\/product\/woopie-interaktyvus-kiskutis\/#breadcrumb"},"inLanguage":"en-US","potentialAction":[{"@type":"ReadAction","target":["https:\/\/monti.lt\/product\/woopie-interaktyvus-kiskutis\/"]}]},{"@type":"ImageObject","inLanguage":"en-US","@id":"https:\/\/monti.lt\/product\/woopie-interaktyvus-kiskutis\/#primaryimage","url":"https:\/\/monti.lt\/wp-content\/uploads\/2026\/03\/woopie-bunny-interactive-plush-toy-with-carrot-beige.jpg","contentUrl":"https:\/\/monti.lt\/wp-content\/uploads\/2026\/03\/woopie-bunny-interactive-plush-toy-with-carrot-beige.jpg","width":1100,"height":1422,"caption":"interaktyvus kiskis"},{"@type":"BreadcrumbList","@id":"https:\/\/monti.lt\/product\/woopie-interaktyvus-kiskutis\/#breadcrumb","itemListElement":[{"@type":"ListItem","position":1,"name":"Home","item":"https:\/\/monti.lt\/"},{"@type":"ListItem","position":2,"name":"Parduotuv\u0117","item":"https:\/\/monti.lt\/shop\/"},{"@type":"ListItem","position":3,"name":"Woopie interaktyvus ki\u0161kutis"}]},{"@type":"WebSite","@id":"https:\/\/monti.lt\/#website","url":"https:\/\/monti.lt\/","name":"Montessori \u017eaislai","description":"","publisher":{"@id":"https:\/\/monti.lt\/#organization"},"potentialAction":[{"@type":"SearchAction","target":{"@type":"EntryPoint","urlTemplate":"https:\/\/monti.lt\/?s={search_term_string}"},"query-input":"required name=search_term_string"}],"inLanguage":"en-US"},{"@type":"Organization","@id":"https:\/\/monti.lt\/#organization","name":"Montessori \u017eaislai","url":"https:\/\/monti.lt\/","logo":{"@type":"ImageObject","inLanguage":"en-US","@id":"https:\/\/monti.lt\/#\/schema\/logo\/image\/","url":"https:\/\/monti.lt\/wp-content\/uploads\/2022\/03\/montilogo-1.png","contentUrl":"https:\/\/monti.lt\/wp-content\/uploads\/2022\/03\/montilogo-1.png","width":512,"height":512,"caption":"Montessori \u017eaislai"},"image":{"@id":"https:\/\/monti.lt\/#\/schema\/logo\/image\/"}}]}},"_links":{"self":[{"href":"https:\/\/monti.lt\/en\/wp-json\/wp\/v2\/product\/39611"}],"collection":[{"href":"https:\/\/monti.lt\/en\/wp-json\/wp\/v2\/product"}],"about":[{"href":"https:\/\/monti.lt\/en\/wp-json\/wp\/v2\/types\/product"}],"version-history":[{"count":1,"href":"https:\/\/monti.lt\/en\/wp-json\/wp\/v2\/product\/39611\/revisions"}],"predecessor-version":[{"id":39618,"href":"https:\/\/monti.lt\/en\/wp-json\/wp\/v2\/product\/39611\/revisions\/39618"}],"wp:featuredmedia":[{"embeddable":true,"href":"https:\/\/monti.lt\/en\/wp-json\/wp\/v2\/media\/39612"}],"wp:attachment":[{"href":"https:\/\/monti.lt\/en\/wp-json\/wp\/v2\/media?parent=39611"}],"wp:term":[{"taxonomy":"product_cat","embeddable":true,"href":"https:\/\/monti.lt\/en\/wp-json\/wp\/v2\/product_cat?post=39611"},{"taxonomy":"product_tag","embeddable":true,"href":"https:\/\/monti.lt\/en\/wp-json\/wp\/v2\/product_tag?post=39611"}],"curies":[{"name":"wp","href":"https:\/\/api.w.org\/{rel}","templated":true}]}}