{"id":39619,"date":"2026-03-24T11:04:09","date_gmt":"2026-03-24T11:04:09","guid":{"rendered":"https:\/\/monti.lt\/?post_type=product&#038;p=39619"},"modified":"2026-03-30T13:02:48","modified_gmt":"2026-03-30T13:02:48","slug":"woopie-montessori-rusiavimo-zaislas-kiausiniai-su-gyvuneliais-6-vnt","status":"publish","type":"product","link":"https:\/\/monti.lt\/en\/product\/woopie-montessori-rusiavimo-zaislas-kiausiniai-su-gyvuneliais-6-vnt\/","title":{"rendered":"WOOPIE Montessori r\u016b\u0161iavimo \u017eaislas \u2013 kiau\u0161iniai su gyv\u016bn\u0117liais 6 vnt."},"content":{"rendered":"<p>Atraskite stebukling\u0105 \u201eWoopie!\u201c pasaul\u012f! \u201eAdorable Animal Eggs\u201c \u2013 \u017eaislas, kuris prad\u017eiugins j\u016bs\u0173 vaik\u0105 ir atvers duris \u012f \u012fdom\u0173 mokym\u0105si \u017eaid\u017eiant! \u0160is \u017eavus 6 kiau\u0161ini\u0173 rinkinys, kurio viduje slepiasi mielos gyv\u016bn\u0117l\u0117s, yra puikus b\u016bdas lavinti j\u016bs\u0173 ma\u017eylio poj\u016b\u010dius ir smulki\u0105j\u0105 motorik\u0105. J\u016bs\u0173 ma\u017eylio u\u017eduotis \u2013 ne tik atidaryti kiau\u0161in\u012f, bet ir, svarbiausia, \u012fd\u0117ti j\u012f \u012f tinkam\u0105 d\u0117\u017eut\u0117s lizdel\u012f. Kiekvieno kiau\u0161inio apa\u010dioje yra unikali geometrin\u0117 forma, atitinkanti d\u0117\u017eut\u0117s skyl\u0119. Paspaudus gyv\u016bn\u0117lio fig\u016br\u0117l\u0119, pasigirsta garso efektas. Linksmos veido i\u0161rai\u0161kos ant kiau\u0161ini\u0173 luk\u0161t\u0173 \u2013 puikus b\u016bdas mokyti vaikus atpa\u017einti ir \u012fvardyti emocijas. Jos padeda ma\u017eiesiems lengvai ir smagiai suprasti, kaip atrodo ir k\u0105 rei\u0161kia skirtingi jausmai. Pasiruo\u0161kite valandoms \u012ftraukian\u010dio ir ugdomojo \u017eaidimo!<\/p>\n\n\n\n<p>Charakteristika:<\/p>\n\n\n\n<ul class=\"wp-block-list\">\n<li>\u017daislas skirtas vaikams nuo 3 met\u0173<\/li>\n\n\n\n<li>6 spalvingi kiau\u0161iniai su linksmais gyv\u016bn\u0117liais viduje<\/li>\n\n\n\n<li>Kiekvienas kiau\u0161inis susideda i\u0161 dviej\u0173 dali\u0173: vir\u0161utin\u0117s luk\u0161to dalies ir apatin\u0117s luk\u0161to dalies, sujungtos su gyv\u016bn\u0117lio fig\u016br\u0117le<\/li>\n\n\n\n<li>Kiau\u0161iniai turi skirtingas geometrines formas, kurias reikia \u012fd\u0117ti \u012f atitinkamas d\u0117\u017eut\u0117s skylutes.<\/li>\n\n\n\n<li>Garso efektas, paspaudus gyv\u016bn\u0105<\/li>\n\n\n\n<li>Pagamintas i\u0161 auk\u0161tos kokyb\u0117s med\u017eiag\u0173<\/li>\n\n\n\n<li>Prakti\u0161ka laikymo d\u0117\u017eut\u0117, turinti kiau\u0161ini\u0173 d\u0117\u017eut\u0117s form\u0105<\/li>\n\n\n\n<li>Veido i\u0161rai\u0161kos ant luk\u0161t\u0173 pad\u0117s i\u0161mokyti vaik\u0105 atpa\u017einti ir \u012fvardyti emocijas<br>Komplekte yra:<\/li>\n\n\n\n<li>6 spalvingi kiau\u0161iniai su gyv\u016bnais viduje<\/li>\n\n\n\n<li>Kiau\u0161ini\u0173 d\u0117\u017eut\u0117 su \u012fvairi\u0173 geometrini\u0173 form\u0173 pagrindais<br><\/li>\n<\/ul>","protected":false},"excerpt":{"rendered":"<p>Atraskite stebukling\u0105 \u201eWoopie!\u201c pasaul\u012f! \u201eAdorable Animal Eggs\u201c \u2013 \u017eaislas, kuris prad\u017eiugins j\u016bs\u0173 vaik\u0105 ir atvers duris \u012f \u012fdom\u0173 mokym\u0105si \u017eaid\u017eiant! \u0160is \u017eavus 6 kiau\u0161ini\u0173 rinkinys, kurio viduje slepiasi mielos gyv\u016bn\u0117l\u0117s, yra puikus b\u016bdas lavinti j\u016bs\u0173 ma\u017eylio poj\u016b\u010dius ir smulki\u0105j\u0105 motorik\u0105. J\u016bs\u0173 ma\u017eylio u\u017eduotis \u2013 ne tik atidaryti kiau\u0161in\u012f, bet ir, svarbiausia, \u012fd\u0117ti j\u012f \u012f tinkam\u0105 [&hellip;]<\/p>","protected":false},"featured_media":39620,"template":"","meta":{"_acf_changed":false,"iawp_total_views":12},"product_cat":[92,195,191,84,91,50,49,39],"product_tag":[],"class_list":{"0":"post-39619","1":"product","2":"type-product","3":"status-publish","4":"has-post-thumbnail","6":"product_cat-deliones","7":"product_cat-dovanos-vaikams-3-4-metu","8":"product_cat-dovanos-vaikams","9":"product_cat-lavinamieji-zaislai","10":"product_cat-loginiam-mastymui","11":"product_cat-top-dovanos","12":"product_cat-visi-zaislai","13":"product_cat-zaislai","15":"first","16":"outofstock","17":"taxable","18":"shipping-taxable","19":"purchasable","20":"product-type-simple"},"acf":[],"yoast_head":"<!-- This site is optimized with the Yoast SEO plugin v23.3 - https:\/\/yoast.com\/wordpress\/plugins\/seo\/ -->\n<title>WOOPIE Montessori r\u016b\u0161iavimo \u017eaislas \u2013 kiau\u0161iniai su gyv\u016bn\u0117liais 6 vnt. - Montessori \u017eaislai<\/title>\n<meta name=\"robots\" content=\"index, follow, max-snippet:-1, max-image-preview:large, max-video-preview:-1\" \/>\n<link rel=\"canonical\" href=\"https:\/\/monti.lt\/en\/product\/woopie-montessori-rusiavimo-zaislas-kiausiniai-su-gyvuneliais-6-vnt\/\" \/>\n<meta property=\"og:locale\" content=\"en_US\" \/>\n<meta property=\"og:type\" content=\"article\" \/>\n<meta property=\"og:title\" content=\"WOOPIE Montessori r\u016b\u0161iavimo \u017eaislas \u2013 kiau\u0161iniai su gyv\u016bn\u0117liais 6 vnt. - Montessori \u017eaislai\" \/>\n<meta property=\"og:description\" content=\"Atraskite stebukling\u0105 \u201eWoopie!\u201c pasaul\u012f! \u201eAdorable Animal Eggs\u201c \u2013 \u017eaislas, kuris prad\u017eiugins j\u016bs\u0173 vaik\u0105 ir atvers duris \u012f \u012fdom\u0173 mokym\u0105si \u017eaid\u017eiant! \u0160is \u017eavus 6 kiau\u0161ini\u0173 rinkinys, kurio viduje slepiasi mielos gyv\u016bn\u0117l\u0117s, yra puikus b\u016bdas lavinti j\u016bs\u0173 ma\u017eylio poj\u016b\u010dius ir smulki\u0105j\u0105 motorik\u0105. J\u016bs\u0173 ma\u017eylio u\u017eduotis \u2013 ne tik atidaryti kiau\u0161in\u012f, bet ir, svarbiausia, \u012fd\u0117ti j\u012f \u012f tinkam\u0105 [&hellip;]\" \/>\n<meta property=\"og:url\" content=\"https:\/\/monti.lt\/en\/product\/woopie-montessori-rusiavimo-zaislas-kiausiniai-su-gyvuneliais-6-vnt\/\" \/>\n<meta property=\"og:site_name\" content=\"Montessori \u017eaislai\" \/>\n<meta property=\"article:modified_time\" content=\"2026-03-30T13:02:48+00:00\" \/>\n<meta property=\"og:image\" content=\"https:\/\/monti.lt\/wp-content\/uploads\/2026\/03\/woopie-montessori-shape-sorter-puzzle-match-happy-animals-eggs-6pcs.jpg\" \/>\n\t<meta property=\"og:image:width\" content=\"1100\" \/>\n\t<meta property=\"og:image:height\" content=\"1422\" \/>\n\t<meta property=\"og:image:type\" content=\"image\/jpeg\" \/>\n<meta name=\"twitter:card\" content=\"summary_large_image\" \/>\n<meta name=\"twitter:label1\" content=\"Est. reading time\" \/>\n\t<meta name=\"twitter:data1\" content=\"2 minutes\" \/>\n<script type=\"application\/ld+json\" class=\"yoast-schema-graph\">{\"@context\":\"https:\/\/schema.org\",\"@graph\":[{\"@type\":\"WebPage\",\"@id\":\"https:\/\/monti.lt\/product\/woopie-montessori-rusiavimo-zaislas-kiausiniai-su-gyvuneliais-6-vnt\/\",\"url\":\"https:\/\/monti.lt\/product\/woopie-montessori-rusiavimo-zaislas-kiausiniai-su-gyvuneliais-6-vnt\/\",\"name\":\"WOOPIE Montessori r\u016b\u0161iavimo \u017eaislas \u2013 kiau\u0161iniai su gyv\u016bn\u0117liais 6 vnt. - Montessori \u017eaislai\",\"isPartOf\":{\"@id\":\"https:\/\/monti.lt\/#website\"},\"primaryImageOfPage\":{\"@id\":\"https:\/\/monti.lt\/product\/woopie-montessori-rusiavimo-zaislas-kiausiniai-su-gyvuneliais-6-vnt\/#primaryimage\"},\"image\":{\"@id\":\"https:\/\/monti.lt\/product\/woopie-montessori-rusiavimo-zaislas-kiausiniai-su-gyvuneliais-6-vnt\/#primaryimage\"},\"thumbnailUrl\":\"https:\/\/monti.lt\/wp-content\/uploads\/2026\/03\/woopie-montessori-shape-sorter-puzzle-match-happy-animals-eggs-6pcs.jpg\",\"datePublished\":\"2026-03-24T11:04:09+00:00\",\"dateModified\":\"2026-03-30T13:02:48+00:00\",\"breadcrumb\":{\"@id\":\"https:\/\/monti.lt\/product\/woopie-montessori-rusiavimo-zaislas-kiausiniai-su-gyvuneliais-6-vnt\/#breadcrumb\"},\"inLanguage\":\"en-US\",\"potentialAction\":[{\"@type\":\"ReadAction\",\"target\":[\"https:\/\/monti.lt\/product\/woopie-montessori-rusiavimo-zaislas-kiausiniai-su-gyvuneliais-6-vnt\/\"]}]},{\"@type\":\"ImageObject\",\"inLanguage\":\"en-US\",\"@id\":\"https:\/\/monti.lt\/product\/woopie-montessori-rusiavimo-zaislas-kiausiniai-su-gyvuneliais-6-vnt\/#primaryimage\",\"url\":\"https:\/\/monti.lt\/wp-content\/uploads\/2026\/03\/woopie-montessori-shape-sorter-puzzle-match-happy-animals-eggs-6pcs.jpg\",\"contentUrl\":\"https:\/\/monti.lt\/wp-content\/uploads\/2026\/03\/woopie-montessori-shape-sorter-puzzle-match-happy-animals-eggs-6pcs.jpg\",\"width\":1100,\"height\":1422,\"caption\":\"velykine dovana\"},{\"@type\":\"BreadcrumbList\",\"@id\":\"https:\/\/monti.lt\/product\/woopie-montessori-rusiavimo-zaislas-kiausiniai-su-gyvuneliais-6-vnt\/#breadcrumb\",\"itemListElement\":[{\"@type\":\"ListItem\",\"position\":1,\"name\":\"Home\",\"item\":\"https:\/\/monti.lt\/\"},{\"@type\":\"ListItem\",\"position\":2,\"name\":\"Parduotuv\u0117\",\"item\":\"https:\/\/monti.lt\/shop\/\"},{\"@type\":\"ListItem\",\"position\":3,\"name\":\"WOOPIE Montessori r\u016b\u0161iavimo \u017eaislas \u2013 kiau\u0161iniai su gyv\u016bn\u0117liais 6 vnt.\"}]},{\"@type\":\"WebSite\",\"@id\":\"https:\/\/monti.lt\/#website\",\"url\":\"https:\/\/monti.lt\/\",\"name\":\"Montessori \u017eaislai\",\"description\":\"\",\"publisher\":{\"@id\":\"https:\/\/monti.lt\/#organization\"},\"potentialAction\":[{\"@type\":\"SearchAction\",\"target\":{\"@type\":\"EntryPoint\",\"urlTemplate\":\"https:\/\/monti.lt\/?s={search_term_string}\"},\"query-input\":\"required name=search_term_string\"}],\"inLanguage\":\"en-US\"},{\"@type\":\"Organization\",\"@id\":\"https:\/\/monti.lt\/#organization\",\"name\":\"Montessori \u017eaislai\",\"url\":\"https:\/\/monti.lt\/\",\"logo\":{\"@type\":\"ImageObject\",\"inLanguage\":\"en-US\",\"@id\":\"https:\/\/monti.lt\/#\/schema\/logo\/image\/\",\"url\":\"https:\/\/monti.lt\/wp-content\/uploads\/2022\/03\/montilogo-1.png\",\"contentUrl\":\"https:\/\/monti.lt\/wp-content\/uploads\/2022\/03\/montilogo-1.png\",\"width\":512,\"height\":512,\"caption\":\"Montessori \u017eaislai\"},\"image\":{\"@id\":\"https:\/\/monti.lt\/#\/schema\/logo\/image\/\"}}]}<\/script>\n<!-- \/ Yoast SEO plugin. -->","yoast_head_json":{"title":"WOOPIE Montessori r\u016b\u0161iavimo \u017eaislas \u2013 kiau\u0161iniai su gyv\u016bn\u0117liais 6 vnt. - Montessori \u017eaislai","robots":{"index":"index","follow":"follow","max-snippet":"max-snippet:-1","max-image-preview":"max-image-preview:large","max-video-preview":"max-video-preview:-1"},"canonical":"https:\/\/monti.lt\/en\/product\/woopie-montessori-rusiavimo-zaislas-kiausiniai-su-gyvuneliais-6-vnt\/","og_locale":"en_US","og_type":"article","og_title":"WOOPIE Montessori r\u016b\u0161iavimo \u017eaislas \u2013 kiau\u0161iniai su gyv\u016bn\u0117liais 6 vnt. - Montessori \u017eaislai","og_description":"Atraskite stebukling\u0105 \u201eWoopie!\u201c pasaul\u012f! \u201eAdorable Animal Eggs\u201c \u2013 \u017eaislas, kuris prad\u017eiugins j\u016bs\u0173 vaik\u0105 ir atvers duris \u012f \u012fdom\u0173 mokym\u0105si \u017eaid\u017eiant! \u0160is \u017eavus 6 kiau\u0161ini\u0173 rinkinys, kurio viduje slepiasi mielos gyv\u016bn\u0117l\u0117s, yra puikus b\u016bdas lavinti j\u016bs\u0173 ma\u017eylio poj\u016b\u010dius ir smulki\u0105j\u0105 motorik\u0105. J\u016bs\u0173 ma\u017eylio u\u017eduotis \u2013 ne tik atidaryti kiau\u0161in\u012f, bet ir, svarbiausia, \u012fd\u0117ti j\u012f \u012f tinkam\u0105 [&hellip;]","og_url":"https:\/\/monti.lt\/en\/product\/woopie-montessori-rusiavimo-zaislas-kiausiniai-su-gyvuneliais-6-vnt\/","og_site_name":"Montessori \u017eaislai","article_modified_time":"2026-03-30T13:02:48+00:00","og_image":[{"width":1100,"height":1422,"url":"https:\/\/monti.lt\/wp-content\/uploads\/2026\/03\/woopie-montessori-shape-sorter-puzzle-match-happy-animals-eggs-6pcs.jpg","type":"image\/jpeg"}],"twitter_card":"summary_large_image","twitter_misc":{"Est. reading time":"2 minutes"},"schema":{"@context":"https:\/\/schema.org","@graph":[{"@type":"WebPage","@id":"https:\/\/monti.lt\/product\/woopie-montessori-rusiavimo-zaislas-kiausiniai-su-gyvuneliais-6-vnt\/","url":"https:\/\/monti.lt\/product\/woopie-montessori-rusiavimo-zaislas-kiausiniai-su-gyvuneliais-6-vnt\/","name":"WOOPIE Montessori r\u016b\u0161iavimo \u017eaislas \u2013 kiau\u0161iniai su gyv\u016bn\u0117liais 6 vnt. - Montessori \u017eaislai","isPartOf":{"@id":"https:\/\/monti.lt\/#website"},"primaryImageOfPage":{"@id":"https:\/\/monti.lt\/product\/woopie-montessori-rusiavimo-zaislas-kiausiniai-su-gyvuneliais-6-vnt\/#primaryimage"},"image":{"@id":"https:\/\/monti.lt\/product\/woopie-montessori-rusiavimo-zaislas-kiausiniai-su-gyvuneliais-6-vnt\/#primaryimage"},"thumbnailUrl":"https:\/\/monti.lt\/wp-content\/uploads\/2026\/03\/woopie-montessori-shape-sorter-puzzle-match-happy-animals-eggs-6pcs.jpg","datePublished":"2026-03-24T11:04:09+00:00","dateModified":"2026-03-30T13:02:48+00:00","breadcrumb":{"@id":"https:\/\/monti.lt\/product\/woopie-montessori-rusiavimo-zaislas-kiausiniai-su-gyvuneliais-6-vnt\/#breadcrumb"},"inLanguage":"en-US","potentialAction":[{"@type":"ReadAction","target":["https:\/\/monti.lt\/product\/woopie-montessori-rusiavimo-zaislas-kiausiniai-su-gyvuneliais-6-vnt\/"]}]},{"@type":"ImageObject","inLanguage":"en-US","@id":"https:\/\/monti.lt\/product\/woopie-montessori-rusiavimo-zaislas-kiausiniai-su-gyvuneliais-6-vnt\/#primaryimage","url":"https:\/\/monti.lt\/wp-content\/uploads\/2026\/03\/woopie-montessori-shape-sorter-puzzle-match-happy-animals-eggs-6pcs.jpg","contentUrl":"https:\/\/monti.lt\/wp-content\/uploads\/2026\/03\/woopie-montessori-shape-sorter-puzzle-match-happy-animals-eggs-6pcs.jpg","width":1100,"height":1422,"caption":"velykine dovana"},{"@type":"BreadcrumbList","@id":"https:\/\/monti.lt\/product\/woopie-montessori-rusiavimo-zaislas-kiausiniai-su-gyvuneliais-6-vnt\/#breadcrumb","itemListElement":[{"@type":"ListItem","position":1,"name":"Home","item":"https:\/\/monti.lt\/"},{"@type":"ListItem","position":2,"name":"Parduotuv\u0117","item":"https:\/\/monti.lt\/shop\/"},{"@type":"ListItem","position":3,"name":"WOOPIE Montessori r\u016b\u0161iavimo \u017eaislas \u2013 kiau\u0161iniai su gyv\u016bn\u0117liais 6 vnt."}]},{"@type":"WebSite","@id":"https:\/\/monti.lt\/#website","url":"https:\/\/monti.lt\/","name":"Montessori \u017eaislai","description":"","publisher":{"@id":"https:\/\/monti.lt\/#organization"},"potentialAction":[{"@type":"SearchAction","target":{"@type":"EntryPoint","urlTemplate":"https:\/\/monti.lt\/?s={search_term_string}"},"query-input":"required name=search_term_string"}],"inLanguage":"en-US"},{"@type":"Organization","@id":"https:\/\/monti.lt\/#organization","name":"Montessori \u017eaislai","url":"https:\/\/monti.lt\/","logo":{"@type":"ImageObject","inLanguage":"en-US","@id":"https:\/\/monti.lt\/#\/schema\/logo\/image\/","url":"https:\/\/monti.lt\/wp-content\/uploads\/2022\/03\/montilogo-1.png","contentUrl":"https:\/\/monti.lt\/wp-content\/uploads\/2022\/03\/montilogo-1.png","width":512,"height":512,"caption":"Montessori \u017eaislai"},"image":{"@id":"https:\/\/monti.lt\/#\/schema\/logo\/image\/"}}]}},"_links":{"self":[{"href":"https:\/\/monti.lt\/en\/wp-json\/wp\/v2\/product\/39619"}],"collection":[{"href":"https:\/\/monti.lt\/en\/wp-json\/wp\/v2\/product"}],"about":[{"href":"https:\/\/monti.lt\/en\/wp-json\/wp\/v2\/types\/product"}],"version-history":[{"count":1,"href":"https:\/\/monti.lt\/en\/wp-json\/wp\/v2\/product\/39619\/revisions"}],"predecessor-version":[{"id":39624,"href":"https:\/\/monti.lt\/en\/wp-json\/wp\/v2\/product\/39619\/revisions\/39624"}],"wp:featuredmedia":[{"embeddable":true,"href":"https:\/\/monti.lt\/en\/wp-json\/wp\/v2\/media\/39620"}],"wp:attachment":[{"href":"https:\/\/monti.lt\/en\/wp-json\/wp\/v2\/media?parent=39619"}],"wp:term":[{"taxonomy":"product_cat","embeddable":true,"href":"https:\/\/monti.lt\/en\/wp-json\/wp\/v2\/product_cat?post=39619"},{"taxonomy":"product_tag","embeddable":true,"href":"https:\/\/monti.lt\/en\/wp-json\/wp\/v2\/product_tag?post=39619"}],"curies":[{"name":"wp","href":"https:\/\/api.w.org\/{rel}","templated":true}]}}