{"id":39627,"date":"2026-03-24T11:48:39","date_gmt":"2026-03-24T11:48:39","guid":{"rendered":"https:\/\/monti.lt\/?post_type=product&#038;p=39627"},"modified":"2026-03-31T04:30:29","modified_gmt":"2026-03-31T04:30:29","slug":"woppie-vaikiskas-konstruktorius-xxl","status":"publish","type":"product","link":"https:\/\/monti.lt\/en\/product\/woppie-vaikiskas-konstruktorius-xxl\/","title":{"rendered":"Woppie vaiki\u0161kas konstruktorius XXL"},"content":{"rendered":"<p>\u201eWOOPIE\u201c \u017eaislas \u201eMega Construction Site 5-in-1\u201c \u2013 tai i\u0161samus rinkinys kiekvienam ekstremali\u0173 transporto priemoni\u0173 gerb\u0117jui! \u017daidimo esm\u0117 \u2013 surinkti vien\u0105 i\u0161 penki\u0173 transporto priemoni\u0173 tip\u0173 naudojant gr\u0105\u017et\u0105 arba atsuktuv\u0105, o tada statyti naudojant daugyb\u0119 pried\u0173, \u012fskaitant statybininko fig\u016br\u0117l\u0119, keturias mini transporto priemones ir griuv\u0117sius. Rinkinys kruop\u0161\u010diai pagamintas iki ma\u017eiausi\u0173 smulkmen\u0173, o dauguma transporto priemoni\u0173 dali\u0173 yra judamos, pavyzd\u017eiui, ekskavatoriaus kabina. \u201eStatybviet\u0117 su trasu\u201c re\u017eimu vaikai gali paleisti vien\u0105 i\u0161 keturi\u0173 mini transporto priemoni\u0173 i\u0161 paleidimo \u012frenginio trasos prad\u017eioje. Be k\u016brybi\u0161kumo ir vaizduot\u0117s, \u0161is \u017eaislas taip pat lavina vaik\u0173 smulki\u0105j\u0105 motorik\u0105 sukant ir pasukant. Su rinkiniu galima \u017eaisti bet kur, net sm\u0117lio d\u0117\u017e\u0117je!<\/p>\n\n\n\n<p>Charakteristika:<\/p>\n\n\n\n<ul class=\"wp-block-list\">\n<li>\u017eaislas nuo 3 met\u0173 am\u017eiaus,<\/li>\n\n\n\n<li>5-in-1 rinkinys \u2013 transformuojasi \u012f 5 transporto priemones,<\/li>\n\n\n\n<li>konstruktorius su var\u017etais,<\/li>\n\n\n\n<li>judamieji elementai,<\/li>\n\n\n\n<li>\u012ftraukta \u017eaislin\u0117 automobili\u0173 paleidimo platforma,<\/li>\n\n\n\n<li>transporto priemon\u0117je galima laikyti 4 mini statybines transporto priemones,<\/li>\n\n\n\n<li>lavina vaiko rank\u0173 \u012fg\u016bd\u017eius \u2013 smulki\u0105j\u0105 motorik\u0105,<\/li>\n\n\n\n<li>puikus rinkinys \u017eaidimams sm\u0117lio d\u0117\u017e\u0117je.<br>Komplekte yra:<\/li>\n\n\n\n<li>transporto priemon\u0117 su detal\u0117mis ir priedais surinkimui,<\/li>\n\n\n\n<li>priedai, \u012fskaitant: statybininko fig\u016br\u0117l\u0119, griuv\u0117sius arba medien\u0105,<\/li>\n\n\n\n<li>4 mini transporto priemon\u0117s,<\/li>\n\n\n\n<li>gr\u0119\u017etuvas su 2 kei\u010diamais antgaliais,<\/li>\n\n\n\n<li>atsuktuvas.<br>5-in-1 variantai:<\/li>\n<\/ul>\n\n\n\n<p>Statybviet\u0117 su b\u0117giais<br>Kranas su rampa<br>Ekskavatorius su plaktuku<br>Ekskavatorius su griebtuvu<br>Ekskavatorius su kau\u0161u<\/p>","protected":false},"excerpt":{"rendered":"<p>\u201eWOOPIE\u201c \u017eaislas \u201eMega Construction Site 5-in-1\u201c \u2013 tai i\u0161samus rinkinys kiekvienam ekstremali\u0173 transporto priemoni\u0173 gerb\u0117jui! \u017daidimo esm\u0117 \u2013 surinkti vien\u0105 i\u0161 penki\u0173 transporto priemoni\u0173 tip\u0173 naudojant gr\u0105\u017et\u0105 arba atsuktuv\u0105, o tada statyti naudojant daugyb\u0119 pried\u0173, \u012fskaitant statybininko fig\u016br\u0117l\u0119, keturias mini transporto priemones ir griuv\u0117sius. Rinkinys kruop\u0161\u010diai pagamintas iki ma\u017eiausi\u0173 smulkmen\u0173, o dauguma transporto priemoni\u0173 dali\u0173 [&hellip;]<\/p>","protected":false},"featured_media":39628,"template":"","meta":{"_acf_changed":false,"iawp_total_views":5},"product_cat":[195,216,197,191,87,84,86,50,202,49,39,215],"product_tag":[97,98],"class_list":{"0":"post-39627","1":"product","2":"type-product","3":"status-publish","4":"has-post-thumbnail","6":"product_cat-dovanos-vaikams-3-4-metu","7":"product_cat-dovanos-4-5-metu-vaikams","8":"product_cat-dovanos-berniukams","9":"product_cat-dovanos-vaikams","10":"product_cat-kurybiniai-rinkiniai","11":"product_cat-lavinamieji-zaislai","12":"product_cat-smulkioji-motorika","13":"product_cat-top-dovanos","14":"product_cat-vaaikiski-konstruktoriai","15":"product_cat-visi-zaislai","16":"product_cat-zaislai","17":"product_cat-zaislai-berniukams","18":"product_tag-3-m-4-m","19":"product_tag-5-m-7-m","21":"first","22":"outofstock","23":"taxable","24":"shipping-taxable","25":"purchasable","26":"product-type-simple"},"acf":[],"yoast_head":"<!-- This site is optimized with the Yoast SEO plugin v23.3 - https:\/\/yoast.com\/wordpress\/plugins\/seo\/ -->\n<title>Woppie vaiki\u0161kas konstruktorius XXL - Montessori \u017eaislai<\/title>\n<meta name=\"robots\" content=\"index, follow, max-snippet:-1, max-image-preview:large, max-video-preview:-1\" \/>\n<link rel=\"canonical\" href=\"https:\/\/monti.lt\/en\/product\/woppie-vaikiskas-konstruktorius-xxl\/\" \/>\n<meta property=\"og:locale\" content=\"en_US\" \/>\n<meta property=\"og:type\" content=\"article\" \/>\n<meta property=\"og:title\" content=\"Woppie vaiki\u0161kas konstruktorius XXL - Montessori \u017eaislai\" \/>\n<meta property=\"og:description\" content=\"\u201eWOOPIE\u201c \u017eaislas \u201eMega Construction Site 5-in-1\u201c \u2013 tai i\u0161samus rinkinys kiekvienam ekstremali\u0173 transporto priemoni\u0173 gerb\u0117jui! \u017daidimo esm\u0117 \u2013 surinkti vien\u0105 i\u0161 penki\u0173 transporto priemoni\u0173 tip\u0173 naudojant gr\u0105\u017et\u0105 arba atsuktuv\u0105, o tada statyti naudojant daugyb\u0119 pried\u0173, \u012fskaitant statybininko fig\u016br\u0117l\u0119, keturias mini transporto priemones ir griuv\u0117sius. Rinkinys kruop\u0161\u010diai pagamintas iki ma\u017eiausi\u0173 smulkmen\u0173, o dauguma transporto priemoni\u0173 dali\u0173 [&hellip;]\" \/>\n<meta property=\"og:url\" content=\"https:\/\/monti.lt\/en\/product\/woppie-vaikiskas-konstruktorius-xxl\/\" \/>\n<meta property=\"og:site_name\" content=\"Montessori \u017eaislai\" \/>\n<meta property=\"article:modified_time\" content=\"2026-03-31T04:30:29+00:00\" \/>\n<meta property=\"og:image\" content=\"https:\/\/monti.lt\/wp-content\/uploads\/2026\/03\/woopie-mega-construction-site-5in1-xxl-diy-screwing-kit.jpg\" \/>\n\t<meta property=\"og:image:width\" content=\"1100\" \/>\n\t<meta property=\"og:image:height\" content=\"1422\" \/>\n\t<meta property=\"og:image:type\" content=\"image\/jpeg\" \/>\n<meta name=\"twitter:card\" content=\"summary_large_image\" \/>\n<meta name=\"twitter:label1\" content=\"Est. reading time\" \/>\n\t<meta name=\"twitter:data1\" content=\"2 minutes\" \/>\n<script type=\"application\/ld+json\" class=\"yoast-schema-graph\">{\"@context\":\"https:\/\/schema.org\",\"@graph\":[{\"@type\":\"WebPage\",\"@id\":\"https:\/\/monti.lt\/product\/woppie-vaikiskas-konstruktorius-xxl\/\",\"url\":\"https:\/\/monti.lt\/product\/woppie-vaikiskas-konstruktorius-xxl\/\",\"name\":\"Woppie vaiki\u0161kas konstruktorius XXL - Montessori \u017eaislai\",\"isPartOf\":{\"@id\":\"https:\/\/monti.lt\/#website\"},\"primaryImageOfPage\":{\"@id\":\"https:\/\/monti.lt\/product\/woppie-vaikiskas-konstruktorius-xxl\/#primaryimage\"},\"image\":{\"@id\":\"https:\/\/monti.lt\/product\/woppie-vaikiskas-konstruktorius-xxl\/#primaryimage\"},\"thumbnailUrl\":\"https:\/\/monti.lt\/wp-content\/uploads\/2026\/03\/woopie-mega-construction-site-5in1-xxl-diy-screwing-kit.jpg\",\"datePublished\":\"2026-03-24T11:48:39+00:00\",\"dateModified\":\"2026-03-31T04:30:29+00:00\",\"breadcrumb\":{\"@id\":\"https:\/\/monti.lt\/product\/woppie-vaikiskas-konstruktorius-xxl\/#breadcrumb\"},\"inLanguage\":\"en-US\",\"potentialAction\":[{\"@type\":\"ReadAction\",\"target\":[\"https:\/\/monti.lt\/product\/woppie-vaikiskas-konstruktorius-xxl\/\"]}]},{\"@type\":\"ImageObject\",\"inLanguage\":\"en-US\",\"@id\":\"https:\/\/monti.lt\/product\/woppie-vaikiskas-konstruktorius-xxl\/#primaryimage\",\"url\":\"https:\/\/monti.lt\/wp-content\/uploads\/2026\/03\/woopie-mega-construction-site-5in1-xxl-diy-screwing-kit.jpg\",\"contentUrl\":\"https:\/\/monti.lt\/wp-content\/uploads\/2026\/03\/woopie-mega-construction-site-5in1-xxl-diy-screwing-kit.jpg\",\"width\":1100,\"height\":1422,\"caption\":\"mega kontruktorius rinkinys\"},{\"@type\":\"BreadcrumbList\",\"@id\":\"https:\/\/monti.lt\/product\/woppie-vaikiskas-konstruktorius-xxl\/#breadcrumb\",\"itemListElement\":[{\"@type\":\"ListItem\",\"position\":1,\"name\":\"Home\",\"item\":\"https:\/\/monti.lt\/\"},{\"@type\":\"ListItem\",\"position\":2,\"name\":\"Parduotuv\u0117\",\"item\":\"https:\/\/monti.lt\/shop\/\"},{\"@type\":\"ListItem\",\"position\":3,\"name\":\"Woppie vaiki\u0161kas konstruktorius XXL\"}]},{\"@type\":\"WebSite\",\"@id\":\"https:\/\/monti.lt\/#website\",\"url\":\"https:\/\/monti.lt\/\",\"name\":\"Montessori \u017eaislai\",\"description\":\"\",\"publisher\":{\"@id\":\"https:\/\/monti.lt\/#organization\"},\"potentialAction\":[{\"@type\":\"SearchAction\",\"target\":{\"@type\":\"EntryPoint\",\"urlTemplate\":\"https:\/\/monti.lt\/?s={search_term_string}\"},\"query-input\":\"required name=search_term_string\"}],\"inLanguage\":\"en-US\"},{\"@type\":\"Organization\",\"@id\":\"https:\/\/monti.lt\/#organization\",\"name\":\"Montessori \u017eaislai\",\"url\":\"https:\/\/monti.lt\/\",\"logo\":{\"@type\":\"ImageObject\",\"inLanguage\":\"en-US\",\"@id\":\"https:\/\/monti.lt\/#\/schema\/logo\/image\/\",\"url\":\"https:\/\/monti.lt\/wp-content\/uploads\/2022\/03\/montilogo-1.png\",\"contentUrl\":\"https:\/\/monti.lt\/wp-content\/uploads\/2022\/03\/montilogo-1.png\",\"width\":512,\"height\":512,\"caption\":\"Montessori \u017eaislai\"},\"image\":{\"@id\":\"https:\/\/monti.lt\/#\/schema\/logo\/image\/\"}}]}<\/script>\n<!-- \/ Yoast SEO plugin. -->","yoast_head_json":{"title":"Woppie vaiki\u0161kas konstruktorius XXL - Montessori \u017eaislai","robots":{"index":"index","follow":"follow","max-snippet":"max-snippet:-1","max-image-preview":"max-image-preview:large","max-video-preview":"max-video-preview:-1"},"canonical":"https:\/\/monti.lt\/en\/product\/woppie-vaikiskas-konstruktorius-xxl\/","og_locale":"en_US","og_type":"article","og_title":"Woppie vaiki\u0161kas konstruktorius XXL - Montessori \u017eaislai","og_description":"\u201eWOOPIE\u201c \u017eaislas \u201eMega Construction Site 5-in-1\u201c \u2013 tai i\u0161samus rinkinys kiekvienam ekstremali\u0173 transporto priemoni\u0173 gerb\u0117jui! \u017daidimo esm\u0117 \u2013 surinkti vien\u0105 i\u0161 penki\u0173 transporto priemoni\u0173 tip\u0173 naudojant gr\u0105\u017et\u0105 arba atsuktuv\u0105, o tada statyti naudojant daugyb\u0119 pried\u0173, \u012fskaitant statybininko fig\u016br\u0117l\u0119, keturias mini transporto priemones ir griuv\u0117sius. Rinkinys kruop\u0161\u010diai pagamintas iki ma\u017eiausi\u0173 smulkmen\u0173, o dauguma transporto priemoni\u0173 dali\u0173 [&hellip;]","og_url":"https:\/\/monti.lt\/en\/product\/woppie-vaikiskas-konstruktorius-xxl\/","og_site_name":"Montessori \u017eaislai","article_modified_time":"2026-03-31T04:30:29+00:00","og_image":[{"width":1100,"height":1422,"url":"https:\/\/monti.lt\/wp-content\/uploads\/2026\/03\/woopie-mega-construction-site-5in1-xxl-diy-screwing-kit.jpg","type":"image\/jpeg"}],"twitter_card":"summary_large_image","twitter_misc":{"Est. reading time":"2 minutes"},"schema":{"@context":"https:\/\/schema.org","@graph":[{"@type":"WebPage","@id":"https:\/\/monti.lt\/product\/woppie-vaikiskas-konstruktorius-xxl\/","url":"https:\/\/monti.lt\/product\/woppie-vaikiskas-konstruktorius-xxl\/","name":"Woppie vaiki\u0161kas konstruktorius XXL - Montessori \u017eaislai","isPartOf":{"@id":"https:\/\/monti.lt\/#website"},"primaryImageOfPage":{"@id":"https:\/\/monti.lt\/product\/woppie-vaikiskas-konstruktorius-xxl\/#primaryimage"},"image":{"@id":"https:\/\/monti.lt\/product\/woppie-vaikiskas-konstruktorius-xxl\/#primaryimage"},"thumbnailUrl":"https:\/\/monti.lt\/wp-content\/uploads\/2026\/03\/woopie-mega-construction-site-5in1-xxl-diy-screwing-kit.jpg","datePublished":"2026-03-24T11:48:39+00:00","dateModified":"2026-03-31T04:30:29+00:00","breadcrumb":{"@id":"https:\/\/monti.lt\/product\/woppie-vaikiskas-konstruktorius-xxl\/#breadcrumb"},"inLanguage":"en-US","potentialAction":[{"@type":"ReadAction","target":["https:\/\/monti.lt\/product\/woppie-vaikiskas-konstruktorius-xxl\/"]}]},{"@type":"ImageObject","inLanguage":"en-US","@id":"https:\/\/monti.lt\/product\/woppie-vaikiskas-konstruktorius-xxl\/#primaryimage","url":"https:\/\/monti.lt\/wp-content\/uploads\/2026\/03\/woopie-mega-construction-site-5in1-xxl-diy-screwing-kit.jpg","contentUrl":"https:\/\/monti.lt\/wp-content\/uploads\/2026\/03\/woopie-mega-construction-site-5in1-xxl-diy-screwing-kit.jpg","width":1100,"height":1422,"caption":"mega kontruktorius rinkinys"},{"@type":"BreadcrumbList","@id":"https:\/\/monti.lt\/product\/woppie-vaikiskas-konstruktorius-xxl\/#breadcrumb","itemListElement":[{"@type":"ListItem","position":1,"name":"Home","item":"https:\/\/monti.lt\/"},{"@type":"ListItem","position":2,"name":"Parduotuv\u0117","item":"https:\/\/monti.lt\/shop\/"},{"@type":"ListItem","position":3,"name":"Woppie vaiki\u0161kas konstruktorius XXL"}]},{"@type":"WebSite","@id":"https:\/\/monti.lt\/#website","url":"https:\/\/monti.lt\/","name":"Montessori \u017eaislai","description":"","publisher":{"@id":"https:\/\/monti.lt\/#organization"},"potentialAction":[{"@type":"SearchAction","target":{"@type":"EntryPoint","urlTemplate":"https:\/\/monti.lt\/?s={search_term_string}"},"query-input":"required name=search_term_string"}],"inLanguage":"en-US"},{"@type":"Organization","@id":"https:\/\/monti.lt\/#organization","name":"Montessori \u017eaislai","url":"https:\/\/monti.lt\/","logo":{"@type":"ImageObject","inLanguage":"en-US","@id":"https:\/\/monti.lt\/#\/schema\/logo\/image\/","url":"https:\/\/monti.lt\/wp-content\/uploads\/2022\/03\/montilogo-1.png","contentUrl":"https:\/\/monti.lt\/wp-content\/uploads\/2022\/03\/montilogo-1.png","width":512,"height":512,"caption":"Montessori \u017eaislai"},"image":{"@id":"https:\/\/monti.lt\/#\/schema\/logo\/image\/"}}]}},"_links":{"self":[{"href":"https:\/\/monti.lt\/en\/wp-json\/wp\/v2\/product\/39627"}],"collection":[{"href":"https:\/\/monti.lt\/en\/wp-json\/wp\/v2\/product"}],"about":[{"href":"https:\/\/monti.lt\/en\/wp-json\/wp\/v2\/types\/product"}],"version-history":[{"count":1,"href":"https:\/\/monti.lt\/en\/wp-json\/wp\/v2\/product\/39627\/revisions"}],"predecessor-version":[{"id":39638,"href":"https:\/\/monti.lt\/en\/wp-json\/wp\/v2\/product\/39627\/revisions\/39638"}],"wp:featuredmedia":[{"embeddable":true,"href":"https:\/\/monti.lt\/en\/wp-json\/wp\/v2\/media\/39628"}],"wp:attachment":[{"href":"https:\/\/monti.lt\/en\/wp-json\/wp\/v2\/media?parent=39627"}],"wp:term":[{"taxonomy":"product_cat","embeddable":true,"href":"https:\/\/monti.lt\/en\/wp-json\/wp\/v2\/product_cat?post=39627"},{"taxonomy":"product_tag","embeddable":true,"href":"https:\/\/monti.lt\/en\/wp-json\/wp\/v2\/product_tag?post=39627"}],"curies":[{"name":"wp","href":"https:\/\/api.w.org\/{rel}","templated":true}]}}