{"id":39639,"date":"2026-03-24T11:57:33","date_gmt":"2026-03-24T11:57:33","guid":{"rendered":"https:\/\/monti.lt\/?post_type=product&#038;p=39639"},"modified":"2026-05-06T04:57:07","modified_gmt":"2026-05-06T04:57:07","slug":"woppie-trasa-spirale","status":"publish","type":"product","link":"https:\/\/monti.lt\/en\/product\/woppie-trasa-spirale\/","title":{"rendered":"Woppie tr\u0105sa spiral\u0117"},"content":{"rendered":"<p>\u201eWOOPIE Ball Track\u201c \u2013 tai spiral\u0117s formos bok\u0161tas, u\u017etikrinantis begalin\u012f d\u017eiaugsm\u0105. \u0160\u012f spalving\u0105 rinkin\u012f sudaro a\u0161tuonios spalvingos detal\u0117s, kurias ma\u017ei vaikai gali lengvai sud\u0117ti viena ant kitos. Nuo vir\u0161utinio lygio po vien\u0105 paleisti kamuoliukai nurieda iki trasos apa\u010dios. Trasoje yra trys lengvi, lengvai paimami skirting\u0173 spalv\u0173 kamuoliukai, kurie jud\u0117dami skleid\u017eia garsus. Dydis puikiai tinka ma\u017eoms rankyt\u0117ms ir padeda ugdyti rank\u0173 ir aki\u0173 koordinacij\u0105.<\/p>\n\n\n\n<p>Charakteristikos:<\/p>\n\n\n\n<ul class=\"wp-block-list\">\n<li>nuo 6 m\u0117nesi\u0173 am\u017eiaus,<\/li>\n\n\n\n<li>rinkinyje yra: 3 kamuoliukai,<\/li>\n\n\n\n<li>padeda ugdyti rank\u0173 ir aki\u0173 koordinacij\u0105,<\/li>\n\n\n\n<li>saug\u016bs elementai,<\/li>\n\n\n\n<li>dalys lengvai sujungiamos tarpusavyje.<\/li>\n<\/ul>","protected":false},"excerpt":{"rendered":"<p>\u201eWOOPIE Ball Track\u201c \u2013 tai spiral\u0117s formos bok\u0161tas, u\u017etikrinantis begalin\u012f d\u017eiaugsm\u0105. \u0160\u012f spalving\u0105 rinkin\u012f sudaro a\u0161tuonios spalvingos detal\u0117s, kurias ma\u017ei vaikai gali lengvai sud\u0117ti viena ant kitos. Nuo vir\u0161utinio lygio po vien\u0105 paleisti kamuoliukai nurieda iki trasos apa\u010dios. Trasoje yra trys lengvi, lengvai paimami skirting\u0173 spalv\u0173 kamuoliukai, kurie jud\u0117dami skleid\u017eia garsus. Dydis puikiai tinka ma\u017eoms [&hellip;]<\/p>","protected":false},"featured_media":39640,"template":"","meta":{"_acf_changed":false,"iawp_total_views":14},"product_cat":[84,86,49,249,39],"product_tag":[95,96],"class_list":{"0":"post-39639","1":"product","2":"type-product","3":"status-publish","4":"has-post-thumbnail","6":"product_cat-lavinamieji-zaislai","7":"product_cat-smulkioji-motorika","8":"product_cat-visi-zaislai","9":"product_cat-woppie","10":"product_cat-zaislai","11":"product_tag-1-m-2-m","12":"product_tag-2-m-3-m","14":"first","15":"instock","16":"taxable","17":"shipping-taxable","18":"purchasable","19":"product-type-simple"},"acf":[],"yoast_head":"<!-- This site is optimized with the Yoast SEO plugin v23.3 - https:\/\/yoast.com\/wordpress\/plugins\/seo\/ -->\n<title>Woppie tr\u0105sa spiral\u0117 - Montessori \u017eaislai<\/title>\n<meta name=\"robots\" content=\"index, follow, max-snippet:-1, max-image-preview:large, max-video-preview:-1\" \/>\n<link rel=\"canonical\" href=\"https:\/\/monti.lt\/en\/product\/woppie-trasa-spirale\/\" \/>\n<meta property=\"og:locale\" content=\"en_US\" \/>\n<meta property=\"og:type\" content=\"article\" \/>\n<meta property=\"og:title\" content=\"Woppie tr\u0105sa spiral\u0117 - Montessori \u017eaislai\" \/>\n<meta property=\"og:description\" content=\"\u201eWOOPIE Ball Track\u201c \u2013 tai spiral\u0117s formos bok\u0161tas, u\u017etikrinantis begalin\u012f d\u017eiaugsm\u0105. \u0160\u012f spalving\u0105 rinkin\u012f sudaro a\u0161tuonios spalvingos detal\u0117s, kurias ma\u017ei vaikai gali lengvai sud\u0117ti viena ant kitos. Nuo vir\u0161utinio lygio po vien\u0105 paleisti kamuoliukai nurieda iki trasos apa\u010dios. Trasoje yra trys lengvi, lengvai paimami skirting\u0173 spalv\u0173 kamuoliukai, kurie jud\u0117dami skleid\u017eia garsus. Dydis puikiai tinka ma\u017eoms [&hellip;]\" \/>\n<meta property=\"og:url\" content=\"https:\/\/monti.lt\/en\/product\/woppie-trasa-spirale\/\" \/>\n<meta property=\"og:site_name\" content=\"Montessori \u017eaislai\" \/>\n<meta property=\"article:modified_time\" content=\"2026-05-06T04:57:07+00:00\" \/>\n<meta property=\"og:image\" content=\"https:\/\/monti.lt\/wp-content\/uploads\/2026\/03\/woopie-baby-ball-track-spiral-set-3-balls.jpg\" \/>\n\t<meta property=\"og:image:width\" content=\"1100\" \/>\n\t<meta property=\"og:image:height\" content=\"1422\" \/>\n\t<meta property=\"og:image:type\" content=\"image\/jpeg\" \/>\n<meta name=\"twitter:card\" content=\"summary_large_image\" \/>\n<meta name=\"twitter:label1\" content=\"Est. reading time\" \/>\n\t<meta name=\"twitter:data1\" content=\"1 minute\" \/>\n<script type=\"application\/ld+json\" class=\"yoast-schema-graph\">{\"@context\":\"https:\/\/schema.org\",\"@graph\":[{\"@type\":\"WebPage\",\"@id\":\"https:\/\/monti.lt\/product\/woppie-trasa-spirale\/\",\"url\":\"https:\/\/monti.lt\/product\/woppie-trasa-spirale\/\",\"name\":\"Woppie tr\u0105sa spiral\u0117 - Montessori \u017eaislai\",\"isPartOf\":{\"@id\":\"https:\/\/monti.lt\/#website\"},\"primaryImageOfPage\":{\"@id\":\"https:\/\/monti.lt\/product\/woppie-trasa-spirale\/#primaryimage\"},\"image\":{\"@id\":\"https:\/\/monti.lt\/product\/woppie-trasa-spirale\/#primaryimage\"},\"thumbnailUrl\":\"https:\/\/monti.lt\/wp-content\/uploads\/2026\/03\/woopie-baby-ball-track-spiral-set-3-balls.jpg\",\"datePublished\":\"2026-03-24T11:57:33+00:00\",\"dateModified\":\"2026-05-06T04:57:07+00:00\",\"breadcrumb\":{\"@id\":\"https:\/\/monti.lt\/product\/woppie-trasa-spirale\/#breadcrumb\"},\"inLanguage\":\"en-US\",\"potentialAction\":[{\"@type\":\"ReadAction\",\"target\":[\"https:\/\/monti.lt\/product\/woppie-trasa-spirale\/\"]}]},{\"@type\":\"ImageObject\",\"inLanguage\":\"en-US\",\"@id\":\"https:\/\/monti.lt\/product\/woppie-trasa-spirale\/#primaryimage\",\"url\":\"https:\/\/monti.lt\/wp-content\/uploads\/2026\/03\/woopie-baby-ball-track-spiral-set-3-balls.jpg\",\"contentUrl\":\"https:\/\/monti.lt\/wp-content\/uploads\/2026\/03\/woopie-baby-ball-track-spiral-set-3-balls.jpg\",\"width\":1100,\"height\":1422,\"caption\":\"spirale\"},{\"@type\":\"BreadcrumbList\",\"@id\":\"https:\/\/monti.lt\/product\/woppie-trasa-spirale\/#breadcrumb\",\"itemListElement\":[{\"@type\":\"ListItem\",\"position\":1,\"name\":\"Home\",\"item\":\"https:\/\/monti.lt\/\"},{\"@type\":\"ListItem\",\"position\":2,\"name\":\"Parduotuv\u0117\",\"item\":\"https:\/\/monti.lt\/shop\/\"},{\"@type\":\"ListItem\",\"position\":3,\"name\":\"Woppie tr\u0105sa spiral\u0117\"}]},{\"@type\":\"WebSite\",\"@id\":\"https:\/\/monti.lt\/#website\",\"url\":\"https:\/\/monti.lt\/\",\"name\":\"Montessori \u017eaislai\",\"description\":\"\",\"publisher\":{\"@id\":\"https:\/\/monti.lt\/#organization\"},\"potentialAction\":[{\"@type\":\"SearchAction\",\"target\":{\"@type\":\"EntryPoint\",\"urlTemplate\":\"https:\/\/monti.lt\/?s={search_term_string}\"},\"query-input\":\"required name=search_term_string\"}],\"inLanguage\":\"en-US\"},{\"@type\":\"Organization\",\"@id\":\"https:\/\/monti.lt\/#organization\",\"name\":\"Montessori \u017eaislai\",\"url\":\"https:\/\/monti.lt\/\",\"logo\":{\"@type\":\"ImageObject\",\"inLanguage\":\"en-US\",\"@id\":\"https:\/\/monti.lt\/#\/schema\/logo\/image\/\",\"url\":\"https:\/\/monti.lt\/wp-content\/uploads\/2022\/03\/montilogo-1.png\",\"contentUrl\":\"https:\/\/monti.lt\/wp-content\/uploads\/2022\/03\/montilogo-1.png\",\"width\":512,\"height\":512,\"caption\":\"Montessori \u017eaislai\"},\"image\":{\"@id\":\"https:\/\/monti.lt\/#\/schema\/logo\/image\/\"}}]}<\/script>\n<!-- \/ Yoast SEO plugin. -->","yoast_head_json":{"title":"Woppie tr\u0105sa spiral\u0117 - Montessori \u017eaislai","robots":{"index":"index","follow":"follow","max-snippet":"max-snippet:-1","max-image-preview":"max-image-preview:large","max-video-preview":"max-video-preview:-1"},"canonical":"https:\/\/monti.lt\/en\/product\/woppie-trasa-spirale\/","og_locale":"en_US","og_type":"article","og_title":"Woppie tr\u0105sa spiral\u0117 - Montessori \u017eaislai","og_description":"\u201eWOOPIE Ball Track\u201c \u2013 tai spiral\u0117s formos bok\u0161tas, u\u017etikrinantis begalin\u012f d\u017eiaugsm\u0105. \u0160\u012f spalving\u0105 rinkin\u012f sudaro a\u0161tuonios spalvingos detal\u0117s, kurias ma\u017ei vaikai gali lengvai sud\u0117ti viena ant kitos. Nuo vir\u0161utinio lygio po vien\u0105 paleisti kamuoliukai nurieda iki trasos apa\u010dios. Trasoje yra trys lengvi, lengvai paimami skirting\u0173 spalv\u0173 kamuoliukai, kurie jud\u0117dami skleid\u017eia garsus. Dydis puikiai tinka ma\u017eoms [&hellip;]","og_url":"https:\/\/monti.lt\/en\/product\/woppie-trasa-spirale\/","og_site_name":"Montessori \u017eaislai","article_modified_time":"2026-05-06T04:57:07+00:00","og_image":[{"width":1100,"height":1422,"url":"https:\/\/monti.lt\/wp-content\/uploads\/2026\/03\/woopie-baby-ball-track-spiral-set-3-balls.jpg","type":"image\/jpeg"}],"twitter_card":"summary_large_image","twitter_misc":{"Est. reading time":"1 minute"},"schema":{"@context":"https:\/\/schema.org","@graph":[{"@type":"WebPage","@id":"https:\/\/monti.lt\/product\/woppie-trasa-spirale\/","url":"https:\/\/monti.lt\/product\/woppie-trasa-spirale\/","name":"Woppie tr\u0105sa spiral\u0117 - Montessori \u017eaislai","isPartOf":{"@id":"https:\/\/monti.lt\/#website"},"primaryImageOfPage":{"@id":"https:\/\/monti.lt\/product\/woppie-trasa-spirale\/#primaryimage"},"image":{"@id":"https:\/\/monti.lt\/product\/woppie-trasa-spirale\/#primaryimage"},"thumbnailUrl":"https:\/\/monti.lt\/wp-content\/uploads\/2026\/03\/woopie-baby-ball-track-spiral-set-3-balls.jpg","datePublished":"2026-03-24T11:57:33+00:00","dateModified":"2026-05-06T04:57:07+00:00","breadcrumb":{"@id":"https:\/\/monti.lt\/product\/woppie-trasa-spirale\/#breadcrumb"},"inLanguage":"en-US","potentialAction":[{"@type":"ReadAction","target":["https:\/\/monti.lt\/product\/woppie-trasa-spirale\/"]}]},{"@type":"ImageObject","inLanguage":"en-US","@id":"https:\/\/monti.lt\/product\/woppie-trasa-spirale\/#primaryimage","url":"https:\/\/monti.lt\/wp-content\/uploads\/2026\/03\/woopie-baby-ball-track-spiral-set-3-balls.jpg","contentUrl":"https:\/\/monti.lt\/wp-content\/uploads\/2026\/03\/woopie-baby-ball-track-spiral-set-3-balls.jpg","width":1100,"height":1422,"caption":"spirale"},{"@type":"BreadcrumbList","@id":"https:\/\/monti.lt\/product\/woppie-trasa-spirale\/#breadcrumb","itemListElement":[{"@type":"ListItem","position":1,"name":"Home","item":"https:\/\/monti.lt\/"},{"@type":"ListItem","position":2,"name":"Parduotuv\u0117","item":"https:\/\/monti.lt\/shop\/"},{"@type":"ListItem","position":3,"name":"Woppie tr\u0105sa spiral\u0117"}]},{"@type":"WebSite","@id":"https:\/\/monti.lt\/#website","url":"https:\/\/monti.lt\/","name":"Montessori \u017eaislai","description":"","publisher":{"@id":"https:\/\/monti.lt\/#organization"},"potentialAction":[{"@type":"SearchAction","target":{"@type":"EntryPoint","urlTemplate":"https:\/\/monti.lt\/?s={search_term_string}"},"query-input":"required name=search_term_string"}],"inLanguage":"en-US"},{"@type":"Organization","@id":"https:\/\/monti.lt\/#organization","name":"Montessori \u017eaislai","url":"https:\/\/monti.lt\/","logo":{"@type":"ImageObject","inLanguage":"en-US","@id":"https:\/\/monti.lt\/#\/schema\/logo\/image\/","url":"https:\/\/monti.lt\/wp-content\/uploads\/2022\/03\/montilogo-1.png","contentUrl":"https:\/\/monti.lt\/wp-content\/uploads\/2022\/03\/montilogo-1.png","width":512,"height":512,"caption":"Montessori \u017eaislai"},"image":{"@id":"https:\/\/monti.lt\/#\/schema\/logo\/image\/"}}]}},"_links":{"self":[{"href":"https:\/\/monti.lt\/en\/wp-json\/wp\/v2\/product\/39639"}],"collection":[{"href":"https:\/\/monti.lt\/en\/wp-json\/wp\/v2\/product"}],"about":[{"href":"https:\/\/monti.lt\/en\/wp-json\/wp\/v2\/types\/product"}],"version-history":[{"count":1,"href":"https:\/\/monti.lt\/en\/wp-json\/wp\/v2\/product\/39639\/revisions"}],"predecessor-version":[{"id":39643,"href":"https:\/\/monti.lt\/en\/wp-json\/wp\/v2\/product\/39639\/revisions\/39643"}],"wp:featuredmedia":[{"embeddable":true,"href":"https:\/\/monti.lt\/en\/wp-json\/wp\/v2\/media\/39640"}],"wp:attachment":[{"href":"https:\/\/monti.lt\/en\/wp-json\/wp\/v2\/media?parent=39639"}],"wp:term":[{"taxonomy":"product_cat","embeddable":true,"href":"https:\/\/monti.lt\/en\/wp-json\/wp\/v2\/product_cat?post=39639"},{"taxonomy":"product_tag","embeddable":true,"href":"https:\/\/monti.lt\/en\/wp-json\/wp\/v2\/product_tag?post=39639"}],"curies":[{"name":"wp","href":"https:\/\/api.w.org\/{rel}","templated":true}]}}