{"id":39644,"date":"2026-03-24T12:02:11","date_gmt":"2026-03-24T12:02:11","guid":{"rendered":"https:\/\/monti.lt\/?post_type=product&#038;p=39644"},"modified":"2026-05-06T04:56:55","modified_gmt":"2026-05-06T04:56:55","slug":"woppie-piesimo-kilimelis-dinozaurai","status":"publish","type":"product","link":"https:\/\/monti.lt\/en\/product\/woppie-piesimo-kilimelis-dinozaurai\/","title":{"rendered":"Woppie pie\u0161imo kilim\u0117lis dinozaurai"},"content":{"rendered":"<p>\u0160is stebuklingas, didelis \u201eWoopie\u201c vandens kilim\u0117lis \u2013 puikus b\u016bdas m\u0117gautis k\u016brybi\u0161kais \u017eaidimais be netvarkos. Tereikia pripildyti \u017eymeklius vandeniu, ir spalvos stebuklingai atsiras ant kilim\u0117lio! Kai kilim\u0117lis i\u0161d\u017eius, pie\u0161inys i\u0161nyks, ir gal\u0117site prad\u0117ti i\u0161 naujo. Tai puikus b\u016bdas leisti vaikui ugdyti meninius \u012fg\u016bd\u017eius be pavojaus i\u0161tepti drabu\u017eius, baldus ar sienas. \u0160is dinozaur\u0173 ir pili\u0173 tematikos kilim\u0117lis supa\u017eindins j\u016bs\u0173 ma\u017eyl\u012f su fantasti\u0161ku pie\u0161imo pasauliu. Komplekte yra \u012fvairi\u0173 pried\u0173, pavyzd\u017eiui, da\u017eymo \u017eymekliai ir kempin\u0117s antspaudai, skirti papildomoms fig\u016broms kurti. Didelis kilim\u0117lio dydis skatina \u017eaisti kartu su broliais, seserimis ar t\u0117vais. Produktas yra saugus ir daugkartinio naudojimo.<\/p>\n\n\n\n<p>Charakteristikos:<\/p>\n\n\n\n<ul class=\"wp-block-list\">\n<li>\u017daislas vaikams nuo 3 met\u0173.<\/li>\n\n\n\n<li>Didelis vandens kilim\u0117lis su dinozaur\u0173 ir pilies motyvais.<\/li>\n\n\n\n<li>Leid\u017eia pie\u0161ti tik vandeniu, u\u017etikrinant, kad nebus netvarkos.<\/li>\n\n\n\n<li>I\u0161d\u017ei\u016bvus pie\u0161inys i\u0161nyksta, o kilim\u0117l\u012f galima naudoti dar kart\u0105.<\/li>\n\n\n\n<li>Pagamintas i\u0161 saugi\u0173, netoksini\u0173 med\u017eiag\u0173.<\/li>\n\n\n\n<li>Komplekte yra pie\u0161imo reikmenys, pavyzd\u017eiui, ra\u0161ikliai ir antspaudai.<br>Komplekte yra:<\/li>\n\n\n\n<li>Vandens kilim\u0117lis 60&#215;80 cm.<\/li>\n\n\n\n<li>2 vandens ra\u0161ikliai.<\/li>\n\n\n\n<li>4 kempini\u0173 antspaudai.<\/li>\n\n\n\n<li>Bro\u0161i\u016bra<br>\u017daislas ugdo:<\/li>\n\n\n\n<li>K\u016brybi\u0161kum\u0105 ir vaizduot\u0119.<\/li>\n\n\n\n<li>Meninius ir rank\u0173 darbo \u012fg\u016bd\u017eius.<\/li>\n\n\n\n<li>Smulki\u0105j\u0105 motorik\u0105 ir judesi\u0173 tikslum\u0105.<\/li>\n\n\n\n<li>Bendravim\u0105.<\/li>\n<\/ul>","protected":false},"excerpt":{"rendered":"<p>\u0160is stebuklingas, didelis \u201eWoopie\u201c vandens kilim\u0117lis \u2013 puikus b\u016bdas m\u0117gautis k\u016brybi\u0161kais \u017eaidimais be netvarkos. Tereikia pripildyti \u017eymeklius vandeniu, ir spalvos stebuklingai atsiras ant kilim\u0117lio! Kai kilim\u0117lis i\u0161d\u017eius, pie\u0161inys i\u0161nyks, ir gal\u0117site prad\u0117ti i\u0161 naujo. Tai puikus b\u016bdas leisti vaikui ugdyti meninius \u012fg\u016bd\u017eius be pavojaus i\u0161tepti drabu\u017eius, baldus ar sienas. \u0160is dinozaur\u0173 ir pili\u0173 tematikos kilim\u0117lis [&hellip;]<\/p>","protected":false},"featured_media":39645,"template":"","meta":{"_acf_changed":false,"iawp_total_views":12},"product_cat":[84,89],"product_tag":[95,97,98],"class_list":{"0":"post-39644","1":"product","2":"type-product","3":"status-publish","4":"has-post-thumbnail","6":"product_cat-lavinamieji-zaislai","7":"product_cat-mokausi-piesti","8":"product_tag-1-m-2-m","9":"product_tag-3-m-4-m","10":"product_tag-5-m-7-m","12":"first","13":"instock","14":"taxable","15":"shipping-taxable","16":"purchasable","17":"product-type-simple"},"acf":[],"yoast_head":"<!-- This site is optimized with the Yoast SEO plugin v23.3 - https:\/\/yoast.com\/wordpress\/plugins\/seo\/ -->\n<title>Woppie pie\u0161imo kilim\u0117lis dinozaurai - Montessori \u017eaislai<\/title>\n<meta name=\"robots\" content=\"index, follow, max-snippet:-1, max-image-preview:large, max-video-preview:-1\" \/>\n<link rel=\"canonical\" href=\"https:\/\/monti.lt\/en\/product\/woppie-piesimo-kilimelis-dinozaurai\/\" \/>\n<meta property=\"og:locale\" content=\"en_US\" \/>\n<meta property=\"og:type\" content=\"article\" \/>\n<meta property=\"og:title\" content=\"Woppie pie\u0161imo kilim\u0117lis dinozaurai - Montessori \u017eaislai\" \/>\n<meta property=\"og:description\" content=\"\u0160is stebuklingas, didelis \u201eWoopie\u201c vandens kilim\u0117lis \u2013 puikus b\u016bdas m\u0117gautis k\u016brybi\u0161kais \u017eaidimais be netvarkos. Tereikia pripildyti \u017eymeklius vandeniu, ir spalvos stebuklingai atsiras ant kilim\u0117lio! Kai kilim\u0117lis i\u0161d\u017eius, pie\u0161inys i\u0161nyks, ir gal\u0117site prad\u0117ti i\u0161 naujo. Tai puikus b\u016bdas leisti vaikui ugdyti meninius \u012fg\u016bd\u017eius be pavojaus i\u0161tepti drabu\u017eius, baldus ar sienas. \u0160is dinozaur\u0173 ir pili\u0173 tematikos kilim\u0117lis [&hellip;]\" \/>\n<meta property=\"og:url\" content=\"https:\/\/monti.lt\/en\/product\/woppie-piesimo-kilimelis-dinozaurai\/\" \/>\n<meta property=\"og:site_name\" content=\"Montessori \u017eaislai\" \/>\n<meta property=\"article:modified_time\" content=\"2026-05-06T04:56:55+00:00\" \/>\n<meta property=\"og:image\" content=\"https:\/\/monti.lt\/wp-content\/uploads\/2026\/03\/woopie-water-painting-mat-for-kids-with-dinosaurs-accessories.jpg\" \/>\n\t<meta property=\"og:image:width\" content=\"1100\" \/>\n\t<meta property=\"og:image:height\" content=\"1422\" \/>\n\t<meta property=\"og:image:type\" content=\"image\/jpeg\" \/>\n<meta name=\"twitter:card\" content=\"summary_large_image\" \/>\n<meta name=\"twitter:label1\" content=\"Est. reading time\" \/>\n\t<meta name=\"twitter:data1\" content=\"2 minutes\" \/>\n<script type=\"application\/ld+json\" class=\"yoast-schema-graph\">{\"@context\":\"https:\/\/schema.org\",\"@graph\":[{\"@type\":\"WebPage\",\"@id\":\"https:\/\/monti.lt\/product\/woppie-piesimo-kilimelis-dinozaurai\/\",\"url\":\"https:\/\/monti.lt\/product\/woppie-piesimo-kilimelis-dinozaurai\/\",\"name\":\"Woppie pie\u0161imo kilim\u0117lis dinozaurai - Montessori \u017eaislai\",\"isPartOf\":{\"@id\":\"https:\/\/monti.lt\/#website\"},\"primaryImageOfPage\":{\"@id\":\"https:\/\/monti.lt\/product\/woppie-piesimo-kilimelis-dinozaurai\/#primaryimage\"},\"image\":{\"@id\":\"https:\/\/monti.lt\/product\/woppie-piesimo-kilimelis-dinozaurai\/#primaryimage\"},\"thumbnailUrl\":\"https:\/\/monti.lt\/wp-content\/uploads\/2026\/03\/woopie-water-painting-mat-for-kids-with-dinosaurs-accessories.jpg\",\"datePublished\":\"2026-03-24T12:02:11+00:00\",\"dateModified\":\"2026-05-06T04:56:55+00:00\",\"breadcrumb\":{\"@id\":\"https:\/\/monti.lt\/product\/woppie-piesimo-kilimelis-dinozaurai\/#breadcrumb\"},\"inLanguage\":\"en-US\",\"potentialAction\":[{\"@type\":\"ReadAction\",\"target\":[\"https:\/\/monti.lt\/product\/woppie-piesimo-kilimelis-dinozaurai\/\"]}]},{\"@type\":\"ImageObject\",\"inLanguage\":\"en-US\",\"@id\":\"https:\/\/monti.lt\/product\/woppie-piesimo-kilimelis-dinozaurai\/#primaryimage\",\"url\":\"https:\/\/monti.lt\/wp-content\/uploads\/2026\/03\/woopie-water-painting-mat-for-kids-with-dinosaurs-accessories.jpg\",\"contentUrl\":\"https:\/\/monti.lt\/wp-content\/uploads\/2026\/03\/woopie-water-painting-mat-for-kids-with-dinosaurs-accessories.jpg\",\"width\":1100,\"height\":1422,\"caption\":\"piesimo kilimelis\"},{\"@type\":\"BreadcrumbList\",\"@id\":\"https:\/\/monti.lt\/product\/woppie-piesimo-kilimelis-dinozaurai\/#breadcrumb\",\"itemListElement\":[{\"@type\":\"ListItem\",\"position\":1,\"name\":\"Home\",\"item\":\"https:\/\/monti.lt\/\"},{\"@type\":\"ListItem\",\"position\":2,\"name\":\"Parduotuv\u0117\",\"item\":\"https:\/\/monti.lt\/shop\/\"},{\"@type\":\"ListItem\",\"position\":3,\"name\":\"Woppie pie\u0161imo kilim\u0117lis dinozaurai\"}]},{\"@type\":\"WebSite\",\"@id\":\"https:\/\/monti.lt\/#website\",\"url\":\"https:\/\/monti.lt\/\",\"name\":\"Montessori \u017eaislai\",\"description\":\"\",\"publisher\":{\"@id\":\"https:\/\/monti.lt\/#organization\"},\"potentialAction\":[{\"@type\":\"SearchAction\",\"target\":{\"@type\":\"EntryPoint\",\"urlTemplate\":\"https:\/\/monti.lt\/?s={search_term_string}\"},\"query-input\":\"required name=search_term_string\"}],\"inLanguage\":\"en-US\"},{\"@type\":\"Organization\",\"@id\":\"https:\/\/monti.lt\/#organization\",\"name\":\"Montessori \u017eaislai\",\"url\":\"https:\/\/monti.lt\/\",\"logo\":{\"@type\":\"ImageObject\",\"inLanguage\":\"en-US\",\"@id\":\"https:\/\/monti.lt\/#\/schema\/logo\/image\/\",\"url\":\"https:\/\/monti.lt\/wp-content\/uploads\/2022\/03\/montilogo-1.png\",\"contentUrl\":\"https:\/\/monti.lt\/wp-content\/uploads\/2022\/03\/montilogo-1.png\",\"width\":512,\"height\":512,\"caption\":\"Montessori \u017eaislai\"},\"image\":{\"@id\":\"https:\/\/monti.lt\/#\/schema\/logo\/image\/\"}}]}<\/script>\n<!-- \/ Yoast SEO plugin. -->","yoast_head_json":{"title":"Woppie pie\u0161imo kilim\u0117lis dinozaurai - Montessori \u017eaislai","robots":{"index":"index","follow":"follow","max-snippet":"max-snippet:-1","max-image-preview":"max-image-preview:large","max-video-preview":"max-video-preview:-1"},"canonical":"https:\/\/monti.lt\/en\/product\/woppie-piesimo-kilimelis-dinozaurai\/","og_locale":"en_US","og_type":"article","og_title":"Woppie pie\u0161imo kilim\u0117lis dinozaurai - Montessori \u017eaislai","og_description":"\u0160is stebuklingas, didelis \u201eWoopie\u201c vandens kilim\u0117lis \u2013 puikus b\u016bdas m\u0117gautis k\u016brybi\u0161kais \u017eaidimais be netvarkos. Tereikia pripildyti \u017eymeklius vandeniu, ir spalvos stebuklingai atsiras ant kilim\u0117lio! Kai kilim\u0117lis i\u0161d\u017eius, pie\u0161inys i\u0161nyks, ir gal\u0117site prad\u0117ti i\u0161 naujo. Tai puikus b\u016bdas leisti vaikui ugdyti meninius \u012fg\u016bd\u017eius be pavojaus i\u0161tepti drabu\u017eius, baldus ar sienas. \u0160is dinozaur\u0173 ir pili\u0173 tematikos kilim\u0117lis [&hellip;]","og_url":"https:\/\/monti.lt\/en\/product\/woppie-piesimo-kilimelis-dinozaurai\/","og_site_name":"Montessori \u017eaislai","article_modified_time":"2026-05-06T04:56:55+00:00","og_image":[{"width":1100,"height":1422,"url":"https:\/\/monti.lt\/wp-content\/uploads\/2026\/03\/woopie-water-painting-mat-for-kids-with-dinosaurs-accessories.jpg","type":"image\/jpeg"}],"twitter_card":"summary_large_image","twitter_misc":{"Est. reading time":"2 minutes"},"schema":{"@context":"https:\/\/schema.org","@graph":[{"@type":"WebPage","@id":"https:\/\/monti.lt\/product\/woppie-piesimo-kilimelis-dinozaurai\/","url":"https:\/\/monti.lt\/product\/woppie-piesimo-kilimelis-dinozaurai\/","name":"Woppie pie\u0161imo kilim\u0117lis dinozaurai - Montessori \u017eaislai","isPartOf":{"@id":"https:\/\/monti.lt\/#website"},"primaryImageOfPage":{"@id":"https:\/\/monti.lt\/product\/woppie-piesimo-kilimelis-dinozaurai\/#primaryimage"},"image":{"@id":"https:\/\/monti.lt\/product\/woppie-piesimo-kilimelis-dinozaurai\/#primaryimage"},"thumbnailUrl":"https:\/\/monti.lt\/wp-content\/uploads\/2026\/03\/woopie-water-painting-mat-for-kids-with-dinosaurs-accessories.jpg","datePublished":"2026-03-24T12:02:11+00:00","dateModified":"2026-05-06T04:56:55+00:00","breadcrumb":{"@id":"https:\/\/monti.lt\/product\/woppie-piesimo-kilimelis-dinozaurai\/#breadcrumb"},"inLanguage":"en-US","potentialAction":[{"@type":"ReadAction","target":["https:\/\/monti.lt\/product\/woppie-piesimo-kilimelis-dinozaurai\/"]}]},{"@type":"ImageObject","inLanguage":"en-US","@id":"https:\/\/monti.lt\/product\/woppie-piesimo-kilimelis-dinozaurai\/#primaryimage","url":"https:\/\/monti.lt\/wp-content\/uploads\/2026\/03\/woopie-water-painting-mat-for-kids-with-dinosaurs-accessories.jpg","contentUrl":"https:\/\/monti.lt\/wp-content\/uploads\/2026\/03\/woopie-water-painting-mat-for-kids-with-dinosaurs-accessories.jpg","width":1100,"height":1422,"caption":"piesimo kilimelis"},{"@type":"BreadcrumbList","@id":"https:\/\/monti.lt\/product\/woppie-piesimo-kilimelis-dinozaurai\/#breadcrumb","itemListElement":[{"@type":"ListItem","position":1,"name":"Home","item":"https:\/\/monti.lt\/"},{"@type":"ListItem","position":2,"name":"Parduotuv\u0117","item":"https:\/\/monti.lt\/shop\/"},{"@type":"ListItem","position":3,"name":"Woppie pie\u0161imo kilim\u0117lis dinozaurai"}]},{"@type":"WebSite","@id":"https:\/\/monti.lt\/#website","url":"https:\/\/monti.lt\/","name":"Montessori \u017eaislai","description":"","publisher":{"@id":"https:\/\/monti.lt\/#organization"},"potentialAction":[{"@type":"SearchAction","target":{"@type":"EntryPoint","urlTemplate":"https:\/\/monti.lt\/?s={search_term_string}"},"query-input":"required name=search_term_string"}],"inLanguage":"en-US"},{"@type":"Organization","@id":"https:\/\/monti.lt\/#organization","name":"Montessori \u017eaislai","url":"https:\/\/monti.lt\/","logo":{"@type":"ImageObject","inLanguage":"en-US","@id":"https:\/\/monti.lt\/#\/schema\/logo\/image\/","url":"https:\/\/monti.lt\/wp-content\/uploads\/2022\/03\/montilogo-1.png","contentUrl":"https:\/\/monti.lt\/wp-content\/uploads\/2022\/03\/montilogo-1.png","width":512,"height":512,"caption":"Montessori \u017eaislai"},"image":{"@id":"https:\/\/monti.lt\/#\/schema\/logo\/image\/"}}]}},"_links":{"self":[{"href":"https:\/\/monti.lt\/en\/wp-json\/wp\/v2\/product\/39644"}],"collection":[{"href":"https:\/\/monti.lt\/en\/wp-json\/wp\/v2\/product"}],"about":[{"href":"https:\/\/monti.lt\/en\/wp-json\/wp\/v2\/types\/product"}],"version-history":[{"count":1,"href":"https:\/\/monti.lt\/en\/wp-json\/wp\/v2\/product\/39644\/revisions"}],"predecessor-version":[{"id":39649,"href":"https:\/\/monti.lt\/en\/wp-json\/wp\/v2\/product\/39644\/revisions\/39649"}],"wp:featuredmedia":[{"embeddable":true,"href":"https:\/\/monti.lt\/en\/wp-json\/wp\/v2\/media\/39645"}],"wp:attachment":[{"href":"https:\/\/monti.lt\/en\/wp-json\/wp\/v2\/media?parent=39644"}],"wp:term":[{"taxonomy":"product_cat","embeddable":true,"href":"https:\/\/monti.lt\/en\/wp-json\/wp\/v2\/product_cat?post=39644"},{"taxonomy":"product_tag","embeddable":true,"href":"https:\/\/monti.lt\/en\/wp-json\/wp\/v2\/product_tag?post=39644"}],"curies":[{"name":"wp","href":"https:\/\/api.w.org\/{rel}","templated":true}]}}