{"id":39650,"date":"2026-03-24T12:54:47","date_gmt":"2026-03-24T12:54:47","guid":{"rendered":"https:\/\/monti.lt\/?post_type=product&#038;p=39650"},"modified":"2026-04-08T10:15:09","modified_gmt":"2026-04-08T10:15:09","slug":"woppie-vaikiskas-boulingas","status":"publish","type":"product","link":"https:\/\/monti.lt\/en\/product\/woppie-vaikiskas-boulingas\/","title":{"rendered":"Woppie vaiki\u0161kas boulingas"},"content":{"rendered":"<p>Surenkite boulingo turnyr\u0105 savo nam\u0173 jaukumoje su \u0161iuo i\u0161samiu \u201eWoopie\u201c rinkiniu! Boulingas \u2013 puikus pramog\u0173 \u0161altinis visai \u0161eimai, o dabar \u0161iuo klasikiniu \u017eaidimu galite m\u0117gautis nei\u0161eidami i\u0161 nam\u0173. Puikiai tinka lietingoms dienoms, \u0161eimos susib\u016brimams ar vakarams, praleid\u017eiamiems terasoje \u2013 tai puikus b\u016bdas aktyviai praleisti laik\u0105, nepriklausomai nuo dalyvi\u0173 am\u017eiaus. \u0160is namams skirtas rinkinys ne tik suteikia daug d\u017eiaugsmo, bet ir padeda ugdyti koordinacij\u0105, tikslum\u0105 bei sveik\u0105 konkurencij\u0105. Viskas, ko reikia nepamir\u0161tamam turnyrui surengti, yra viename prakti\u0161kame rinkinyje.<\/p>\n\n\n\n<p>Rinkinio charakteristikos:<br>\u017daislas skirtas vaikams nuo 3 met\u0173<br>Boulingas yra \u017eaidimas, kur\u012f gali \u017eaisti bet kas, nepriklausomai nuo am\u017eiaus, tod\u0117l jis puikiai tinka \u0161eimos susib\u016brimams ir vakar\u0117liams.<br>Puikiai tinka naudoti namuose, terasoje ar sode, leid\u017eia organizuoti turnyrus nereikia eiti \u012f boulingo sal\u0119<br>D\u0117l kompakti\u0161ko dyd\u017eio ir lengvai i\u0161skleid\u017eiamo kilim\u0117lio galite greitai pasiruo\u0161ti \u017eaidimui, o po \u017eaidimo rinkin\u012f lengva laikyti.<\/p>","protected":false},"excerpt":{"rendered":"<p>Surenkite boulingo turnyr\u0105 savo nam\u0173 jaukumoje su \u0161iuo i\u0161samiu \u201eWoopie\u201c rinkiniu! Boulingas \u2013 puikus pramog\u0173 \u0161altinis visai \u0161eimai, o dabar \u0161iuo klasikiniu \u017eaidimu galite m\u0117gautis nei\u0161eidami i\u0161 nam\u0173. Puikiai tinka lietingoms dienoms, \u0161eimos susib\u016brimams ar vakarams, praleid\u017eiamiems terasoje \u2013 tai puikus b\u016bdas aktyviai praleisti laik\u0105, nepriklausomai nuo dalyvi\u0173 am\u017eiaus. \u0160is namams skirtas rinkinys ne tik [&hellip;]<\/p>","protected":false},"featured_media":39651,"template":"","meta":{"_acf_changed":false,"iawp_total_views":9},"product_cat":[218,238,84,90,49,39],"product_tag":[97,98],"class_list":{"0":"post-39650","1":"product","2":"type-product","3":"status-publish","4":"has-post-thumbnail","6":"product_cat-darzeliu-grupems","7":"product_cat-lauko-zaidimai","8":"product_cat-lavinamieji-zaislai","9":"product_cat-pasaulio-pazinimas","10":"product_cat-visi-zaislai","11":"product_cat-zaislai","12":"product_tag-3-m-4-m","13":"product_tag-5-m-7-m","15":"first","16":"outofstock","17":"taxable","18":"shipping-taxable","19":"purchasable","20":"product-type-simple"},"acf":[],"yoast_head":"<!-- This site is optimized with the Yoast SEO plugin v23.3 - https:\/\/yoast.com\/wordpress\/plugins\/seo\/ -->\n<title>Woppie vaiki\u0161kas boulingas - Montessori \u017eaislai<\/title>\n<meta name=\"robots\" content=\"index, follow, max-snippet:-1, max-image-preview:large, max-video-preview:-1\" \/>\n<link rel=\"canonical\" href=\"https:\/\/monti.lt\/en\/product\/woppie-vaikiskas-boulingas\/\" \/>\n<meta property=\"og:locale\" content=\"en_US\" \/>\n<meta property=\"og:type\" content=\"article\" \/>\n<meta property=\"og:title\" content=\"Woppie vaiki\u0161kas boulingas - Montessori \u017eaislai\" \/>\n<meta property=\"og:description\" content=\"Surenkite boulingo turnyr\u0105 savo nam\u0173 jaukumoje su \u0161iuo i\u0161samiu \u201eWoopie\u201c rinkiniu! Boulingas \u2013 puikus pramog\u0173 \u0161altinis visai \u0161eimai, o dabar \u0161iuo klasikiniu \u017eaidimu galite m\u0117gautis nei\u0161eidami i\u0161 nam\u0173. Puikiai tinka lietingoms dienoms, \u0161eimos susib\u016brimams ar vakarams, praleid\u017eiamiems terasoje \u2013 tai puikus b\u016bdas aktyviai praleisti laik\u0105, nepriklausomai nuo dalyvi\u0173 am\u017eiaus. \u0160is namams skirtas rinkinys ne tik [&hellip;]\" \/>\n<meta property=\"og:url\" content=\"https:\/\/monti.lt\/en\/product\/woppie-vaikiskas-boulingas\/\" \/>\n<meta property=\"og:site_name\" content=\"Montessori \u017eaislai\" \/>\n<meta property=\"article:modified_time\" content=\"2026-04-08T10:15:09+00:00\" \/>\n<meta property=\"og:image\" content=\"https:\/\/monti.lt\/wp-content\/uploads\/2026\/03\/woopie-bowling-for-children-animals-and-numbers-8-pcs-2.jpg\" \/>\n\t<meta property=\"og:image:width\" content=\"1100\" \/>\n\t<meta property=\"og:image:height\" content=\"1422\" \/>\n\t<meta property=\"og:image:type\" content=\"image\/jpeg\" \/>\n<meta name=\"twitter:card\" content=\"summary_large_image\" \/>\n<meta name=\"twitter:label1\" content=\"Est. reading time\" \/>\n\t<meta name=\"twitter:data1\" content=\"1 minute\" \/>\n<script type=\"application\/ld+json\" class=\"yoast-schema-graph\">{\"@context\":\"https:\/\/schema.org\",\"@graph\":[{\"@type\":\"WebPage\",\"@id\":\"https:\/\/monti.lt\/product\/woppie-vaikiskas-boulingas\/\",\"url\":\"https:\/\/monti.lt\/product\/woppie-vaikiskas-boulingas\/\",\"name\":\"Woppie vaiki\u0161kas boulingas - Montessori \u017eaislai\",\"isPartOf\":{\"@id\":\"https:\/\/monti.lt\/#website\"},\"primaryImageOfPage\":{\"@id\":\"https:\/\/monti.lt\/product\/woppie-vaikiskas-boulingas\/#primaryimage\"},\"image\":{\"@id\":\"https:\/\/monti.lt\/product\/woppie-vaikiskas-boulingas\/#primaryimage\"},\"thumbnailUrl\":\"https:\/\/monti.lt\/wp-content\/uploads\/2026\/03\/woopie-bowling-for-children-animals-and-numbers-8-pcs-2.jpg\",\"datePublished\":\"2026-03-24T12:54:47+00:00\",\"dateModified\":\"2026-04-08T10:15:09+00:00\",\"breadcrumb\":{\"@id\":\"https:\/\/monti.lt\/product\/woppie-vaikiskas-boulingas\/#breadcrumb\"},\"inLanguage\":\"en-US\",\"potentialAction\":[{\"@type\":\"ReadAction\",\"target\":[\"https:\/\/monti.lt\/product\/woppie-vaikiskas-boulingas\/\"]}]},{\"@type\":\"ImageObject\",\"inLanguage\":\"en-US\",\"@id\":\"https:\/\/monti.lt\/product\/woppie-vaikiskas-boulingas\/#primaryimage\",\"url\":\"https:\/\/monti.lt\/wp-content\/uploads\/2026\/03\/woopie-bowling-for-children-animals-and-numbers-8-pcs-2.jpg\",\"contentUrl\":\"https:\/\/monti.lt\/wp-content\/uploads\/2026\/03\/woopie-bowling-for-children-animals-and-numbers-8-pcs-2.jpg\",\"width\":1100,\"height\":1422,\"caption\":\"vaikiskas boulingas\"},{\"@type\":\"BreadcrumbList\",\"@id\":\"https:\/\/monti.lt\/product\/woppie-vaikiskas-boulingas\/#breadcrumb\",\"itemListElement\":[{\"@type\":\"ListItem\",\"position\":1,\"name\":\"Home\",\"item\":\"https:\/\/monti.lt\/\"},{\"@type\":\"ListItem\",\"position\":2,\"name\":\"Parduotuv\u0117\",\"item\":\"https:\/\/monti.lt\/shop\/\"},{\"@type\":\"ListItem\",\"position\":3,\"name\":\"Woppie vaiki\u0161kas boulingas\"}]},{\"@type\":\"WebSite\",\"@id\":\"https:\/\/monti.lt\/#website\",\"url\":\"https:\/\/monti.lt\/\",\"name\":\"Montessori \u017eaislai\",\"description\":\"\",\"publisher\":{\"@id\":\"https:\/\/monti.lt\/#organization\"},\"potentialAction\":[{\"@type\":\"SearchAction\",\"target\":{\"@type\":\"EntryPoint\",\"urlTemplate\":\"https:\/\/monti.lt\/?s={search_term_string}\"},\"query-input\":\"required name=search_term_string\"}],\"inLanguage\":\"en-US\"},{\"@type\":\"Organization\",\"@id\":\"https:\/\/monti.lt\/#organization\",\"name\":\"Montessori \u017eaislai\",\"url\":\"https:\/\/monti.lt\/\",\"logo\":{\"@type\":\"ImageObject\",\"inLanguage\":\"en-US\",\"@id\":\"https:\/\/monti.lt\/#\/schema\/logo\/image\/\",\"url\":\"https:\/\/monti.lt\/wp-content\/uploads\/2022\/03\/montilogo-1.png\",\"contentUrl\":\"https:\/\/monti.lt\/wp-content\/uploads\/2022\/03\/montilogo-1.png\",\"width\":512,\"height\":512,\"caption\":\"Montessori \u017eaislai\"},\"image\":{\"@id\":\"https:\/\/monti.lt\/#\/schema\/logo\/image\/\"}}]}<\/script>\n<!-- \/ Yoast SEO plugin. -->","yoast_head_json":{"title":"Woppie vaiki\u0161kas boulingas - Montessori \u017eaislai","robots":{"index":"index","follow":"follow","max-snippet":"max-snippet:-1","max-image-preview":"max-image-preview:large","max-video-preview":"max-video-preview:-1"},"canonical":"https:\/\/monti.lt\/en\/product\/woppie-vaikiskas-boulingas\/","og_locale":"en_US","og_type":"article","og_title":"Woppie vaiki\u0161kas boulingas - Montessori \u017eaislai","og_description":"Surenkite boulingo turnyr\u0105 savo nam\u0173 jaukumoje su \u0161iuo i\u0161samiu \u201eWoopie\u201c rinkiniu! Boulingas \u2013 puikus pramog\u0173 \u0161altinis visai \u0161eimai, o dabar \u0161iuo klasikiniu \u017eaidimu galite m\u0117gautis nei\u0161eidami i\u0161 nam\u0173. Puikiai tinka lietingoms dienoms, \u0161eimos susib\u016brimams ar vakarams, praleid\u017eiamiems terasoje \u2013 tai puikus b\u016bdas aktyviai praleisti laik\u0105, nepriklausomai nuo dalyvi\u0173 am\u017eiaus. \u0160is namams skirtas rinkinys ne tik [&hellip;]","og_url":"https:\/\/monti.lt\/en\/product\/woppie-vaikiskas-boulingas\/","og_site_name":"Montessori \u017eaislai","article_modified_time":"2026-04-08T10:15:09+00:00","og_image":[{"width":1100,"height":1422,"url":"https:\/\/monti.lt\/wp-content\/uploads\/2026\/03\/woopie-bowling-for-children-animals-and-numbers-8-pcs-2.jpg","type":"image\/jpeg"}],"twitter_card":"summary_large_image","twitter_misc":{"Est. reading time":"1 minute"},"schema":{"@context":"https:\/\/schema.org","@graph":[{"@type":"WebPage","@id":"https:\/\/monti.lt\/product\/woppie-vaikiskas-boulingas\/","url":"https:\/\/monti.lt\/product\/woppie-vaikiskas-boulingas\/","name":"Woppie vaiki\u0161kas boulingas - Montessori \u017eaislai","isPartOf":{"@id":"https:\/\/monti.lt\/#website"},"primaryImageOfPage":{"@id":"https:\/\/monti.lt\/product\/woppie-vaikiskas-boulingas\/#primaryimage"},"image":{"@id":"https:\/\/monti.lt\/product\/woppie-vaikiskas-boulingas\/#primaryimage"},"thumbnailUrl":"https:\/\/monti.lt\/wp-content\/uploads\/2026\/03\/woopie-bowling-for-children-animals-and-numbers-8-pcs-2.jpg","datePublished":"2026-03-24T12:54:47+00:00","dateModified":"2026-04-08T10:15:09+00:00","breadcrumb":{"@id":"https:\/\/monti.lt\/product\/woppie-vaikiskas-boulingas\/#breadcrumb"},"inLanguage":"en-US","potentialAction":[{"@type":"ReadAction","target":["https:\/\/monti.lt\/product\/woppie-vaikiskas-boulingas\/"]}]},{"@type":"ImageObject","inLanguage":"en-US","@id":"https:\/\/monti.lt\/product\/woppie-vaikiskas-boulingas\/#primaryimage","url":"https:\/\/monti.lt\/wp-content\/uploads\/2026\/03\/woopie-bowling-for-children-animals-and-numbers-8-pcs-2.jpg","contentUrl":"https:\/\/monti.lt\/wp-content\/uploads\/2026\/03\/woopie-bowling-for-children-animals-and-numbers-8-pcs-2.jpg","width":1100,"height":1422,"caption":"vaikiskas boulingas"},{"@type":"BreadcrumbList","@id":"https:\/\/monti.lt\/product\/woppie-vaikiskas-boulingas\/#breadcrumb","itemListElement":[{"@type":"ListItem","position":1,"name":"Home","item":"https:\/\/monti.lt\/"},{"@type":"ListItem","position":2,"name":"Parduotuv\u0117","item":"https:\/\/monti.lt\/shop\/"},{"@type":"ListItem","position":3,"name":"Woppie vaiki\u0161kas boulingas"}]},{"@type":"WebSite","@id":"https:\/\/monti.lt\/#website","url":"https:\/\/monti.lt\/","name":"Montessori \u017eaislai","description":"","publisher":{"@id":"https:\/\/monti.lt\/#organization"},"potentialAction":[{"@type":"SearchAction","target":{"@type":"EntryPoint","urlTemplate":"https:\/\/monti.lt\/?s={search_term_string}"},"query-input":"required name=search_term_string"}],"inLanguage":"en-US"},{"@type":"Organization","@id":"https:\/\/monti.lt\/#organization","name":"Montessori \u017eaislai","url":"https:\/\/monti.lt\/","logo":{"@type":"ImageObject","inLanguage":"en-US","@id":"https:\/\/monti.lt\/#\/schema\/logo\/image\/","url":"https:\/\/monti.lt\/wp-content\/uploads\/2022\/03\/montilogo-1.png","contentUrl":"https:\/\/monti.lt\/wp-content\/uploads\/2022\/03\/montilogo-1.png","width":512,"height":512,"caption":"Montessori \u017eaislai"},"image":{"@id":"https:\/\/monti.lt\/#\/schema\/logo\/image\/"}}]}},"_links":{"self":[{"href":"https:\/\/monti.lt\/en\/wp-json\/wp\/v2\/product\/39650"}],"collection":[{"href":"https:\/\/monti.lt\/en\/wp-json\/wp\/v2\/product"}],"about":[{"href":"https:\/\/monti.lt\/en\/wp-json\/wp\/v2\/types\/product"}],"version-history":[{"count":1,"href":"https:\/\/monti.lt\/en\/wp-json\/wp\/v2\/product\/39650\/revisions"}],"predecessor-version":[{"id":39655,"href":"https:\/\/monti.lt\/en\/wp-json\/wp\/v2\/product\/39650\/revisions\/39655"}],"wp:featuredmedia":[{"embeddable":true,"href":"https:\/\/monti.lt\/en\/wp-json\/wp\/v2\/media\/39651"}],"wp:attachment":[{"href":"https:\/\/monti.lt\/en\/wp-json\/wp\/v2\/media?parent=39650"}],"wp:term":[{"taxonomy":"product_cat","embeddable":true,"href":"https:\/\/monti.lt\/en\/wp-json\/wp\/v2\/product_cat?post=39650"},{"taxonomy":"product_tag","embeddable":true,"href":"https:\/\/monti.lt\/en\/wp-json\/wp\/v2\/product_tag?post=39650"}],"curies":[{"name":"wp","href":"https:\/\/api.w.org\/{rel}","templated":true}]}}