{"id":39656,"date":"2026-03-24T13:00:29","date_gmt":"2026-03-24T13:00:29","guid":{"rendered":"https:\/\/monti.lt\/?post_type=product&#038;p=39656"},"modified":"2026-05-06T04:56:39","modified_gmt":"2026-05-06T04:56:39","slug":"classic-world-medine-formu-delione","status":"publish","type":"product","link":"https:\/\/monti.lt\/en\/product\/classic-world-medine-formu-delione\/","title":{"rendered":"Classic world medin\u0117 form\u0173 d\u0117lion\u0117"},"content":{"rendered":"<p>\u201eClassic World\u201c medinis d\u0117lion\u0117 su kai\u0161teliais, skirta vaikams nuo 12 m\u0117nesi\u0173, yra puikus pasirinkimas \u017eaidimams namuose ir ikimokyklinio am\u017eiaus vaikams. Ji susideda i\u0161 lentos ir \u0161e\u0161i\u0173 temini\u0173 detali\u0173, kurias reikia \u012f j\u0105 \u012fd\u0117ti. Medin\u0117je pagrindo dalyje yra i\u0161\u0117mos, atitinkan\u010dios spalvot\u0173 d\u0117lion\u0117s detali\u0173 formas. Visa d\u0117lion\u0117 pagaminta i\u0161 med\u017eio ir nuda\u017eyta vaikams saugiomis ry\u0161ki\u0173 spalv\u0173 da\u017eais, kurie prad\u017eiugins kiekvien\u0105 \u017eaid\u0117j\u0105 ir suteiks daug d\u017eiaugsmo.<\/p>\n\n\n\n<p>Charakteristika:<\/p>\n\n\n\n<ul class=\"wp-block-list\">\n<li>\u201eClassic World\u201c gyv\u016bn\u0173 tematikos d\u0117lion\u0117 su kai\u0161teliais yra puikus \u017eaislas vaikams nuo 12 m\u0117nesi\u0173.<\/li>\n\n\n\n<li>Komplekte yra: lentel\u0117 su \u012fdubimais ir 6 elementai, vaizduojantys geometrines fig\u016bras su kai\u0161teliais, u\u017e kuriuos galima paimti.<\/li>\n\n\n\n<li>Kai visos detal\u0117s bus sud\u0117tos \u012f reikiamas vietas, susidarys visas paveikslas.<\/li>\n\n\n\n<li>\u017daislas neturi a\u0161tri\u0173 kra\u0161t\u0173 ir yra pagamintas i\u0161 auk\u0161\u010diausios kokyb\u0117s med\u017eiag\u0173, saugi\u0173 vaikams ir aplinkai.<\/li>\n\n\n\n<li>Nuda\u017eytas netoksin\u0117mis da\u017eais.<br>\u017daislas ugdo:<\/li>\n\n\n\n<li>vaizduot\u0119,<\/li>\n\n\n\n<li>rank\u0173 motorik\u0105,<\/li>\n\n\n\n<li>pa\u017eintinius geb\u0117jimus,<\/li>\n\n\n\n<li>geb\u0117jim\u0105 m\u0105styti logi\u0161kai.<\/li>\n<\/ul>","protected":false},"excerpt":{"rendered":"<p>\u201eClassic World\u201c medinis d\u0117lion\u0117 su kai\u0161teliais, skirta vaikams nuo 12 m\u0117nesi\u0173, yra puikus pasirinkimas \u017eaidimams namuose ir ikimokyklinio am\u017eiaus vaikams. Ji susideda i\u0161 lentos ir \u0161e\u0161i\u0173 temini\u0173 detali\u0173, kurias reikia \u012f j\u0105 \u012fd\u0117ti. Medin\u0117je pagrindo dalyje yra i\u0161\u0117mos, atitinkan\u010dios spalvot\u0173 d\u0117lion\u0117s detali\u0173 formas. Visa d\u0117lion\u0117 pagaminta i\u0161 med\u017eio ir nuda\u017eyta vaikams saugiomis ry\u0161ki\u0173 spalv\u0173 da\u017eais, [&hellip;]<\/p>","protected":false},"featured_media":39657,"template":"","meta":{"_acf_changed":false,"iawp_total_views":10},"product_cat":[246,218,208,92,84,210,102,83,199,49,39],"product_tag":[95,96,97],"class_list":{"0":"post-39656","1":"product","2":"type-product","3":"status-publish","4":"has-post-thumbnail","6":"product_cat-classic-world","7":"product_cat-darzeliu-grupems","8":"product_cat-deliones-2","9":"product_cat-deliones","10":"product_cat-lavinamieji-zaislai","11":"product_cat-medines-deliones","12":"product_cat-mediniai-zaislai","13":"product_cat-montessori-zaislai","14":"product_cat-ugdymo-istaigoms","15":"product_cat-visi-zaislai","16":"product_cat-zaislai","17":"product_tag-1-m-2-m","18":"product_tag-2-m-3-m","19":"product_tag-3-m-4-m","21":"first","22":"instock","23":"taxable","24":"shipping-taxable","25":"purchasable","26":"product-type-simple"},"acf":[],"yoast_head":"<!-- This site is optimized with the Yoast SEO plugin v23.3 - https:\/\/yoast.com\/wordpress\/plugins\/seo\/ -->\n<title>Classic world medin\u0117 form\u0173 d\u0117lion\u0117 - Montessori \u017eaislai<\/title>\n<meta name=\"robots\" content=\"index, follow, max-snippet:-1, max-image-preview:large, max-video-preview:-1\" \/>\n<link rel=\"canonical\" href=\"https:\/\/monti.lt\/en\/product\/classic-world-medine-formu-delione\/\" \/>\n<meta property=\"og:locale\" content=\"en_US\" \/>\n<meta property=\"og:type\" content=\"article\" \/>\n<meta property=\"og:title\" content=\"Classic world medin\u0117 form\u0173 d\u0117lion\u0117 - Montessori \u017eaislai\" \/>\n<meta property=\"og:description\" content=\"\u201eClassic World\u201c medinis d\u0117lion\u0117 su kai\u0161teliais, skirta vaikams nuo 12 m\u0117nesi\u0173, yra puikus pasirinkimas \u017eaidimams namuose ir ikimokyklinio am\u017eiaus vaikams. Ji susideda i\u0161 lentos ir \u0161e\u0161i\u0173 temini\u0173 detali\u0173, kurias reikia \u012f j\u0105 \u012fd\u0117ti. Medin\u0117je pagrindo dalyje yra i\u0161\u0117mos, atitinkan\u010dios spalvot\u0173 d\u0117lion\u0117s detali\u0173 formas. Visa d\u0117lion\u0117 pagaminta i\u0161 med\u017eio ir nuda\u017eyta vaikams saugiomis ry\u0161ki\u0173 spalv\u0173 da\u017eais, [&hellip;]\" \/>\n<meta property=\"og:url\" content=\"https:\/\/monti.lt\/en\/product\/classic-world-medine-formu-delione\/\" \/>\n<meta property=\"og:site_name\" content=\"Montessori \u017eaislai\" \/>\n<meta property=\"article:modified_time\" content=\"2026-05-06T04:56:39+00:00\" \/>\n<meta property=\"og:image\" content=\"https:\/\/monti.lt\/wp-content\/uploads\/2026\/03\/classic-world-montessori-puzzle-for-children-learning-shapes-figures-colors-7-pcs.jpg\" \/>\n\t<meta property=\"og:image:width\" content=\"1100\" \/>\n\t<meta property=\"og:image:height\" content=\"1422\" \/>\n\t<meta property=\"og:image:type\" content=\"image\/jpeg\" \/>\n<meta name=\"twitter:card\" content=\"summary_large_image\" \/>\n<meta name=\"twitter:label1\" content=\"Est. reading time\" \/>\n\t<meta name=\"twitter:data1\" content=\"1 minute\" \/>\n<script type=\"application\/ld+json\" class=\"yoast-schema-graph\">{\"@context\":\"https:\/\/schema.org\",\"@graph\":[{\"@type\":\"WebPage\",\"@id\":\"https:\/\/monti.lt\/product\/classic-world-medine-formu-delione\/\",\"url\":\"https:\/\/monti.lt\/product\/classic-world-medine-formu-delione\/\",\"name\":\"Classic world medin\u0117 form\u0173 d\u0117lion\u0117 - Montessori \u017eaislai\",\"isPartOf\":{\"@id\":\"https:\/\/monti.lt\/#website\"},\"primaryImageOfPage\":{\"@id\":\"https:\/\/monti.lt\/product\/classic-world-medine-formu-delione\/#primaryimage\"},\"image\":{\"@id\":\"https:\/\/monti.lt\/product\/classic-world-medine-formu-delione\/#primaryimage\"},\"thumbnailUrl\":\"https:\/\/monti.lt\/wp-content\/uploads\/2026\/03\/classic-world-montessori-puzzle-for-children-learning-shapes-figures-colors-7-pcs.jpg\",\"datePublished\":\"2026-03-24T13:00:29+00:00\",\"dateModified\":\"2026-05-06T04:56:39+00:00\",\"breadcrumb\":{\"@id\":\"https:\/\/monti.lt\/product\/classic-world-medine-formu-delione\/#breadcrumb\"},\"inLanguage\":\"en-US\",\"potentialAction\":[{\"@type\":\"ReadAction\",\"target\":[\"https:\/\/monti.lt\/product\/classic-world-medine-formu-delione\/\"]}]},{\"@type\":\"ImageObject\",\"inLanguage\":\"en-US\",\"@id\":\"https:\/\/monti.lt\/product\/classic-world-medine-formu-delione\/#primaryimage\",\"url\":\"https:\/\/monti.lt\/wp-content\/uploads\/2026\/03\/classic-world-montessori-puzzle-for-children-learning-shapes-figures-colors-7-pcs.jpg\",\"contentUrl\":\"https:\/\/monti.lt\/wp-content\/uploads\/2026\/03\/classic-world-montessori-puzzle-for-children-learning-shapes-figures-colors-7-pcs.jpg\",\"width\":1100,\"height\":1422,\"caption\":\"medine formu delione\"},{\"@type\":\"BreadcrumbList\",\"@id\":\"https:\/\/monti.lt\/product\/classic-world-medine-formu-delione\/#breadcrumb\",\"itemListElement\":[{\"@type\":\"ListItem\",\"position\":1,\"name\":\"Home\",\"item\":\"https:\/\/monti.lt\/\"},{\"@type\":\"ListItem\",\"position\":2,\"name\":\"Parduotuv\u0117\",\"item\":\"https:\/\/monti.lt\/shop\/\"},{\"@type\":\"ListItem\",\"position\":3,\"name\":\"Classic world medin\u0117 form\u0173 d\u0117lion\u0117\"}]},{\"@type\":\"WebSite\",\"@id\":\"https:\/\/monti.lt\/#website\",\"url\":\"https:\/\/monti.lt\/\",\"name\":\"Montessori \u017eaislai\",\"description\":\"\",\"publisher\":{\"@id\":\"https:\/\/monti.lt\/#organization\"},\"potentialAction\":[{\"@type\":\"SearchAction\",\"target\":{\"@type\":\"EntryPoint\",\"urlTemplate\":\"https:\/\/monti.lt\/?s={search_term_string}\"},\"query-input\":\"required name=search_term_string\"}],\"inLanguage\":\"en-US\"},{\"@type\":\"Organization\",\"@id\":\"https:\/\/monti.lt\/#organization\",\"name\":\"Montessori \u017eaislai\",\"url\":\"https:\/\/monti.lt\/\",\"logo\":{\"@type\":\"ImageObject\",\"inLanguage\":\"en-US\",\"@id\":\"https:\/\/monti.lt\/#\/schema\/logo\/image\/\",\"url\":\"https:\/\/monti.lt\/wp-content\/uploads\/2022\/03\/montilogo-1.png\",\"contentUrl\":\"https:\/\/monti.lt\/wp-content\/uploads\/2022\/03\/montilogo-1.png\",\"width\":512,\"height\":512,\"caption\":\"Montessori \u017eaislai\"},\"image\":{\"@id\":\"https:\/\/monti.lt\/#\/schema\/logo\/image\/\"}}]}<\/script>\n<!-- \/ Yoast SEO plugin. -->","yoast_head_json":{"title":"Classic world medin\u0117 form\u0173 d\u0117lion\u0117 - Montessori \u017eaislai","robots":{"index":"index","follow":"follow","max-snippet":"max-snippet:-1","max-image-preview":"max-image-preview:large","max-video-preview":"max-video-preview:-1"},"canonical":"https:\/\/monti.lt\/en\/product\/classic-world-medine-formu-delione\/","og_locale":"en_US","og_type":"article","og_title":"Classic world medin\u0117 form\u0173 d\u0117lion\u0117 - Montessori \u017eaislai","og_description":"\u201eClassic World\u201c medinis d\u0117lion\u0117 su kai\u0161teliais, skirta vaikams nuo 12 m\u0117nesi\u0173, yra puikus pasirinkimas \u017eaidimams namuose ir ikimokyklinio am\u017eiaus vaikams. Ji susideda i\u0161 lentos ir \u0161e\u0161i\u0173 temini\u0173 detali\u0173, kurias reikia \u012f j\u0105 \u012fd\u0117ti. Medin\u0117je pagrindo dalyje yra i\u0161\u0117mos, atitinkan\u010dios spalvot\u0173 d\u0117lion\u0117s detali\u0173 formas. Visa d\u0117lion\u0117 pagaminta i\u0161 med\u017eio ir nuda\u017eyta vaikams saugiomis ry\u0161ki\u0173 spalv\u0173 da\u017eais, [&hellip;]","og_url":"https:\/\/monti.lt\/en\/product\/classic-world-medine-formu-delione\/","og_site_name":"Montessori \u017eaislai","article_modified_time":"2026-05-06T04:56:39+00:00","og_image":[{"width":1100,"height":1422,"url":"https:\/\/monti.lt\/wp-content\/uploads\/2026\/03\/classic-world-montessori-puzzle-for-children-learning-shapes-figures-colors-7-pcs.jpg","type":"image\/jpeg"}],"twitter_card":"summary_large_image","twitter_misc":{"Est. reading time":"1 minute"},"schema":{"@context":"https:\/\/schema.org","@graph":[{"@type":"WebPage","@id":"https:\/\/monti.lt\/product\/classic-world-medine-formu-delione\/","url":"https:\/\/monti.lt\/product\/classic-world-medine-formu-delione\/","name":"Classic world medin\u0117 form\u0173 d\u0117lion\u0117 - Montessori \u017eaislai","isPartOf":{"@id":"https:\/\/monti.lt\/#website"},"primaryImageOfPage":{"@id":"https:\/\/monti.lt\/product\/classic-world-medine-formu-delione\/#primaryimage"},"image":{"@id":"https:\/\/monti.lt\/product\/classic-world-medine-formu-delione\/#primaryimage"},"thumbnailUrl":"https:\/\/monti.lt\/wp-content\/uploads\/2026\/03\/classic-world-montessori-puzzle-for-children-learning-shapes-figures-colors-7-pcs.jpg","datePublished":"2026-03-24T13:00:29+00:00","dateModified":"2026-05-06T04:56:39+00:00","breadcrumb":{"@id":"https:\/\/monti.lt\/product\/classic-world-medine-formu-delione\/#breadcrumb"},"inLanguage":"en-US","potentialAction":[{"@type":"ReadAction","target":["https:\/\/monti.lt\/product\/classic-world-medine-formu-delione\/"]}]},{"@type":"ImageObject","inLanguage":"en-US","@id":"https:\/\/monti.lt\/product\/classic-world-medine-formu-delione\/#primaryimage","url":"https:\/\/monti.lt\/wp-content\/uploads\/2026\/03\/classic-world-montessori-puzzle-for-children-learning-shapes-figures-colors-7-pcs.jpg","contentUrl":"https:\/\/monti.lt\/wp-content\/uploads\/2026\/03\/classic-world-montessori-puzzle-for-children-learning-shapes-figures-colors-7-pcs.jpg","width":1100,"height":1422,"caption":"medine formu delione"},{"@type":"BreadcrumbList","@id":"https:\/\/monti.lt\/product\/classic-world-medine-formu-delione\/#breadcrumb","itemListElement":[{"@type":"ListItem","position":1,"name":"Home","item":"https:\/\/monti.lt\/"},{"@type":"ListItem","position":2,"name":"Parduotuv\u0117","item":"https:\/\/monti.lt\/shop\/"},{"@type":"ListItem","position":3,"name":"Classic world medin\u0117 form\u0173 d\u0117lion\u0117"}]},{"@type":"WebSite","@id":"https:\/\/monti.lt\/#website","url":"https:\/\/monti.lt\/","name":"Montessori \u017eaislai","description":"","publisher":{"@id":"https:\/\/monti.lt\/#organization"},"potentialAction":[{"@type":"SearchAction","target":{"@type":"EntryPoint","urlTemplate":"https:\/\/monti.lt\/?s={search_term_string}"},"query-input":"required name=search_term_string"}],"inLanguage":"en-US"},{"@type":"Organization","@id":"https:\/\/monti.lt\/#organization","name":"Montessori \u017eaislai","url":"https:\/\/monti.lt\/","logo":{"@type":"ImageObject","inLanguage":"en-US","@id":"https:\/\/monti.lt\/#\/schema\/logo\/image\/","url":"https:\/\/monti.lt\/wp-content\/uploads\/2022\/03\/montilogo-1.png","contentUrl":"https:\/\/monti.lt\/wp-content\/uploads\/2022\/03\/montilogo-1.png","width":512,"height":512,"caption":"Montessori \u017eaislai"},"image":{"@id":"https:\/\/monti.lt\/#\/schema\/logo\/image\/"}}]}},"_links":{"self":[{"href":"https:\/\/monti.lt\/en\/wp-json\/wp\/v2\/product\/39656"}],"collection":[{"href":"https:\/\/monti.lt\/en\/wp-json\/wp\/v2\/product"}],"about":[{"href":"https:\/\/monti.lt\/en\/wp-json\/wp\/v2\/types\/product"}],"version-history":[{"count":1,"href":"https:\/\/monti.lt\/en\/wp-json\/wp\/v2\/product\/39656\/revisions"}],"predecessor-version":[{"id":39660,"href":"https:\/\/monti.lt\/en\/wp-json\/wp\/v2\/product\/39656\/revisions\/39660"}],"wp:featuredmedia":[{"embeddable":true,"href":"https:\/\/monti.lt\/en\/wp-json\/wp\/v2\/media\/39657"}],"wp:attachment":[{"href":"https:\/\/monti.lt\/en\/wp-json\/wp\/v2\/media?parent=39656"}],"wp:term":[{"taxonomy":"product_cat","embeddable":true,"href":"https:\/\/monti.lt\/en\/wp-json\/wp\/v2\/product_cat?post=39656"},{"taxonomy":"product_tag","embeddable":true,"href":"https:\/\/monti.lt\/en\/wp-json\/wp\/v2\/product_tag?post=39656"}],"curies":[{"name":"wp","href":"https:\/\/api.w.org\/{rel}","templated":true}]}}