{"id":39687,"date":"2026-03-27T09:07:28","date_gmt":"2026-03-27T09:07:28","guid":{"rendered":"https:\/\/monti.lt\/?post_type=product&#038;p=39687"},"modified":"2026-03-27T09:07:33","modified_gmt":"2026-03-27T09:07:33","slug":"viga-polar-b-medinis-stumdukas-rozinis","status":"publish","type":"product","link":"https:\/\/monti.lt\/en\/product\/viga-polar-b-medinis-stumdukas-rozinis\/","title":{"rendered":"Viga Polar B medinis stumdukas ro\u017einis"},"content":{"rendered":"<p>\u201ePolarB\u201c ro\u017einis vaik\u0161tyn\u0117 \u2013 puikus b\u016bdas smagiai praleisti laik\u0105 ir mokytis! Ji si\u016blo interaktyvias veiklas, pavyzd\u017eiui, \u017ei\u016br\u0117jim\u0105 \u012f veidrod\u012f, blokeli\u0173 sukiojim\u0105, bar\u0161kut\u0117s ridenim\u0105, fig\u016br\u0173 suderinim\u0105 ir cimbol\u0173 grojim\u0105. Tai skatina k\u016bdikius \u017eengti pirmuosius \u017eingsnius \u2013 tai svarbus j\u0173 vystymosi etapas. Be to, gale yra prakti\u0161kas daikt\u0173 laikymo skyrius, puikiai tinkantis m\u0117gstamiausiems \u017eaislams laikyti.<\/p>\n\n\n\n<p>Charakteristikos:<\/p>\n\n\n\n<ul class=\"wp-block-list\">\n<li>skirtas vaikams nuo 18 m\u0117nesi\u0173<\/li>\n\n\n\n<li>pagamintas i\u0161 med\u017eio<\/li>\n\n\n\n<li>daug interaktyvi\u0173 u\u017esi\u0117mim\u0173<\/li>\n\n\n\n<li>padeda mokytis vaik\u0161\u010dioti<\/li>\n\n\n\n<li>prakti\u0161kas daikt\u0173 laikymo skyrius<\/li>\n\n\n\n<li>\u0161velnios spalvos<br>\u017daislas lavina:<\/li>\n\n\n\n<li>bendr\u0105sias motorines \u012fg\u016bd\u017eius<\/li>\n\n\n\n<li>rank\u0173 ir aki\u0173 koordinacij\u0105<\/li>\n\n\n\n<li>geb\u0117jim\u0105 atpa\u017einti fig\u016bras<\/li>\n\n\n\n<li>muzikin\u0119 klaus\u0105<\/li>\n<\/ul>\n\n\n\n<p><\/p>","protected":false},"excerpt":{"rendered":"<p>\u201ePolarB\u201c ro\u017einis vaik\u0161tyn\u0117 \u2013 puikus b\u016bdas smagiai praleisti laik\u0105 ir mokytis! Ji si\u016blo interaktyvias veiklas, pavyzd\u017eiui, \u017ei\u016br\u0117jim\u0105 \u012f veidrod\u012f, blokeli\u0173 sukiojim\u0105, bar\u0161kut\u0117s ridenim\u0105, fig\u016br\u0173 suderinim\u0105 ir cimbol\u0173 grojim\u0105. Tai skatina k\u016bdikius \u017eengti pirmuosius \u017eingsnius \u2013 tai svarbus j\u0173 vystymosi etapas. Be to, gale yra prakti\u0161kas daikt\u0173 laikymo skyrius, puikiai tinkantis m\u0117gstamiausiems \u017eaislams laikyti. Charakteristikos:<\/p>","protected":false},"featured_media":39688,"template":"","meta":{"_acf_changed":false,"iawp_total_views":71},"product_cat":[193,200,196,191,259,84,102,83,242,90,86,50,245,49,39,214],"product_tag":[95,96,97],"class_list":{"0":"post-39687","1":"product","2":"type-product","3":"status-publish","4":"has-post-thumbnail","6":"product_cat-dovanos-vaikams-1-2-metu","7":"product_cat-dovanos-kudikiams","8":"product_cat-dovanos-mergaitems","9":"product_cat-dovanos-vaikams","10":"product_cat-judejimo-priemones","11":"product_cat-lavinamieji-zaislai","12":"product_cat-mediniai-zaislai","13":"product_cat-montessori-zaislai","14":"product_cat-pagal-gamintoja","15":"product_cat-pasaulio-pazinimas","16":"product_cat-smulkioji-motorika","17":"product_cat-top-dovanos","18":"product_cat-viga","19":"product_cat-visi-zaislai","20":"product_cat-zaislai","21":"product_cat-zaislai-mergaitems","22":"product_tag-1-m-2-m","23":"product_tag-2-m-3-m","24":"product_tag-3-m-4-m","26":"first","27":"instock","28":"taxable","29":"shipping-taxable","30":"purchasable","31":"product-type-simple"},"acf":[],"yoast_head":"<!-- This site is optimized with the Yoast SEO plugin v23.3 - https:\/\/yoast.com\/wordpress\/plugins\/seo\/ -->\n<title>Viga Polar B medinis stumdukas ro\u017einis - Montessori \u017eaislai<\/title>\n<meta name=\"robots\" content=\"index, follow, max-snippet:-1, max-image-preview:large, max-video-preview:-1\" \/>\n<link rel=\"canonical\" href=\"https:\/\/monti.lt\/en\/product\/viga-polar-b-medinis-stumdukas-rozinis\/\" \/>\n<meta property=\"og:locale\" content=\"en_US\" \/>\n<meta property=\"og:type\" content=\"article\" \/>\n<meta property=\"og:title\" content=\"Viga Polar B medinis stumdukas ro\u017einis - Montessori \u017eaislai\" \/>\n<meta property=\"og:description\" content=\"\u201ePolarB\u201c ro\u017einis vaik\u0161tyn\u0117 \u2013 puikus b\u016bdas smagiai praleisti laik\u0105 ir mokytis! Ji si\u016blo interaktyvias veiklas, pavyzd\u017eiui, \u017ei\u016br\u0117jim\u0105 \u012f veidrod\u012f, blokeli\u0173 sukiojim\u0105, bar\u0161kut\u0117s ridenim\u0105, fig\u016br\u0173 suderinim\u0105 ir cimbol\u0173 grojim\u0105. Tai skatina k\u016bdikius \u017eengti pirmuosius \u017eingsnius \u2013 tai svarbus j\u0173 vystymosi etapas. Be to, gale yra prakti\u0161kas daikt\u0173 laikymo skyrius, puikiai tinkantis m\u0117gstamiausiems \u017eaislams laikyti. Charakteristikos:\" \/>\n<meta property=\"og:url\" content=\"https:\/\/monti.lt\/en\/product\/viga-polar-b-medinis-stumdukas-rozinis\/\" \/>\n<meta property=\"og:site_name\" content=\"Montessori \u017eaislai\" \/>\n<meta property=\"article:modified_time\" content=\"2026-03-27T09:07:33+00:00\" \/>\n<meta property=\"og:image\" content=\"https:\/\/monti.lt\/wp-content\/uploads\/2026\/03\/viga-polarb-wooden-push-walker-pink-educational.jpg\" \/>\n\t<meta property=\"og:image:width\" content=\"1100\" \/>\n\t<meta property=\"og:image:height\" content=\"1422\" \/>\n\t<meta property=\"og:image:type\" content=\"image\/jpeg\" \/>\n<meta name=\"twitter:card\" content=\"summary_large_image\" \/>\n<meta name=\"twitter:label1\" content=\"Est. reading time\" \/>\n\t<meta name=\"twitter:data1\" content=\"1 minute\" \/>\n<script type=\"application\/ld+json\" class=\"yoast-schema-graph\">{\"@context\":\"https:\/\/schema.org\",\"@graph\":[{\"@type\":\"WebPage\",\"@id\":\"https:\/\/monti.lt\/product\/viga-polar-b-medinis-stumdukas-rozinis\/\",\"url\":\"https:\/\/monti.lt\/product\/viga-polar-b-medinis-stumdukas-rozinis\/\",\"name\":\"Viga Polar B medinis stumdukas ro\u017einis - Montessori \u017eaislai\",\"isPartOf\":{\"@id\":\"https:\/\/monti.lt\/#website\"},\"primaryImageOfPage\":{\"@id\":\"https:\/\/monti.lt\/product\/viga-polar-b-medinis-stumdukas-rozinis\/#primaryimage\"},\"image\":{\"@id\":\"https:\/\/monti.lt\/product\/viga-polar-b-medinis-stumdukas-rozinis\/#primaryimage\"},\"thumbnailUrl\":\"https:\/\/monti.lt\/wp-content\/uploads\/2026\/03\/viga-polarb-wooden-push-walker-pink-educational.jpg\",\"datePublished\":\"2026-03-27T09:07:28+00:00\",\"dateModified\":\"2026-03-27T09:07:33+00:00\",\"breadcrumb\":{\"@id\":\"https:\/\/monti.lt\/product\/viga-polar-b-medinis-stumdukas-rozinis\/#breadcrumb\"},\"inLanguage\":\"en-US\",\"potentialAction\":[{\"@type\":\"ReadAction\",\"target\":[\"https:\/\/monti.lt\/product\/viga-polar-b-medinis-stumdukas-rozinis\/\"]}]},{\"@type\":\"ImageObject\",\"inLanguage\":\"en-US\",\"@id\":\"https:\/\/monti.lt\/product\/viga-polar-b-medinis-stumdukas-rozinis\/#primaryimage\",\"url\":\"https:\/\/monti.lt\/wp-content\/uploads\/2026\/03\/viga-polarb-wooden-push-walker-pink-educational.jpg\",\"contentUrl\":\"https:\/\/monti.lt\/wp-content\/uploads\/2026\/03\/viga-polarb-wooden-push-walker-pink-educational.jpg\",\"width\":1100,\"height\":1422,\"caption\":\"viga medinis stdumdukas ro\u017einis\"},{\"@type\":\"BreadcrumbList\",\"@id\":\"https:\/\/monti.lt\/product\/viga-polar-b-medinis-stumdukas-rozinis\/#breadcrumb\",\"itemListElement\":[{\"@type\":\"ListItem\",\"position\":1,\"name\":\"Home\",\"item\":\"https:\/\/monti.lt\/\"},{\"@type\":\"ListItem\",\"position\":2,\"name\":\"Parduotuv\u0117\",\"item\":\"https:\/\/monti.lt\/shop\/\"},{\"@type\":\"ListItem\",\"position\":3,\"name\":\"Viga Polar B medinis stumdukas ro\u017einis\"}]},{\"@type\":\"WebSite\",\"@id\":\"https:\/\/monti.lt\/#website\",\"url\":\"https:\/\/monti.lt\/\",\"name\":\"Montessori \u017eaislai\",\"description\":\"\",\"publisher\":{\"@id\":\"https:\/\/monti.lt\/#organization\"},\"potentialAction\":[{\"@type\":\"SearchAction\",\"target\":{\"@type\":\"EntryPoint\",\"urlTemplate\":\"https:\/\/monti.lt\/?s={search_term_string}\"},\"query-input\":\"required name=search_term_string\"}],\"inLanguage\":\"en-US\"},{\"@type\":\"Organization\",\"@id\":\"https:\/\/monti.lt\/#organization\",\"name\":\"Montessori \u017eaislai\",\"url\":\"https:\/\/monti.lt\/\",\"logo\":{\"@type\":\"ImageObject\",\"inLanguage\":\"en-US\",\"@id\":\"https:\/\/monti.lt\/#\/schema\/logo\/image\/\",\"url\":\"https:\/\/monti.lt\/wp-content\/uploads\/2022\/03\/montilogo-1.png\",\"contentUrl\":\"https:\/\/monti.lt\/wp-content\/uploads\/2022\/03\/montilogo-1.png\",\"width\":512,\"height\":512,\"caption\":\"Montessori \u017eaislai\"},\"image\":{\"@id\":\"https:\/\/monti.lt\/#\/schema\/logo\/image\/\"}}]}<\/script>\n<!-- \/ Yoast SEO plugin. -->","yoast_head_json":{"title":"Viga Polar B medinis stumdukas ro\u017einis - Montessori \u017eaislai","robots":{"index":"index","follow":"follow","max-snippet":"max-snippet:-1","max-image-preview":"max-image-preview:large","max-video-preview":"max-video-preview:-1"},"canonical":"https:\/\/monti.lt\/en\/product\/viga-polar-b-medinis-stumdukas-rozinis\/","og_locale":"en_US","og_type":"article","og_title":"Viga Polar B medinis stumdukas ro\u017einis - Montessori \u017eaislai","og_description":"\u201ePolarB\u201c ro\u017einis vaik\u0161tyn\u0117 \u2013 puikus b\u016bdas smagiai praleisti laik\u0105 ir mokytis! Ji si\u016blo interaktyvias veiklas, pavyzd\u017eiui, \u017ei\u016br\u0117jim\u0105 \u012f veidrod\u012f, blokeli\u0173 sukiojim\u0105, bar\u0161kut\u0117s ridenim\u0105, fig\u016br\u0173 suderinim\u0105 ir cimbol\u0173 grojim\u0105. Tai skatina k\u016bdikius \u017eengti pirmuosius \u017eingsnius \u2013 tai svarbus j\u0173 vystymosi etapas. Be to, gale yra prakti\u0161kas daikt\u0173 laikymo skyrius, puikiai tinkantis m\u0117gstamiausiems \u017eaislams laikyti. Charakteristikos:","og_url":"https:\/\/monti.lt\/en\/product\/viga-polar-b-medinis-stumdukas-rozinis\/","og_site_name":"Montessori \u017eaislai","article_modified_time":"2026-03-27T09:07:33+00:00","og_image":[{"width":1100,"height":1422,"url":"https:\/\/monti.lt\/wp-content\/uploads\/2026\/03\/viga-polarb-wooden-push-walker-pink-educational.jpg","type":"image\/jpeg"}],"twitter_card":"summary_large_image","twitter_misc":{"Est. reading time":"1 minute"},"schema":{"@context":"https:\/\/schema.org","@graph":[{"@type":"WebPage","@id":"https:\/\/monti.lt\/product\/viga-polar-b-medinis-stumdukas-rozinis\/","url":"https:\/\/monti.lt\/product\/viga-polar-b-medinis-stumdukas-rozinis\/","name":"Viga Polar B medinis stumdukas ro\u017einis - Montessori \u017eaislai","isPartOf":{"@id":"https:\/\/monti.lt\/#website"},"primaryImageOfPage":{"@id":"https:\/\/monti.lt\/product\/viga-polar-b-medinis-stumdukas-rozinis\/#primaryimage"},"image":{"@id":"https:\/\/monti.lt\/product\/viga-polar-b-medinis-stumdukas-rozinis\/#primaryimage"},"thumbnailUrl":"https:\/\/monti.lt\/wp-content\/uploads\/2026\/03\/viga-polarb-wooden-push-walker-pink-educational.jpg","datePublished":"2026-03-27T09:07:28+00:00","dateModified":"2026-03-27T09:07:33+00:00","breadcrumb":{"@id":"https:\/\/monti.lt\/product\/viga-polar-b-medinis-stumdukas-rozinis\/#breadcrumb"},"inLanguage":"en-US","potentialAction":[{"@type":"ReadAction","target":["https:\/\/monti.lt\/product\/viga-polar-b-medinis-stumdukas-rozinis\/"]}]},{"@type":"ImageObject","inLanguage":"en-US","@id":"https:\/\/monti.lt\/product\/viga-polar-b-medinis-stumdukas-rozinis\/#primaryimage","url":"https:\/\/monti.lt\/wp-content\/uploads\/2026\/03\/viga-polarb-wooden-push-walker-pink-educational.jpg","contentUrl":"https:\/\/monti.lt\/wp-content\/uploads\/2026\/03\/viga-polarb-wooden-push-walker-pink-educational.jpg","width":1100,"height":1422,"caption":"viga medinis stdumdukas ro\u017einis"},{"@type":"BreadcrumbList","@id":"https:\/\/monti.lt\/product\/viga-polar-b-medinis-stumdukas-rozinis\/#breadcrumb","itemListElement":[{"@type":"ListItem","position":1,"name":"Home","item":"https:\/\/monti.lt\/"},{"@type":"ListItem","position":2,"name":"Parduotuv\u0117","item":"https:\/\/monti.lt\/shop\/"},{"@type":"ListItem","position":3,"name":"Viga Polar B medinis stumdukas ro\u017einis"}]},{"@type":"WebSite","@id":"https:\/\/monti.lt\/#website","url":"https:\/\/monti.lt\/","name":"Montessori \u017eaislai","description":"","publisher":{"@id":"https:\/\/monti.lt\/#organization"},"potentialAction":[{"@type":"SearchAction","target":{"@type":"EntryPoint","urlTemplate":"https:\/\/monti.lt\/?s={search_term_string}"},"query-input":"required name=search_term_string"}],"inLanguage":"en-US"},{"@type":"Organization","@id":"https:\/\/monti.lt\/#organization","name":"Montessori \u017eaislai","url":"https:\/\/monti.lt\/","logo":{"@type":"ImageObject","inLanguage":"en-US","@id":"https:\/\/monti.lt\/#\/schema\/logo\/image\/","url":"https:\/\/monti.lt\/wp-content\/uploads\/2022\/03\/montilogo-1.png","contentUrl":"https:\/\/monti.lt\/wp-content\/uploads\/2022\/03\/montilogo-1.png","width":512,"height":512,"caption":"Montessori \u017eaislai"},"image":{"@id":"https:\/\/monti.lt\/#\/schema\/logo\/image\/"}}]}},"_links":{"self":[{"href":"https:\/\/monti.lt\/en\/wp-json\/wp\/v2\/product\/39687"}],"collection":[{"href":"https:\/\/monti.lt\/en\/wp-json\/wp\/v2\/product"}],"about":[{"href":"https:\/\/monti.lt\/en\/wp-json\/wp\/v2\/types\/product"}],"version-history":[{"count":1,"href":"https:\/\/monti.lt\/en\/wp-json\/wp\/v2\/product\/39687\/revisions"}],"predecessor-version":[{"id":39695,"href":"https:\/\/monti.lt\/en\/wp-json\/wp\/v2\/product\/39687\/revisions\/39695"}],"wp:featuredmedia":[{"embeddable":true,"href":"https:\/\/monti.lt\/en\/wp-json\/wp\/v2\/media\/39688"}],"wp:attachment":[{"href":"https:\/\/monti.lt\/en\/wp-json\/wp\/v2\/media?parent=39687"}],"wp:term":[{"taxonomy":"product_cat","embeddable":true,"href":"https:\/\/monti.lt\/en\/wp-json\/wp\/v2\/product_cat?post=39687"},{"taxonomy":"product_tag","embeddable":true,"href":"https:\/\/monti.lt\/en\/wp-json\/wp\/v2\/product_tag?post=39687"}],"curies":[{"name":"wp","href":"https:\/\/api.w.org\/{rel}","templated":true}]}}