{"id":39836,"date":"2026-04-28T12:08:33","date_gmt":"2026-04-28T12:08:33","guid":{"rendered":"https:\/\/monti.lt\/?post_type=product&#038;p=39836"},"modified":"2026-04-30T06:36:32","modified_gmt":"2026-04-30T06:36:32","slug":"kuno-sandaros-pazinimo-lele-berniukas","status":"publish","type":"product","link":"https:\/\/monti.lt\/en\/product\/kuno-sandaros-pazinimo-lele-berniukas\/","title":{"rendered":"K\u016bno sandaros pa\u017einimo l\u0117l\u0117 (berniukas)"},"content":{"rendered":"","protected":false},"excerpt":{"rendered":"","protected":false},"featured_media":39991,"template":"","meta":{"_acf_changed":false,"iawp_total_views":0},"product_cat":[15],"product_tag":[],"class_list":{"0":"post-39836","1":"product","2":"type-product","3":"status-publish","4":"has-post-thumbnail","6":"product_cat-uncategorized","8":"first","9":"instock","10":"taxable","11":"shipping-taxable","12":"purchasable","13":"product-type-simple"},"acf":[],"yoast_head":"<!-- This site is optimized with the Yoast SEO plugin v23.3 - https:\/\/yoast.com\/wordpress\/plugins\/seo\/ -->\n<title>K\u016bno sandaros pa\u017einimo l\u0117l\u0117 (berniukas) - Montessori \u017eaislai<\/title>\n<meta name=\"robots\" content=\"index, follow, max-snippet:-1, max-image-preview:large, max-video-preview:-1\" \/>\n<link rel=\"canonical\" href=\"https:\/\/monti.lt\/en\/product\/kuno-sandaros-pazinimo-lele-berniukas\/\" \/>\n<meta property=\"og:locale\" content=\"en_US\" \/>\n<meta property=\"og:type\" content=\"article\" \/>\n<meta property=\"og:title\" content=\"K\u016bno sandaros pa\u017einimo l\u0117l\u0117 (berniukas) - Montessori \u017eaislai\" \/>\n<meta property=\"og:url\" content=\"https:\/\/monti.lt\/en\/product\/kuno-sandaros-pazinimo-lele-berniukas\/\" \/>\n<meta property=\"og:site_name\" content=\"Montessori \u017eaislai\" \/>\n<meta property=\"article:modified_time\" content=\"2026-04-30T06:36:32+00:00\" \/>\n<meta property=\"og:image\" content=\"https:\/\/monti.lt\/wp-content\/uploads\/2026\/04\/Mascot-doll-learning-anatomy-boy-178694.jpg\" \/>\n\t<meta property=\"og:image:width\" content=\"1024\" \/>\n\t<meta property=\"og:image:height\" content=\"1024\" \/>\n\t<meta property=\"og:image:type\" content=\"image\/jpeg\" \/>\n<meta name=\"twitter:card\" content=\"summary_large_image\" \/>\n<meta name=\"twitter:label1\" content=\"Est. reading time\" \/>\n\t<meta name=\"twitter:data1\" content=\"1 minute\" \/>\n<script type=\"application\/ld+json\" class=\"yoast-schema-graph\">{\"@context\":\"https:\/\/schema.org\",\"@graph\":[{\"@type\":\"WebPage\",\"@id\":\"https:\/\/monti.lt\/product\/kuno-sandaros-pazinimo-lele-berniukas\/\",\"url\":\"https:\/\/monti.lt\/product\/kuno-sandaros-pazinimo-lele-berniukas\/\",\"name\":\"K\u016bno sandaros pa\u017einimo l\u0117l\u0117 (berniukas) - Montessori \u017eaislai\",\"isPartOf\":{\"@id\":\"https:\/\/monti.lt\/#website\"},\"primaryImageOfPage\":{\"@id\":\"https:\/\/monti.lt\/product\/kuno-sandaros-pazinimo-lele-berniukas\/#primaryimage\"},\"image\":{\"@id\":\"https:\/\/monti.lt\/product\/kuno-sandaros-pazinimo-lele-berniukas\/#primaryimage\"},\"thumbnailUrl\":\"https:\/\/monti.lt\/wp-content\/uploads\/2026\/04\/Mascot-doll-learning-anatomy-boy-178694.jpg\",\"datePublished\":\"2026-04-28T12:08:33+00:00\",\"dateModified\":\"2026-04-30T06:36:32+00:00\",\"breadcrumb\":{\"@id\":\"https:\/\/monti.lt\/product\/kuno-sandaros-pazinimo-lele-berniukas\/#breadcrumb\"},\"inLanguage\":\"en-US\",\"potentialAction\":[{\"@type\":\"ReadAction\",\"target\":[\"https:\/\/monti.lt\/product\/kuno-sandaros-pazinimo-lele-berniukas\/\"]}]},{\"@type\":\"ImageObject\",\"inLanguage\":\"en-US\",\"@id\":\"https:\/\/monti.lt\/product\/kuno-sandaros-pazinimo-lele-berniukas\/#primaryimage\",\"url\":\"https:\/\/monti.lt\/wp-content\/uploads\/2026\/04\/Mascot-doll-learning-anatomy-boy-178694.jpg\",\"contentUrl\":\"https:\/\/monti.lt\/wp-content\/uploads\/2026\/04\/Mascot-doll-learning-anatomy-boy-178694.jpg\",\"width\":1024,\"height\":1024},{\"@type\":\"BreadcrumbList\",\"@id\":\"https:\/\/monti.lt\/product\/kuno-sandaros-pazinimo-lele-berniukas\/#breadcrumb\",\"itemListElement\":[{\"@type\":\"ListItem\",\"position\":1,\"name\":\"Home\",\"item\":\"https:\/\/monti.lt\/\"},{\"@type\":\"ListItem\",\"position\":2,\"name\":\"Parduotuv\u0117\",\"item\":\"https:\/\/monti.lt\/shop\/\"},{\"@type\":\"ListItem\",\"position\":3,\"name\":\"K\u016bno sandaros pa\u017einimo l\u0117l\u0117 (berniukas)\"}]},{\"@type\":\"WebSite\",\"@id\":\"https:\/\/monti.lt\/#website\",\"url\":\"https:\/\/monti.lt\/\",\"name\":\"Montessori \u017eaislai\",\"description\":\"\",\"publisher\":{\"@id\":\"https:\/\/monti.lt\/#organization\"},\"potentialAction\":[{\"@type\":\"SearchAction\",\"target\":{\"@type\":\"EntryPoint\",\"urlTemplate\":\"https:\/\/monti.lt\/?s={search_term_string}\"},\"query-input\":\"required name=search_term_string\"}],\"inLanguage\":\"en-US\"},{\"@type\":\"Organization\",\"@id\":\"https:\/\/monti.lt\/#organization\",\"name\":\"Montessori \u017eaislai\",\"url\":\"https:\/\/monti.lt\/\",\"logo\":{\"@type\":\"ImageObject\",\"inLanguage\":\"en-US\",\"@id\":\"https:\/\/monti.lt\/#\/schema\/logo\/image\/\",\"url\":\"https:\/\/monti.lt\/wp-content\/uploads\/2022\/03\/montilogo-1.png\",\"contentUrl\":\"https:\/\/monti.lt\/wp-content\/uploads\/2022\/03\/montilogo-1.png\",\"width\":512,\"height\":512,\"caption\":\"Montessori \u017eaislai\"},\"image\":{\"@id\":\"https:\/\/monti.lt\/#\/schema\/logo\/image\/\"}}]}<\/script>\n<!-- \/ Yoast SEO plugin. -->","yoast_head_json":{"title":"K\u016bno sandaros pa\u017einimo l\u0117l\u0117 (berniukas) - Montessori \u017eaislai","robots":{"index":"index","follow":"follow","max-snippet":"max-snippet:-1","max-image-preview":"max-image-preview:large","max-video-preview":"max-video-preview:-1"},"canonical":"https:\/\/monti.lt\/en\/product\/kuno-sandaros-pazinimo-lele-berniukas\/","og_locale":"en_US","og_type":"article","og_title":"K\u016bno sandaros pa\u017einimo l\u0117l\u0117 (berniukas) - Montessori \u017eaislai","og_url":"https:\/\/monti.lt\/en\/product\/kuno-sandaros-pazinimo-lele-berniukas\/","og_site_name":"Montessori \u017eaislai","article_modified_time":"2026-04-30T06:36:32+00:00","og_image":[{"width":1024,"height":1024,"url":"https:\/\/monti.lt\/wp-content\/uploads\/2026\/04\/Mascot-doll-learning-anatomy-boy-178694.jpg","type":"image\/jpeg"}],"twitter_card":"summary_large_image","twitter_misc":{"Est. reading time":"1 minute"},"schema":{"@context":"https:\/\/schema.org","@graph":[{"@type":"WebPage","@id":"https:\/\/monti.lt\/product\/kuno-sandaros-pazinimo-lele-berniukas\/","url":"https:\/\/monti.lt\/product\/kuno-sandaros-pazinimo-lele-berniukas\/","name":"K\u016bno sandaros pa\u017einimo l\u0117l\u0117 (berniukas) - Montessori \u017eaislai","isPartOf":{"@id":"https:\/\/monti.lt\/#website"},"primaryImageOfPage":{"@id":"https:\/\/monti.lt\/product\/kuno-sandaros-pazinimo-lele-berniukas\/#primaryimage"},"image":{"@id":"https:\/\/monti.lt\/product\/kuno-sandaros-pazinimo-lele-berniukas\/#primaryimage"},"thumbnailUrl":"https:\/\/monti.lt\/wp-content\/uploads\/2026\/04\/Mascot-doll-learning-anatomy-boy-178694.jpg","datePublished":"2026-04-28T12:08:33+00:00","dateModified":"2026-04-30T06:36:32+00:00","breadcrumb":{"@id":"https:\/\/monti.lt\/product\/kuno-sandaros-pazinimo-lele-berniukas\/#breadcrumb"},"inLanguage":"en-US","potentialAction":[{"@type":"ReadAction","target":["https:\/\/monti.lt\/product\/kuno-sandaros-pazinimo-lele-berniukas\/"]}]},{"@type":"ImageObject","inLanguage":"en-US","@id":"https:\/\/monti.lt\/product\/kuno-sandaros-pazinimo-lele-berniukas\/#primaryimage","url":"https:\/\/monti.lt\/wp-content\/uploads\/2026\/04\/Mascot-doll-learning-anatomy-boy-178694.jpg","contentUrl":"https:\/\/monti.lt\/wp-content\/uploads\/2026\/04\/Mascot-doll-learning-anatomy-boy-178694.jpg","width":1024,"height":1024},{"@type":"BreadcrumbList","@id":"https:\/\/monti.lt\/product\/kuno-sandaros-pazinimo-lele-berniukas\/#breadcrumb","itemListElement":[{"@type":"ListItem","position":1,"name":"Home","item":"https:\/\/monti.lt\/"},{"@type":"ListItem","position":2,"name":"Parduotuv\u0117","item":"https:\/\/monti.lt\/shop\/"},{"@type":"ListItem","position":3,"name":"K\u016bno sandaros pa\u017einimo l\u0117l\u0117 (berniukas)"}]},{"@type":"WebSite","@id":"https:\/\/monti.lt\/#website","url":"https:\/\/monti.lt\/","name":"Montessori \u017eaislai","description":"","publisher":{"@id":"https:\/\/monti.lt\/#organization"},"potentialAction":[{"@type":"SearchAction","target":{"@type":"EntryPoint","urlTemplate":"https:\/\/monti.lt\/?s={search_term_string}"},"query-input":"required name=search_term_string"}],"inLanguage":"en-US"},{"@type":"Organization","@id":"https:\/\/monti.lt\/#organization","name":"Montessori \u017eaislai","url":"https:\/\/monti.lt\/","logo":{"@type":"ImageObject","inLanguage":"en-US","@id":"https:\/\/monti.lt\/#\/schema\/logo\/image\/","url":"https:\/\/monti.lt\/wp-content\/uploads\/2022\/03\/montilogo-1.png","contentUrl":"https:\/\/monti.lt\/wp-content\/uploads\/2022\/03\/montilogo-1.png","width":512,"height":512,"caption":"Montessori \u017eaislai"},"image":{"@id":"https:\/\/monti.lt\/#\/schema\/logo\/image\/"}}]}},"_links":{"self":[{"href":"https:\/\/monti.lt\/en\/wp-json\/wp\/v2\/product\/39836"}],"collection":[{"href":"https:\/\/monti.lt\/en\/wp-json\/wp\/v2\/product"}],"about":[{"href":"https:\/\/monti.lt\/en\/wp-json\/wp\/v2\/types\/product"}],"version-history":[{"count":1,"href":"https:\/\/monti.lt\/en\/wp-json\/wp\/v2\/product\/39836\/revisions"}],"predecessor-version":[{"id":39837,"href":"https:\/\/monti.lt\/en\/wp-json\/wp\/v2\/product\/39836\/revisions\/39837"}],"wp:featuredmedia":[{"embeddable":true,"href":"https:\/\/monti.lt\/en\/wp-json\/wp\/v2\/media\/39991"}],"wp:attachment":[{"href":"https:\/\/monti.lt\/en\/wp-json\/wp\/v2\/media?parent=39836"}],"wp:term":[{"taxonomy":"product_cat","embeddable":true,"href":"https:\/\/monti.lt\/en\/wp-json\/wp\/v2\/product_cat?post=39836"},{"taxonomy":"product_tag","embeddable":true,"href":"https:\/\/monti.lt\/en\/wp-json\/wp\/v2\/product_tag?post=39836"}],"curies":[{"name":"wp","href":"https:\/\/api.w.org\/{rel}","templated":true}]}}