{"id":39840,"date":"2026-04-28T12:28:15","date_gmt":"2026-04-28T12:28:15","guid":{"rendered":"https:\/\/monti.lt\/?post_type=product&#038;p=39840"},"modified":"2026-04-30T12:32:24","modified_gmt":"2026-04-30T12:32:24","slug":"trike-fix-triratukas-geltonas","status":"publish","type":"product","link":"https:\/\/monti.lt\/en\/product\/trike-fix-triratukas-geltonas\/","title":{"rendered":"Trike fix triratukas (geltonas)"},"content":{"rendered":"<h2 class=\"wp-block-heading\">Augite kartu su Trike Fix Mini \u2013 vienas dviratis, trys pramogos!<\/h2>\n\n\n\n<p><strong>Trike Fix Mini 3in1<\/strong>&nbsp;yra modernus sprendimas t\u0117vams, vertinantiems prakti\u0161kum\u0105. \u0160is stilingas, saul\u0117tos geltonos spalvos dviratukas sukurtas taip, kad prisitaikyt\u0173 prie spar\u010diai augan\u010dio vaiko poreiki\u0173 \u2013 nuo pirm\u0173j\u0173 bandym\u0173 s\u0117d\u0117ti ant trira\u010dio iki u\u017etikrinto balansavimo ant dviej\u0173 rat\u0173.<\/p>\n\n\n\n<h3 class=\"wp-block-heading\">Pagrindin\u0117s savyb\u0117s ir transformacijos galimyb\u0117s:<\/h3>\n\n\n\n<ul class=\"wp-block-list\">\n<li><strong>Triratis be pedal\u0173:<\/strong>\u00a0Puikiai tinka pa\u010diai prad\u017eiai, kai vaikas mokosi atsispirti kojyt\u0117mis ir vairuoti.<\/li>\n\n\n\n<li><strong>Triratis su pedalais:<\/strong>\u00a0Klasikinis variantas, mokantis vaik\u0105 minti ir koordinuoti judesius.<\/li>\n\n\n\n<li><strong>Balansinis dviratukas:<\/strong>\u00a0Sujungus galinius ratus \u012f vien\u0105, \u017eaislas tampa puikiu balansiniu dvira\u010diu, kuris paruo\u0161ia ma\u017eyl\u012f tikram suaugusi\u0173j\u0173 dvira\u010diui.<\/li>\n\n\n\n<li><strong>Mink\u0161ti ir tyl\u016bs EVA ratai:<\/strong>\u00a0Speciali med\u017eiaga u\u017etikrina puik\u0173 sukibim\u0105 lauke, o namuose va\u017ein\u0117ja tyliai ir\u00a0<strong>nepalieka \u017eymi\u0173 ant grind\u0173<\/strong>.<\/li>\n\n\n\n<li><strong>Greitas reguliavimas:<\/strong>\u00a0S\u0117dyn\u0117s auk\u0161t\u012f pritaikysite vos per kelias sekundes, tod\u0117l dviratukas visada bus patogus.<\/li>\n<\/ul>\n\n\n\n<h3 class=\"wp-block-heading\">Kod\u0117l verta rinktis gelton\u0105 spalv\u0105?<\/h3>\n\n\n\n<ul class=\"wp-block-list\">\n<li><strong>Maksimalus matomumas:<\/strong>\u00a0Ry\u0161ki spalva leid\u017eia lengviau pasteb\u0117ti vaik\u0105 parke ar kieme.<\/li>\n\n\n\n<li><strong>Universalumas:<\/strong>\u00a0Geltona yra viena populiariausi\u0173 spalv\u0173, kuri\u0105 t\u0117vai renkasi kaip neutrali\u0105 dovan\u0105, tinkan\u010di\u0105 visiems vaikams.<\/li>\n\n\n\n<li><strong>Stilingas dizainas:<\/strong>\u00a0Juodos ir geltonos spalv\u0173 derinys suteikia dviratukui sporti\u0161k\u0105, moderni\u0105 i\u0161vaizd\u0105.<\/li>\n<\/ul>","protected":false},"excerpt":{"rendered":"<p>Augite kartu su Trike Fix Mini \u2013 vienas dviratis, trys pramogos! Trike Fix Mini 3in1&nbsp;yra modernus sprendimas t\u0117vams, vertinantiems prakti\u0161kum\u0105. \u0160is stilingas, saul\u0117tos geltonos spalvos dviratukas sukurtas taip, kad prisitaikyt\u0173 prie spar\u010diai augan\u010dio vaiko poreiki\u0173 \u2013 nuo pirm\u0173j\u0173 bandym\u0173 s\u0117d\u0117ti ant trira\u010dio iki u\u017etikrinto balansavimo ant dviej\u0173 rat\u0173. Pagrindin\u0117s savyb\u0117s ir transformacijos galimyb\u0117s: Kod\u0117l verta [&hellip;]<\/p>","protected":false},"featured_media":39989,"template":"","meta":{"_acf_changed":false,"iawp_total_views":0},"product_cat":[15,193,194,191,259,238,84,90,50,49,39],"product_tag":[95,96,97],"class_list":{"0":"post-39840","1":"product","2":"type-product","3":"status-publish","4":"has-post-thumbnail","6":"product_cat-uncategorized","7":"product_cat-dovanos-vaikams-1-2-metu","8":"product_cat-dovanos-vaikams-2-3-metu","9":"product_cat-dovanos-vaikams","10":"product_cat-judejimo-priemones","11":"product_cat-lauko-zaidimai","12":"product_cat-lavinamieji-zaislai","13":"product_cat-pasaulio-pazinimas","14":"product_cat-top-dovanos","15":"product_cat-visi-zaislai","16":"product_cat-zaislai","17":"product_tag-1-m-2-m","18":"product_tag-2-m-3-m","19":"product_tag-3-m-4-m","21":"first","22":"instock","23":"taxable","24":"shipping-taxable","25":"purchasable","26":"product-type-simple"},"acf":[],"yoast_head":"<!-- This site is optimized with the Yoast SEO plugin v23.3 - https:\/\/yoast.com\/wordpress\/plugins\/seo\/ -->\n<title>Trike fix triratukas (geltonas) - Montessori \u017eaislai<\/title>\n<meta name=\"description\" content=\"Ry\u0161kus ir saugus vaiki\u0161kas dviratukas \u201eTrike Fix Mini\u201c 3in1. Transformuojasi i\u0161 triratuko \u012f balansin\u012f dvirat\u012f. Reguliuojama s\u0117dyn\u0117, EVA ratai. Idealu 1\u20133 m.\" \/>\n<meta name=\"robots\" content=\"index, follow, max-snippet:-1, max-image-preview:large, max-video-preview:-1\" \/>\n<link rel=\"canonical\" href=\"https:\/\/monti.lt\/en\/product\/trike-fix-triratukas-geltonas\/\" \/>\n<meta property=\"og:locale\" content=\"en_US\" \/>\n<meta property=\"og:type\" content=\"article\" \/>\n<meta property=\"og:title\" content=\"Trike fix triratukas (geltonas) - Montessori \u017eaislai\" \/>\n<meta property=\"og:description\" content=\"Ry\u0161kus ir saugus vaiki\u0161kas dviratukas \u201eTrike Fix Mini\u201c 3in1. Transformuojasi i\u0161 triratuko \u012f balansin\u012f dvirat\u012f. Reguliuojama s\u0117dyn\u0117, EVA ratai. Idealu 1\u20133 m.\" \/>\n<meta property=\"og:url\" content=\"https:\/\/monti.lt\/en\/product\/trike-fix-triratukas-geltonas\/\" \/>\n<meta property=\"og:site_name\" content=\"Montessori \u017eaislai\" \/>\n<meta property=\"article:modified_time\" content=\"2026-04-30T12:32:24+00:00\" \/>\n<meta property=\"og:image\" content=\"https:\/\/monti.lt\/wp-content\/uploads\/2026\/04\/Balance-bike-tricycle-Trike-Fix-Mini-3in1-with-pedals-yellow-167693.jpg\" \/>\n\t<meta property=\"og:image:width\" content=\"1024\" \/>\n\t<meta property=\"og:image:height\" content=\"1024\" \/>\n\t<meta property=\"og:image:type\" content=\"image\/jpeg\" \/>\n<meta name=\"twitter:card\" content=\"summary_large_image\" \/>\n<meta name=\"twitter:label1\" content=\"Est. reading time\" \/>\n\t<meta name=\"twitter:data1\" content=\"2 minutes\" \/>\n<script type=\"application\/ld+json\" class=\"yoast-schema-graph\">{\"@context\":\"https:\/\/schema.org\",\"@graph\":[{\"@type\":\"WebPage\",\"@id\":\"https:\/\/monti.lt\/product\/trike-fix-triratukas-geltonas\/\",\"url\":\"https:\/\/monti.lt\/product\/trike-fix-triratukas-geltonas\/\",\"name\":\"Trike fix triratukas (geltonas) - Montessori \u017eaislai\",\"isPartOf\":{\"@id\":\"https:\/\/monti.lt\/#website\"},\"primaryImageOfPage\":{\"@id\":\"https:\/\/monti.lt\/product\/trike-fix-triratukas-geltonas\/#primaryimage\"},\"image\":{\"@id\":\"https:\/\/monti.lt\/product\/trike-fix-triratukas-geltonas\/#primaryimage\"},\"thumbnailUrl\":\"https:\/\/monti.lt\/wp-content\/uploads\/2026\/04\/Balance-bike-tricycle-Trike-Fix-Mini-3in1-with-pedals-yellow-167693.jpg\",\"datePublished\":\"2026-04-28T12:28:15+00:00\",\"dateModified\":\"2026-04-30T12:32:24+00:00\",\"description\":\"Ry\u0161kus ir saugus vaiki\u0161kas dviratukas \u201eTrike Fix Mini\u201c 3in1. Transformuojasi i\u0161 triratuko \u012f balansin\u012f dvirat\u012f. Reguliuojama s\u0117dyn\u0117, EVA ratai. Idealu 1\u20133 m.\",\"breadcrumb\":{\"@id\":\"https:\/\/monti.lt\/product\/trike-fix-triratukas-geltonas\/#breadcrumb\"},\"inLanguage\":\"en-US\",\"potentialAction\":[{\"@type\":\"ReadAction\",\"target\":[\"https:\/\/monti.lt\/product\/trike-fix-triratukas-geltonas\/\"]}]},{\"@type\":\"ImageObject\",\"inLanguage\":\"en-US\",\"@id\":\"https:\/\/monti.lt\/product\/trike-fix-triratukas-geltonas\/#primaryimage\",\"url\":\"https:\/\/monti.lt\/wp-content\/uploads\/2026\/04\/Balance-bike-tricycle-Trike-Fix-Mini-3in1-with-pedals-yellow-167693.jpg\",\"contentUrl\":\"https:\/\/monti.lt\/wp-content\/uploads\/2026\/04\/Balance-bike-tricycle-Trike-Fix-Mini-3in1-with-pedals-yellow-167693.jpg\",\"width\":1024,\"height\":1024},{\"@type\":\"BreadcrumbList\",\"@id\":\"https:\/\/monti.lt\/product\/trike-fix-triratukas-geltonas\/#breadcrumb\",\"itemListElement\":[{\"@type\":\"ListItem\",\"position\":1,\"name\":\"Home\",\"item\":\"https:\/\/monti.lt\/\"},{\"@type\":\"ListItem\",\"position\":2,\"name\":\"Parduotuv\u0117\",\"item\":\"https:\/\/monti.lt\/shop\/\"},{\"@type\":\"ListItem\",\"position\":3,\"name\":\"Trike fix triratukas (geltonas)\"}]},{\"@type\":\"WebSite\",\"@id\":\"https:\/\/monti.lt\/#website\",\"url\":\"https:\/\/monti.lt\/\",\"name\":\"Montessori \u017eaislai\",\"description\":\"\",\"publisher\":{\"@id\":\"https:\/\/monti.lt\/#organization\"},\"potentialAction\":[{\"@type\":\"SearchAction\",\"target\":{\"@type\":\"EntryPoint\",\"urlTemplate\":\"https:\/\/monti.lt\/?s={search_term_string}\"},\"query-input\":\"required name=search_term_string\"}],\"inLanguage\":\"en-US\"},{\"@type\":\"Organization\",\"@id\":\"https:\/\/monti.lt\/#organization\",\"name\":\"Montessori \u017eaislai\",\"url\":\"https:\/\/monti.lt\/\",\"logo\":{\"@type\":\"ImageObject\",\"inLanguage\":\"en-US\",\"@id\":\"https:\/\/monti.lt\/#\/schema\/logo\/image\/\",\"url\":\"https:\/\/monti.lt\/wp-content\/uploads\/2022\/03\/montilogo-1.png\",\"contentUrl\":\"https:\/\/monti.lt\/wp-content\/uploads\/2022\/03\/montilogo-1.png\",\"width\":512,\"height\":512,\"caption\":\"Montessori \u017eaislai\"},\"image\":{\"@id\":\"https:\/\/monti.lt\/#\/schema\/logo\/image\/\"}}]}<\/script>\n<!-- \/ Yoast SEO plugin. -->","yoast_head_json":{"title":"Trike fix triratukas (geltonas) - Montessori \u017eaislai","description":"Ry\u0161kus ir saugus vaiki\u0161kas dviratukas \u201eTrike Fix Mini\u201c 3in1. Transformuojasi i\u0161 triratuko \u012f balansin\u012f dvirat\u012f. Reguliuojama s\u0117dyn\u0117, EVA ratai. Idealu 1\u20133 m.","robots":{"index":"index","follow":"follow","max-snippet":"max-snippet:-1","max-image-preview":"max-image-preview:large","max-video-preview":"max-video-preview:-1"},"canonical":"https:\/\/monti.lt\/en\/product\/trike-fix-triratukas-geltonas\/","og_locale":"en_US","og_type":"article","og_title":"Trike fix triratukas (geltonas) - Montessori \u017eaislai","og_description":"Ry\u0161kus ir saugus vaiki\u0161kas dviratukas \u201eTrike Fix Mini\u201c 3in1. Transformuojasi i\u0161 triratuko \u012f balansin\u012f dvirat\u012f. Reguliuojama s\u0117dyn\u0117, EVA ratai. Idealu 1\u20133 m.","og_url":"https:\/\/monti.lt\/en\/product\/trike-fix-triratukas-geltonas\/","og_site_name":"Montessori \u017eaislai","article_modified_time":"2026-04-30T12:32:24+00:00","og_image":[{"width":1024,"height":1024,"url":"https:\/\/monti.lt\/wp-content\/uploads\/2026\/04\/Balance-bike-tricycle-Trike-Fix-Mini-3in1-with-pedals-yellow-167693.jpg","type":"image\/jpeg"}],"twitter_card":"summary_large_image","twitter_misc":{"Est. reading time":"2 minutes"},"schema":{"@context":"https:\/\/schema.org","@graph":[{"@type":"WebPage","@id":"https:\/\/monti.lt\/product\/trike-fix-triratukas-geltonas\/","url":"https:\/\/monti.lt\/product\/trike-fix-triratukas-geltonas\/","name":"Trike fix triratukas (geltonas) - Montessori \u017eaislai","isPartOf":{"@id":"https:\/\/monti.lt\/#website"},"primaryImageOfPage":{"@id":"https:\/\/monti.lt\/product\/trike-fix-triratukas-geltonas\/#primaryimage"},"image":{"@id":"https:\/\/monti.lt\/product\/trike-fix-triratukas-geltonas\/#primaryimage"},"thumbnailUrl":"https:\/\/monti.lt\/wp-content\/uploads\/2026\/04\/Balance-bike-tricycle-Trike-Fix-Mini-3in1-with-pedals-yellow-167693.jpg","datePublished":"2026-04-28T12:28:15+00:00","dateModified":"2026-04-30T12:32:24+00:00","description":"Ry\u0161kus ir saugus vaiki\u0161kas dviratukas \u201eTrike Fix Mini\u201c 3in1. Transformuojasi i\u0161 triratuko \u012f balansin\u012f dvirat\u012f. Reguliuojama s\u0117dyn\u0117, EVA ratai. Idealu 1\u20133 m.","breadcrumb":{"@id":"https:\/\/monti.lt\/product\/trike-fix-triratukas-geltonas\/#breadcrumb"},"inLanguage":"en-US","potentialAction":[{"@type":"ReadAction","target":["https:\/\/monti.lt\/product\/trike-fix-triratukas-geltonas\/"]}]},{"@type":"ImageObject","inLanguage":"en-US","@id":"https:\/\/monti.lt\/product\/trike-fix-triratukas-geltonas\/#primaryimage","url":"https:\/\/monti.lt\/wp-content\/uploads\/2026\/04\/Balance-bike-tricycle-Trike-Fix-Mini-3in1-with-pedals-yellow-167693.jpg","contentUrl":"https:\/\/monti.lt\/wp-content\/uploads\/2026\/04\/Balance-bike-tricycle-Trike-Fix-Mini-3in1-with-pedals-yellow-167693.jpg","width":1024,"height":1024},{"@type":"BreadcrumbList","@id":"https:\/\/monti.lt\/product\/trike-fix-triratukas-geltonas\/#breadcrumb","itemListElement":[{"@type":"ListItem","position":1,"name":"Home","item":"https:\/\/monti.lt\/"},{"@type":"ListItem","position":2,"name":"Parduotuv\u0117","item":"https:\/\/monti.lt\/shop\/"},{"@type":"ListItem","position":3,"name":"Trike fix triratukas (geltonas)"}]},{"@type":"WebSite","@id":"https:\/\/monti.lt\/#website","url":"https:\/\/monti.lt\/","name":"Montessori \u017eaislai","description":"","publisher":{"@id":"https:\/\/monti.lt\/#organization"},"potentialAction":[{"@type":"SearchAction","target":{"@type":"EntryPoint","urlTemplate":"https:\/\/monti.lt\/?s={search_term_string}"},"query-input":"required name=search_term_string"}],"inLanguage":"en-US"},{"@type":"Organization","@id":"https:\/\/monti.lt\/#organization","name":"Montessori \u017eaislai","url":"https:\/\/monti.lt\/","logo":{"@type":"ImageObject","inLanguage":"en-US","@id":"https:\/\/monti.lt\/#\/schema\/logo\/image\/","url":"https:\/\/monti.lt\/wp-content\/uploads\/2022\/03\/montilogo-1.png","contentUrl":"https:\/\/monti.lt\/wp-content\/uploads\/2022\/03\/montilogo-1.png","width":512,"height":512,"caption":"Montessori \u017eaislai"},"image":{"@id":"https:\/\/monti.lt\/#\/schema\/logo\/image\/"}}]}},"_links":{"self":[{"href":"https:\/\/monti.lt\/en\/wp-json\/wp\/v2\/product\/39840"}],"collection":[{"href":"https:\/\/monti.lt\/en\/wp-json\/wp\/v2\/product"}],"about":[{"href":"https:\/\/monti.lt\/en\/wp-json\/wp\/v2\/types\/product"}],"version-history":[{"count":2,"href":"https:\/\/monti.lt\/en\/wp-json\/wp\/v2\/product\/39840\/revisions"}],"predecessor-version":[{"id":40100,"href":"https:\/\/monti.lt\/en\/wp-json\/wp\/v2\/product\/39840\/revisions\/40100"}],"wp:featuredmedia":[{"embeddable":true,"href":"https:\/\/monti.lt\/en\/wp-json\/wp\/v2\/media\/39989"}],"wp:attachment":[{"href":"https:\/\/monti.lt\/en\/wp-json\/wp\/v2\/media?parent=39840"}],"wp:term":[{"taxonomy":"product_cat","embeddable":true,"href":"https:\/\/monti.lt\/en\/wp-json\/wp\/v2\/product_cat?post=39840"},{"taxonomy":"product_tag","embeddable":true,"href":"https:\/\/monti.lt\/en\/wp-json\/wp\/v2\/product_tag?post=39840"}],"curies":[{"name":"wp","href":"https:\/\/api.w.org\/{rel}","templated":true}]}}