{"id":40006,"date":"2026-04-30T06:58:45","date_gmt":"2026-04-30T06:58:45","guid":{"rendered":"https:\/\/monti.lt\/?post_type=product&#038;p=40006"},"modified":"2026-04-30T06:58:47","modified_gmt":"2026-04-30T06:58:47","slug":"interaktyvus-piesimo-robotas-vaikams-baltas","status":"publish","type":"product","link":"https:\/\/monti.lt\/en\/product\/interaktyvus-piesimo-robotas-vaikams-baltas\/","title":{"rendered":"Interaktyvus pie\u0161imo robotas vaikams Baltas"},"content":{"rendered":"<h4 class=\"wp-block-heading\"><strong>Interaktyvus edukacinis robotas \u2013 j\u016bs\u0173 vaiko asmeninis pie\u0161imo mokytojas!<\/strong><\/h4>\n\n\n\n<p><strong>Atraskite ateities men\u0105 su i\u0161maniuoju pie\u0161imo robotu!<\/strong>&nbsp;Ar j\u016bs\u0173 vaikas m\u0117gsta pie\u0161ti, o gal kaip tik \u2013 jam reikia \u0161iek tiek paskatinimo? \u0160is oran\u017einis, draugi\u0161kas robotas yra sukurtas tam, kad pad\u0117t\u0173 vaikams lavinti meninius \u012fg\u016bd\u017eius, smulki\u0105j\u0105 motorik\u0105 ir kantryb\u0119. Tai ne tik \u017eaislas, tai i\u0161manus gidas \u012f k\u016brybi\u0161kumo pasaul\u012f.<\/p>\n\n\n\n<p><strong>Kaip tai veikia?<\/strong>&nbsp;Robotas veikia ne\u012ftik\u0117tinai paprastai: parodikite jam vien\u0105 i\u0161 komplekte esan\u010di\u0173 korteli\u0173, ir jis, naudodamas \u201eak\u012f\u201c (sensori\u0173), nuskaitys vaizd\u0105 bei prad\u0117s pie\u0161ti popieriaus lape. Vaikas gali steb\u0117ti kiekvien\u0105 roboto judes\u012f ir kartoti j\u012f kartu!<\/p>\n\n\n\n<p><strong>Pagrindiniai privalumai:<\/strong><\/p>\n\n\n\n<ul class=\"wp-block-list\">\n<li><strong>Mokymasis \u017eingsnis po \u017eingsnio:<\/strong>\u00a0Robotas neskuba \u2013 jis nubr\u0117\u017eia linij\u0105 ir palaukia, kol vaikas pakartos, taip u\u017etikrinant s\u0117kming\u0105 mokymosi proces\u0105.<\/li>\n\n\n\n<li><strong>STEM ugdymas:<\/strong>\u00a0Skatina dom\u0117jim\u0105si technologijomis ir robotika nuo ma\u017eens, kartu derinant tai su tradiciniu menu.<\/li>\n\n\n\n<li><strong>Viskas viename rinkinyje:<\/strong>\u00a0Jums nereik\u0117s niekuo r\u016bpintis! Rinkinyje rasite robot\u0105, specialias korteles su u\u017eduotimis, kokybi\u0161kus flomasterius ir \u012fkraunam\u0105 akumuliatori\u0173.<\/li>\n\n\n\n<li><strong>D\u0117mesio koncentracija:<\/strong>\u00a0\u017daidimas su robotu padeda vaikui susikaupti, lavina rank\u0173-aki\u0173 koordinacij\u0105 ir moko kantryb\u0117s baigiant k\u016brin\u012f iki galo.<\/li>\n<\/ul>\n\n\n\n<p><strong>Rinkinio sud\u0117tis:<\/strong><\/p>\n\n\n\n<ul class=\"wp-block-list\">\n<li>I\u0161manusis pie\u0161imo robotas (ry\u0161kiai oran\u017ein\u0117s spalvos).<\/li>\n\n\n\n<li>Korteli\u0173 rinkinys (\u012fvairaus sud\u0117tingumo lygiai).<\/li>\n\n\n\n<li>Spalvoti flomasteriai.<\/li>\n\n\n\n<li>USB \u012fkrovimo laidas.<\/li>\n<\/ul>\n\n\n\n<p><\/p>","protected":false},"excerpt":{"rendered":"<p>Interaktyvus edukacinis robotas \u2013 j\u016bs\u0173 vaiko asmeninis pie\u0161imo mokytojas! Atraskite ateities men\u0105 su i\u0161maniuoju pie\u0161imo robotu!&nbsp;Ar j\u016bs\u0173 vaikas m\u0117gsta pie\u0161ti, o gal kaip tik \u2013 jam reikia \u0161iek tiek paskatinimo? \u0160is oran\u017einis, draugi\u0161kas robotas yra sukurtas tam, kad pad\u0117t\u0173 vaikams lavinti meninius \u012fg\u016bd\u017eius, smulki\u0105j\u0105 motorik\u0105 ir kantryb\u0119. Tai ne tik \u017eaislas, tai i\u0161manus gidas \u012f [&hellip;]<\/p>","protected":false},"featured_media":40007,"template":"","meta":{"_acf_changed":false,"iawp_total_views":4},"product_cat":[217,191,84,89,50,49,39],"product_tag":[97,98,99],"class_list":{"0":"post-40006","1":"product","2":"type-product","3":"status-publish","4":"has-post-thumbnail","6":"product_cat-dovanos-5-7-metu-vaikams","7":"product_cat-dovanos-vaikams","8":"product_cat-lavinamieji-zaislai","9":"product_cat-mokausi-piesti","10":"product_cat-top-dovanos","11":"product_cat-visi-zaislai","12":"product_cat-zaislai","13":"product_tag-3-m-4-m","14":"product_tag-5-m-7-m","15":"product_tag-8-m-11-m","17":"first","18":"instock","19":"taxable","20":"shipping-taxable","21":"purchasable","22":"product-type-simple"},"acf":[],"yoast_head":"<!-- This site is optimized with the Yoast SEO plugin v23.3 - https:\/\/yoast.com\/wordpress\/plugins\/seo\/ -->\n<title>Interaktyvus pie\u0161imo robotas vaikams Baltas - Montessori \u017eaislai<\/title>\n<meta name=\"description\" content=\"Mokytis pie\u0161ti dar niekada nebuvo taip smagu! Interaktyvus Pie\u0161imo robotas moko vaikus pie\u0161ti \u017eingsnis po \u017eingsnio. Rinkinyje: kortel\u0117s, flomasteriai ir roboto gidas. Puiki dovana!\" \/>\n<meta name=\"robots\" content=\"index, follow, max-snippet:-1, max-image-preview:large, max-video-preview:-1\" \/>\n<link rel=\"canonical\" href=\"https:\/\/monti.lt\/en\/product\/interaktyvus-piesimo-robotas-vaikams-baltas\/\" \/>\n<meta property=\"og:locale\" content=\"en_US\" \/>\n<meta property=\"og:type\" content=\"article\" \/>\n<meta property=\"og:title\" content=\"Interaktyvus pie\u0161imo robotas vaikams Baltas - Montessori \u017eaislai\" \/>\n<meta property=\"og:description\" content=\"Mokytis pie\u0161ti dar niekada nebuvo taip smagu! Interaktyvus Pie\u0161imo robotas moko vaikus pie\u0161ti \u017eingsnis po \u017eingsnio. Rinkinyje: kortel\u0117s, flomasteriai ir roboto gidas. Puiki dovana!\" \/>\n<meta property=\"og:url\" content=\"https:\/\/monti.lt\/en\/product\/interaktyvus-piesimo-robotas-vaikams-baltas\/\" \/>\n<meta property=\"og:site_name\" content=\"Montessori \u017eaislai\" \/>\n<meta property=\"article:modified_time\" content=\"2026-04-30T06:58:47+00:00\" \/>\n<meta property=\"og:image\" content=\"https:\/\/monti.lt\/wp-content\/uploads\/2026\/04\/KX3145117254.jpg\" \/>\n\t<meta property=\"og:image:width\" content=\"1024\" \/>\n\t<meta property=\"og:image:height\" content=\"1024\" \/>\n\t<meta property=\"og:image:type\" content=\"image\/jpeg\" \/>\n<meta name=\"twitter:card\" content=\"summary_large_image\" \/>\n<meta name=\"twitter:label1\" content=\"Est. reading time\" \/>\n\t<meta name=\"twitter:data1\" content=\"2 minutes\" \/>\n<script type=\"application\/ld+json\" class=\"yoast-schema-graph\">{\"@context\":\"https:\/\/schema.org\",\"@graph\":[{\"@type\":\"WebPage\",\"@id\":\"https:\/\/monti.lt\/product\/interaktyvus-piesimo-robotas-vaikams-baltas\/\",\"url\":\"https:\/\/monti.lt\/product\/interaktyvus-piesimo-robotas-vaikams-baltas\/\",\"name\":\"Interaktyvus pie\u0161imo robotas vaikams Baltas - Montessori \u017eaislai\",\"isPartOf\":{\"@id\":\"https:\/\/monti.lt\/#website\"},\"primaryImageOfPage\":{\"@id\":\"https:\/\/monti.lt\/product\/interaktyvus-piesimo-robotas-vaikams-baltas\/#primaryimage\"},\"image\":{\"@id\":\"https:\/\/monti.lt\/product\/interaktyvus-piesimo-robotas-vaikams-baltas\/#primaryimage\"},\"thumbnailUrl\":\"https:\/\/monti.lt\/wp-content\/uploads\/2026\/04\/KX3145117254.jpg\",\"datePublished\":\"2026-04-30T06:58:45+00:00\",\"dateModified\":\"2026-04-30T06:58:47+00:00\",\"description\":\"Mokytis pie\u0161ti dar niekada nebuvo taip smagu! Interaktyvus Pie\u0161imo robotas moko vaikus pie\u0161ti \u017eingsnis po \u017eingsnio. Rinkinyje: kortel\u0117s, flomasteriai ir roboto gidas. Puiki dovana!\",\"breadcrumb\":{\"@id\":\"https:\/\/monti.lt\/product\/interaktyvus-piesimo-robotas-vaikams-baltas\/#breadcrumb\"},\"inLanguage\":\"en-US\",\"potentialAction\":[{\"@type\":\"ReadAction\",\"target\":[\"https:\/\/monti.lt\/product\/interaktyvus-piesimo-robotas-vaikams-baltas\/\"]}]},{\"@type\":\"ImageObject\",\"inLanguage\":\"en-US\",\"@id\":\"https:\/\/monti.lt\/product\/interaktyvus-piesimo-robotas-vaikams-baltas\/#primaryimage\",\"url\":\"https:\/\/monti.lt\/wp-content\/uploads\/2026\/04\/KX3145117254.jpg\",\"contentUrl\":\"https:\/\/monti.lt\/wp-content\/uploads\/2026\/04\/KX3145117254.jpg\",\"width\":1024,\"height\":1024,\"caption\":\"mokomasis-robotas-su-kortelemis-piesimui\"},{\"@type\":\"BreadcrumbList\",\"@id\":\"https:\/\/monti.lt\/product\/interaktyvus-piesimo-robotas-vaikams-baltas\/#breadcrumb\",\"itemListElement\":[{\"@type\":\"ListItem\",\"position\":1,\"name\":\"Home\",\"item\":\"https:\/\/monti.lt\/\"},{\"@type\":\"ListItem\",\"position\":2,\"name\":\"Parduotuv\u0117\",\"item\":\"https:\/\/monti.lt\/shop\/\"},{\"@type\":\"ListItem\",\"position\":3,\"name\":\"Interaktyvus pie\u0161imo robotas vaikams Baltas\"}]},{\"@type\":\"WebSite\",\"@id\":\"https:\/\/monti.lt\/#website\",\"url\":\"https:\/\/monti.lt\/\",\"name\":\"Montessori \u017eaislai\",\"description\":\"\",\"publisher\":{\"@id\":\"https:\/\/monti.lt\/#organization\"},\"potentialAction\":[{\"@type\":\"SearchAction\",\"target\":{\"@type\":\"EntryPoint\",\"urlTemplate\":\"https:\/\/monti.lt\/?s={search_term_string}\"},\"query-input\":\"required name=search_term_string\"}],\"inLanguage\":\"en-US\"},{\"@type\":\"Organization\",\"@id\":\"https:\/\/monti.lt\/#organization\",\"name\":\"Montessori \u017eaislai\",\"url\":\"https:\/\/monti.lt\/\",\"logo\":{\"@type\":\"ImageObject\",\"inLanguage\":\"en-US\",\"@id\":\"https:\/\/monti.lt\/#\/schema\/logo\/image\/\",\"url\":\"https:\/\/monti.lt\/wp-content\/uploads\/2022\/03\/montilogo-1.png\",\"contentUrl\":\"https:\/\/monti.lt\/wp-content\/uploads\/2022\/03\/montilogo-1.png\",\"width\":512,\"height\":512,\"caption\":\"Montessori \u017eaislai\"},\"image\":{\"@id\":\"https:\/\/monti.lt\/#\/schema\/logo\/image\/\"}}]}<\/script>\n<!-- \/ Yoast SEO plugin. -->","yoast_head_json":{"title":"Interaktyvus pie\u0161imo robotas vaikams Baltas - Montessori \u017eaislai","description":"Mokytis pie\u0161ti dar niekada nebuvo taip smagu! Interaktyvus Pie\u0161imo robotas moko vaikus pie\u0161ti \u017eingsnis po \u017eingsnio. Rinkinyje: kortel\u0117s, flomasteriai ir roboto gidas. Puiki dovana!","robots":{"index":"index","follow":"follow","max-snippet":"max-snippet:-1","max-image-preview":"max-image-preview:large","max-video-preview":"max-video-preview:-1"},"canonical":"https:\/\/monti.lt\/en\/product\/interaktyvus-piesimo-robotas-vaikams-baltas\/","og_locale":"en_US","og_type":"article","og_title":"Interaktyvus pie\u0161imo robotas vaikams Baltas - Montessori \u017eaislai","og_description":"Mokytis pie\u0161ti dar niekada nebuvo taip smagu! Interaktyvus Pie\u0161imo robotas moko vaikus pie\u0161ti \u017eingsnis po \u017eingsnio. Rinkinyje: kortel\u0117s, flomasteriai ir roboto gidas. Puiki dovana!","og_url":"https:\/\/monti.lt\/en\/product\/interaktyvus-piesimo-robotas-vaikams-baltas\/","og_site_name":"Montessori \u017eaislai","article_modified_time":"2026-04-30T06:58:47+00:00","og_image":[{"width":1024,"height":1024,"url":"https:\/\/monti.lt\/wp-content\/uploads\/2026\/04\/KX3145117254.jpg","type":"image\/jpeg"}],"twitter_card":"summary_large_image","twitter_misc":{"Est. reading time":"2 minutes"},"schema":{"@context":"https:\/\/schema.org","@graph":[{"@type":"WebPage","@id":"https:\/\/monti.lt\/product\/interaktyvus-piesimo-robotas-vaikams-baltas\/","url":"https:\/\/monti.lt\/product\/interaktyvus-piesimo-robotas-vaikams-baltas\/","name":"Interaktyvus pie\u0161imo robotas vaikams Baltas - Montessori \u017eaislai","isPartOf":{"@id":"https:\/\/monti.lt\/#website"},"primaryImageOfPage":{"@id":"https:\/\/monti.lt\/product\/interaktyvus-piesimo-robotas-vaikams-baltas\/#primaryimage"},"image":{"@id":"https:\/\/monti.lt\/product\/interaktyvus-piesimo-robotas-vaikams-baltas\/#primaryimage"},"thumbnailUrl":"https:\/\/monti.lt\/wp-content\/uploads\/2026\/04\/KX3145117254.jpg","datePublished":"2026-04-30T06:58:45+00:00","dateModified":"2026-04-30T06:58:47+00:00","description":"Mokytis pie\u0161ti dar niekada nebuvo taip smagu! Interaktyvus Pie\u0161imo robotas moko vaikus pie\u0161ti \u017eingsnis po \u017eingsnio. Rinkinyje: kortel\u0117s, flomasteriai ir roboto gidas. Puiki dovana!","breadcrumb":{"@id":"https:\/\/monti.lt\/product\/interaktyvus-piesimo-robotas-vaikams-baltas\/#breadcrumb"},"inLanguage":"en-US","potentialAction":[{"@type":"ReadAction","target":["https:\/\/monti.lt\/product\/interaktyvus-piesimo-robotas-vaikams-baltas\/"]}]},{"@type":"ImageObject","inLanguage":"en-US","@id":"https:\/\/monti.lt\/product\/interaktyvus-piesimo-robotas-vaikams-baltas\/#primaryimage","url":"https:\/\/monti.lt\/wp-content\/uploads\/2026\/04\/KX3145117254.jpg","contentUrl":"https:\/\/monti.lt\/wp-content\/uploads\/2026\/04\/KX3145117254.jpg","width":1024,"height":1024,"caption":"mokomasis-robotas-su-kortelemis-piesimui"},{"@type":"BreadcrumbList","@id":"https:\/\/monti.lt\/product\/interaktyvus-piesimo-robotas-vaikams-baltas\/#breadcrumb","itemListElement":[{"@type":"ListItem","position":1,"name":"Home","item":"https:\/\/monti.lt\/"},{"@type":"ListItem","position":2,"name":"Parduotuv\u0117","item":"https:\/\/monti.lt\/shop\/"},{"@type":"ListItem","position":3,"name":"Interaktyvus pie\u0161imo robotas vaikams Baltas"}]},{"@type":"WebSite","@id":"https:\/\/monti.lt\/#website","url":"https:\/\/monti.lt\/","name":"Montessori \u017eaislai","description":"","publisher":{"@id":"https:\/\/monti.lt\/#organization"},"potentialAction":[{"@type":"SearchAction","target":{"@type":"EntryPoint","urlTemplate":"https:\/\/monti.lt\/?s={search_term_string}"},"query-input":"required name=search_term_string"}],"inLanguage":"en-US"},{"@type":"Organization","@id":"https:\/\/monti.lt\/#organization","name":"Montessori \u017eaislai","url":"https:\/\/monti.lt\/","logo":{"@type":"ImageObject","inLanguage":"en-US","@id":"https:\/\/monti.lt\/#\/schema\/logo\/image\/","url":"https:\/\/monti.lt\/wp-content\/uploads\/2022\/03\/montilogo-1.png","contentUrl":"https:\/\/monti.lt\/wp-content\/uploads\/2022\/03\/montilogo-1.png","width":512,"height":512,"caption":"Montessori \u017eaislai"},"image":{"@id":"https:\/\/monti.lt\/#\/schema\/logo\/image\/"}}]}},"_links":{"self":[{"href":"https:\/\/monti.lt\/en\/wp-json\/wp\/v2\/product\/40006"}],"collection":[{"href":"https:\/\/monti.lt\/en\/wp-json\/wp\/v2\/product"}],"about":[{"href":"https:\/\/monti.lt\/en\/wp-json\/wp\/v2\/types\/product"}],"version-history":[{"count":1,"href":"https:\/\/monti.lt\/en\/wp-json\/wp\/v2\/product\/40006\/revisions"}],"predecessor-version":[{"id":40022,"href":"https:\/\/monti.lt\/en\/wp-json\/wp\/v2\/product\/40006\/revisions\/40022"}],"wp:featuredmedia":[{"embeddable":true,"href":"https:\/\/monti.lt\/en\/wp-json\/wp\/v2\/media\/40007"}],"wp:attachment":[{"href":"https:\/\/monti.lt\/en\/wp-json\/wp\/v2\/media?parent=40006"}],"wp:term":[{"taxonomy":"product_cat","embeddable":true,"href":"https:\/\/monti.lt\/en\/wp-json\/wp\/v2\/product_cat?post=40006"},{"taxonomy":"product_tag","embeddable":true,"href":"https:\/\/monti.lt\/en\/wp-json\/wp\/v2\/product_tag?post=40006"}],"curies":[{"name":"wp","href":"https:\/\/api.w.org\/{rel}","templated":true}]}}