{"id":6930,"date":"2022-03-15T18:50:05","date_gmt":"2022-03-15T18:50:05","guid":{"rendered":"https:\/\/monti.lt\/?post_type=product&#038;p=6930"},"modified":"2026-03-24T09:09:28","modified_gmt":"2026-03-24T09:09:28","slug":"kurybinis-rinkinys-magiskieji-klijai","status":"publish","type":"product","link":"https:\/\/monti.lt\/en\/product\/kurybinis-rinkinys-magiskieji-klijai\/","title":{"rendered":"K\u016brybinis rinkinys &#8220;Magi\u0161kieji klijai&#8221;"},"content":{"rendered":"<p style=\"font-weight: 400;\">Pa\u017eadinkite savo vaiko meni\u0161k\u0105 siel\u0105!<\/p>\n<p>Magi\u0161koje d\u0117\u017eut\u0117je yra visi reikalingi elementai, reikalingi unikalioms spalvingoms fig\u016broms sukurti.<\/p>\n<p>Suaktyvinkite savo vaizduot\u0119 ir prad\u0117kite kurti! Pa\u017ei\u016br\u0117kite patys, kaip tai lengva.<\/p>\n<p>Supilkite vanden\u012f \u012f plastikin\u012f ind\u0105 ir supilkite kiet\u0117jan\u010dias granules. Pasirinkite form\u0105 su ra\u0161tu ir u\u017epildykite j\u0105 m\u0117gstamomis spalvomis. Tada u\u017epildyt\u0105 form\u0105 \u012fd\u0117kite \u012f paruo\u0161t\u0105 kildinimo tirpal\u0105. Po kurio laiko ra\u0161tas turi sukiet\u0117ti ir j\u012f galima nuimti nuo formos.<\/p>\n<p>Gautos fig\u016br\u0117l\u0117s yra lanks\u010dios ir primena silikon\u0105.<\/p>\n<p>Taip pat galite pilti klijus tiesiai \u012f ind\u0105 su vandeniu, sukurdami savo unikal\u0173 dizain\u0105. Leiskite veikti savo vaizduotei ir kurkite unikalius meninius k\u016brinius.<\/p>\n<p>K\u016bryba skatins j\u016bs\u0173 vaiko k\u016brybi\u0161kum\u0105 bei pad\u0117s lavinti smulkiosios motorikos \u012fg\u016bd\u017eius. Be to, tai bus puikus kantryb\u0117s lavinimas.<\/p>\n<p>Visas rinkinys supakuotas \u012f patogi\u0105 plastikin\u0119 d\u0117\u017eut\u0119, kad b\u016bt\u0173 patogu laikyti.<\/p>\n<p><strong>Rinkinyje rasite:<\/strong><\/p>\n<ul style=\"font-weight: 400;\">\n<li>8x skirting\u0173 spalv\u0173 geliniai klijai<\/li>\n<li>10x form\u0173 su skirtingomis fig\u016bromis<\/li>\n<li>1x vandens indas<\/li>\n<li>7x mai\u0161eliai su kiet\u0117jan\u010diomis granul\u0117mis<\/li>\n<\/ul>\n<p style=\"font-weight: 400;\"><strong>Techniniai parametrai:<\/strong><\/p>\n<ul style=\"font-weight: 400;\">\n<li>vieno gelio talpa: 60ml<\/li>\n<li>mai\u0161elio su granul\u0117mis svoris: g<\/li>\n<li>formos matmenys: 8,7 cm x 8,7 cm<\/li>\n<li>pakuot\u0117s matmenys: 25,5cm x 16,5cm x 16cm<\/li>\n<\/ul>\n<p style=\"font-weight: 400;\">Produktas supakuotas \u012f plastikin\u0119 d\u0117\u017eut\u0119, kad b\u016bt\u0173 patogu laikyti rinkin\u012f po \u017eaidimo.<\/p>\n<p style=\"font-weight: 400;\"><strong>PASTABA!<\/strong><\/p>\n<p style=\"font-weight: 400;\">Visada laikykite savo k\u016brinius vandenyje. Prie\u0161ingu atveju jis taps kietas ir susitrauks.<\/p>","protected":false},"excerpt":{"rendered":"<p>Magi\u0161koje d\u0117\u017eut\u0117je yra visi reikalingi elementai, reikalingi unikaliems spalving\u0173 fig\u016br\u0117li\u0173 pavidalo k\u016briniams sukurti.<\/p>","protected":false},"featured_media":6931,"template":"","meta":{"_acf_changed":false,"iawp_total_views":1300},"product_cat":[218,87,84,91,89,49,39],"product_tag":[97,98,99],"class_list":{"0":"post-6930","1":"product","2":"type-product","3":"status-publish","4":"has-post-thumbnail","6":"product_cat-darzeliu-grupems","7":"product_cat-kurybiniai-rinkiniai","8":"product_cat-lavinamieji-zaislai","9":"product_cat-loginiam-mastymui","10":"product_cat-mokausi-piesti","11":"product_cat-visi-zaislai","12":"product_cat-zaislai","13":"product_tag-3-m-4-m","14":"product_tag-5-m-7-m","15":"product_tag-8-m-11-m","17":"first","18":"outofstock","19":"taxable","20":"shipping-taxable","21":"purchasable","22":"product-type-simple"},"acf":[],"yoast_head":"<!-- This site is optimized with the Yoast SEO plugin v23.3 - https:\/\/yoast.com\/wordpress\/plugins\/seo\/ -->\n<title>K\u016brybinis rinkinys &quot;Magi\u0161kieji klijai&quot; - Montessori \u017eaislai<\/title>\n<meta name=\"robots\" content=\"index, follow, max-snippet:-1, max-image-preview:large, max-video-preview:-1\" \/>\n<link rel=\"canonical\" href=\"https:\/\/monti.lt\/en\/product\/kurybinis-rinkinys-magiskieji-klijai\/\" \/>\n<meta property=\"og:locale\" content=\"en_US\" \/>\n<meta property=\"og:type\" content=\"article\" \/>\n<meta property=\"og:title\" content=\"K\u016brybinis rinkinys &quot;Magi\u0161kieji klijai&quot; - Montessori \u017eaislai\" \/>\n<meta property=\"og:description\" content=\"Magi\u0161koje d\u0117\u017eut\u0117je yra visi reikalingi elementai, reikalingi unikaliems spalving\u0173 fig\u016br\u0117li\u0173 pavidalo k\u016briniams sukurti.\" \/>\n<meta property=\"og:url\" content=\"https:\/\/monti.lt\/en\/product\/kurybinis-rinkinys-magiskieji-klijai\/\" \/>\n<meta property=\"og:site_name\" content=\"Montessori \u017eaislai\" \/>\n<meta property=\"article:modified_time\" content=\"2026-03-24T09:09:28+00:00\" \/>\n<meta property=\"og:image\" content=\"https:\/\/monti.lt\/wp-content\/uploads\/2022\/03\/KX590373224.jpg\" \/>\n\t<meta property=\"og:image:width\" content=\"1600\" \/>\n\t<meta property=\"og:image:height\" content=\"1200\" \/>\n\t<meta property=\"og:image:type\" content=\"image\/jpeg\" \/>\n<meta name=\"twitter:card\" content=\"summary_large_image\" \/>\n<meta name=\"twitter:label1\" content=\"Est. reading time\" \/>\n\t<meta name=\"twitter:data1\" content=\"1 minute\" \/>\n<script type=\"application\/ld+json\" class=\"yoast-schema-graph\">{\"@context\":\"https:\/\/schema.org\",\"@graph\":[{\"@type\":\"WebPage\",\"@id\":\"https:\/\/monti.lt\/product\/kurybinis-rinkinys-magiskieji-klijai\/\",\"url\":\"https:\/\/monti.lt\/product\/kurybinis-rinkinys-magiskieji-klijai\/\",\"name\":\"K\u016brybinis rinkinys \\\"Magi\u0161kieji klijai\\\" - Montessori \u017eaislai\",\"isPartOf\":{\"@id\":\"https:\/\/monti.lt\/#website\"},\"primaryImageOfPage\":{\"@id\":\"https:\/\/monti.lt\/product\/kurybinis-rinkinys-magiskieji-klijai\/#primaryimage\"},\"image\":{\"@id\":\"https:\/\/monti.lt\/product\/kurybinis-rinkinys-magiskieji-klijai\/#primaryimage\"},\"thumbnailUrl\":\"https:\/\/monti.lt\/wp-content\/uploads\/2022\/03\/KX590373224.jpg\",\"datePublished\":\"2022-03-15T18:50:05+00:00\",\"dateModified\":\"2026-03-24T09:09:28+00:00\",\"breadcrumb\":{\"@id\":\"https:\/\/monti.lt\/product\/kurybinis-rinkinys-magiskieji-klijai\/#breadcrumb\"},\"inLanguage\":\"en-US\",\"potentialAction\":[{\"@type\":\"ReadAction\",\"target\":[\"https:\/\/monti.lt\/product\/kurybinis-rinkinys-magiskieji-klijai\/\"]}]},{\"@type\":\"ImageObject\",\"inLanguage\":\"en-US\",\"@id\":\"https:\/\/monti.lt\/product\/kurybinis-rinkinys-magiskieji-klijai\/#primaryimage\",\"url\":\"https:\/\/monti.lt\/wp-content\/uploads\/2022\/03\/KX590373224.jpg\",\"contentUrl\":\"https:\/\/monti.lt\/wp-content\/uploads\/2022\/03\/KX590373224.jpg\",\"width\":1600,\"height\":1200},{\"@type\":\"BreadcrumbList\",\"@id\":\"https:\/\/monti.lt\/product\/kurybinis-rinkinys-magiskieji-klijai\/#breadcrumb\",\"itemListElement\":[{\"@type\":\"ListItem\",\"position\":1,\"name\":\"Home\",\"item\":\"https:\/\/monti.lt\/\"},{\"@type\":\"ListItem\",\"position\":2,\"name\":\"Parduotuv\u0117\",\"item\":\"https:\/\/monti.lt\/shop\/\"},{\"@type\":\"ListItem\",\"position\":3,\"name\":\"K\u016brybinis rinkinys &#8220;Magi\u0161kieji klijai&#8221;\"}]},{\"@type\":\"WebSite\",\"@id\":\"https:\/\/monti.lt\/#website\",\"url\":\"https:\/\/monti.lt\/\",\"name\":\"Montessori \u017eaislai\",\"description\":\"\",\"publisher\":{\"@id\":\"https:\/\/monti.lt\/#organization\"},\"potentialAction\":[{\"@type\":\"SearchAction\",\"target\":{\"@type\":\"EntryPoint\",\"urlTemplate\":\"https:\/\/monti.lt\/?s={search_term_string}\"},\"query-input\":\"required name=search_term_string\"}],\"inLanguage\":\"en-US\"},{\"@type\":\"Organization\",\"@id\":\"https:\/\/monti.lt\/#organization\",\"name\":\"Montessori \u017eaislai\",\"url\":\"https:\/\/monti.lt\/\",\"logo\":{\"@type\":\"ImageObject\",\"inLanguage\":\"en-US\",\"@id\":\"https:\/\/monti.lt\/#\/schema\/logo\/image\/\",\"url\":\"https:\/\/monti.lt\/wp-content\/uploads\/2022\/03\/montilogo-1.png\",\"contentUrl\":\"https:\/\/monti.lt\/wp-content\/uploads\/2022\/03\/montilogo-1.png\",\"width\":512,\"height\":512,\"caption\":\"Montessori \u017eaislai\"},\"image\":{\"@id\":\"https:\/\/monti.lt\/#\/schema\/logo\/image\/\"}}]}<\/script>\n<!-- \/ Yoast SEO plugin. -->","yoast_head_json":{"title":"K\u016brybinis rinkinys \"Magi\u0161kieji klijai\" - Montessori \u017eaislai","robots":{"index":"index","follow":"follow","max-snippet":"max-snippet:-1","max-image-preview":"max-image-preview:large","max-video-preview":"max-video-preview:-1"},"canonical":"https:\/\/monti.lt\/en\/product\/kurybinis-rinkinys-magiskieji-klijai\/","og_locale":"en_US","og_type":"article","og_title":"K\u016brybinis rinkinys \"Magi\u0161kieji klijai\" - Montessori \u017eaislai","og_description":"Magi\u0161koje d\u0117\u017eut\u0117je yra visi reikalingi elementai, reikalingi unikaliems spalving\u0173 fig\u016br\u0117li\u0173 pavidalo k\u016briniams sukurti.","og_url":"https:\/\/monti.lt\/en\/product\/kurybinis-rinkinys-magiskieji-klijai\/","og_site_name":"Montessori \u017eaislai","article_modified_time":"2026-03-24T09:09:28+00:00","og_image":[{"width":1600,"height":1200,"url":"https:\/\/monti.lt\/wp-content\/uploads\/2022\/03\/KX590373224.jpg","type":"image\/jpeg"}],"twitter_card":"summary_large_image","twitter_misc":{"Est. reading time":"1 minute"},"schema":{"@context":"https:\/\/schema.org","@graph":[{"@type":"WebPage","@id":"https:\/\/monti.lt\/product\/kurybinis-rinkinys-magiskieji-klijai\/","url":"https:\/\/monti.lt\/product\/kurybinis-rinkinys-magiskieji-klijai\/","name":"K\u016brybinis rinkinys \"Magi\u0161kieji klijai\" - Montessori \u017eaislai","isPartOf":{"@id":"https:\/\/monti.lt\/#website"},"primaryImageOfPage":{"@id":"https:\/\/monti.lt\/product\/kurybinis-rinkinys-magiskieji-klijai\/#primaryimage"},"image":{"@id":"https:\/\/monti.lt\/product\/kurybinis-rinkinys-magiskieji-klijai\/#primaryimage"},"thumbnailUrl":"https:\/\/monti.lt\/wp-content\/uploads\/2022\/03\/KX590373224.jpg","datePublished":"2022-03-15T18:50:05+00:00","dateModified":"2026-03-24T09:09:28+00:00","breadcrumb":{"@id":"https:\/\/monti.lt\/product\/kurybinis-rinkinys-magiskieji-klijai\/#breadcrumb"},"inLanguage":"en-US","potentialAction":[{"@type":"ReadAction","target":["https:\/\/monti.lt\/product\/kurybinis-rinkinys-magiskieji-klijai\/"]}]},{"@type":"ImageObject","inLanguage":"en-US","@id":"https:\/\/monti.lt\/product\/kurybinis-rinkinys-magiskieji-klijai\/#primaryimage","url":"https:\/\/monti.lt\/wp-content\/uploads\/2022\/03\/KX590373224.jpg","contentUrl":"https:\/\/monti.lt\/wp-content\/uploads\/2022\/03\/KX590373224.jpg","width":1600,"height":1200},{"@type":"BreadcrumbList","@id":"https:\/\/monti.lt\/product\/kurybinis-rinkinys-magiskieji-klijai\/#breadcrumb","itemListElement":[{"@type":"ListItem","position":1,"name":"Home","item":"https:\/\/monti.lt\/"},{"@type":"ListItem","position":2,"name":"Parduotuv\u0117","item":"https:\/\/monti.lt\/shop\/"},{"@type":"ListItem","position":3,"name":"K\u016brybinis rinkinys &#8220;Magi\u0161kieji klijai&#8221;"}]},{"@type":"WebSite","@id":"https:\/\/monti.lt\/#website","url":"https:\/\/monti.lt\/","name":"Montessori \u017eaislai","description":"","publisher":{"@id":"https:\/\/monti.lt\/#organization"},"potentialAction":[{"@type":"SearchAction","target":{"@type":"EntryPoint","urlTemplate":"https:\/\/monti.lt\/?s={search_term_string}"},"query-input":"required name=search_term_string"}],"inLanguage":"en-US"},{"@type":"Organization","@id":"https:\/\/monti.lt\/#organization","name":"Montessori \u017eaislai","url":"https:\/\/monti.lt\/","logo":{"@type":"ImageObject","inLanguage":"en-US","@id":"https:\/\/monti.lt\/#\/schema\/logo\/image\/","url":"https:\/\/monti.lt\/wp-content\/uploads\/2022\/03\/montilogo-1.png","contentUrl":"https:\/\/monti.lt\/wp-content\/uploads\/2022\/03\/montilogo-1.png","width":512,"height":512,"caption":"Montessori \u017eaislai"},"image":{"@id":"https:\/\/monti.lt\/#\/schema\/logo\/image\/"}}]}},"_links":{"self":[{"href":"https:\/\/monti.lt\/en\/wp-json\/wp\/v2\/product\/6930"}],"collection":[{"href":"https:\/\/monti.lt\/en\/wp-json\/wp\/v2\/product"}],"about":[{"href":"https:\/\/monti.lt\/en\/wp-json\/wp\/v2\/types\/product"}],"version-history":[{"count":2,"href":"https:\/\/monti.lt\/en\/wp-json\/wp\/v2\/product\/6930\/revisions"}],"predecessor-version":[{"id":19092,"href":"https:\/\/monti.lt\/en\/wp-json\/wp\/v2\/product\/6930\/revisions\/19092"}],"wp:featuredmedia":[{"embeddable":true,"href":"https:\/\/monti.lt\/en\/wp-json\/wp\/v2\/media\/6931"}],"wp:attachment":[{"href":"https:\/\/monti.lt\/en\/wp-json\/wp\/v2\/media?parent=6930"}],"wp:term":[{"taxonomy":"product_cat","embeddable":true,"href":"https:\/\/monti.lt\/en\/wp-json\/wp\/v2\/product_cat?post=6930"},{"taxonomy":"product_tag","embeddable":true,"href":"https:\/\/monti.lt\/en\/wp-json\/wp\/v2\/product_tag?post=6930"}],"curies":[{"name":"wp","href":"https:\/\/api.w.org\/{rel}","templated":true}]}}