{"id":7048,"date":"2022-03-15T20:24:29","date_gmt":"2022-03-15T20:24:29","guid":{"rendered":"https:\/\/monti.lt\/?post_type=product&#038;p=7048"},"modified":"2026-03-05T14:33:59","modified_gmt":"2026-03-05T14:33:59","slug":"montessori-deliones-rinkinys-akmenukai","status":"publish","type":"product","link":"https:\/\/monti.lt\/en\/product\/montessori-deliones-rinkinys-akmenukai\/","title":{"rendered":"Montessori d\u0117lion\u0117s rinkinys &#8220;Akmenukai&#8221;"},"content":{"rendered":"<p>Komplekto turinys:<br \/>\n36 \u012fvairi\u0173 form\u0173 ir spalv\u0173 akmenukai<br \/>\n20x korteli\u0173 su \u012fvairiomis u\u017eduotimis.<br \/>\n6 puodeliai<br \/>\n1x pincetas<br \/>\n2x kubeliai<\/p>","protected":false},"excerpt":{"rendered":"<p>Pasaki\u0161kai spalvingi lavinamieji akmenukai paskatins tyrin\u0117ti skai\u010di\u0173 pasaul\u012f, atrasti naujas formas ir kurti \u012fdomias konstrukcijas. Daugyb\u0117 \u0161io \u017eaidimo element\u0173 suteikia galimyb\u0119 be galo linkmintis ir mokytis. I\u0161 \u012fvairaus dyd\u017eio plok\u0161\u010di\u0173 akmenuk\u0173 galima kurti \u012fvairius ra\u0161tus ir strukt\u016bras. Sodrios spalvos ir originali forma patrauks kiekvieno vaiko d\u0117mes\u012f ir skatins gilinti matematin\u0117s \u017einias.<\/p>\n<p>Prakti\u0161ka pakuot\u0117 leis lengviau laikyti rinkin\u012f vienoje vietoje.<\/p>","protected":false},"featured_media":7049,"template":"","meta":{"_acf_changed":false,"iawp_total_views":609},"product_cat":[87,84,91,83,86,199,49,39],"product_tag":[96,97,98,99],"class_list":{"0":"post-7048","1":"product","2":"type-product","3":"status-publish","4":"has-post-thumbnail","6":"product_cat-kurybiniai-rinkiniai","7":"product_cat-lavinamieji-zaislai","8":"product_cat-loginiam-mastymui","9":"product_cat-montessori-zaislai","10":"product_cat-smulkioji-motorika","11":"product_cat-ugdymo-istaigoms","12":"product_cat-visi-zaislai","13":"product_cat-zaislai","14":"product_tag-2-m-3-m","15":"product_tag-3-m-4-m","16":"product_tag-5-m-7-m","17":"product_tag-8-m-11-m","19":"first","20":"outofstock","21":"taxable","22":"shipping-taxable","23":"purchasable","24":"product-type-simple"},"acf":[],"yoast_head":"<!-- This site is optimized with the Yoast SEO plugin v23.3 - https:\/\/yoast.com\/wordpress\/plugins\/seo\/ -->\n<title>Montessori d\u0117lion\u0117s rinkinys &quot;Akmenukai&quot; - Montessori \u017eaislai<\/title>\n<meta name=\"robots\" content=\"index, follow, max-snippet:-1, max-image-preview:large, max-video-preview:-1\" \/>\n<link rel=\"canonical\" href=\"https:\/\/monti.lt\/en\/product\/montessori-deliones-rinkinys-akmenukai\/\" \/>\n<meta property=\"og:locale\" content=\"en_US\" \/>\n<meta property=\"og:type\" content=\"article\" \/>\n<meta property=\"og:title\" content=\"Montessori d\u0117lion\u0117s rinkinys &quot;Akmenukai&quot; - Montessori \u017eaislai\" \/>\n<meta property=\"og:description\" content=\"Pasaki\u0161kai spalvingi lavinamieji akmenukai paskatins tyrin\u0117ti skai\u010di\u0173 pasaul\u012f, atrasti naujas formas ir kurti \u012fdomias konstrukcijas. Daugyb\u0117 \u0161io \u017eaidimo element\u0173 suteikia galimyb\u0119 be galo linkmintis ir mokytis. I\u0161 \u012fvairaus dyd\u017eio plok\u0161\u010di\u0173 akmenuk\u0173 galima kurti \u012fvairius ra\u0161tus ir strukt\u016bras. Sodrios spalvos ir originali forma patrauks kiekvieno vaiko d\u0117mes\u012f ir skatins gilinti matematin\u0117s \u017einias.  Prakti\u0161ka pakuot\u0117 leis lengviau laikyti rinkin\u012f vienoje vietoje.\" \/>\n<meta property=\"og:url\" content=\"https:\/\/monti.lt\/en\/product\/montessori-deliones-rinkinys-akmenukai\/\" \/>\n<meta property=\"og:site_name\" content=\"Montessori \u017eaislai\" \/>\n<meta property=\"article:modified_time\" content=\"2026-03-05T14:33:59+00:00\" \/>\n<meta property=\"og:image\" content=\"https:\/\/monti.lt\/wp-content\/uploads\/2022\/03\/KX628869304.jpg\" \/>\n\t<meta property=\"og:image:width\" content=\"1600\" \/>\n\t<meta property=\"og:image:height\" content=\"1600\" \/>\n\t<meta property=\"og:image:type\" content=\"image\/jpeg\" \/>\n<meta name=\"twitter:card\" content=\"summary_large_image\" \/>\n<script type=\"application\/ld+json\" class=\"yoast-schema-graph\">{\"@context\":\"https:\/\/schema.org\",\"@graph\":[{\"@type\":\"WebPage\",\"@id\":\"https:\/\/monti.lt\/product\/montessori-deliones-rinkinys-akmenukai\/\",\"url\":\"https:\/\/monti.lt\/product\/montessori-deliones-rinkinys-akmenukai\/\",\"name\":\"Montessori d\u0117lion\u0117s rinkinys \\\"Akmenukai\\\" - Montessori \u017eaislai\",\"isPartOf\":{\"@id\":\"https:\/\/monti.lt\/#website\"},\"primaryImageOfPage\":{\"@id\":\"https:\/\/monti.lt\/product\/montessori-deliones-rinkinys-akmenukai\/#primaryimage\"},\"image\":{\"@id\":\"https:\/\/monti.lt\/product\/montessori-deliones-rinkinys-akmenukai\/#primaryimage\"},\"thumbnailUrl\":\"https:\/\/monti.lt\/wp-content\/uploads\/2022\/03\/KX628869304.jpg\",\"datePublished\":\"2022-03-15T20:24:29+00:00\",\"dateModified\":\"2026-03-05T14:33:59+00:00\",\"breadcrumb\":{\"@id\":\"https:\/\/monti.lt\/product\/montessori-deliones-rinkinys-akmenukai\/#breadcrumb\"},\"inLanguage\":\"en-US\",\"potentialAction\":[{\"@type\":\"ReadAction\",\"target\":[\"https:\/\/monti.lt\/product\/montessori-deliones-rinkinys-akmenukai\/\"]}]},{\"@type\":\"ImageObject\",\"inLanguage\":\"en-US\",\"@id\":\"https:\/\/monti.lt\/product\/montessori-deliones-rinkinys-akmenukai\/#primaryimage\",\"url\":\"https:\/\/monti.lt\/wp-content\/uploads\/2022\/03\/KX628869304.jpg\",\"contentUrl\":\"https:\/\/monti.lt\/wp-content\/uploads\/2022\/03\/KX628869304.jpg\",\"width\":1600,\"height\":1600},{\"@type\":\"BreadcrumbList\",\"@id\":\"https:\/\/monti.lt\/product\/montessori-deliones-rinkinys-akmenukai\/#breadcrumb\",\"itemListElement\":[{\"@type\":\"ListItem\",\"position\":1,\"name\":\"Home\",\"item\":\"https:\/\/monti.lt\/\"},{\"@type\":\"ListItem\",\"position\":2,\"name\":\"Parduotuv\u0117\",\"item\":\"https:\/\/monti.lt\/shop\/\"},{\"@type\":\"ListItem\",\"position\":3,\"name\":\"Montessori d\u0117lion\u0117s rinkinys &#8220;Akmenukai&#8221;\"}]},{\"@type\":\"WebSite\",\"@id\":\"https:\/\/monti.lt\/#website\",\"url\":\"https:\/\/monti.lt\/\",\"name\":\"Montessori \u017eaislai\",\"description\":\"\",\"publisher\":{\"@id\":\"https:\/\/monti.lt\/#organization\"},\"potentialAction\":[{\"@type\":\"SearchAction\",\"target\":{\"@type\":\"EntryPoint\",\"urlTemplate\":\"https:\/\/monti.lt\/?s={search_term_string}\"},\"query-input\":\"required name=search_term_string\"}],\"inLanguage\":\"en-US\"},{\"@type\":\"Organization\",\"@id\":\"https:\/\/monti.lt\/#organization\",\"name\":\"Montessori \u017eaislai\",\"url\":\"https:\/\/monti.lt\/\",\"logo\":{\"@type\":\"ImageObject\",\"inLanguage\":\"en-US\",\"@id\":\"https:\/\/monti.lt\/#\/schema\/logo\/image\/\",\"url\":\"https:\/\/monti.lt\/wp-content\/uploads\/2022\/03\/montilogo-1.png\",\"contentUrl\":\"https:\/\/monti.lt\/wp-content\/uploads\/2022\/03\/montilogo-1.png\",\"width\":512,\"height\":512,\"caption\":\"Montessori \u017eaislai\"},\"image\":{\"@id\":\"https:\/\/monti.lt\/#\/schema\/logo\/image\/\"}}]}<\/script>\n<!-- \/ Yoast SEO plugin. -->","yoast_head_json":{"title":"Montessori d\u0117lion\u0117s rinkinys \"Akmenukai\" - Montessori \u017eaislai","robots":{"index":"index","follow":"follow","max-snippet":"max-snippet:-1","max-image-preview":"max-image-preview:large","max-video-preview":"max-video-preview:-1"},"canonical":"https:\/\/monti.lt\/en\/product\/montessori-deliones-rinkinys-akmenukai\/","og_locale":"en_US","og_type":"article","og_title":"Montessori d\u0117lion\u0117s rinkinys \"Akmenukai\" - Montessori \u017eaislai","og_description":"Pasaki\u0161kai spalvingi lavinamieji akmenukai paskatins tyrin\u0117ti skai\u010di\u0173 pasaul\u012f, atrasti naujas formas ir kurti \u012fdomias konstrukcijas. Daugyb\u0117 \u0161io \u017eaidimo element\u0173 suteikia galimyb\u0119 be galo linkmintis ir mokytis. I\u0161 \u012fvairaus dyd\u017eio plok\u0161\u010di\u0173 akmenuk\u0173 galima kurti \u012fvairius ra\u0161tus ir strukt\u016bras. Sodrios spalvos ir originali forma patrauks kiekvieno vaiko d\u0117mes\u012f ir skatins gilinti matematin\u0117s \u017einias.  Prakti\u0161ka pakuot\u0117 leis lengviau laikyti rinkin\u012f vienoje vietoje.","og_url":"https:\/\/monti.lt\/en\/product\/montessori-deliones-rinkinys-akmenukai\/","og_site_name":"Montessori \u017eaislai","article_modified_time":"2026-03-05T14:33:59+00:00","og_image":[{"width":1600,"height":1600,"url":"https:\/\/monti.lt\/wp-content\/uploads\/2022\/03\/KX628869304.jpg","type":"image\/jpeg"}],"twitter_card":"summary_large_image","schema":{"@context":"https:\/\/schema.org","@graph":[{"@type":"WebPage","@id":"https:\/\/monti.lt\/product\/montessori-deliones-rinkinys-akmenukai\/","url":"https:\/\/monti.lt\/product\/montessori-deliones-rinkinys-akmenukai\/","name":"Montessori d\u0117lion\u0117s rinkinys \"Akmenukai\" - Montessori \u017eaislai","isPartOf":{"@id":"https:\/\/monti.lt\/#website"},"primaryImageOfPage":{"@id":"https:\/\/monti.lt\/product\/montessori-deliones-rinkinys-akmenukai\/#primaryimage"},"image":{"@id":"https:\/\/monti.lt\/product\/montessori-deliones-rinkinys-akmenukai\/#primaryimage"},"thumbnailUrl":"https:\/\/monti.lt\/wp-content\/uploads\/2022\/03\/KX628869304.jpg","datePublished":"2022-03-15T20:24:29+00:00","dateModified":"2026-03-05T14:33:59+00:00","breadcrumb":{"@id":"https:\/\/monti.lt\/product\/montessori-deliones-rinkinys-akmenukai\/#breadcrumb"},"inLanguage":"en-US","potentialAction":[{"@type":"ReadAction","target":["https:\/\/monti.lt\/product\/montessori-deliones-rinkinys-akmenukai\/"]}]},{"@type":"ImageObject","inLanguage":"en-US","@id":"https:\/\/monti.lt\/product\/montessori-deliones-rinkinys-akmenukai\/#primaryimage","url":"https:\/\/monti.lt\/wp-content\/uploads\/2022\/03\/KX628869304.jpg","contentUrl":"https:\/\/monti.lt\/wp-content\/uploads\/2022\/03\/KX628869304.jpg","width":1600,"height":1600},{"@type":"BreadcrumbList","@id":"https:\/\/monti.lt\/product\/montessori-deliones-rinkinys-akmenukai\/#breadcrumb","itemListElement":[{"@type":"ListItem","position":1,"name":"Home","item":"https:\/\/monti.lt\/"},{"@type":"ListItem","position":2,"name":"Parduotuv\u0117","item":"https:\/\/monti.lt\/shop\/"},{"@type":"ListItem","position":3,"name":"Montessori d\u0117lion\u0117s rinkinys &#8220;Akmenukai&#8221;"}]},{"@type":"WebSite","@id":"https:\/\/monti.lt\/#website","url":"https:\/\/monti.lt\/","name":"Montessori \u017eaislai","description":"","publisher":{"@id":"https:\/\/monti.lt\/#organization"},"potentialAction":[{"@type":"SearchAction","target":{"@type":"EntryPoint","urlTemplate":"https:\/\/monti.lt\/?s={search_term_string}"},"query-input":"required name=search_term_string"}],"inLanguage":"en-US"},{"@type":"Organization","@id":"https:\/\/monti.lt\/#organization","name":"Montessori \u017eaislai","url":"https:\/\/monti.lt\/","logo":{"@type":"ImageObject","inLanguage":"en-US","@id":"https:\/\/monti.lt\/#\/schema\/logo\/image\/","url":"https:\/\/monti.lt\/wp-content\/uploads\/2022\/03\/montilogo-1.png","contentUrl":"https:\/\/monti.lt\/wp-content\/uploads\/2022\/03\/montilogo-1.png","width":512,"height":512,"caption":"Montessori \u017eaislai"},"image":{"@id":"https:\/\/monti.lt\/#\/schema\/logo\/image\/"}}]}},"_links":{"self":[{"href":"https:\/\/monti.lt\/en\/wp-json\/wp\/v2\/product\/7048"}],"collection":[{"href":"https:\/\/monti.lt\/en\/wp-json\/wp\/v2\/product"}],"about":[{"href":"https:\/\/monti.lt\/en\/wp-json\/wp\/v2\/types\/product"}],"version-history":[{"count":1,"href":"https:\/\/monti.lt\/en\/wp-json\/wp\/v2\/product\/7048\/revisions"}],"predecessor-version":[{"id":7052,"href":"https:\/\/monti.lt\/en\/wp-json\/wp\/v2\/product\/7048\/revisions\/7052"}],"wp:featuredmedia":[{"embeddable":true,"href":"https:\/\/monti.lt\/en\/wp-json\/wp\/v2\/media\/7049"}],"wp:attachment":[{"href":"https:\/\/monti.lt\/en\/wp-json\/wp\/v2\/media?parent=7048"}],"wp:term":[{"taxonomy":"product_cat","embeddable":true,"href":"https:\/\/monti.lt\/en\/wp-json\/wp\/v2\/product_cat?post=7048"},{"taxonomy":"product_tag","embeddable":true,"href":"https:\/\/monti.lt\/en\/wp-json\/wp\/v2\/product_tag?post=7048"}],"curies":[{"name":"wp","href":"https:\/\/api.w.org\/{rel}","templated":true}]}}