{"id":7085,"date":"2022-03-15T20:45:14","date_gmt":"2022-03-15T20:45:14","guid":{"rendered":"https:\/\/monti.lt\/?post_type=product&#038;p=7085"},"modified":"2026-02-07T16:49:57","modified_gmt":"2026-02-07T16:49:57","slug":"montessori-medine-trasa-xxl","status":"publish","type":"product","link":"https:\/\/monti.lt\/en\/product\/montessori-medine-trasa-xxl\/","title":{"rendered":"Montessori medin\u0117 trasa XXL"},"content":{"rendered":"<p><strong>MEDINIS KAMUOLI\u0172 TAKAS<\/strong><\/p>\n<p>Fantasti\u0161ka medin\u0117 trasa kamuoliams ir automobiliams prad\u017eiugins kiekvien\u0105 ma\u017e\u0105j\u012f tyrin\u0117toj\u0105.<\/p>\n<p>Priimkite i\u0161\u0161\u016bk\u012f ir organizuokite var\u017eybas \u2013 patikrinkite, kuris kamuolys bus greitesnis.<\/p>\n<p>Pakeliui j\u016bs\u0173 laukia jaudinantys \u0161uoliai i\u0161 vieno auk\u0161to \u012f kit\u0105.<\/p>\n<p>Steb\u0117kite, kokiu tikslumu trasa keliauja kulkos ir automobilis.<\/p>\n<p>Leiskite save nuvilioti \u012fdomi\u0173 nuotyki\u0173.<\/p>\n<p>Medinis takelis \u2013 tai ne tik \u012fdomus \u017eaidimas, bet ir tinkama vaiko raidos palaikymo forma.<\/p>\n<p>\u017daidimas su takeliu lavina ma\u017eylio login\u012f m\u0105stym\u0105 ir rankinius \u012fg\u016bd\u017eius. Paprastos formos, nat\u016bralios med\u017eiagos, specifin\u0117s u\u017eduotys \u00a0\u2013 visa tai dera su filosofija<\/p>\n<p>Montessori, t.y. formuojantis jaun\u0105 \u017emog\u0173, orientuojantis \u012f\u00a0 jo savaranki\u0161kumo ugdym\u0105. Jie yra pagr\u012fsti skatinant ir suteikiant galimyb\u0119 ma\u017eiems vaikams atrasti ir mokytis<\/p>\n<p>ir veiksmus kartu su\u017eadindami smalsum\u0105 pasauliui.<\/p>\n<p><strong>Linksmintis yra saugi pramoga!<\/strong><\/p>\n<p>Visa tai kruop\u0161\u010diai nu\u0161lifuota taip, kad vaikas \u017eaisdamas neki\u0161t\u0173 skeveldros \u012f rankas.<\/p>\n<p>K\u016brybi\u0161kas \u017eaislas, su kuriuo n\u0117ra kada nuobod\u017eiauti.<\/p>\n<p>Puiki pramoga garantuota!<\/p>\n<p>Puiki dovanos id\u0117ja ma\u017eam vis\u0173 kamuoli\u0173 ir automobili\u0173 tras\u0173 gerb\u0117jui.<\/p>\n<p>Taip pat tur\u0117tume prisiminti, kad mediniai \u017eaislai yra draugi\u0161ki aplinkai.<\/p>\n<p>Rutulio trasa tikrai patiks visiems t\u0117veliams, ie\u0161kantiems ekologi\u0161k\u0173 \u017eaisl\u0173 savo ma\u017eyliams.<\/p>\n<p>Produktas, skirtas savaranki\u0161kai montuoti. Visos prek\u0117s yra \u012ftrauktos.<\/p>","protected":false},"excerpt":{"rendered":"<p>Fantasti\u0161ka medin\u0117 trasa kamuoliams ir automobiliams prad\u017eiugins kiekvien\u0105 ma\u017e\u0105j\u012f tyrin\u0117toj\u0105!<\/p>\n<p>Priimkite i\u0161\u0161\u016bk\u012f ir organizuokite var\u017eybas \u2013 patikrinkite, kuris kamuolys bus greitesnis!<\/p>\n<p>Steb\u0117kite, kokiu tikslumu kamuoliukai ir automobilis kerta tras\u0105. Medinis takelis \u2013 tai ne tik \u012fdomus \u017eaidimas, bet ir tinkama vaiko raidos palaikymo forma.<\/p>\n<p>\u017daidimas su takeliu lavina ma\u017eylio login\u012f m\u0105stym\u0105 ir motorik\u0105. Paprastos formos, nat\u016bralios med\u017eiagos, specifin\u0117s u\u017eduotys \u2013 visa tai dera su Montessori metodologija.<\/p>\n<p>Montessori metodologija yra orientuota \u012f savaranki\u0161kumo ugdym\u0105, skatinant ir suteikiant galimyb\u0119 ma\u017eiems vaikams atrasti ir mokytis<\/p>\n<p>kartu su\u017eadindami smalsum\u0105 pasauliui.<\/p>","protected":false},"featured_media":28160,"template":"","meta":{"_acf_changed":false,"iawp_total_views":1559},"product_cat":[193,194,195,197,196,191,82,192,84,91,102,83,90,86,199,49,39,215],"product_tag":[96,97,98],"class_list":{"0":"post-7085","1":"product","2":"type-product","3":"status-publish","4":"has-post-thumbnail","6":"product_cat-dovanos-vaikams-1-2-metu","7":"product_cat-dovanos-vaikams-2-3-metu","8":"product_cat-dovanos-vaikams-3-4-metu","9":"product_cat-dovanos-berniukams","10":"product_cat-dovanos-mergaitems","11":"product_cat-dovanos-vaikams","12":"product_cat-ispardavimas","13":"product_cat-kaledines-dovanos-vaikams","14":"product_cat-lavinamieji-zaislai","15":"product_cat-loginiam-mastymui","16":"product_cat-mediniai-zaislai","17":"product_cat-montessori-zaislai","18":"product_cat-pasaulio-pazinimas","19":"product_cat-smulkioji-motorika","20":"product_cat-ugdymo-istaigoms","21":"product_cat-visi-zaislai","22":"product_cat-zaislai","23":"product_cat-zaislai-berniukams","24":"product_tag-2-m-3-m","25":"product_tag-3-m-4-m","26":"product_tag-5-m-7-m","28":"first","29":"outofstock","30":"sale","31":"taxable","32":"shipping-taxable","33":"purchasable","34":"product-type-simple"},"acf":[],"yoast_head":"<!-- This site is optimized with the Yoast SEO plugin v23.3 - https:\/\/yoast.com\/wordpress\/plugins\/seo\/ -->\n<title>Montessori medin\u0117 trasa XXL - Montessori \u017eaislai<\/title>\n<meta name=\"robots\" content=\"index, follow, max-snippet:-1, max-image-preview:large, max-video-preview:-1\" \/>\n<link rel=\"canonical\" href=\"https:\/\/monti.lt\/en\/product\/montessori-medine-trasa-xxl\/\" \/>\n<meta property=\"og:locale\" content=\"en_US\" \/>\n<meta property=\"og:type\" content=\"article\" \/>\n<meta property=\"og:title\" content=\"Montessori medin\u0117 trasa XXL - Montessori \u017eaislai\" \/>\n<meta property=\"og:description\" content=\"Fantasti\u0161ka medin\u0117 trasa kamuoliams ir automobiliams prad\u017eiugins kiekvien\u0105 ma\u017e\u0105j\u012f tyrin\u0117toj\u0105!  Priimkite i\u0161\u0161\u016bk\u012f ir organizuokite var\u017eybas \u2013 patikrinkite, kuris kamuolys bus greitesnis!  Steb\u0117kite, kokiu tikslumu kamuoliukai ir automobilis kerta tras\u0105. Medinis takelis \u2013 tai ne tik \u012fdomus \u017eaidimas, bet ir tinkama vaiko raidos palaikymo forma.  \u017daidimas su takeliu lavina ma\u017eylio login\u012f m\u0105stym\u0105 ir motorik\u0105. Paprastos formos, nat\u016bralios med\u017eiagos, specifin\u0117s u\u017eduotys \u2013 visa tai dera su Montessori metodologija.  Montessori metodologija yra orientuota \u012f savaranki\u0161kumo ugdym\u0105, skatinant ir suteikiant galimyb\u0119 ma\u017eiems vaikams atrasti ir mokytis  kartu su\u017eadindami smalsum\u0105 pasauliui.\" \/>\n<meta property=\"og:url\" content=\"https:\/\/monti.lt\/en\/product\/montessori-medine-trasa-xxl\/\" \/>\n<meta property=\"og:site_name\" content=\"Montessori \u017eaislai\" \/>\n<meta property=\"article:modified_time\" content=\"2026-02-07T16:49:57+00:00\" \/>\n<meta property=\"og:image\" content=\"https:\/\/monti.lt\/wp-content\/uploads\/2022\/03\/LULILO-wooden-ball-track-ballodrome-IRI-70cm-XXL-106097.jpg\" \/>\n\t<meta property=\"og:image:width\" content=\"1024\" \/>\n\t<meta property=\"og:image:height\" content=\"1024\" \/>\n\t<meta property=\"og:image:type\" content=\"image\/jpeg\" \/>\n<meta name=\"twitter:card\" content=\"summary_large_image\" \/>\n<meta name=\"twitter:label1\" content=\"Est. reading time\" \/>\n\t<meta name=\"twitter:data1\" content=\"2 minutes\" \/>\n<script type=\"application\/ld+json\" class=\"yoast-schema-graph\">{\"@context\":\"https:\/\/schema.org\",\"@graph\":[{\"@type\":\"WebPage\",\"@id\":\"https:\/\/monti.lt\/product\/montessori-medine-trasa-xxl\/\",\"url\":\"https:\/\/monti.lt\/product\/montessori-medine-trasa-xxl\/\",\"name\":\"Montessori medin\u0117 trasa XXL - Montessori \u017eaislai\",\"isPartOf\":{\"@id\":\"https:\/\/monti.lt\/#website\"},\"primaryImageOfPage\":{\"@id\":\"https:\/\/monti.lt\/product\/montessori-medine-trasa-xxl\/#primaryimage\"},\"image\":{\"@id\":\"https:\/\/monti.lt\/product\/montessori-medine-trasa-xxl\/#primaryimage\"},\"thumbnailUrl\":\"https:\/\/monti.lt\/wp-content\/uploads\/2022\/03\/LULILO-wooden-ball-track-ballodrome-IRI-70cm-XXL-106097.jpg\",\"datePublished\":\"2022-03-15T20:45:14+00:00\",\"dateModified\":\"2026-02-07T16:49:57+00:00\",\"breadcrumb\":{\"@id\":\"https:\/\/monti.lt\/product\/montessori-medine-trasa-xxl\/#breadcrumb\"},\"inLanguage\":\"en-US\",\"potentialAction\":[{\"@type\":\"ReadAction\",\"target\":[\"https:\/\/monti.lt\/product\/montessori-medine-trasa-xxl\/\"]}]},{\"@type\":\"ImageObject\",\"inLanguage\":\"en-US\",\"@id\":\"https:\/\/monti.lt\/product\/montessori-medine-trasa-xxl\/#primaryimage\",\"url\":\"https:\/\/monti.lt\/wp-content\/uploads\/2022\/03\/LULILO-wooden-ball-track-ballodrome-IRI-70cm-XXL-106097.jpg\",\"contentUrl\":\"https:\/\/monti.lt\/wp-content\/uploads\/2022\/03\/LULILO-wooden-ball-track-ballodrome-IRI-70cm-XXL-106097.jpg\",\"width\":1024,\"height\":1024},{\"@type\":\"BreadcrumbList\",\"@id\":\"https:\/\/monti.lt\/product\/montessori-medine-trasa-xxl\/#breadcrumb\",\"itemListElement\":[{\"@type\":\"ListItem\",\"position\":1,\"name\":\"Home\",\"item\":\"https:\/\/monti.lt\/\"},{\"@type\":\"ListItem\",\"position\":2,\"name\":\"Parduotuv\u0117\",\"item\":\"https:\/\/monti.lt\/shop\/\"},{\"@type\":\"ListItem\",\"position\":3,\"name\":\"Montessori medin\u0117 trasa XXL\"}]},{\"@type\":\"WebSite\",\"@id\":\"https:\/\/monti.lt\/#website\",\"url\":\"https:\/\/monti.lt\/\",\"name\":\"Montessori \u017eaislai\",\"description\":\"\",\"publisher\":{\"@id\":\"https:\/\/monti.lt\/#organization\"},\"potentialAction\":[{\"@type\":\"SearchAction\",\"target\":{\"@type\":\"EntryPoint\",\"urlTemplate\":\"https:\/\/monti.lt\/?s={search_term_string}\"},\"query-input\":\"required name=search_term_string\"}],\"inLanguage\":\"en-US\"},{\"@type\":\"Organization\",\"@id\":\"https:\/\/monti.lt\/#organization\",\"name\":\"Montessori \u017eaislai\",\"url\":\"https:\/\/monti.lt\/\",\"logo\":{\"@type\":\"ImageObject\",\"inLanguage\":\"en-US\",\"@id\":\"https:\/\/monti.lt\/#\/schema\/logo\/image\/\",\"url\":\"https:\/\/monti.lt\/wp-content\/uploads\/2022\/03\/montilogo-1.png\",\"contentUrl\":\"https:\/\/monti.lt\/wp-content\/uploads\/2022\/03\/montilogo-1.png\",\"width\":512,\"height\":512,\"caption\":\"Montessori \u017eaislai\"},\"image\":{\"@id\":\"https:\/\/monti.lt\/#\/schema\/logo\/image\/\"}}]}<\/script>\n<!-- \/ Yoast SEO plugin. -->","yoast_head_json":{"title":"Montessori medin\u0117 trasa XXL - Montessori \u017eaislai","robots":{"index":"index","follow":"follow","max-snippet":"max-snippet:-1","max-image-preview":"max-image-preview:large","max-video-preview":"max-video-preview:-1"},"canonical":"https:\/\/monti.lt\/en\/product\/montessori-medine-trasa-xxl\/","og_locale":"en_US","og_type":"article","og_title":"Montessori medin\u0117 trasa XXL - Montessori \u017eaislai","og_description":"Fantasti\u0161ka medin\u0117 trasa kamuoliams ir automobiliams prad\u017eiugins kiekvien\u0105 ma\u017e\u0105j\u012f tyrin\u0117toj\u0105!  Priimkite i\u0161\u0161\u016bk\u012f ir organizuokite var\u017eybas \u2013 patikrinkite, kuris kamuolys bus greitesnis!  Steb\u0117kite, kokiu tikslumu kamuoliukai ir automobilis kerta tras\u0105. Medinis takelis \u2013 tai ne tik \u012fdomus \u017eaidimas, bet ir tinkama vaiko raidos palaikymo forma.  \u017daidimas su takeliu lavina ma\u017eylio login\u012f m\u0105stym\u0105 ir motorik\u0105. Paprastos formos, nat\u016bralios med\u017eiagos, specifin\u0117s u\u017eduotys \u2013 visa tai dera su Montessori metodologija.  Montessori metodologija yra orientuota \u012f savaranki\u0161kumo ugdym\u0105, skatinant ir suteikiant galimyb\u0119 ma\u017eiems vaikams atrasti ir mokytis  kartu su\u017eadindami smalsum\u0105 pasauliui.","og_url":"https:\/\/monti.lt\/en\/product\/montessori-medine-trasa-xxl\/","og_site_name":"Montessori \u017eaislai","article_modified_time":"2026-02-07T16:49:57+00:00","og_image":[{"width":1024,"height":1024,"url":"https:\/\/monti.lt\/wp-content\/uploads\/2022\/03\/LULILO-wooden-ball-track-ballodrome-IRI-70cm-XXL-106097.jpg","type":"image\/jpeg"}],"twitter_card":"summary_large_image","twitter_misc":{"Est. reading time":"2 minutes"},"schema":{"@context":"https:\/\/schema.org","@graph":[{"@type":"WebPage","@id":"https:\/\/monti.lt\/product\/montessori-medine-trasa-xxl\/","url":"https:\/\/monti.lt\/product\/montessori-medine-trasa-xxl\/","name":"Montessori medin\u0117 trasa XXL - Montessori \u017eaislai","isPartOf":{"@id":"https:\/\/monti.lt\/#website"},"primaryImageOfPage":{"@id":"https:\/\/monti.lt\/product\/montessori-medine-trasa-xxl\/#primaryimage"},"image":{"@id":"https:\/\/monti.lt\/product\/montessori-medine-trasa-xxl\/#primaryimage"},"thumbnailUrl":"https:\/\/monti.lt\/wp-content\/uploads\/2022\/03\/LULILO-wooden-ball-track-ballodrome-IRI-70cm-XXL-106097.jpg","datePublished":"2022-03-15T20:45:14+00:00","dateModified":"2026-02-07T16:49:57+00:00","breadcrumb":{"@id":"https:\/\/monti.lt\/product\/montessori-medine-trasa-xxl\/#breadcrumb"},"inLanguage":"en-US","potentialAction":[{"@type":"ReadAction","target":["https:\/\/monti.lt\/product\/montessori-medine-trasa-xxl\/"]}]},{"@type":"ImageObject","inLanguage":"en-US","@id":"https:\/\/monti.lt\/product\/montessori-medine-trasa-xxl\/#primaryimage","url":"https:\/\/monti.lt\/wp-content\/uploads\/2022\/03\/LULILO-wooden-ball-track-ballodrome-IRI-70cm-XXL-106097.jpg","contentUrl":"https:\/\/monti.lt\/wp-content\/uploads\/2022\/03\/LULILO-wooden-ball-track-ballodrome-IRI-70cm-XXL-106097.jpg","width":1024,"height":1024},{"@type":"BreadcrumbList","@id":"https:\/\/monti.lt\/product\/montessori-medine-trasa-xxl\/#breadcrumb","itemListElement":[{"@type":"ListItem","position":1,"name":"Home","item":"https:\/\/monti.lt\/"},{"@type":"ListItem","position":2,"name":"Parduotuv\u0117","item":"https:\/\/monti.lt\/shop\/"},{"@type":"ListItem","position":3,"name":"Montessori medin\u0117 trasa XXL"}]},{"@type":"WebSite","@id":"https:\/\/monti.lt\/#website","url":"https:\/\/monti.lt\/","name":"Montessori \u017eaislai","description":"","publisher":{"@id":"https:\/\/monti.lt\/#organization"},"potentialAction":[{"@type":"SearchAction","target":{"@type":"EntryPoint","urlTemplate":"https:\/\/monti.lt\/?s={search_term_string}"},"query-input":"required name=search_term_string"}],"inLanguage":"en-US"},{"@type":"Organization","@id":"https:\/\/monti.lt\/#organization","name":"Montessori \u017eaislai","url":"https:\/\/monti.lt\/","logo":{"@type":"ImageObject","inLanguage":"en-US","@id":"https:\/\/monti.lt\/#\/schema\/logo\/image\/","url":"https:\/\/monti.lt\/wp-content\/uploads\/2022\/03\/montilogo-1.png","contentUrl":"https:\/\/monti.lt\/wp-content\/uploads\/2022\/03\/montilogo-1.png","width":512,"height":512,"caption":"Montessori \u017eaislai"},"image":{"@id":"https:\/\/monti.lt\/#\/schema\/logo\/image\/"}}]}},"_links":{"self":[{"href":"https:\/\/monti.lt\/en\/wp-json\/wp\/v2\/product\/7085"}],"collection":[{"href":"https:\/\/monti.lt\/en\/wp-json\/wp\/v2\/product"}],"about":[{"href":"https:\/\/monti.lt\/en\/wp-json\/wp\/v2\/types\/product"}],"version-history":[{"count":4,"href":"https:\/\/monti.lt\/en\/wp-json\/wp\/v2\/product\/7085\/revisions"}],"predecessor-version":[{"id":28166,"href":"https:\/\/monti.lt\/en\/wp-json\/wp\/v2\/product\/7085\/revisions\/28166"}],"wp:featuredmedia":[{"embeddable":true,"href":"https:\/\/monti.lt\/en\/wp-json\/wp\/v2\/media\/28160"}],"wp:attachment":[{"href":"https:\/\/monti.lt\/en\/wp-json\/wp\/v2\/media?parent=7085"}],"wp:term":[{"taxonomy":"product_cat","embeddable":true,"href":"https:\/\/monti.lt\/en\/wp-json\/wp\/v2\/product_cat?post=7085"},{"taxonomy":"product_tag","embeddable":true,"href":"https:\/\/monti.lt\/en\/wp-json\/wp\/v2\/product_tag?post=7085"}],"curies":[{"name":"wp","href":"https:\/\/api.w.org\/{rel}","templated":true}]}}