{"id":7183,"date":"2022-03-16T15:49:14","date_gmt":"2022-03-16T15:49:14","guid":{"rendered":"https:\/\/monti.lt\/?post_type=product&#038;p=7183"},"modified":"2025-12-16T09:36:35","modified_gmt":"2025-12-16T09:36:35","slug":"spalvotas-metalofonas","status":"publish","type":"product","link":"https:\/\/monti.lt\/en\/product\/spalvotas-metalofonas\/","title":{"rendered":"Spalvotas metalofonas"},"content":{"rendered":"<p>Rinkinio sud\u0117tis:<br \/>\nmetalofonas;<br \/>\n2x lazdel\u0117s.<\/p>\n<p>Vaivoryk\u0161tiniai cimbolai yra idealus lavinamasis \u017eaislas patiems ma\u017eiausiems, norint supa\u017eindinti juos su muzika ir galbut ikvepti muzikin\u0119 aistr\u0105 ateinantiems metams.&nbsp;<strong>8 metalines plok\u0161tes mediniame reme leis groti 8 skirtingus tonus (visas diapazonas), todel puikiai tiks groti paprastas melodijas.<\/strong><strong>&nbsp;<\/strong>Pakanka \u0161velniai pataikyti i komplekte esan\u010dias lazdas, kad i\u0161 ju pasigirstu garsas. Turis priklauso nuo smugio stiprumo.<\/p>\n<p>Cimbolai turi teigiam\u0105 poveiki&nbsp;<strong>gebejimas atpa\u017einti garsus ir ritmo pojuti<\/strong>&nbsp;vaike. Be to, \u017eaislas&nbsp;tai taip pat <strong>skatina kurybi\u0161kum\u0105 ir kurybini m\u0105stym\u0105<\/strong><strong>&nbsp;moko kantrybes, gerina atminti ir koncentracij\u0105, lavina rankinius igud\u017eius.<\/strong>&nbsp;Tai leis laik\u0105 leisti maloniai ir tuo pa\u010diu naudingai. \u017diaunos pasaki\u0161kai gyvos ir \u0161iltos, todel tikrai patrauks vaiko demesi ir paskatins jas naudotis. Jie dirbs puikiai&nbsp;<strong>mokantis spalvu, taip pat pirmosios skai\u010diavimo pamokos.<\/strong><\/p>\n<p>Neabejotinai, kad lek\u0161tutes vaik\u0105 ilgai u\u017eimtu, tuo pa\u010diu mokys ir linksmins. Kaip \u017einia, vaikas geriausiai mokosi budamas aktyvus. Instrumentu galima groti vienas, su suaugusiais ar su kitais grupes vaikais, o tai papildomai itakoja socialiniu ir integraciniu igud\u017eiu ugdym\u0105. Lygus plok\u0161\u010diu kra\u0161tai ir medinis iri\u0161imas yra kuo geresni<strong>&nbsp;saugus vaiko sveikatai.&nbsp;<\/strong>Cimbolai puikiai tinka kaip pirmasis instrumentas vaikui. Tai puiki dovana pradedan\u010diajam muzikantui, tiek berniukui, tiek mergaitei.<\/p>","protected":false},"excerpt":{"rendered":"<p>Spalvingas metalofonas su mediniu r\u0117mu, puikiai tiks pradedan\u010diajam muzikantui. Instrumentas pagamintas i\u0161 a\u0161tuoni\u0173 skirting\u0173 spalv\u0173 plok\u0161teli\u0173. Skirtingi garsai leis groti paprastas melodijas.<br \/>\n\u017daidimas \u0161iuo instrumentu moko vaikus atpa\u017einti garsus ir teigiamai veikia ritmo poj\u016bt\u012f.<\/p>","protected":false},"featured_media":7186,"template":"","meta":{"_acf_changed":false,"iawp_total_views":1048},"product_cat":[218,84,102,85,199,49,39],"product_tag":[96,97,98],"class_list":{"0":"post-7183","1":"product","2":"type-product","3":"status-publish","4":"has-post-thumbnail","6":"product_cat-darzeliu-grupems","7":"product_cat-lavinamieji-zaislai","8":"product_cat-mediniai-zaislai","9":"product_cat-muzikiniai-zaislai","10":"product_cat-ugdymo-istaigoms","11":"product_cat-visi-zaislai","12":"product_cat-zaislai","13":"product_tag-2-m-3-m","14":"product_tag-3-m-4-m","15":"product_tag-5-m-7-m","17":"first","18":"outofstock","19":"taxable","20":"shipping-taxable","21":"purchasable","22":"product-type-simple"},"acf":[],"yoast_head":"<!-- This site is optimized with the Yoast SEO plugin v23.3 - https:\/\/yoast.com\/wordpress\/plugins\/seo\/ -->\n<title>Spalvotas metalofonas - Montessori \u017eaislai<\/title>\n<meta name=\"robots\" content=\"index, follow, max-snippet:-1, max-image-preview:large, max-video-preview:-1\" \/>\n<link rel=\"canonical\" href=\"https:\/\/monti.lt\/en\/product\/spalvotas-metalofonas\/\" \/>\n<meta property=\"og:locale\" content=\"en_US\" \/>\n<meta property=\"og:type\" content=\"article\" \/>\n<meta property=\"og:title\" content=\"Spalvotas metalofonas - Montessori \u017eaislai\" \/>\n<meta property=\"og:description\" content=\"Spalvingas metalofonas su mediniu r\u0117mu, puikiai tiks pradedan\u010diajam muzikantui. Instrumentas pagamintas i\u0161 a\u0161tuoni\u0173 skirting\u0173 spalv\u0173 plok\u0161teli\u0173. Skirtingi garsai leis groti paprastas melodijas. \u017daidimas \u0161iuo instrumentu moko vaikus atpa\u017einti garsus ir teigiamai veikia ritmo poj\u016bt\u012f.\" \/>\n<meta property=\"og:url\" content=\"https:\/\/monti.lt\/en\/product\/spalvotas-metalofonas\/\" \/>\n<meta property=\"og:site_name\" content=\"Montessori \u017eaislai\" \/>\n<meta property=\"article:modified_time\" content=\"2025-12-16T09:36:35+00:00\" \/>\n<meta property=\"og:image\" content=\"https:\/\/monti.lt\/wp-content\/uploads\/2022\/03\/Cymbalki_kolorowe_drewniane_edukacyjne_2-scaled.jpg\" \/>\n\t<meta property=\"og:image:width\" content=\"2560\" \/>\n\t<meta property=\"og:image:height\" content=\"2019\" \/>\n\t<meta property=\"og:image:type\" content=\"image\/jpeg\" \/>\n<meta name=\"twitter:card\" content=\"summary_large_image\" \/>\n<meta name=\"twitter:label1\" content=\"Est. reading time\" \/>\n\t<meta name=\"twitter:data1\" content=\"2 minutes\" \/>\n<script type=\"application\/ld+json\" class=\"yoast-schema-graph\">{\"@context\":\"https:\/\/schema.org\",\"@graph\":[{\"@type\":\"WebPage\",\"@id\":\"https:\/\/monti.lt\/product\/spalvotas-metalofonas\/\",\"url\":\"https:\/\/monti.lt\/product\/spalvotas-metalofonas\/\",\"name\":\"Spalvotas metalofonas - Montessori \u017eaislai\",\"isPartOf\":{\"@id\":\"https:\/\/monti.lt\/#website\"},\"primaryImageOfPage\":{\"@id\":\"https:\/\/monti.lt\/product\/spalvotas-metalofonas\/#primaryimage\"},\"image\":{\"@id\":\"https:\/\/monti.lt\/product\/spalvotas-metalofonas\/#primaryimage\"},\"thumbnailUrl\":\"https:\/\/monti.lt\/wp-content\/uploads\/2022\/03\/Cymbalki_kolorowe_drewniane_edukacyjne_2-scaled.jpg\",\"datePublished\":\"2022-03-16T15:49:14+00:00\",\"dateModified\":\"2025-12-16T09:36:35+00:00\",\"breadcrumb\":{\"@id\":\"https:\/\/monti.lt\/product\/spalvotas-metalofonas\/#breadcrumb\"},\"inLanguage\":\"en-US\",\"potentialAction\":[{\"@type\":\"ReadAction\",\"target\":[\"https:\/\/monti.lt\/product\/spalvotas-metalofonas\/\"]}]},{\"@type\":\"ImageObject\",\"inLanguage\":\"en-US\",\"@id\":\"https:\/\/monti.lt\/product\/spalvotas-metalofonas\/#primaryimage\",\"url\":\"https:\/\/monti.lt\/wp-content\/uploads\/2022\/03\/Cymbalki_kolorowe_drewniane_edukacyjne_2-scaled.jpg\",\"contentUrl\":\"https:\/\/monti.lt\/wp-content\/uploads\/2022\/03\/Cymbalki_kolorowe_drewniane_edukacyjne_2-scaled.jpg\",\"width\":2560,\"height\":2019,\"caption\":\"metalofonas\"},{\"@type\":\"BreadcrumbList\",\"@id\":\"https:\/\/monti.lt\/product\/spalvotas-metalofonas\/#breadcrumb\",\"itemListElement\":[{\"@type\":\"ListItem\",\"position\":1,\"name\":\"Home\",\"item\":\"https:\/\/monti.lt\/\"},{\"@type\":\"ListItem\",\"position\":2,\"name\":\"Parduotuv\u0117\",\"item\":\"https:\/\/monti.lt\/shop\/\"},{\"@type\":\"ListItem\",\"position\":3,\"name\":\"Spalvotas metalofonas\"}]},{\"@type\":\"WebSite\",\"@id\":\"https:\/\/monti.lt\/#website\",\"url\":\"https:\/\/monti.lt\/\",\"name\":\"Montessori \u017eaislai\",\"description\":\"\",\"publisher\":{\"@id\":\"https:\/\/monti.lt\/#organization\"},\"potentialAction\":[{\"@type\":\"SearchAction\",\"target\":{\"@type\":\"EntryPoint\",\"urlTemplate\":\"https:\/\/monti.lt\/?s={search_term_string}\"},\"query-input\":\"required name=search_term_string\"}],\"inLanguage\":\"en-US\"},{\"@type\":\"Organization\",\"@id\":\"https:\/\/monti.lt\/#organization\",\"name\":\"Montessori \u017eaislai\",\"url\":\"https:\/\/monti.lt\/\",\"logo\":{\"@type\":\"ImageObject\",\"inLanguage\":\"en-US\",\"@id\":\"https:\/\/monti.lt\/#\/schema\/logo\/image\/\",\"url\":\"https:\/\/monti.lt\/wp-content\/uploads\/2022\/03\/montilogo-1.png\",\"contentUrl\":\"https:\/\/monti.lt\/wp-content\/uploads\/2022\/03\/montilogo-1.png\",\"width\":512,\"height\":512,\"caption\":\"Montessori \u017eaislai\"},\"image\":{\"@id\":\"https:\/\/monti.lt\/#\/schema\/logo\/image\/\"}}]}<\/script>\n<!-- \/ Yoast SEO plugin. -->","yoast_head_json":{"title":"Spalvotas metalofonas - Montessori \u017eaislai","robots":{"index":"index","follow":"follow","max-snippet":"max-snippet:-1","max-image-preview":"max-image-preview:large","max-video-preview":"max-video-preview:-1"},"canonical":"https:\/\/monti.lt\/en\/product\/spalvotas-metalofonas\/","og_locale":"en_US","og_type":"article","og_title":"Spalvotas metalofonas - Montessori \u017eaislai","og_description":"Spalvingas metalofonas su mediniu r\u0117mu, puikiai tiks pradedan\u010diajam muzikantui. Instrumentas pagamintas i\u0161 a\u0161tuoni\u0173 skirting\u0173 spalv\u0173 plok\u0161teli\u0173. Skirtingi garsai leis groti paprastas melodijas. \u017daidimas \u0161iuo instrumentu moko vaikus atpa\u017einti garsus ir teigiamai veikia ritmo poj\u016bt\u012f.","og_url":"https:\/\/monti.lt\/en\/product\/spalvotas-metalofonas\/","og_site_name":"Montessori \u017eaislai","article_modified_time":"2025-12-16T09:36:35+00:00","og_image":[{"width":2560,"height":2019,"url":"https:\/\/monti.lt\/wp-content\/uploads\/2022\/03\/Cymbalki_kolorowe_drewniane_edukacyjne_2-scaled.jpg","type":"image\/jpeg"}],"twitter_card":"summary_large_image","twitter_misc":{"Est. reading time":"2 minutes"},"schema":{"@context":"https:\/\/schema.org","@graph":[{"@type":"WebPage","@id":"https:\/\/monti.lt\/product\/spalvotas-metalofonas\/","url":"https:\/\/monti.lt\/product\/spalvotas-metalofonas\/","name":"Spalvotas metalofonas - Montessori \u017eaislai","isPartOf":{"@id":"https:\/\/monti.lt\/#website"},"primaryImageOfPage":{"@id":"https:\/\/monti.lt\/product\/spalvotas-metalofonas\/#primaryimage"},"image":{"@id":"https:\/\/monti.lt\/product\/spalvotas-metalofonas\/#primaryimage"},"thumbnailUrl":"https:\/\/monti.lt\/wp-content\/uploads\/2022\/03\/Cymbalki_kolorowe_drewniane_edukacyjne_2-scaled.jpg","datePublished":"2022-03-16T15:49:14+00:00","dateModified":"2025-12-16T09:36:35+00:00","breadcrumb":{"@id":"https:\/\/monti.lt\/product\/spalvotas-metalofonas\/#breadcrumb"},"inLanguage":"en-US","potentialAction":[{"@type":"ReadAction","target":["https:\/\/monti.lt\/product\/spalvotas-metalofonas\/"]}]},{"@type":"ImageObject","inLanguage":"en-US","@id":"https:\/\/monti.lt\/product\/spalvotas-metalofonas\/#primaryimage","url":"https:\/\/monti.lt\/wp-content\/uploads\/2022\/03\/Cymbalki_kolorowe_drewniane_edukacyjne_2-scaled.jpg","contentUrl":"https:\/\/monti.lt\/wp-content\/uploads\/2022\/03\/Cymbalki_kolorowe_drewniane_edukacyjne_2-scaled.jpg","width":2560,"height":2019,"caption":"metalofonas"},{"@type":"BreadcrumbList","@id":"https:\/\/monti.lt\/product\/spalvotas-metalofonas\/#breadcrumb","itemListElement":[{"@type":"ListItem","position":1,"name":"Home","item":"https:\/\/monti.lt\/"},{"@type":"ListItem","position":2,"name":"Parduotuv\u0117","item":"https:\/\/monti.lt\/shop\/"},{"@type":"ListItem","position":3,"name":"Spalvotas metalofonas"}]},{"@type":"WebSite","@id":"https:\/\/monti.lt\/#website","url":"https:\/\/monti.lt\/","name":"Montessori \u017eaislai","description":"","publisher":{"@id":"https:\/\/monti.lt\/#organization"},"potentialAction":[{"@type":"SearchAction","target":{"@type":"EntryPoint","urlTemplate":"https:\/\/monti.lt\/?s={search_term_string}"},"query-input":"required name=search_term_string"}],"inLanguage":"en-US"},{"@type":"Organization","@id":"https:\/\/monti.lt\/#organization","name":"Montessori \u017eaislai","url":"https:\/\/monti.lt\/","logo":{"@type":"ImageObject","inLanguage":"en-US","@id":"https:\/\/monti.lt\/#\/schema\/logo\/image\/","url":"https:\/\/monti.lt\/wp-content\/uploads\/2022\/03\/montilogo-1.png","contentUrl":"https:\/\/monti.lt\/wp-content\/uploads\/2022\/03\/montilogo-1.png","width":512,"height":512,"caption":"Montessori \u017eaislai"},"image":{"@id":"https:\/\/monti.lt\/#\/schema\/logo\/image\/"}}]}},"_links":{"self":[{"href":"https:\/\/monti.lt\/en\/wp-json\/wp\/v2\/product\/7183"}],"collection":[{"href":"https:\/\/monti.lt\/en\/wp-json\/wp\/v2\/product"}],"about":[{"href":"https:\/\/monti.lt\/en\/wp-json\/wp\/v2\/types\/product"}],"version-history":[{"count":3,"href":"https:\/\/monti.lt\/en\/wp-json\/wp\/v2\/product\/7183\/revisions"}],"predecessor-version":[{"id":14768,"href":"https:\/\/monti.lt\/en\/wp-json\/wp\/v2\/product\/7183\/revisions\/14768"}],"wp:featuredmedia":[{"embeddable":true,"href":"https:\/\/monti.lt\/en\/wp-json\/wp\/v2\/media\/7186"}],"wp:attachment":[{"href":"https:\/\/monti.lt\/en\/wp-json\/wp\/v2\/media?parent=7183"}],"wp:term":[{"taxonomy":"product_cat","embeddable":true,"href":"https:\/\/monti.lt\/en\/wp-json\/wp\/v2\/product_cat?post=7183"},{"taxonomy":"product_tag","embeddable":true,"href":"https:\/\/monti.lt\/en\/wp-json\/wp\/v2\/product_tag?post=7183"}],"curies":[{"name":"wp","href":"https:\/\/api.w.org\/{rel}","templated":true}]}}