{"id":7498,"date":"2022-03-31T17:29:00","date_gmt":"2022-03-31T17:29:00","guid":{"rendered":"https:\/\/monti.lt\/?post_type=product&#038;p=7498"},"modified":"2026-04-13T07:20:31","modified_gmt":"2026-04-13T07:20:31","slug":"pagauk-kirmeliuka-braske","status":"publish","type":"product","link":"https:\/\/monti.lt\/en\/product\/pagauk-kirmeliuka-braske\/","title":{"rendered":"\u017daidimas &#8220;Pagauk kirm\u0117liuk\u0105&#8221; (bra\u0161k\u0117)"},"content":{"rendered":"<p><span data-sheets-value=\"{&quot;1&quot;:2,&quot;2&quot;:&quot;Magnetin\u0117 \u017evejyba su kirmeliukais bus \u012fdomi ir naudinga pramoga vaikams. \u017daisdami vieni, vaikai turi galimyb\u0119 neribotai i\u0161naudoti savo vaizduot\u0119, ugdyti geb\u0117jim\u0105 susikoncentruoti ties konkre\u010dia u\u017eduotimi. Did\u017eiausias \u0161io \u017eaidimo \u012f\u0161\u016bkis J\u016bs\u0173 vaikui - pagauti kirm\u0117liuk\u0105! \u017daidim\u0105 sudaro: 1\ufe0f\u20e3medinis obuolys 2\ufe0f\u20e310 vnt. spalvot\u0173 kirmin\u0117li\u0173 3\ufe0f\u20e3medin\u0117 me\u0161ker\u0117 su magnetiniu antgaliu. Pakuot\u0117s matmenys: 16,5 cm x 16,5 cm x 7,4 cm&quot;}\" data-sheets-userformat=\"{&quot;2&quot;:15231,&quot;3&quot;:{&quot;1&quot;:0},&quot;4&quot;:{&quot;1&quot;:2,&quot;2&quot;:16777215},&quot;5&quot;:{&quot;1&quot;:[{&quot;1&quot;:2,&quot;2&quot;:0,&quot;5&quot;:{&quot;1&quot;:2,&quot;2&quot;:0}},{&quot;1&quot;:0,&quot;2&quot;:0,&quot;3&quot;:3},{&quot;1&quot;:1,&quot;2&quot;:0,&quot;4&quot;:1}]},&quot;6&quot;:{&quot;1&quot;:[{&quot;1&quot;:2,&quot;2&quot;:0,&quot;5&quot;:{&quot;1&quot;:2,&quot;2&quot;:0}},{&quot;1&quot;:0,&quot;2&quot;:0,&quot;3&quot;:3},{&quot;1&quot;:1,&quot;2&quot;:0,&quot;4&quot;:1}]},&quot;7&quot;:{&quot;1&quot;:[{&quot;1&quot;:2,&quot;2&quot;:0,&quot;5&quot;:{&quot;1&quot;:2,&quot;2&quot;:0}},{&quot;1&quot;:0,&quot;2&quot;:0,&quot;3&quot;:3},{&quot;1&quot;:1,&quot;2&quot;:0,&quot;4&quot;:1}]},&quot;8&quot;:{&quot;1&quot;:[{&quot;1&quot;:2,&quot;2&quot;:0,&quot;5&quot;:{&quot;1&quot;:2,&quot;2&quot;:0}},{&quot;1&quot;:0,&quot;2&quot;:0,&quot;3&quot;:3},{&quot;1&quot;:1,&quot;2&quot;:0,&quot;4&quot;:1}]},&quot;9&quot;:0,&quot;11&quot;:4,&quot;12&quot;:0,&quot;14&quot;:{&quot;1&quot;:2,&quot;2&quot;:1842721},&quot;15&quot;:&quot;Arial&quot;,&quot;16&quot;:10}\" data-sheets-formula=\"=VLOOKUP(R[0]C[-6],Aprasymas!R[-102]:R[897],5,0)\">Magnetin\u0117 \u017evejyba su kirmeliukais bus \u012fdomi ir naudinga pramoga vaikams. \u017daisdami vieni, vaikai turi galimyb\u0119 neribotai i\u0161naudoti savo vaizduot\u0119, ugdyti geb\u0117jim\u0105 susikoncentruoti ties konkre\u010dia u\u017eduotimi. Did\u017eiausias \u0161io \u017eaidimo \u012f\u0161\u016bkis J\u016bs\u0173 vaikui &#8211; pagauti kirm\u0117liuk\u0105! \u017daidim\u0105 sudaro: 1\ufe0f\u20e3medinis obuolys 2\ufe0f\u20e310 vnt. spalvot\u0173 kirmin\u0117li\u0173 3\ufe0f\u20e3medin\u0117 me\u0161ker\u0117 su magnetiniu antgaliu. Pakuot\u0117s matmenys: 16,5 cm x 16,5 cm x 7,4 cm<\/span><\/p>","protected":false},"excerpt":{"rendered":"<p><span data-sheets-value=\"{\" data-sheets-userformat=\"{\" data-sheets-formula=\"=VLOOKUP(R[0]C[-6],Aprasymas!R[-102]:R[897],5,0)\">Magnetin\u0117 \u017evejyba su kirmeliukais bus \u012fdomi ir naudinga pramoga vaikams.<\/span><\/p>","protected":false},"featured_media":7499,"template":"","meta":{"_acf_changed":false,"iawp_total_views":3206},"product_cat":[194,195,191,192,84,102,83,86,49,39],"product_tag":[95,96,97],"class_list":{"0":"post-7498","1":"product","2":"type-product","3":"status-publish","4":"has-post-thumbnail","6":"product_cat-dovanos-vaikams-2-3-metu","7":"product_cat-dovanos-vaikams-3-4-metu","8":"product_cat-dovanos-vaikams","9":"product_cat-kaledines-dovanos-vaikams","10":"product_cat-lavinamieji-zaislai","11":"product_cat-mediniai-zaislai","12":"product_cat-montessori-zaislai","13":"product_cat-smulkioji-motorika","14":"product_cat-visi-zaislai","15":"product_cat-zaislai","16":"product_tag-1-m-2-m","17":"product_tag-2-m-3-m","18":"product_tag-3-m-4-m","20":"first","21":"outofstock","22":"taxable","23":"shipping-taxable","24":"purchasable","25":"product-type-simple"},"acf":[],"yoast_head":"<!-- This site is optimized with the Yoast SEO plugin v23.3 - https:\/\/yoast.com\/wordpress\/plugins\/seo\/ -->\n<title>\u017daidimas &quot;Pagauk kirm\u0117liuk\u0105&quot; (bra\u0161k\u0117) - Montessori \u017eaislai<\/title>\n<meta name=\"robots\" content=\"index, follow, max-snippet:-1, max-image-preview:large, max-video-preview:-1\" \/>\n<link rel=\"canonical\" href=\"https:\/\/monti.lt\/en\/product\/pagauk-kirmeliuka-braske\/\" \/>\n<meta property=\"og:locale\" content=\"en_US\" \/>\n<meta property=\"og:type\" content=\"article\" \/>\n<meta property=\"og:title\" content=\"\u017daidimas &quot;Pagauk kirm\u0117liuk\u0105&quot; (bra\u0161k\u0117) - Montessori \u017eaislai\" \/>\n<meta property=\"og:description\" content=\"Magnetin\u0117 \u017evejyba su kirmeliukais bus \u012fdomi ir naudinga pramoga vaikams.\" \/>\n<meta property=\"og:url\" content=\"https:\/\/monti.lt\/en\/product\/pagauk-kirmeliuka-braske\/\" \/>\n<meta property=\"og:site_name\" content=\"Montessori \u017eaislai\" \/>\n<meta property=\"article:modified_time\" content=\"2026-04-13T07:20:31+00:00\" \/>\n<meta property=\"og:image\" content=\"https:\/\/monti.lt\/wp-content\/uploads\/2022\/03\/KX6529_264055.jpg\" \/>\n\t<meta property=\"og:image:width\" content=\"1600\" \/>\n\t<meta property=\"og:image:height\" content=\"1200\" \/>\n\t<meta property=\"og:image:type\" content=\"image\/jpeg\" \/>\n<meta name=\"twitter:card\" content=\"summary_large_image\" \/>\n<meta name=\"twitter:label1\" content=\"Est. reading time\" \/>\n\t<meta name=\"twitter:data1\" content=\"1 minute\" \/>\n<script type=\"application\/ld+json\" class=\"yoast-schema-graph\">{\"@context\":\"https:\/\/schema.org\",\"@graph\":[{\"@type\":\"WebPage\",\"@id\":\"https:\/\/monti.lt\/product\/pagauk-kirmeliuka-braske\/\",\"url\":\"https:\/\/monti.lt\/product\/pagauk-kirmeliuka-braske\/\",\"name\":\"\u017daidimas \\\"Pagauk kirm\u0117liuk\u0105\\\" (bra\u0161k\u0117) - Montessori \u017eaislai\",\"isPartOf\":{\"@id\":\"https:\/\/monti.lt\/#website\"},\"primaryImageOfPage\":{\"@id\":\"https:\/\/monti.lt\/product\/pagauk-kirmeliuka-braske\/#primaryimage\"},\"image\":{\"@id\":\"https:\/\/monti.lt\/product\/pagauk-kirmeliuka-braske\/#primaryimage\"},\"thumbnailUrl\":\"https:\/\/monti.lt\/wp-content\/uploads\/2022\/03\/KX6529_264055.jpg\",\"datePublished\":\"2022-03-31T17:29:00+00:00\",\"dateModified\":\"2026-04-13T07:20:31+00:00\",\"breadcrumb\":{\"@id\":\"https:\/\/monti.lt\/product\/pagauk-kirmeliuka-braske\/#breadcrumb\"},\"inLanguage\":\"en-US\",\"potentialAction\":[{\"@type\":\"ReadAction\",\"target\":[\"https:\/\/monti.lt\/product\/pagauk-kirmeliuka-braske\/\"]}]},{\"@type\":\"ImageObject\",\"inLanguage\":\"en-US\",\"@id\":\"https:\/\/monti.lt\/product\/pagauk-kirmeliuka-braske\/#primaryimage\",\"url\":\"https:\/\/monti.lt\/wp-content\/uploads\/2022\/03\/KX6529_264055.jpg\",\"contentUrl\":\"https:\/\/monti.lt\/wp-content\/uploads\/2022\/03\/KX6529_264055.jpg\",\"width\":1600,\"height\":1200,\"caption\":\"suzvejok visus kirminukus\"},{\"@type\":\"BreadcrumbList\",\"@id\":\"https:\/\/monti.lt\/product\/pagauk-kirmeliuka-braske\/#breadcrumb\",\"itemListElement\":[{\"@type\":\"ListItem\",\"position\":1,\"name\":\"Home\",\"item\":\"https:\/\/monti.lt\/\"},{\"@type\":\"ListItem\",\"position\":2,\"name\":\"Parduotuv\u0117\",\"item\":\"https:\/\/monti.lt\/shop\/\"},{\"@type\":\"ListItem\",\"position\":3,\"name\":\"\u017daidimas &#8220;Pagauk kirm\u0117liuk\u0105&#8221; (bra\u0161k\u0117)\"}]},{\"@type\":\"WebSite\",\"@id\":\"https:\/\/monti.lt\/#website\",\"url\":\"https:\/\/monti.lt\/\",\"name\":\"Montessori \u017eaislai\",\"description\":\"\",\"publisher\":{\"@id\":\"https:\/\/monti.lt\/#organization\"},\"potentialAction\":[{\"@type\":\"SearchAction\",\"target\":{\"@type\":\"EntryPoint\",\"urlTemplate\":\"https:\/\/monti.lt\/?s={search_term_string}\"},\"query-input\":\"required name=search_term_string\"}],\"inLanguage\":\"en-US\"},{\"@type\":\"Organization\",\"@id\":\"https:\/\/monti.lt\/#organization\",\"name\":\"Montessori \u017eaislai\",\"url\":\"https:\/\/monti.lt\/\",\"logo\":{\"@type\":\"ImageObject\",\"inLanguage\":\"en-US\",\"@id\":\"https:\/\/monti.lt\/#\/schema\/logo\/image\/\",\"url\":\"https:\/\/monti.lt\/wp-content\/uploads\/2022\/03\/montilogo-1.png\",\"contentUrl\":\"https:\/\/monti.lt\/wp-content\/uploads\/2022\/03\/montilogo-1.png\",\"width\":512,\"height\":512,\"caption\":\"Montessori \u017eaislai\"},\"image\":{\"@id\":\"https:\/\/monti.lt\/#\/schema\/logo\/image\/\"}}]}<\/script>\n<!-- \/ Yoast SEO plugin. -->","yoast_head_json":{"title":"\u017daidimas \"Pagauk kirm\u0117liuk\u0105\" (bra\u0161k\u0117) - Montessori \u017eaislai","robots":{"index":"index","follow":"follow","max-snippet":"max-snippet:-1","max-image-preview":"max-image-preview:large","max-video-preview":"max-video-preview:-1"},"canonical":"https:\/\/monti.lt\/en\/product\/pagauk-kirmeliuka-braske\/","og_locale":"en_US","og_type":"article","og_title":"\u017daidimas \"Pagauk kirm\u0117liuk\u0105\" (bra\u0161k\u0117) - Montessori \u017eaislai","og_description":"Magnetin\u0117 \u017evejyba su kirmeliukais bus \u012fdomi ir naudinga pramoga vaikams.","og_url":"https:\/\/monti.lt\/en\/product\/pagauk-kirmeliuka-braske\/","og_site_name":"Montessori \u017eaislai","article_modified_time":"2026-04-13T07:20:31+00:00","og_image":[{"width":1600,"height":1200,"url":"https:\/\/monti.lt\/wp-content\/uploads\/2022\/03\/KX6529_264055.jpg","type":"image\/jpeg"}],"twitter_card":"summary_large_image","twitter_misc":{"Est. reading time":"1 minute"},"schema":{"@context":"https:\/\/schema.org","@graph":[{"@type":"WebPage","@id":"https:\/\/monti.lt\/product\/pagauk-kirmeliuka-braske\/","url":"https:\/\/monti.lt\/product\/pagauk-kirmeliuka-braske\/","name":"\u017daidimas \"Pagauk kirm\u0117liuk\u0105\" (bra\u0161k\u0117) - Montessori \u017eaislai","isPartOf":{"@id":"https:\/\/monti.lt\/#website"},"primaryImageOfPage":{"@id":"https:\/\/monti.lt\/product\/pagauk-kirmeliuka-braske\/#primaryimage"},"image":{"@id":"https:\/\/monti.lt\/product\/pagauk-kirmeliuka-braske\/#primaryimage"},"thumbnailUrl":"https:\/\/monti.lt\/wp-content\/uploads\/2022\/03\/KX6529_264055.jpg","datePublished":"2022-03-31T17:29:00+00:00","dateModified":"2026-04-13T07:20:31+00:00","breadcrumb":{"@id":"https:\/\/monti.lt\/product\/pagauk-kirmeliuka-braske\/#breadcrumb"},"inLanguage":"en-US","potentialAction":[{"@type":"ReadAction","target":["https:\/\/monti.lt\/product\/pagauk-kirmeliuka-braske\/"]}]},{"@type":"ImageObject","inLanguage":"en-US","@id":"https:\/\/monti.lt\/product\/pagauk-kirmeliuka-braske\/#primaryimage","url":"https:\/\/monti.lt\/wp-content\/uploads\/2022\/03\/KX6529_264055.jpg","contentUrl":"https:\/\/monti.lt\/wp-content\/uploads\/2022\/03\/KX6529_264055.jpg","width":1600,"height":1200,"caption":"suzvejok visus kirminukus"},{"@type":"BreadcrumbList","@id":"https:\/\/monti.lt\/product\/pagauk-kirmeliuka-braske\/#breadcrumb","itemListElement":[{"@type":"ListItem","position":1,"name":"Home","item":"https:\/\/monti.lt\/"},{"@type":"ListItem","position":2,"name":"Parduotuv\u0117","item":"https:\/\/monti.lt\/shop\/"},{"@type":"ListItem","position":3,"name":"\u017daidimas &#8220;Pagauk kirm\u0117liuk\u0105&#8221; (bra\u0161k\u0117)"}]},{"@type":"WebSite","@id":"https:\/\/monti.lt\/#website","url":"https:\/\/monti.lt\/","name":"Montessori \u017eaislai","description":"","publisher":{"@id":"https:\/\/monti.lt\/#organization"},"potentialAction":[{"@type":"SearchAction","target":{"@type":"EntryPoint","urlTemplate":"https:\/\/monti.lt\/?s={search_term_string}"},"query-input":"required name=search_term_string"}],"inLanguage":"en-US"},{"@type":"Organization","@id":"https:\/\/monti.lt\/#organization","name":"Montessori \u017eaislai","url":"https:\/\/monti.lt\/","logo":{"@type":"ImageObject","inLanguage":"en-US","@id":"https:\/\/monti.lt\/#\/schema\/logo\/image\/","url":"https:\/\/monti.lt\/wp-content\/uploads\/2022\/03\/montilogo-1.png","contentUrl":"https:\/\/monti.lt\/wp-content\/uploads\/2022\/03\/montilogo-1.png","width":512,"height":512,"caption":"Montessori \u017eaislai"},"image":{"@id":"https:\/\/monti.lt\/#\/schema\/logo\/image\/"}}]}},"_links":{"self":[{"href":"https:\/\/monti.lt\/en\/wp-json\/wp\/v2\/product\/7498"}],"collection":[{"href":"https:\/\/monti.lt\/en\/wp-json\/wp\/v2\/product"}],"about":[{"href":"https:\/\/monti.lt\/en\/wp-json\/wp\/v2\/types\/product"}],"version-history":[{"count":4,"href":"https:\/\/monti.lt\/en\/wp-json\/wp\/v2\/product\/7498\/revisions"}],"predecessor-version":[{"id":28204,"href":"https:\/\/monti.lt\/en\/wp-json\/wp\/v2\/product\/7498\/revisions\/28204"}],"wp:featuredmedia":[{"embeddable":true,"href":"https:\/\/monti.lt\/en\/wp-json\/wp\/v2\/media\/7499"}],"wp:attachment":[{"href":"https:\/\/monti.lt\/en\/wp-json\/wp\/v2\/media?parent=7498"}],"wp:term":[{"taxonomy":"product_cat","embeddable":true,"href":"https:\/\/monti.lt\/en\/wp-json\/wp\/v2\/product_cat?post=7498"},{"taxonomy":"product_tag","embeddable":true,"href":"https:\/\/monti.lt\/en\/wp-json\/wp\/v2\/product_tag?post=7498"}],"curies":[{"name":"wp","href":"https:\/\/api.w.org\/{rel}","templated":true}]}}