{"id":7632,"date":"2022-04-01T06:35:11","date_gmt":"2022-04-01T06:35:11","guid":{"rendered":"https:\/\/monti.lt\/?post_type=product&#038;p=7632"},"modified":"2026-02-06T16:00:06","modified_gmt":"2026-02-06T16:00:06","slug":"pagauk-kirmeliuka-obuolys","status":"publish","type":"product","link":"https:\/\/monti.lt\/en\/product\/pagauk-kirmeliuka-obuolys\/","title":{"rendered":"\u017daidimas &#8220;Pagauk kirm\u0117liuk\u0105&#8221; (obuolys)"},"content":{"rendered":"<p><span data-sheets-value=\"{&quot;1&quot;:2,&quot;2&quot;:&quot;Magnetin\u0117 \u017evejyba su kirmeliukais bus \u012fdomi ir naudinga pramoga vaikams. \u017daisdami vieni, vaikai turi galimyb\u0119 neribotai i\u0161naudoti savo vaizduot\u0119, ugdyti geb\u0117jim\u0105 susikoncentruoti ties konkre\u010dia u\u017eduotimi. Did\u017eiausias \u0161io \u017eaidimo \u012f\u0161\u016bkis J\u016bs\u0173 vaikui - pagauti kirm\u0117liuk\u0105! \u017daidim\u0105 sudaro: 1\ufe0f\u20e3medinis obuolys 2\ufe0f\u20e310 vnt. spalvot\u0173 kirmin\u0117li\u0173 3\ufe0f\u20e3medin\u0117 me\u0161ker\u0117 su magnetiniu antgaliu. Pakuot\u0117s matmenys: 16,5 cm x 16,5 cm x 7,4 cm&quot;}\" data-sheets-userformat=\"{&quot;2&quot;:15231,&quot;3&quot;:{&quot;1&quot;:0},&quot;4&quot;:{&quot;1&quot;:2,&quot;2&quot;:16777215},&quot;5&quot;:{&quot;1&quot;:[{&quot;1&quot;:2,&quot;2&quot;:0,&quot;5&quot;:{&quot;1&quot;:2,&quot;2&quot;:0}},{&quot;1&quot;:0,&quot;2&quot;:0,&quot;3&quot;:3},{&quot;1&quot;:1,&quot;2&quot;:0,&quot;4&quot;:1}]},&quot;6&quot;:{&quot;1&quot;:[{&quot;1&quot;:2,&quot;2&quot;:0,&quot;5&quot;:{&quot;1&quot;:2,&quot;2&quot;:0}},{&quot;1&quot;:0,&quot;2&quot;:0,&quot;3&quot;:3},{&quot;1&quot;:1,&quot;2&quot;:0,&quot;4&quot;:1}]},&quot;7&quot;:{&quot;1&quot;:[{&quot;1&quot;:2,&quot;2&quot;:0,&quot;5&quot;:{&quot;1&quot;:2,&quot;2&quot;:0}},{&quot;1&quot;:0,&quot;2&quot;:0,&quot;3&quot;:3},{&quot;1&quot;:1,&quot;2&quot;:0,&quot;4&quot;:1}]},&quot;8&quot;:{&quot;1&quot;:[{&quot;1&quot;:2,&quot;2&quot;:0,&quot;5&quot;:{&quot;1&quot;:2,&quot;2&quot;:0}},{&quot;1&quot;:0,&quot;2&quot;:0,&quot;3&quot;:3},{&quot;1&quot;:1,&quot;2&quot;:0,&quot;4&quot;:1}]},&quot;9&quot;:0,&quot;11&quot;:4,&quot;12&quot;:0,&quot;14&quot;:{&quot;1&quot;:2,&quot;2&quot;:1842721},&quot;15&quot;:&quot;Arial&quot;,&quot;16&quot;:10}\" data-sheets-formula=\"=VLOOKUP(R[0]C[-6],Aprasymas!R[-102]:R[897],5,0)\">Magnetin\u0117 \u017evejyba su kirmeliukais bus \u012fdomi ir naudinga pramoga vaikams. \u017daisdami vieni, vaikai turi galimyb\u0119 neribotai i\u0161naudoti savo vaizduot\u0119, ugdyti geb\u0117jim\u0105 susikoncentruoti ties konkre\u010dia u\u017eduotimi. Did\u017eiausias \u0161io \u017eaidimo \u012f\u0161\u016bkis J\u016bs\u0173 vaikui &#8211; pagauti kirm\u0117liuk\u0105! \u017daidim\u0105 sudaro: 1\ufe0f\u20e3medinis obuolys 2\ufe0f\u20e310 vnt. spalvot\u0173 kirmin\u0117li\u0173 3\ufe0f\u20e3medin\u0117 me\u0161ker\u0117 su magnetiniu antgaliu. Pakuot\u0117s matmenys: 16,5 cm x 16,5 cm x 7,4 cm<\/span><\/p>\n<p>&nbsp;<\/p>\n<p><span data-sheets-value=\"{&quot;1&quot;:2,&quot;2&quot;:&quot;Magnetin\u0117 \u017evejyba su kirmeliukais bus \u012fdomi ir naudinga pramoga vaikams. \u017daisdami vieni, vaikai turi galimyb\u0119 neribotai i\u0161naudoti savo vaizduot\u0119, ugdyti geb\u0117jim\u0105 susikoncentruoti ties konkre\u010dia u\u017eduotimi. Did\u017eiausias \u0161io \u017eaidimo \u012f\u0161\u016bkis J\u016bs\u0173 vaikui - pagauti kirm\u0117liuk\u0105! \u017daidim\u0105 sudaro: 1\ufe0f\u20e3medinis obuolys 2\ufe0f\u20e310 vnt. spalvot\u0173 kirmin\u0117li\u0173 3\ufe0f\u20e3medin\u0117 me\u0161ker\u0117 su magnetiniu antgaliu. Pakuot\u0117s matmenys: 16,5 cm x 16,5 cm x 7,4 cm&quot;}\" data-sheets-userformat=\"{&quot;2&quot;:15231,&quot;3&quot;:{&quot;1&quot;:0},&quot;4&quot;:{&quot;1&quot;:2,&quot;2&quot;:16777215},&quot;5&quot;:{&quot;1&quot;:[{&quot;1&quot;:2,&quot;2&quot;:0,&quot;5&quot;:{&quot;1&quot;:2,&quot;2&quot;:0}},{&quot;1&quot;:0,&quot;2&quot;:0,&quot;3&quot;:3},{&quot;1&quot;:1,&quot;2&quot;:0,&quot;4&quot;:1}]},&quot;6&quot;:{&quot;1&quot;:[{&quot;1&quot;:2,&quot;2&quot;:0,&quot;5&quot;:{&quot;1&quot;:2,&quot;2&quot;:0}},{&quot;1&quot;:0,&quot;2&quot;:0,&quot;3&quot;:3},{&quot;1&quot;:1,&quot;2&quot;:0,&quot;4&quot;:1}]},&quot;7&quot;:{&quot;1&quot;:[{&quot;1&quot;:2,&quot;2&quot;:0,&quot;5&quot;:{&quot;1&quot;:2,&quot;2&quot;:0}},{&quot;1&quot;:0,&quot;2&quot;:0,&quot;3&quot;:3},{&quot;1&quot;:1,&quot;2&quot;:0,&quot;4&quot;:1}]},&quot;8&quot;:{&quot;1&quot;:[{&quot;1&quot;:2,&quot;2&quot;:0,&quot;5&quot;:{&quot;1&quot;:2,&quot;2&quot;:0}},{&quot;1&quot;:0,&quot;2&quot;:0,&quot;3&quot;:3},{&quot;1&quot;:1,&quot;2&quot;:0,&quot;4&quot;:1}]},&quot;9&quot;:0,&quot;11&quot;:4,&quot;12&quot;:0,&quot;14&quot;:{&quot;1&quot;:2,&quot;2&quot;:1842721},&quot;15&quot;:&quot;Arial&quot;,&quot;16&quot;:10}\" data-sheets-formula=\"=VLOOKUP(R[0]C[-6],Aprasymas!R[-102]:R[897],5,0)\"><img fetchpriority=\"high\" decoding=\"async\" class=\"alignnone size-medium wp-image-7633\" src=\"https:\/\/monti.lt\/wp-content\/uploads\/2022\/04\/KX6529_164068-300x225.jpg\" alt=\"\" width=\"300\" height=\"225\" srcset=\"https:\/\/monti.lt\/wp-content\/uploads\/2022\/04\/KX6529_164068-300x225.jpg 300w, https:\/\/monti.lt\/wp-content\/uploads\/2022\/04\/KX6529_164068-1024x768.jpg 1024w, https:\/\/monti.lt\/wp-content\/uploads\/2022\/04\/KX6529_164068-768x576.jpg 768w, https:\/\/monti.lt\/wp-content\/uploads\/2022\/04\/KX6529_164068-1536x1152.jpg 1536w, https:\/\/monti.lt\/wp-content\/uploads\/2022\/04\/KX6529_164068-16x12.jpg 16w, https:\/\/monti.lt\/wp-content\/uploads\/2022\/04\/KX6529_164068-990x743.jpg 990w, https:\/\/monti.lt\/wp-content\/uploads\/2022\/04\/KX6529_164068-441x331.jpg 441w, https:\/\/monti.lt\/wp-content\/uploads\/2022\/04\/KX6529_164068-800x600.jpg 800w, https:\/\/monti.lt\/wp-content\/uploads\/2022\/04\/KX6529_164068-150x113.jpg 150w, https:\/\/monti.lt\/wp-content\/uploads\/2022\/04\/KX6529_164068.jpg 1600w\" sizes=\"(max-width: 300px) 100vw, 300px\" \/><\/span><\/p>","protected":false},"excerpt":{"rendered":"<p>Magnetin\u0117 \u017evejyba su kirmeliukais bus \u012fdomi ir naudinga pramoga vaikams. \u017daisdami vieni, vaikai turi galimyb\u0119 neribotai i\u0161naudoti savo vaizduot\u0119, ugdyti geb\u0117jim\u0105 susikoncentruoti ties konkre\u010dia u\u017eduotimi. Did\u017eiausias \u0161io \u017eaidimo \u012f\u0161\u016bkis J\u016bs\u0173 vaikui &#8211; pagauti kirm\u0117liuk\u0105! \u017daidim\u0105 sudaro: 1\ufe0f\u20e3medinis obuolys 2\ufe0f\u20e310 vnt. spalvot\u0173 kirmin\u0117li\u0173 3\ufe0f\u20e3medin\u0117 me\u0161ker\u0117 su magnetiniu antgaliu. Pakuot\u0117s matmenys: 16,5 cm x 16,5 cm x [&hellip;]<\/p>","protected":false},"featured_media":7633,"template":"","meta":{"_acf_changed":false,"iawp_total_views":6021},"product_cat":[218,84,102,83,86,49,39],"product_tag":[95,96,97],"class_list":{"0":"post-7632","1":"product","2":"type-product","3":"status-publish","4":"has-post-thumbnail","6":"product_cat-darzeliu-grupems","7":"product_cat-lavinamieji-zaislai","8":"product_cat-mediniai-zaislai","9":"product_cat-montessori-zaislai","10":"product_cat-smulkioji-motorika","11":"product_cat-visi-zaislai","12":"product_cat-zaislai","13":"product_tag-1-m-2-m","14":"product_tag-2-m-3-m","15":"product_tag-3-m-4-m","17":"first","18":"outofstock","19":"sale","20":"taxable","21":"shipping-taxable","22":"purchasable","23":"product-type-simple"},"acf":[],"yoast_head":"<!-- This site is optimized with the Yoast SEO plugin v23.3 - https:\/\/yoast.com\/wordpress\/plugins\/seo\/ -->\n<title>\u017daidimas &quot;Pagauk kirm\u0117liuk\u0105&quot; (obuolys) - Montessori \u017eaislai<\/title>\n<meta name=\"robots\" content=\"index, follow, max-snippet:-1, max-image-preview:large, max-video-preview:-1\" \/>\n<link rel=\"canonical\" href=\"https:\/\/monti.lt\/en\/product\/pagauk-kirmeliuka-obuolys\/\" \/>\n<meta property=\"og:locale\" content=\"en_US\" \/>\n<meta property=\"og:type\" content=\"article\" \/>\n<meta property=\"og:title\" content=\"\u017daidimas &quot;Pagauk kirm\u0117liuk\u0105&quot; (obuolys) - Montessori \u017eaislai\" \/>\n<meta property=\"og:description\" content=\"Magnetin\u0117 \u017evejyba su kirmeliukais bus \u012fdomi ir naudinga pramoga vaikams. \u017daisdami vieni, vaikai turi galimyb\u0119 neribotai i\u0161naudoti savo vaizduot\u0119, ugdyti geb\u0117jim\u0105 susikoncentruoti ties konkre\u010dia u\u017eduotimi. Did\u017eiausias \u0161io \u017eaidimo \u012f\u0161\u016bkis J\u016bs\u0173 vaikui &#8211; pagauti kirm\u0117liuk\u0105! \u017daidim\u0105 sudaro: 1\ufe0f\u20e3medinis obuolys 2\ufe0f\u20e310 vnt. spalvot\u0173 kirmin\u0117li\u0173 3\ufe0f\u20e3medin\u0117 me\u0161ker\u0117 su magnetiniu antgaliu. Pakuot\u0117s matmenys: 16,5 cm x 16,5 cm x [&hellip;]\" \/>\n<meta property=\"og:url\" content=\"https:\/\/monti.lt\/en\/product\/pagauk-kirmeliuka-obuolys\/\" \/>\n<meta property=\"og:site_name\" content=\"Montessori \u017eaislai\" \/>\n<meta property=\"article:modified_time\" content=\"2026-02-06T16:00:06+00:00\" \/>\n<meta property=\"og:image\" content=\"https:\/\/monti.lt\/wp-content\/uploads\/2022\/04\/KX6529_164068.jpg\" \/>\n\t<meta property=\"og:image:width\" content=\"1600\" \/>\n\t<meta property=\"og:image:height\" content=\"1200\" \/>\n\t<meta property=\"og:image:type\" content=\"image\/jpeg\" \/>\n<meta name=\"twitter:card\" content=\"summary_large_image\" \/>\n<meta name=\"twitter:label1\" content=\"Est. reading time\" \/>\n\t<meta name=\"twitter:data1\" content=\"1 minute\" \/>\n<script type=\"application\/ld+json\" class=\"yoast-schema-graph\">{\"@context\":\"https:\/\/schema.org\",\"@graph\":[{\"@type\":\"WebPage\",\"@id\":\"https:\/\/monti.lt\/product\/pagauk-kirmeliuka-obuolys\/\",\"url\":\"https:\/\/monti.lt\/product\/pagauk-kirmeliuka-obuolys\/\",\"name\":\"\u017daidimas \\\"Pagauk kirm\u0117liuk\u0105\\\" (obuolys) - Montessori \u017eaislai\",\"isPartOf\":{\"@id\":\"https:\/\/monti.lt\/#website\"},\"primaryImageOfPage\":{\"@id\":\"https:\/\/monti.lt\/product\/pagauk-kirmeliuka-obuolys\/#primaryimage\"},\"image\":{\"@id\":\"https:\/\/monti.lt\/product\/pagauk-kirmeliuka-obuolys\/#primaryimage\"},\"thumbnailUrl\":\"https:\/\/monti.lt\/wp-content\/uploads\/2022\/04\/KX6529_164068.jpg\",\"datePublished\":\"2022-04-01T06:35:11+00:00\",\"dateModified\":\"2026-02-06T16:00:06+00:00\",\"breadcrumb\":{\"@id\":\"https:\/\/monti.lt\/product\/pagauk-kirmeliuka-obuolys\/#breadcrumb\"},\"inLanguage\":\"en-US\",\"potentialAction\":[{\"@type\":\"ReadAction\",\"target\":[\"https:\/\/monti.lt\/product\/pagauk-kirmeliuka-obuolys\/\"]}]},{\"@type\":\"ImageObject\",\"inLanguage\":\"en-US\",\"@id\":\"https:\/\/monti.lt\/product\/pagauk-kirmeliuka-obuolys\/#primaryimage\",\"url\":\"https:\/\/monti.lt\/wp-content\/uploads\/2022\/04\/KX6529_164068.jpg\",\"contentUrl\":\"https:\/\/monti.lt\/wp-content\/uploads\/2022\/04\/KX6529_164068.jpg\",\"width\":1600,\"height\":1200,\"caption\":\"zvejok kirmeliukus\"},{\"@type\":\"BreadcrumbList\",\"@id\":\"https:\/\/monti.lt\/product\/pagauk-kirmeliuka-obuolys\/#breadcrumb\",\"itemListElement\":[{\"@type\":\"ListItem\",\"position\":1,\"name\":\"Home\",\"item\":\"https:\/\/monti.lt\/\"},{\"@type\":\"ListItem\",\"position\":2,\"name\":\"Parduotuv\u0117\",\"item\":\"https:\/\/monti.lt\/shop\/\"},{\"@type\":\"ListItem\",\"position\":3,\"name\":\"\u017daidimas &#8220;Pagauk kirm\u0117liuk\u0105&#8221; (obuolys)\"}]},{\"@type\":\"WebSite\",\"@id\":\"https:\/\/monti.lt\/#website\",\"url\":\"https:\/\/monti.lt\/\",\"name\":\"Montessori \u017eaislai\",\"description\":\"\",\"publisher\":{\"@id\":\"https:\/\/monti.lt\/#organization\"},\"potentialAction\":[{\"@type\":\"SearchAction\",\"target\":{\"@type\":\"EntryPoint\",\"urlTemplate\":\"https:\/\/monti.lt\/?s={search_term_string}\"},\"query-input\":\"required name=search_term_string\"}],\"inLanguage\":\"en-US\"},{\"@type\":\"Organization\",\"@id\":\"https:\/\/monti.lt\/#organization\",\"name\":\"Montessori \u017eaislai\",\"url\":\"https:\/\/monti.lt\/\",\"logo\":{\"@type\":\"ImageObject\",\"inLanguage\":\"en-US\",\"@id\":\"https:\/\/monti.lt\/#\/schema\/logo\/image\/\",\"url\":\"https:\/\/monti.lt\/wp-content\/uploads\/2022\/03\/montilogo-1.png\",\"contentUrl\":\"https:\/\/monti.lt\/wp-content\/uploads\/2022\/03\/montilogo-1.png\",\"width\":512,\"height\":512,\"caption\":\"Montessori \u017eaislai\"},\"image\":{\"@id\":\"https:\/\/monti.lt\/#\/schema\/logo\/image\/\"}}]}<\/script>\n<!-- \/ Yoast SEO plugin. -->","yoast_head_json":{"title":"\u017daidimas \"Pagauk kirm\u0117liuk\u0105\" (obuolys) - Montessori \u017eaislai","robots":{"index":"index","follow":"follow","max-snippet":"max-snippet:-1","max-image-preview":"max-image-preview:large","max-video-preview":"max-video-preview:-1"},"canonical":"https:\/\/monti.lt\/en\/product\/pagauk-kirmeliuka-obuolys\/","og_locale":"en_US","og_type":"article","og_title":"\u017daidimas \"Pagauk kirm\u0117liuk\u0105\" (obuolys) - Montessori \u017eaislai","og_description":"Magnetin\u0117 \u017evejyba su kirmeliukais bus \u012fdomi ir naudinga pramoga vaikams. \u017daisdami vieni, vaikai turi galimyb\u0119 neribotai i\u0161naudoti savo vaizduot\u0119, ugdyti geb\u0117jim\u0105 susikoncentruoti ties konkre\u010dia u\u017eduotimi. Did\u017eiausias \u0161io \u017eaidimo \u012f\u0161\u016bkis J\u016bs\u0173 vaikui &#8211; pagauti kirm\u0117liuk\u0105! \u017daidim\u0105 sudaro: 1\ufe0f\u20e3medinis obuolys 2\ufe0f\u20e310 vnt. spalvot\u0173 kirmin\u0117li\u0173 3\ufe0f\u20e3medin\u0117 me\u0161ker\u0117 su magnetiniu antgaliu. Pakuot\u0117s matmenys: 16,5 cm x 16,5 cm x [&hellip;]","og_url":"https:\/\/monti.lt\/en\/product\/pagauk-kirmeliuka-obuolys\/","og_site_name":"Montessori \u017eaislai","article_modified_time":"2026-02-06T16:00:06+00:00","og_image":[{"width":1600,"height":1200,"url":"https:\/\/monti.lt\/wp-content\/uploads\/2022\/04\/KX6529_164068.jpg","type":"image\/jpeg"}],"twitter_card":"summary_large_image","twitter_misc":{"Est. reading time":"1 minute"},"schema":{"@context":"https:\/\/schema.org","@graph":[{"@type":"WebPage","@id":"https:\/\/monti.lt\/product\/pagauk-kirmeliuka-obuolys\/","url":"https:\/\/monti.lt\/product\/pagauk-kirmeliuka-obuolys\/","name":"\u017daidimas \"Pagauk kirm\u0117liuk\u0105\" (obuolys) - Montessori \u017eaislai","isPartOf":{"@id":"https:\/\/monti.lt\/#website"},"primaryImageOfPage":{"@id":"https:\/\/monti.lt\/product\/pagauk-kirmeliuka-obuolys\/#primaryimage"},"image":{"@id":"https:\/\/monti.lt\/product\/pagauk-kirmeliuka-obuolys\/#primaryimage"},"thumbnailUrl":"https:\/\/monti.lt\/wp-content\/uploads\/2022\/04\/KX6529_164068.jpg","datePublished":"2022-04-01T06:35:11+00:00","dateModified":"2026-02-06T16:00:06+00:00","breadcrumb":{"@id":"https:\/\/monti.lt\/product\/pagauk-kirmeliuka-obuolys\/#breadcrumb"},"inLanguage":"en-US","potentialAction":[{"@type":"ReadAction","target":["https:\/\/monti.lt\/product\/pagauk-kirmeliuka-obuolys\/"]}]},{"@type":"ImageObject","inLanguage":"en-US","@id":"https:\/\/monti.lt\/product\/pagauk-kirmeliuka-obuolys\/#primaryimage","url":"https:\/\/monti.lt\/wp-content\/uploads\/2022\/04\/KX6529_164068.jpg","contentUrl":"https:\/\/monti.lt\/wp-content\/uploads\/2022\/04\/KX6529_164068.jpg","width":1600,"height":1200,"caption":"zvejok kirmeliukus"},{"@type":"BreadcrumbList","@id":"https:\/\/monti.lt\/product\/pagauk-kirmeliuka-obuolys\/#breadcrumb","itemListElement":[{"@type":"ListItem","position":1,"name":"Home","item":"https:\/\/monti.lt\/"},{"@type":"ListItem","position":2,"name":"Parduotuv\u0117","item":"https:\/\/monti.lt\/shop\/"},{"@type":"ListItem","position":3,"name":"\u017daidimas &#8220;Pagauk kirm\u0117liuk\u0105&#8221; (obuolys)"}]},{"@type":"WebSite","@id":"https:\/\/monti.lt\/#website","url":"https:\/\/monti.lt\/","name":"Montessori \u017eaislai","description":"","publisher":{"@id":"https:\/\/monti.lt\/#organization"},"potentialAction":[{"@type":"SearchAction","target":{"@type":"EntryPoint","urlTemplate":"https:\/\/monti.lt\/?s={search_term_string}"},"query-input":"required name=search_term_string"}],"inLanguage":"en-US"},{"@type":"Organization","@id":"https:\/\/monti.lt\/#organization","name":"Montessori \u017eaislai","url":"https:\/\/monti.lt\/","logo":{"@type":"ImageObject","inLanguage":"en-US","@id":"https:\/\/monti.lt\/#\/schema\/logo\/image\/","url":"https:\/\/monti.lt\/wp-content\/uploads\/2022\/03\/montilogo-1.png","contentUrl":"https:\/\/monti.lt\/wp-content\/uploads\/2022\/03\/montilogo-1.png","width":512,"height":512,"caption":"Montessori \u017eaislai"},"image":{"@id":"https:\/\/monti.lt\/#\/schema\/logo\/image\/"}}]}},"_links":{"self":[{"href":"https:\/\/monti.lt\/en\/wp-json\/wp\/v2\/product\/7632"}],"collection":[{"href":"https:\/\/monti.lt\/en\/wp-json\/wp\/v2\/product"}],"about":[{"href":"https:\/\/monti.lt\/en\/wp-json\/wp\/v2\/types\/product"}],"version-history":[{"count":4,"href":"https:\/\/monti.lt\/en\/wp-json\/wp\/v2\/product\/7632\/revisions"}],"predecessor-version":[{"id":11024,"href":"https:\/\/monti.lt\/en\/wp-json\/wp\/v2\/product\/7632\/revisions\/11024"}],"wp:featuredmedia":[{"embeddable":true,"href":"https:\/\/monti.lt\/en\/wp-json\/wp\/v2\/media\/7633"}],"wp:attachment":[{"href":"https:\/\/monti.lt\/en\/wp-json\/wp\/v2\/media?parent=7632"}],"wp:term":[{"taxonomy":"product_cat","embeddable":true,"href":"https:\/\/monti.lt\/en\/wp-json\/wp\/v2\/product_cat?post=7632"},{"taxonomy":"product_tag","embeddable":true,"href":"https:\/\/monti.lt\/en\/wp-json\/wp\/v2\/product_tag?post=7632"}],"curies":[{"name":"wp","href":"https:\/\/api.w.org\/{rel}","templated":true}]}}