{"id":7910,"date":"2022-04-25T12:16:24","date_gmt":"2022-04-25T12:16:24","guid":{"rendered":"https:\/\/monti.lt\/?post_type=product&#038;p=7910"},"modified":"2026-04-19T16:54:54","modified_gmt":"2026-04-19T16:54:54","slug":"medine-montessori-delione","status":"publish","type":"product","link":"https:\/\/monti.lt\/en\/product\/medine-montessori-delione\/","title":{"rendered":"Medin\u0117 montessori d\u0117lion\u0117"},"content":{"rendered":"<p><span style=\"font-family: Tahoma; font-size: large;\"><span class=\"\">\u012evairi\u0173 form\u0173 ir ry\u0161ki\u0173 spalv\u0173 medini\u0173 kalad\u0117li\u0173 rinkinys \u2013 tai neribotos pramog\u0173 galimyb\u0117s! <\/span>Kokybi\u0161kai pagamintas \u017eaislas l<\/span><span style=\"font-family: Tahoma; font-size: large;\">eis vaikui mokytis \u017eaid\u017eiant!<\/span><\/p>\n<p><span style=\"font-family: Tahoma; font-size: large;\">D\u0117liodami kalad\u0117les ma\u017eyliai i\u0161moks ir \u012ftvirtins spalv\u0173 ir form\u0173 pavadinimus, ugdys geb\u0117jim\u0105 m\u0105styti logi\u0161kai.&nbsp;<\/span><\/p>\n<p>&nbsp;<\/p>\n<p><span style=\"font-size: 12pt; font-family: Georgia, Palatino;\"><span class=\"\">D\u0117\u017eut\u0117je yra 24 kortel\u0117s su 5 sud\u0117tingumo lygi\u0173 galvos\u016bkiais. <\/span><span class=\"\">Kiekvienos kortel\u0117s vir\u0161uje kair\u0117je yra \u017evaig\u017ed\u017ei\u0173 skai\u010dius, atitinkantis galvos\u016bkio lyg\u012f. <\/span><\/span><\/p>\n<p><span style=\"font-family: Georgia, Palatino; font-size: 12pt;\">\u017daislas skirtas vyresniems nei 3 met\u0173 vaikams.<\/span><\/p>\n<p><span style=\"font-family: Georgia, Palatino; font-size: 12pt;\">Rinkin\u012f sudaro 155 elementai<\/span><\/p>\n<ul>\n<li><span style=\"font-family: Georgia, Palatino; font-size: 12pt;\">130 medini\u0173 kalad\u0117li\u0173 6 formos<\/span><\/li>\n<li><span style=\"font-family: Georgia, Palatino; font-size: 12pt;\"><span class=\"\">24 kortel\u0117s su galvos\u016bkiais, kuriuos reikia i\u0161spr\u0119sti; 5 sud\u0117tingumo lygiais<\/span><\/span><\/li>\n<li><span style=\"font-family: Georgia, Palatino; font-size: 12pt;\">Krep\u0161ys detal\u0117ms laikyti<\/span><\/li>\n<\/ul>\n<p><span style=\"font-family: Georgia, Palatino; font-size: 12pt;\">D\u0117\u017eut\u0117s dydis: 21,5 cm x 25 cm x 4,5 cm<\/span><\/p>\n<p><span style=\"font-family: Georgia, Palatino; font-size: 12pt;\">Supakuota \u012f kartonin\u0119 d\u0117\u017eut\u0119<\/span><\/p>","protected":false},"excerpt":{"rendered":"<p>\u012evairi\u0173 form\u0173 ir ry\u0161ki\u0173 spalv\u0173 medini\u0173 kalad\u0117li\u0173 rinkinys \u2013 tai neribotos pramog\u0173 galimyb\u0117s! Kokybi\u0161kai pagamintas \u017eaislas leis vaikui mokytis \u017eaid\u017eiant! D\u0117liodami kalad\u0117les ma\u017eyliai i\u0161moks ir \u012ftvirtins spalv\u0173 ir form\u0173 pavadinimus, ugdys geb\u0117jim\u0105 m\u0105styti logi\u0161kai.&nbsp; &nbsp; D\u0117\u017eut\u0117je yra 24 kortel\u0117s su 5 sud\u0117tingumo lygi\u0173 galvos\u016bkiais. Kiekvienos kortel\u0117s vir\u0161uje kair\u0117je yra \u017evaig\u017ed\u017ei\u0173 skai\u010dius, atitinkantis galvos\u016bkio lyg\u012f. \u017daislas [&hellip;]<\/p>","protected":false},"featured_media":16878,"template":"","meta":{"_acf_changed":false,"iawp_total_views":884},"product_cat":[213,218,92,82,87,84,102,83,86,49,39],"product_tag":[97,98,99],"class_list":{"0":"post-7910","1":"product","2":"type-product","3":"status-publish","4":"has-post-thumbnail","6":"product_cat-akcija","7":"product_cat-darzeliu-grupems","8":"product_cat-deliones","9":"product_cat-ispardavimas","10":"product_cat-kurybiniai-rinkiniai","11":"product_cat-lavinamieji-zaislai","12":"product_cat-mediniai-zaislai","13":"product_cat-montessori-zaislai","14":"product_cat-smulkioji-motorika","15":"product_cat-visi-zaislai","16":"product_cat-zaislai","17":"product_tag-3-m-4-m","18":"product_tag-5-m-7-m","19":"product_tag-8-m-11-m","21":"first","22":"instock","23":"sale","24":"taxable","25":"shipping-taxable","26":"purchasable","27":"product-type-simple"},"acf":[],"yoast_head":"<!-- This site is optimized with the Yoast SEO plugin v23.3 - https:\/\/yoast.com\/wordpress\/plugins\/seo\/ -->\n<title>Medin\u0117 montessori d\u0117lion\u0117 - Montessori \u017eaislai<\/title>\n<meta name=\"robots\" content=\"index, follow, max-snippet:-1, max-image-preview:large, max-video-preview:-1\" \/>\n<link rel=\"canonical\" href=\"https:\/\/monti.lt\/en\/product\/medine-montessori-delione\/\" \/>\n<meta property=\"og:locale\" content=\"en_US\" \/>\n<meta property=\"og:type\" content=\"article\" \/>\n<meta property=\"og:title\" content=\"Medin\u0117 montessori d\u0117lion\u0117 - Montessori \u017eaislai\" \/>\n<meta property=\"og:description\" content=\"\u012evairi\u0173 form\u0173 ir ry\u0161ki\u0173 spalv\u0173 medini\u0173 kalad\u0117li\u0173 rinkinys \u2013 tai neribotos pramog\u0173 galimyb\u0117s! Kokybi\u0161kai pagamintas \u017eaislas leis vaikui mokytis \u017eaid\u017eiant! D\u0117liodami kalad\u0117les ma\u017eyliai i\u0161moks ir \u012ftvirtins spalv\u0173 ir form\u0173 pavadinimus, ugdys geb\u0117jim\u0105 m\u0105styti logi\u0161kai.&nbsp; &nbsp; D\u0117\u017eut\u0117je yra 24 kortel\u0117s su 5 sud\u0117tingumo lygi\u0173 galvos\u016bkiais. Kiekvienos kortel\u0117s vir\u0161uje kair\u0117je yra \u017evaig\u017ed\u017ei\u0173 skai\u010dius, atitinkantis galvos\u016bkio lyg\u012f. \u017daislas [&hellip;]\" \/>\n<meta property=\"og:url\" content=\"https:\/\/monti.lt\/en\/product\/medine-montessori-delione\/\" \/>\n<meta property=\"og:site_name\" content=\"Montessori \u017eaislai\" \/>\n<meta property=\"article:modified_time\" content=\"2026-04-19T16:54:54+00:00\" \/>\n<meta property=\"og:image\" content=\"https:\/\/monti.lt\/wp-content\/uploads\/2022\/04\/lit_pm_Mokomoji-delione-geometrines-figuros-15556_7.jpg\" \/>\n\t<meta property=\"og:image:width\" content=\"480\" \/>\n\t<meta property=\"og:image:height\" content=\"480\" \/>\n\t<meta property=\"og:image:type\" content=\"image\/jpeg\" \/>\n<meta name=\"twitter:card\" content=\"summary_large_image\" \/>\n<meta name=\"twitter:label1\" content=\"Est. reading time\" \/>\n\t<meta name=\"twitter:data1\" content=\"1 minute\" \/>\n<script type=\"application\/ld+json\" class=\"yoast-schema-graph\">{\"@context\":\"https:\/\/schema.org\",\"@graph\":[{\"@type\":\"WebPage\",\"@id\":\"https:\/\/monti.lt\/product\/medine-montessori-delione\/\",\"url\":\"https:\/\/monti.lt\/product\/medine-montessori-delione\/\",\"name\":\"Medin\u0117 montessori d\u0117lion\u0117 - Montessori \u017eaislai\",\"isPartOf\":{\"@id\":\"https:\/\/monti.lt\/#website\"},\"primaryImageOfPage\":{\"@id\":\"https:\/\/monti.lt\/product\/medine-montessori-delione\/#primaryimage\"},\"image\":{\"@id\":\"https:\/\/monti.lt\/product\/medine-montessori-delione\/#primaryimage\"},\"thumbnailUrl\":\"https:\/\/monti.lt\/wp-content\/uploads\/2022\/04\/lit_pm_Mokomoji-delione-geometrines-figuros-15556_7.jpg\",\"datePublished\":\"2022-04-25T12:16:24+00:00\",\"dateModified\":\"2026-04-19T16:54:54+00:00\",\"breadcrumb\":{\"@id\":\"https:\/\/monti.lt\/product\/medine-montessori-delione\/#breadcrumb\"},\"inLanguage\":\"en-US\",\"potentialAction\":[{\"@type\":\"ReadAction\",\"target\":[\"https:\/\/monti.lt\/product\/medine-montessori-delione\/\"]}]},{\"@type\":\"ImageObject\",\"inLanguage\":\"en-US\",\"@id\":\"https:\/\/monti.lt\/product\/medine-montessori-delione\/#primaryimage\",\"url\":\"https:\/\/monti.lt\/wp-content\/uploads\/2022\/04\/lit_pm_Mokomoji-delione-geometrines-figuros-15556_7.jpg\",\"contentUrl\":\"https:\/\/monti.lt\/wp-content\/uploads\/2022\/04\/lit_pm_Mokomoji-delione-geometrines-figuros-15556_7.jpg\",\"width\":480,\"height\":480},{\"@type\":\"BreadcrumbList\",\"@id\":\"https:\/\/monti.lt\/product\/medine-montessori-delione\/#breadcrumb\",\"itemListElement\":[{\"@type\":\"ListItem\",\"position\":1,\"name\":\"Home\",\"item\":\"https:\/\/monti.lt\/\"},{\"@type\":\"ListItem\",\"position\":2,\"name\":\"Parduotuv\u0117\",\"item\":\"https:\/\/monti.lt\/shop\/\"},{\"@type\":\"ListItem\",\"position\":3,\"name\":\"Medin\u0117 montessori d\u0117lion\u0117\"}]},{\"@type\":\"WebSite\",\"@id\":\"https:\/\/monti.lt\/#website\",\"url\":\"https:\/\/monti.lt\/\",\"name\":\"Montessori \u017eaislai\",\"description\":\"\",\"publisher\":{\"@id\":\"https:\/\/monti.lt\/#organization\"},\"potentialAction\":[{\"@type\":\"SearchAction\",\"target\":{\"@type\":\"EntryPoint\",\"urlTemplate\":\"https:\/\/monti.lt\/?s={search_term_string}\"},\"query-input\":\"required name=search_term_string\"}],\"inLanguage\":\"en-US\"},{\"@type\":\"Organization\",\"@id\":\"https:\/\/monti.lt\/#organization\",\"name\":\"Montessori \u017eaislai\",\"url\":\"https:\/\/monti.lt\/\",\"logo\":{\"@type\":\"ImageObject\",\"inLanguage\":\"en-US\",\"@id\":\"https:\/\/monti.lt\/#\/schema\/logo\/image\/\",\"url\":\"https:\/\/monti.lt\/wp-content\/uploads\/2022\/03\/montilogo-1.png\",\"contentUrl\":\"https:\/\/monti.lt\/wp-content\/uploads\/2022\/03\/montilogo-1.png\",\"width\":512,\"height\":512,\"caption\":\"Montessori \u017eaislai\"},\"image\":{\"@id\":\"https:\/\/monti.lt\/#\/schema\/logo\/image\/\"}}]}<\/script>\n<!-- \/ Yoast SEO plugin. -->","yoast_head_json":{"title":"Medin\u0117 montessori d\u0117lion\u0117 - Montessori \u017eaislai","robots":{"index":"index","follow":"follow","max-snippet":"max-snippet:-1","max-image-preview":"max-image-preview:large","max-video-preview":"max-video-preview:-1"},"canonical":"https:\/\/monti.lt\/en\/product\/medine-montessori-delione\/","og_locale":"en_US","og_type":"article","og_title":"Medin\u0117 montessori d\u0117lion\u0117 - Montessori \u017eaislai","og_description":"\u012evairi\u0173 form\u0173 ir ry\u0161ki\u0173 spalv\u0173 medini\u0173 kalad\u0117li\u0173 rinkinys \u2013 tai neribotos pramog\u0173 galimyb\u0117s! Kokybi\u0161kai pagamintas \u017eaislas leis vaikui mokytis \u017eaid\u017eiant! D\u0117liodami kalad\u0117les ma\u017eyliai i\u0161moks ir \u012ftvirtins spalv\u0173 ir form\u0173 pavadinimus, ugdys geb\u0117jim\u0105 m\u0105styti logi\u0161kai.&nbsp; &nbsp; D\u0117\u017eut\u0117je yra 24 kortel\u0117s su 5 sud\u0117tingumo lygi\u0173 galvos\u016bkiais. Kiekvienos kortel\u0117s vir\u0161uje kair\u0117je yra \u017evaig\u017ed\u017ei\u0173 skai\u010dius, atitinkantis galvos\u016bkio lyg\u012f. \u017daislas [&hellip;]","og_url":"https:\/\/monti.lt\/en\/product\/medine-montessori-delione\/","og_site_name":"Montessori \u017eaislai","article_modified_time":"2026-04-19T16:54:54+00:00","og_image":[{"width":480,"height":480,"url":"https:\/\/monti.lt\/wp-content\/uploads\/2022\/04\/lit_pm_Mokomoji-delione-geometrines-figuros-15556_7.jpg","type":"image\/jpeg"}],"twitter_card":"summary_large_image","twitter_misc":{"Est. reading time":"1 minute"},"schema":{"@context":"https:\/\/schema.org","@graph":[{"@type":"WebPage","@id":"https:\/\/monti.lt\/product\/medine-montessori-delione\/","url":"https:\/\/monti.lt\/product\/medine-montessori-delione\/","name":"Medin\u0117 montessori d\u0117lion\u0117 - Montessori \u017eaislai","isPartOf":{"@id":"https:\/\/monti.lt\/#website"},"primaryImageOfPage":{"@id":"https:\/\/monti.lt\/product\/medine-montessori-delione\/#primaryimage"},"image":{"@id":"https:\/\/monti.lt\/product\/medine-montessori-delione\/#primaryimage"},"thumbnailUrl":"https:\/\/monti.lt\/wp-content\/uploads\/2022\/04\/lit_pm_Mokomoji-delione-geometrines-figuros-15556_7.jpg","datePublished":"2022-04-25T12:16:24+00:00","dateModified":"2026-04-19T16:54:54+00:00","breadcrumb":{"@id":"https:\/\/monti.lt\/product\/medine-montessori-delione\/#breadcrumb"},"inLanguage":"en-US","potentialAction":[{"@type":"ReadAction","target":["https:\/\/monti.lt\/product\/medine-montessori-delione\/"]}]},{"@type":"ImageObject","inLanguage":"en-US","@id":"https:\/\/monti.lt\/product\/medine-montessori-delione\/#primaryimage","url":"https:\/\/monti.lt\/wp-content\/uploads\/2022\/04\/lit_pm_Mokomoji-delione-geometrines-figuros-15556_7.jpg","contentUrl":"https:\/\/monti.lt\/wp-content\/uploads\/2022\/04\/lit_pm_Mokomoji-delione-geometrines-figuros-15556_7.jpg","width":480,"height":480},{"@type":"BreadcrumbList","@id":"https:\/\/monti.lt\/product\/medine-montessori-delione\/#breadcrumb","itemListElement":[{"@type":"ListItem","position":1,"name":"Home","item":"https:\/\/monti.lt\/"},{"@type":"ListItem","position":2,"name":"Parduotuv\u0117","item":"https:\/\/monti.lt\/shop\/"},{"@type":"ListItem","position":3,"name":"Medin\u0117 montessori d\u0117lion\u0117"}]},{"@type":"WebSite","@id":"https:\/\/monti.lt\/#website","url":"https:\/\/monti.lt\/","name":"Montessori \u017eaislai","description":"","publisher":{"@id":"https:\/\/monti.lt\/#organization"},"potentialAction":[{"@type":"SearchAction","target":{"@type":"EntryPoint","urlTemplate":"https:\/\/monti.lt\/?s={search_term_string}"},"query-input":"required name=search_term_string"}],"inLanguage":"en-US"},{"@type":"Organization","@id":"https:\/\/monti.lt\/#organization","name":"Montessori \u017eaislai","url":"https:\/\/monti.lt\/","logo":{"@type":"ImageObject","inLanguage":"en-US","@id":"https:\/\/monti.lt\/#\/schema\/logo\/image\/","url":"https:\/\/monti.lt\/wp-content\/uploads\/2022\/03\/montilogo-1.png","contentUrl":"https:\/\/monti.lt\/wp-content\/uploads\/2022\/03\/montilogo-1.png","width":512,"height":512,"caption":"Montessori \u017eaislai"},"image":{"@id":"https:\/\/monti.lt\/#\/schema\/logo\/image\/"}}]}},"_links":{"self":[{"href":"https:\/\/monti.lt\/en\/wp-json\/wp\/v2\/product\/7910"}],"collection":[{"href":"https:\/\/monti.lt\/en\/wp-json\/wp\/v2\/product"}],"about":[{"href":"https:\/\/monti.lt\/en\/wp-json\/wp\/v2\/types\/product"}],"version-history":[{"count":4,"href":"https:\/\/monti.lt\/en\/wp-json\/wp\/v2\/product\/7910\/revisions"}],"predecessor-version":[{"id":11668,"href":"https:\/\/monti.lt\/en\/wp-json\/wp\/v2\/product\/7910\/revisions\/11668"}],"wp:featuredmedia":[{"embeddable":true,"href":"https:\/\/monti.lt\/en\/wp-json\/wp\/v2\/media\/16878"}],"wp:attachment":[{"href":"https:\/\/monti.lt\/en\/wp-json\/wp\/v2\/media?parent=7910"}],"wp:term":[{"taxonomy":"product_cat","embeddable":true,"href":"https:\/\/monti.lt\/en\/wp-json\/wp\/v2\/product_cat?post=7910"},{"taxonomy":"product_tag","embeddable":true,"href":"https:\/\/monti.lt\/en\/wp-json\/wp\/v2\/product_tag?post=7910"}],"curies":[{"name":"wp","href":"https:\/\/api.w.org\/{rel}","templated":true}]}}