{"id":8054,"date":"2022-05-12T13:50:42","date_gmt":"2022-05-12T13:50:42","guid":{"rendered":"https:\/\/monti.lt\/?post_type=product&#038;p=8054"},"modified":"2026-04-23T05:50:18","modified_gmt":"2026-04-23T05:50:18","slug":"magnetine-delione-gyvunai-47-detales","status":"publish","type":"product","link":"https:\/\/monti.lt\/en\/product\/magnetine-delione-gyvunai-47-detales\/","title":{"rendered":"Magnetin\u0117 d\u0117lion\u0117 &#8220;Gyv\u016bnai&#8221; 47 detal\u0117s"},"content":{"rendered":"<p><span style=\"font-family: Tahoma; font-size: large;\"><strong><span class=\"\">Pavyzdinio gyv\u016bno (li\u016bto) i\u0161matavimai:<\/span><\/strong><span class=\"\">&nbsp;10cm x 8cm<\/span><\/span><\/p>\n<p><span style=\"font-size: large;\"><span style=\"font-family: Tahoma;\"><strong>Pakuot\u0117s matmenys:<\/strong>&nbsp;26,5cm x 19cm x 3,5cm<\/span><\/span><\/p>","protected":false},"excerpt":{"rendered":"<p>Pavyzdinio gyv\u016bno (li\u016bto) i\u0161matavimai:&nbsp;10cm x 8cm Pakuot\u0117s matmenys:&nbsp;26,5cm x 19cm x 3,5cm<\/p>","protected":false},"featured_media":8056,"template":"","meta":{"_acf_changed":false,"iawp_total_views":2077},"product_cat":[218,92,87,84,91,90,86,49,39,201],"product_tag":[96,97,98,99],"class_list":{"0":"post-8054","1":"product","2":"type-product","3":"status-publish","4":"has-post-thumbnail","6":"product_cat-darzeliu-grupems","7":"product_cat-deliones","8":"product_cat-kurybiniai-rinkiniai","9":"product_cat-lavinamieji-zaislai","10":"product_cat-loginiam-mastymui","11":"product_cat-pasaulio-pazinimas","12":"product_cat-smulkioji-motorika","13":"product_cat-visi-zaislai","14":"product_cat-zaislai","15":"product_cat-zaislai-kelioneje","16":"product_tag-2-m-3-m","17":"product_tag-3-m-4-m","18":"product_tag-5-m-7-m","19":"product_tag-8-m-11-m","21":"first","22":"instock","23":"taxable","24":"shipping-taxable","25":"purchasable","26":"product-type-simple"},"acf":[],"yoast_head":"<!-- This site is optimized with the Yoast SEO plugin v23.3 - https:\/\/yoast.com\/wordpress\/plugins\/seo\/ -->\n<title>Magnetin\u0117 d\u0117lion\u0117 &quot;Gyv\u016bnai&quot; 47 detal\u0117s - Montessori \u017eaislai<\/title>\n<meta name=\"robots\" content=\"index, follow, max-snippet:-1, max-image-preview:large, max-video-preview:-1\" \/>\n<link rel=\"canonical\" href=\"https:\/\/monti.lt\/en\/product\/magnetine-delione-gyvunai-47-detales\/\" \/>\n<meta property=\"og:locale\" content=\"en_US\" \/>\n<meta property=\"og:type\" content=\"article\" \/>\n<meta property=\"og:title\" content=\"Magnetin\u0117 d\u0117lion\u0117 &quot;Gyv\u016bnai&quot; 47 detal\u0117s - Montessori \u017eaislai\" \/>\n<meta property=\"og:description\" content=\"Pavyzdinio gyv\u016bno (li\u016bto) i\u0161matavimai:&nbsp;10cm x 8cm Pakuot\u0117s matmenys:&nbsp;26,5cm x 19cm x 3,5cm\" \/>\n<meta property=\"og:url\" content=\"https:\/\/monti.lt\/en\/product\/magnetine-delione-gyvunai-47-detales\/\" \/>\n<meta property=\"og:site_name\" content=\"Montessori \u017eaislai\" \/>\n<meta property=\"article:modified_time\" content=\"2026-04-23T05:50:18+00:00\" \/>\n<meta property=\"og:image\" content=\"https:\/\/monti.lt\/wp-content\/uploads\/2022\/05\/KX5428_177032-scaled.jpg\" \/>\n\t<meta property=\"og:image:width\" content=\"2560\" \/>\n\t<meta property=\"og:image:height\" content=\"1587\" \/>\n\t<meta property=\"og:image:type\" content=\"image\/jpeg\" \/>\n<meta name=\"twitter:card\" content=\"summary_large_image\" \/>\n<meta name=\"twitter:label1\" content=\"Est. reading time\" \/>\n\t<meta name=\"twitter:data1\" content=\"1 minute\" \/>\n<script type=\"application\/ld+json\" class=\"yoast-schema-graph\">{\"@context\":\"https:\/\/schema.org\",\"@graph\":[{\"@type\":\"WebPage\",\"@id\":\"https:\/\/monti.lt\/product\/magnetine-delione-gyvunai-47-detales\/\",\"url\":\"https:\/\/monti.lt\/product\/magnetine-delione-gyvunai-47-detales\/\",\"name\":\"Magnetin\u0117 d\u0117lion\u0117 \\\"Gyv\u016bnai\\\" 47 detal\u0117s - Montessori \u017eaislai\",\"isPartOf\":{\"@id\":\"https:\/\/monti.lt\/#website\"},\"primaryImageOfPage\":{\"@id\":\"https:\/\/monti.lt\/product\/magnetine-delione-gyvunai-47-detales\/#primaryimage\"},\"image\":{\"@id\":\"https:\/\/monti.lt\/product\/magnetine-delione-gyvunai-47-detales\/#primaryimage\"},\"thumbnailUrl\":\"https:\/\/monti.lt\/wp-content\/uploads\/2022\/05\/KX5428_177032-scaled.jpg\",\"datePublished\":\"2022-05-12T13:50:42+00:00\",\"dateModified\":\"2026-04-23T05:50:18+00:00\",\"breadcrumb\":{\"@id\":\"https:\/\/monti.lt\/product\/magnetine-delione-gyvunai-47-detales\/#breadcrumb\"},\"inLanguage\":\"en-US\",\"potentialAction\":[{\"@type\":\"ReadAction\",\"target\":[\"https:\/\/monti.lt\/product\/magnetine-delione-gyvunai-47-detales\/\"]}]},{\"@type\":\"ImageObject\",\"inLanguage\":\"en-US\",\"@id\":\"https:\/\/monti.lt\/product\/magnetine-delione-gyvunai-47-detales\/#primaryimage\",\"url\":\"https:\/\/monti.lt\/wp-content\/uploads\/2022\/05\/KX5428_177032-scaled.jpg\",\"contentUrl\":\"https:\/\/monti.lt\/wp-content\/uploads\/2022\/05\/KX5428_177032-scaled.jpg\",\"width\":2560,\"height\":1587},{\"@type\":\"BreadcrumbList\",\"@id\":\"https:\/\/monti.lt\/product\/magnetine-delione-gyvunai-47-detales\/#breadcrumb\",\"itemListElement\":[{\"@type\":\"ListItem\",\"position\":1,\"name\":\"Home\",\"item\":\"https:\/\/monti.lt\/\"},{\"@type\":\"ListItem\",\"position\":2,\"name\":\"Parduotuv\u0117\",\"item\":\"https:\/\/monti.lt\/shop\/\"},{\"@type\":\"ListItem\",\"position\":3,\"name\":\"Magnetin\u0117 d\u0117lion\u0117 &#8220;Gyv\u016bnai&#8221; 47 detal\u0117s\"}]},{\"@type\":\"WebSite\",\"@id\":\"https:\/\/monti.lt\/#website\",\"url\":\"https:\/\/monti.lt\/\",\"name\":\"Montessori \u017eaislai\",\"description\":\"\",\"publisher\":{\"@id\":\"https:\/\/monti.lt\/#organization\"},\"potentialAction\":[{\"@type\":\"SearchAction\",\"target\":{\"@type\":\"EntryPoint\",\"urlTemplate\":\"https:\/\/monti.lt\/?s={search_term_string}\"},\"query-input\":\"required name=search_term_string\"}],\"inLanguage\":\"en-US\"},{\"@type\":\"Organization\",\"@id\":\"https:\/\/monti.lt\/#organization\",\"name\":\"Montessori \u017eaislai\",\"url\":\"https:\/\/monti.lt\/\",\"logo\":{\"@type\":\"ImageObject\",\"inLanguage\":\"en-US\",\"@id\":\"https:\/\/monti.lt\/#\/schema\/logo\/image\/\",\"url\":\"https:\/\/monti.lt\/wp-content\/uploads\/2022\/03\/montilogo-1.png\",\"contentUrl\":\"https:\/\/monti.lt\/wp-content\/uploads\/2022\/03\/montilogo-1.png\",\"width\":512,\"height\":512,\"caption\":\"Montessori \u017eaislai\"},\"image\":{\"@id\":\"https:\/\/monti.lt\/#\/schema\/logo\/image\/\"}}]}<\/script>\n<!-- \/ Yoast SEO plugin. -->","yoast_head_json":{"title":"Magnetin\u0117 d\u0117lion\u0117 \"Gyv\u016bnai\" 47 detal\u0117s - Montessori \u017eaislai","robots":{"index":"index","follow":"follow","max-snippet":"max-snippet:-1","max-image-preview":"max-image-preview:large","max-video-preview":"max-video-preview:-1"},"canonical":"https:\/\/monti.lt\/en\/product\/magnetine-delione-gyvunai-47-detales\/","og_locale":"en_US","og_type":"article","og_title":"Magnetin\u0117 d\u0117lion\u0117 \"Gyv\u016bnai\" 47 detal\u0117s - Montessori \u017eaislai","og_description":"Pavyzdinio gyv\u016bno (li\u016bto) i\u0161matavimai:&nbsp;10cm x 8cm Pakuot\u0117s matmenys:&nbsp;26,5cm x 19cm x 3,5cm","og_url":"https:\/\/monti.lt\/en\/product\/magnetine-delione-gyvunai-47-detales\/","og_site_name":"Montessori \u017eaislai","article_modified_time":"2026-04-23T05:50:18+00:00","og_image":[{"width":2560,"height":1587,"url":"https:\/\/monti.lt\/wp-content\/uploads\/2022\/05\/KX5428_177032-scaled.jpg","type":"image\/jpeg"}],"twitter_card":"summary_large_image","twitter_misc":{"Est. reading time":"1 minute"},"schema":{"@context":"https:\/\/schema.org","@graph":[{"@type":"WebPage","@id":"https:\/\/monti.lt\/product\/magnetine-delione-gyvunai-47-detales\/","url":"https:\/\/monti.lt\/product\/magnetine-delione-gyvunai-47-detales\/","name":"Magnetin\u0117 d\u0117lion\u0117 \"Gyv\u016bnai\" 47 detal\u0117s - Montessori \u017eaislai","isPartOf":{"@id":"https:\/\/monti.lt\/#website"},"primaryImageOfPage":{"@id":"https:\/\/monti.lt\/product\/magnetine-delione-gyvunai-47-detales\/#primaryimage"},"image":{"@id":"https:\/\/monti.lt\/product\/magnetine-delione-gyvunai-47-detales\/#primaryimage"},"thumbnailUrl":"https:\/\/monti.lt\/wp-content\/uploads\/2022\/05\/KX5428_177032-scaled.jpg","datePublished":"2022-05-12T13:50:42+00:00","dateModified":"2026-04-23T05:50:18+00:00","breadcrumb":{"@id":"https:\/\/monti.lt\/product\/magnetine-delione-gyvunai-47-detales\/#breadcrumb"},"inLanguage":"en-US","potentialAction":[{"@type":"ReadAction","target":["https:\/\/monti.lt\/product\/magnetine-delione-gyvunai-47-detales\/"]}]},{"@type":"ImageObject","inLanguage":"en-US","@id":"https:\/\/monti.lt\/product\/magnetine-delione-gyvunai-47-detales\/#primaryimage","url":"https:\/\/monti.lt\/wp-content\/uploads\/2022\/05\/KX5428_177032-scaled.jpg","contentUrl":"https:\/\/monti.lt\/wp-content\/uploads\/2022\/05\/KX5428_177032-scaled.jpg","width":2560,"height":1587},{"@type":"BreadcrumbList","@id":"https:\/\/monti.lt\/product\/magnetine-delione-gyvunai-47-detales\/#breadcrumb","itemListElement":[{"@type":"ListItem","position":1,"name":"Home","item":"https:\/\/monti.lt\/"},{"@type":"ListItem","position":2,"name":"Parduotuv\u0117","item":"https:\/\/monti.lt\/shop\/"},{"@type":"ListItem","position":3,"name":"Magnetin\u0117 d\u0117lion\u0117 &#8220;Gyv\u016bnai&#8221; 47 detal\u0117s"}]},{"@type":"WebSite","@id":"https:\/\/monti.lt\/#website","url":"https:\/\/monti.lt\/","name":"Montessori \u017eaislai","description":"","publisher":{"@id":"https:\/\/monti.lt\/#organization"},"potentialAction":[{"@type":"SearchAction","target":{"@type":"EntryPoint","urlTemplate":"https:\/\/monti.lt\/?s={search_term_string}"},"query-input":"required name=search_term_string"}],"inLanguage":"en-US"},{"@type":"Organization","@id":"https:\/\/monti.lt\/#organization","name":"Montessori \u017eaislai","url":"https:\/\/monti.lt\/","logo":{"@type":"ImageObject","inLanguage":"en-US","@id":"https:\/\/monti.lt\/#\/schema\/logo\/image\/","url":"https:\/\/monti.lt\/wp-content\/uploads\/2022\/03\/montilogo-1.png","contentUrl":"https:\/\/monti.lt\/wp-content\/uploads\/2022\/03\/montilogo-1.png","width":512,"height":512,"caption":"Montessori \u017eaislai"},"image":{"@id":"https:\/\/monti.lt\/#\/schema\/logo\/image\/"}}]}},"_links":{"self":[{"href":"https:\/\/monti.lt\/en\/wp-json\/wp\/v2\/product\/8054"}],"collection":[{"href":"https:\/\/monti.lt\/en\/wp-json\/wp\/v2\/product"}],"about":[{"href":"https:\/\/monti.lt\/en\/wp-json\/wp\/v2\/types\/product"}],"version-history":[{"count":3,"href":"https:\/\/monti.lt\/en\/wp-json\/wp\/v2\/product\/8054\/revisions"}],"predecessor-version":[{"id":11568,"href":"https:\/\/monti.lt\/en\/wp-json\/wp\/v2\/product\/8054\/revisions\/11568"}],"wp:featuredmedia":[{"embeddable":true,"href":"https:\/\/monti.lt\/en\/wp-json\/wp\/v2\/media\/8056"}],"wp:attachment":[{"href":"https:\/\/monti.lt\/en\/wp-json\/wp\/v2\/media?parent=8054"}],"wp:term":[{"taxonomy":"product_cat","embeddable":true,"href":"https:\/\/monti.lt\/en\/wp-json\/wp\/v2\/product_cat?post=8054"},{"taxonomy":"product_tag","embeddable":true,"href":"https:\/\/monti.lt\/en\/wp-json\/wp\/v2\/product_tag?post=8054"}],"curies":[{"name":"wp","href":"https:\/\/api.w.org\/{rel}","templated":true}]}}