{"id":8339,"date":"2022-06-04T12:34:33","date_gmt":"2022-06-04T12:34:33","guid":{"rendered":"https:\/\/monti.lt\/?post_type=product&#038;p=8339"},"modified":"2026-04-30T05:07:01","modified_gmt":"2026-04-30T05:07:01","slug":"sensorine-kontrsastine-minsta-knygele-uodega","status":"publish","type":"product","link":"https:\/\/monti.lt\/en\/product\/sensorine-kontrsastine-minsta-knygele-uodega\/","title":{"rendered":"Sensorin\u0117 kontrastin\u0117 mink\u0161ta knygel\u0117 &#8220;Uodega&#8221;"},"content":{"rendered":"<p>SENSORIN\u0116 KNYGEL\u0116 MINK\u0160TOS UODEGOS SAFARIO GYV\u016aNAI<\/p>\n<p>Pirmasis j\u016bs\u0173 vaiko skaitymas! Leiskit\u0117s \u012f stebukling\u0105 kelion\u0119 po laukini\u0173 gyv\u016bn\u0173 pasaul\u012f.<\/p>\n<p>Kontrasting\u0173 ra\u0161t\u0173 magi\u0161k\u0173 audini\u0173 knyga &#8211; puikus pasirinkimas vaikams, dar tik besimokantiems pa\u017einti pasaul\u012f. Balti ir juodi gyv\u016bnai bus puiki \u012f\u017eanga \u012f Afrikos gyv\u016bn\u0173 pasaul\u012f.<\/p>\n<p>Knygel\u0119 sudaro 4 audinio puslapiai, kuriuose pavaizduoti \u012fvair\u016bs laukiniai gyv\u016bnai, tarp kuri\u0173 rasite:<\/p>\n<p>\u017dirafa<br \/>\nLi\u016btas<br \/>\nDramblys<br \/>\nBe\u017ed\u017eion\u0117<br \/>\nTigras<br \/>\nKrokodilas<\/p>\n<p>Sukurta atsi\u017evelgiant \u012f kiekvien\u0105 detal\u0119 ir ypating\u0105 d\u0117mes\u012f skiriant pa\u010di\u0173 ma\u017eiausi\u0173j\u0173 poreikiams. Skaitymo knygel\u0117je gausu staigmen\u0173, kurios skatins ma\u017eylio smalsum\u0105.<\/p>\n<p>Rasite puslapi\u0173 su skirtingomis tekst\u016bromis ir savyb\u0117mis:<\/p>\n<p>\u0160lamantys puslapiai<br \/>\nI\u0161 knygos puslapi\u0173 ky\u0161an\u010dios mink\u0161tos uodegos<br \/>\nBaltos ir juodos spalvos ra\u0161tai<br \/>\nGyv\u016bn\u0173 pavadinimai angl\u0173 kalba<\/p>\n<p>Nuo pat pirm\u0173j\u0173 vaiko gyvenimo akimirk\u0173 jo poj\u016b\u010di\u0173 stimuliavimas yra svarbus jo tinkamam vystymuisi.<\/p>\n<p>\u017daisdamas su knygele ma\u017eylis:<\/p>\n<p>lavins aki\u0173 ir rank\u0173 koordinacij\u0105.<br \/>\nlavina rank\u0173 ir rank\u0173 miklumo \u012fg\u016bd\u017eius.<br \/>\nstimuliuoja regos ir lyt\u0117jimo poj\u016b\u010dius.<\/p>\n<p>Kontrastingi ra\u0161tai patrauks ma\u017eylio d\u0117mes\u012f ir paskatins j\u012f \u017eaisti.<\/p>\n<p>Kadangi ji pagaminta tik i\u0161 audinio, yra lengva ir neu\u017eima daug vietos. J\u0105 galite pasiimti \u012f kelion\u0119 arba pas gydytoj\u0105 &#8211; knygel\u0117 leis maloniau praleisti laik\u0105 laukiant ilgoje eil\u0117je.<\/p>\n<p>Med\u017eiaga: poliesteris<\/p>\n<p>Vaiko am\u017eius: 0+<\/p>\n<p>Knygel\u0117s matmenys: 18,5 cm x 14,5 cm x 1,5cm<\/p>\n<p>Uodeg\u0173 ilgis: 6 cm<\/p>\n<p>Pakuot\u0117s matmenys: 23 cm x 21 cm x 2 cm<\/p>","protected":false},"excerpt":{"rendered":"<p>SENSORIN\u0116 KNYGEL\u0116 MINK\u0160TOS UODEGOS SAFARIO GYV\u016aNAI Pirmasis j\u016bs\u0173 vaiko skaitymas! Leiskit\u0117s \u012f stebukling\u0105 kelion\u0119 po laukini\u0173 gyv\u016bn\u0173 pasaul\u012f. Kontrasting\u0173 ra\u0161t\u0173 magi\u0161k\u0173 audini\u0173 knyga &#8211; puikus pasirinkimas vaikams, dar tik besimokantiems pa\u017einti pasaul\u012f. Balti ir juodi gyv\u016bnai bus puiki \u012f\u017eanga \u012f Afrikos gyv\u016bn\u0173 pasaul\u012f. Knygel\u0119 sudaro 4 audinio puslapiai, kuriuose pavaizduoti \u012fvair\u016bs laukiniai gyv\u016bnai, tarp kuri\u0173 [&hellip;]<\/p>","protected":false},"featured_media":8340,"template":"","meta":{"_acf_changed":false,"iawp_total_views":1058},"product_cat":[200,84,83,90,86,49,39],"product_tag":[95,94],"class_list":{"0":"post-8339","1":"product","2":"type-product","3":"status-publish","4":"has-post-thumbnail","6":"product_cat-dovanos-kudikiams","7":"product_cat-lavinamieji-zaislai","8":"product_cat-montessori-zaislai","9":"product_cat-pasaulio-pazinimas","10":"product_cat-smulkioji-motorika","11":"product_cat-visi-zaislai","12":"product_cat-zaislai","13":"product_tag-1-m-2-m","14":"product_tag-iki-1-m","16":"first","17":"instock","18":"taxable","19":"shipping-taxable","20":"purchasable","21":"product-type-simple"},"acf":[],"yoast_head":"<!-- This site is optimized with the Yoast SEO plugin v23.3 - https:\/\/yoast.com\/wordpress\/plugins\/seo\/ -->\n<title>Sensorin\u0117 kontrastin\u0117 mink\u0161ta knygel\u0117 &quot;Uodega&quot; - Montessori \u017eaislai<\/title>\n<meta name=\"robots\" content=\"index, follow, max-snippet:-1, max-image-preview:large, max-video-preview:-1\" \/>\n<link rel=\"canonical\" href=\"https:\/\/monti.lt\/en\/product\/sensorine-kontrsastine-minsta-knygele-uodega\/\" \/>\n<meta property=\"og:locale\" content=\"en_US\" \/>\n<meta property=\"og:type\" content=\"article\" \/>\n<meta property=\"og:title\" content=\"Sensorin\u0117 kontrastin\u0117 mink\u0161ta knygel\u0117 &quot;Uodega&quot; - Montessori \u017eaislai\" \/>\n<meta property=\"og:description\" content=\"SENSORIN\u0116 KNYGEL\u0116 MINK\u0160TOS UODEGOS SAFARIO GYV\u016aNAI Pirmasis j\u016bs\u0173 vaiko skaitymas! Leiskit\u0117s \u012f stebukling\u0105 kelion\u0119 po laukini\u0173 gyv\u016bn\u0173 pasaul\u012f. Kontrasting\u0173 ra\u0161t\u0173 magi\u0161k\u0173 audini\u0173 knyga &#8211; puikus pasirinkimas vaikams, dar tik besimokantiems pa\u017einti pasaul\u012f. Balti ir juodi gyv\u016bnai bus puiki \u012f\u017eanga \u012f Afrikos gyv\u016bn\u0173 pasaul\u012f. Knygel\u0119 sudaro 4 audinio puslapiai, kuriuose pavaizduoti \u012fvair\u016bs laukiniai gyv\u016bnai, tarp kuri\u0173 [&hellip;]\" \/>\n<meta property=\"og:url\" content=\"https:\/\/monti.lt\/en\/product\/sensorine-kontrsastine-minsta-knygele-uodega\/\" \/>\n<meta property=\"og:site_name\" content=\"Montessori \u017eaislai\" \/>\n<meta property=\"article:modified_time\" content=\"2026-04-30T05:07:01+00:00\" \/>\n<meta property=\"og:image\" content=\"https:\/\/monti.lt\/wp-content\/uploads\/2022\/06\/knygele.jpeg\" \/>\n\t<meta property=\"og:image:width\" content=\"1601\" \/>\n\t<meta property=\"og:image:height\" content=\"1601\" \/>\n\t<meta property=\"og:image:type\" content=\"image\/jpeg\" \/>\n<meta name=\"twitter:card\" content=\"summary_large_image\" \/>\n<meta name=\"twitter:label1\" content=\"Est. reading time\" \/>\n\t<meta name=\"twitter:data1\" content=\"1 minute\" \/>\n<script type=\"application\/ld+json\" class=\"yoast-schema-graph\">{\"@context\":\"https:\/\/schema.org\",\"@graph\":[{\"@type\":\"WebPage\",\"@id\":\"https:\/\/monti.lt\/product\/sensorine-kontrsastine-minsta-knygele-uodega\/\",\"url\":\"https:\/\/monti.lt\/product\/sensorine-kontrsastine-minsta-knygele-uodega\/\",\"name\":\"Sensorin\u0117 kontrastin\u0117 mink\u0161ta knygel\u0117 \\\"Uodega\\\" - Montessori \u017eaislai\",\"isPartOf\":{\"@id\":\"https:\/\/monti.lt\/#website\"},\"primaryImageOfPage\":{\"@id\":\"https:\/\/monti.lt\/product\/sensorine-kontrsastine-minsta-knygele-uodega\/#primaryimage\"},\"image\":{\"@id\":\"https:\/\/monti.lt\/product\/sensorine-kontrsastine-minsta-knygele-uodega\/#primaryimage\"},\"thumbnailUrl\":\"https:\/\/monti.lt\/wp-content\/uploads\/2022\/06\/knygele.jpeg\",\"datePublished\":\"2022-06-04T12:34:33+00:00\",\"dateModified\":\"2026-04-30T05:07:01+00:00\",\"breadcrumb\":{\"@id\":\"https:\/\/monti.lt\/product\/sensorine-kontrsastine-minsta-knygele-uodega\/#breadcrumb\"},\"inLanguage\":\"en-US\",\"potentialAction\":[{\"@type\":\"ReadAction\",\"target\":[\"https:\/\/monti.lt\/product\/sensorine-kontrsastine-minsta-knygele-uodega\/\"]}]},{\"@type\":\"ImageObject\",\"inLanguage\":\"en-US\",\"@id\":\"https:\/\/monti.lt\/product\/sensorine-kontrsastine-minsta-knygele-uodega\/#primaryimage\",\"url\":\"https:\/\/monti.lt\/wp-content\/uploads\/2022\/06\/knygele.jpeg\",\"contentUrl\":\"https:\/\/monti.lt\/wp-content\/uploads\/2022\/06\/knygele.jpeg\",\"width\":1601,\"height\":1601,\"caption\":\"juoda balta knygele\"},{\"@type\":\"BreadcrumbList\",\"@id\":\"https:\/\/monti.lt\/product\/sensorine-kontrsastine-minsta-knygele-uodega\/#breadcrumb\",\"itemListElement\":[{\"@type\":\"ListItem\",\"position\":1,\"name\":\"Home\",\"item\":\"https:\/\/monti.lt\/\"},{\"@type\":\"ListItem\",\"position\":2,\"name\":\"Parduotuv\u0117\",\"item\":\"https:\/\/monti.lt\/shop\/\"},{\"@type\":\"ListItem\",\"position\":3,\"name\":\"Sensorin\u0117 kontrastin\u0117 mink\u0161ta knygel\u0117 &#8220;Uodega&#8221;\"}]},{\"@type\":\"WebSite\",\"@id\":\"https:\/\/monti.lt\/#website\",\"url\":\"https:\/\/monti.lt\/\",\"name\":\"Montessori \u017eaislai\",\"description\":\"\",\"publisher\":{\"@id\":\"https:\/\/monti.lt\/#organization\"},\"potentialAction\":[{\"@type\":\"SearchAction\",\"target\":{\"@type\":\"EntryPoint\",\"urlTemplate\":\"https:\/\/monti.lt\/?s={search_term_string}\"},\"query-input\":\"required name=search_term_string\"}],\"inLanguage\":\"en-US\"},{\"@type\":\"Organization\",\"@id\":\"https:\/\/monti.lt\/#organization\",\"name\":\"Montessori \u017eaislai\",\"url\":\"https:\/\/monti.lt\/\",\"logo\":{\"@type\":\"ImageObject\",\"inLanguage\":\"en-US\",\"@id\":\"https:\/\/monti.lt\/#\/schema\/logo\/image\/\",\"url\":\"https:\/\/monti.lt\/wp-content\/uploads\/2022\/03\/montilogo-1.png\",\"contentUrl\":\"https:\/\/monti.lt\/wp-content\/uploads\/2022\/03\/montilogo-1.png\",\"width\":512,\"height\":512,\"caption\":\"Montessori \u017eaislai\"},\"image\":{\"@id\":\"https:\/\/monti.lt\/#\/schema\/logo\/image\/\"}}]}<\/script>\n<!-- \/ Yoast SEO plugin. -->","yoast_head_json":{"title":"Sensorin\u0117 kontrastin\u0117 mink\u0161ta knygel\u0117 \"Uodega\" - Montessori \u017eaislai","robots":{"index":"index","follow":"follow","max-snippet":"max-snippet:-1","max-image-preview":"max-image-preview:large","max-video-preview":"max-video-preview:-1"},"canonical":"https:\/\/monti.lt\/en\/product\/sensorine-kontrsastine-minsta-knygele-uodega\/","og_locale":"en_US","og_type":"article","og_title":"Sensorin\u0117 kontrastin\u0117 mink\u0161ta knygel\u0117 \"Uodega\" - Montessori \u017eaislai","og_description":"SENSORIN\u0116 KNYGEL\u0116 MINK\u0160TOS UODEGOS SAFARIO GYV\u016aNAI Pirmasis j\u016bs\u0173 vaiko skaitymas! Leiskit\u0117s \u012f stebukling\u0105 kelion\u0119 po laukini\u0173 gyv\u016bn\u0173 pasaul\u012f. Kontrasting\u0173 ra\u0161t\u0173 magi\u0161k\u0173 audini\u0173 knyga &#8211; puikus pasirinkimas vaikams, dar tik besimokantiems pa\u017einti pasaul\u012f. Balti ir juodi gyv\u016bnai bus puiki \u012f\u017eanga \u012f Afrikos gyv\u016bn\u0173 pasaul\u012f. Knygel\u0119 sudaro 4 audinio puslapiai, kuriuose pavaizduoti \u012fvair\u016bs laukiniai gyv\u016bnai, tarp kuri\u0173 [&hellip;]","og_url":"https:\/\/monti.lt\/en\/product\/sensorine-kontrsastine-minsta-knygele-uodega\/","og_site_name":"Montessori \u017eaislai","article_modified_time":"2026-04-30T05:07:01+00:00","og_image":[{"width":1601,"height":1601,"url":"https:\/\/monti.lt\/wp-content\/uploads\/2022\/06\/knygele.jpeg","type":"image\/jpeg"}],"twitter_card":"summary_large_image","twitter_misc":{"Est. reading time":"1 minute"},"schema":{"@context":"https:\/\/schema.org","@graph":[{"@type":"WebPage","@id":"https:\/\/monti.lt\/product\/sensorine-kontrsastine-minsta-knygele-uodega\/","url":"https:\/\/monti.lt\/product\/sensorine-kontrsastine-minsta-knygele-uodega\/","name":"Sensorin\u0117 kontrastin\u0117 mink\u0161ta knygel\u0117 \"Uodega\" - Montessori \u017eaislai","isPartOf":{"@id":"https:\/\/monti.lt\/#website"},"primaryImageOfPage":{"@id":"https:\/\/monti.lt\/product\/sensorine-kontrsastine-minsta-knygele-uodega\/#primaryimage"},"image":{"@id":"https:\/\/monti.lt\/product\/sensorine-kontrsastine-minsta-knygele-uodega\/#primaryimage"},"thumbnailUrl":"https:\/\/monti.lt\/wp-content\/uploads\/2022\/06\/knygele.jpeg","datePublished":"2022-06-04T12:34:33+00:00","dateModified":"2026-04-30T05:07:01+00:00","breadcrumb":{"@id":"https:\/\/monti.lt\/product\/sensorine-kontrsastine-minsta-knygele-uodega\/#breadcrumb"},"inLanguage":"en-US","potentialAction":[{"@type":"ReadAction","target":["https:\/\/monti.lt\/product\/sensorine-kontrsastine-minsta-knygele-uodega\/"]}]},{"@type":"ImageObject","inLanguage":"en-US","@id":"https:\/\/monti.lt\/product\/sensorine-kontrsastine-minsta-knygele-uodega\/#primaryimage","url":"https:\/\/monti.lt\/wp-content\/uploads\/2022\/06\/knygele.jpeg","contentUrl":"https:\/\/monti.lt\/wp-content\/uploads\/2022\/06\/knygele.jpeg","width":1601,"height":1601,"caption":"juoda balta knygele"},{"@type":"BreadcrumbList","@id":"https:\/\/monti.lt\/product\/sensorine-kontrsastine-minsta-knygele-uodega\/#breadcrumb","itemListElement":[{"@type":"ListItem","position":1,"name":"Home","item":"https:\/\/monti.lt\/"},{"@type":"ListItem","position":2,"name":"Parduotuv\u0117","item":"https:\/\/monti.lt\/shop\/"},{"@type":"ListItem","position":3,"name":"Sensorin\u0117 kontrastin\u0117 mink\u0161ta knygel\u0117 &#8220;Uodega&#8221;"}]},{"@type":"WebSite","@id":"https:\/\/monti.lt\/#website","url":"https:\/\/monti.lt\/","name":"Montessori \u017eaislai","description":"","publisher":{"@id":"https:\/\/monti.lt\/#organization"},"potentialAction":[{"@type":"SearchAction","target":{"@type":"EntryPoint","urlTemplate":"https:\/\/monti.lt\/?s={search_term_string}"},"query-input":"required name=search_term_string"}],"inLanguage":"en-US"},{"@type":"Organization","@id":"https:\/\/monti.lt\/#organization","name":"Montessori \u017eaislai","url":"https:\/\/monti.lt\/","logo":{"@type":"ImageObject","inLanguage":"en-US","@id":"https:\/\/monti.lt\/#\/schema\/logo\/image\/","url":"https:\/\/monti.lt\/wp-content\/uploads\/2022\/03\/montilogo-1.png","contentUrl":"https:\/\/monti.lt\/wp-content\/uploads\/2022\/03\/montilogo-1.png","width":512,"height":512,"caption":"Montessori \u017eaislai"},"image":{"@id":"https:\/\/monti.lt\/#\/schema\/logo\/image\/"}}]}},"_links":{"self":[{"href":"https:\/\/monti.lt\/en\/wp-json\/wp\/v2\/product\/8339"}],"collection":[{"href":"https:\/\/monti.lt\/en\/wp-json\/wp\/v2\/product"}],"about":[{"href":"https:\/\/monti.lt\/en\/wp-json\/wp\/v2\/types\/product"}],"version-history":[{"count":3,"href":"https:\/\/monti.lt\/en\/wp-json\/wp\/v2\/product\/8339\/revisions"}],"predecessor-version":[{"id":8664,"href":"https:\/\/monti.lt\/en\/wp-json\/wp\/v2\/product\/8339\/revisions\/8664"}],"wp:featuredmedia":[{"embeddable":true,"href":"https:\/\/monti.lt\/en\/wp-json\/wp\/v2\/media\/8340"}],"wp:attachment":[{"href":"https:\/\/monti.lt\/en\/wp-json\/wp\/v2\/media?parent=8339"}],"wp:term":[{"taxonomy":"product_cat","embeddable":true,"href":"https:\/\/monti.lt\/en\/wp-json\/wp\/v2\/product_cat?post=8339"},{"taxonomy":"product_tag","embeddable":true,"href":"https:\/\/monti.lt\/en\/wp-json\/wp\/v2\/product_tag?post=8339"}],"curies":[{"name":"wp","href":"https:\/\/api.w.org\/{rel}","templated":true}]}}