{"id":8644,"date":"2022-06-27T11:52:08","date_gmt":"2022-06-27T11:52:08","guid":{"rendered":"https:\/\/monti.lt\/?post_type=product&#038;p=8644"},"modified":"2026-04-26T13:15:53","modified_gmt":"2026-04-26T13:15:53","slug":"lavinamoji-montessori-kamuoliuku-delione-2","status":"publish","type":"product","link":"https:\/\/monti.lt\/en\/product\/lavinamoji-montessori-kamuoliuku-delione-2\/","title":{"rendered":"Lavinamoji Montessori kamuoliuk\u0173 d\u0117lion\u0117"},"content":{"rendered":"<p>\u017daidimas lavinantis Vaiko smulki\u0105j\u0105 motorik\u0105, padedantis i\u0161mokti skai\u010diuoti ir pa\u017einti spalvas.<\/p>\n<p>Galima \u017eaisti naudojant tubel\u0119 ir korteles, pagal kurias reikia sud\u0117ti paveiksl\u0117lyje nurodytas kombinacijas. Ta\u010diau tai dar ne viskas, leiskite vaikui naudotis vaizduot\u0119 ir rasti nauj\u0173 pritaikymo b\u016bd\u0173.<\/p>\n<p><span style=\"font-family: Tahoma; font-size: medium;\"><span>Pagrindinis \u017eaidimo tikslas yra <\/span><b><span>sur\u016b\u0161iuoti kamuoliukus \u012f atitinkamus m\u0117gintuv\u0117lius<\/span><\/b><span> ! Ma\u017eylis gali tai padaryti ranka arba komplekte esan\u010diomis repl\u0117mis! <\/span><\/span><\/p>\n<p><span style=\"font-family: Tahoma; font-size: medium;\"><span>\u017dinoma, toks smagumas yra tik pasi\u016blymas <\/span><b><span>! Vienintel\u0117 riba bus j\u016bs\u0173 vaizduot\u0117<\/span><\/b><span> \u2013 neabejotinai kils daug \u012fdomi\u0173 id\u0117j\u0173! <\/span><\/span><\/p>\n<p><span style=\"font-family: Tahoma; font-size: medium;\"><span>Rinkinyje <\/span><b><span>net 40 spalving\u0173 kamuoliuk\u0173<\/span><\/b><span> , kuriuos galima ne tik r\u016b\u0161iuoti, bet ir palaikyti vaik\u0105 mokantis skai\u010diuoti bei mokytis spalv\u0173! Be to, rutuliukai dideli, j\u0173 skersmuo 5,5 cm, tod\u0117l juos lengva pagauti ir sunku praryti!<\/span><\/span><\/p>\n<p>Rinkin\u012f sudaro:<\/p>\n<p>Patogi d\u0117\u017eut\u0117 viskam susid\u0117ti<\/p>\n<p>\u012evairiaspalviai mediniai kamuoliukai<\/p>\n<p>Pincetas<\/p>\n<p>Tubel\u0117<\/p>\n<p>24 dvipus\u0117s kortel\u0117s<\/p>\n<p>D\u0117\u017eut\u0117s matmenys: 18X12X6 cm<\/p>\n<p>Turi smulki\u0173 detali\u0173, tod\u0117l tinkamas vaikams nuo 3 met\u0173.<\/p>","protected":false},"excerpt":{"rendered":"<p>\u017daidimas lavinantis Vaiko smulki\u0105j\u0105 motorik\u0105, padedantis i\u0161mokti skai\u010diuoti ir pa\u017einti spalvas. Galima \u017eaisti naudojant tubel\u0119 ir korteles, pagal kurias reikia sud\u0117ti paveiksl\u0117lyje nurodytas kombinacijas. Ta\u010diau tai dar ne viskas, leiskite vaikui naudotis vaizduot\u0119 ir rasti nauj\u0173 pritaikymo b\u016bd\u0173. Pagrindinis \u017eaidimo tikslas yra sur\u016b\u0161iuoti kamuoliukus \u012f atitinkamus m\u0117gintuv\u0117lius ! Ma\u017eylis gali tai padaryti ranka arba komplekte [&hellip;]<\/p>","protected":false},"featured_media":8645,"template":"","meta":{"_acf_changed":false,"iawp_total_views":1965},"product_cat":[218,84,83,86,49,39],"product_tag":[97,98],"class_list":{"0":"post-8644","1":"product","2":"type-product","3":"status-publish","4":"has-post-thumbnail","6":"product_cat-darzeliu-grupems","7":"product_cat-lavinamieji-zaislai","8":"product_cat-montessori-zaislai","9":"product_cat-smulkioji-motorika","10":"product_cat-visi-zaislai","11":"product_cat-zaislai","12":"product_tag-3-m-4-m","13":"product_tag-5-m-7-m","15":"first","16":"instock","17":"taxable","18":"shipping-taxable","19":"purchasable","20":"product-type-simple"},"acf":[],"yoast_head":"<!-- This site is optimized with the Yoast SEO plugin v23.3 - https:\/\/yoast.com\/wordpress\/plugins\/seo\/ -->\n<title>Lavinamoji Montessori kamuoliuk\u0173 d\u0117lion\u0117 - Montessori \u017eaislai<\/title>\n<meta name=\"robots\" content=\"index, follow, max-snippet:-1, max-image-preview:large, max-video-preview:-1\" \/>\n<link rel=\"canonical\" href=\"https:\/\/monti.lt\/en\/product\/lavinamoji-montessori-kamuoliuku-delione-2\/\" \/>\n<meta property=\"og:locale\" content=\"en_US\" \/>\n<meta property=\"og:type\" content=\"article\" \/>\n<meta property=\"og:title\" content=\"Lavinamoji Montessori kamuoliuk\u0173 d\u0117lion\u0117 - Montessori \u017eaislai\" \/>\n<meta property=\"og:description\" content=\"\u017daidimas lavinantis Vaiko smulki\u0105j\u0105 motorik\u0105, padedantis i\u0161mokti skai\u010diuoti ir pa\u017einti spalvas. Galima \u017eaisti naudojant tubel\u0119 ir korteles, pagal kurias reikia sud\u0117ti paveiksl\u0117lyje nurodytas kombinacijas. Ta\u010diau tai dar ne viskas, leiskite vaikui naudotis vaizduot\u0119 ir rasti nauj\u0173 pritaikymo b\u016bd\u0173. Pagrindinis \u017eaidimo tikslas yra sur\u016b\u0161iuoti kamuoliukus \u012f atitinkamus m\u0117gintuv\u0117lius ! Ma\u017eylis gali tai padaryti ranka arba komplekte [&hellip;]\" \/>\n<meta property=\"og:url\" content=\"https:\/\/monti.lt\/en\/product\/lavinamoji-montessori-kamuoliuku-delione-2\/\" \/>\n<meta property=\"og:site_name\" content=\"Montessori \u017eaislai\" \/>\n<meta property=\"article:modified_time\" content=\"2026-04-26T13:15:53+00:00\" \/>\n<meta property=\"og:image\" content=\"https:\/\/monti.lt\/wp-content\/uploads\/2022\/06\/montes.webp\" \/>\n\t<meta property=\"og:image:width\" content=\"800\" \/>\n\t<meta property=\"og:image:height\" content=\"800\" \/>\n\t<meta property=\"og:image:type\" content=\"image\/webp\" \/>\n<meta name=\"twitter:card\" content=\"summary_large_image\" \/>\n<meta name=\"twitter:label1\" content=\"Est. reading time\" \/>\n\t<meta name=\"twitter:data1\" content=\"1 minute\" \/>\n<script type=\"application\/ld+json\" class=\"yoast-schema-graph\">{\"@context\":\"https:\/\/schema.org\",\"@graph\":[{\"@type\":\"WebPage\",\"@id\":\"https:\/\/monti.lt\/product\/lavinamoji-montessori-kamuoliuku-delione-2\/\",\"url\":\"https:\/\/monti.lt\/product\/lavinamoji-montessori-kamuoliuku-delione-2\/\",\"name\":\"Lavinamoji Montessori kamuoliuk\u0173 d\u0117lion\u0117 - Montessori \u017eaislai\",\"isPartOf\":{\"@id\":\"https:\/\/monti.lt\/#website\"},\"primaryImageOfPage\":{\"@id\":\"https:\/\/monti.lt\/product\/lavinamoji-montessori-kamuoliuku-delione-2\/#primaryimage\"},\"image\":{\"@id\":\"https:\/\/monti.lt\/product\/lavinamoji-montessori-kamuoliuku-delione-2\/#primaryimage\"},\"thumbnailUrl\":\"https:\/\/monti.lt\/wp-content\/uploads\/2022\/06\/montes.webp\",\"datePublished\":\"2022-06-27T11:52:08+00:00\",\"dateModified\":\"2026-04-26T13:15:53+00:00\",\"breadcrumb\":{\"@id\":\"https:\/\/monti.lt\/product\/lavinamoji-montessori-kamuoliuku-delione-2\/#breadcrumb\"},\"inLanguage\":\"en-US\",\"potentialAction\":[{\"@type\":\"ReadAction\",\"target\":[\"https:\/\/monti.lt\/product\/lavinamoji-montessori-kamuoliuku-delione-2\/\"]}]},{\"@type\":\"ImageObject\",\"inLanguage\":\"en-US\",\"@id\":\"https:\/\/monti.lt\/product\/lavinamoji-montessori-kamuoliuku-delione-2\/#primaryimage\",\"url\":\"https:\/\/monti.lt\/wp-content\/uploads\/2022\/06\/montes.webp\",\"contentUrl\":\"https:\/\/monti.lt\/wp-content\/uploads\/2022\/06\/montes.webp\",\"width\":800,\"height\":800},{\"@type\":\"BreadcrumbList\",\"@id\":\"https:\/\/monti.lt\/product\/lavinamoji-montessori-kamuoliuku-delione-2\/#breadcrumb\",\"itemListElement\":[{\"@type\":\"ListItem\",\"position\":1,\"name\":\"Home\",\"item\":\"https:\/\/monti.lt\/\"},{\"@type\":\"ListItem\",\"position\":2,\"name\":\"Parduotuv\u0117\",\"item\":\"https:\/\/monti.lt\/shop\/\"},{\"@type\":\"ListItem\",\"position\":3,\"name\":\"Lavinamoji Montessori kamuoliuk\u0173 d\u0117lion\u0117\"}]},{\"@type\":\"WebSite\",\"@id\":\"https:\/\/monti.lt\/#website\",\"url\":\"https:\/\/monti.lt\/\",\"name\":\"Montessori \u017eaislai\",\"description\":\"\",\"publisher\":{\"@id\":\"https:\/\/monti.lt\/#organization\"},\"potentialAction\":[{\"@type\":\"SearchAction\",\"target\":{\"@type\":\"EntryPoint\",\"urlTemplate\":\"https:\/\/monti.lt\/?s={search_term_string}\"},\"query-input\":\"required name=search_term_string\"}],\"inLanguage\":\"en-US\"},{\"@type\":\"Organization\",\"@id\":\"https:\/\/monti.lt\/#organization\",\"name\":\"Montessori \u017eaislai\",\"url\":\"https:\/\/monti.lt\/\",\"logo\":{\"@type\":\"ImageObject\",\"inLanguage\":\"en-US\",\"@id\":\"https:\/\/monti.lt\/#\/schema\/logo\/image\/\",\"url\":\"https:\/\/monti.lt\/wp-content\/uploads\/2022\/03\/montilogo-1.png\",\"contentUrl\":\"https:\/\/monti.lt\/wp-content\/uploads\/2022\/03\/montilogo-1.png\",\"width\":512,\"height\":512,\"caption\":\"Montessori \u017eaislai\"},\"image\":{\"@id\":\"https:\/\/monti.lt\/#\/schema\/logo\/image\/\"}}]}<\/script>\n<!-- \/ Yoast SEO plugin. -->","yoast_head_json":{"title":"Lavinamoji Montessori kamuoliuk\u0173 d\u0117lion\u0117 - Montessori \u017eaislai","robots":{"index":"index","follow":"follow","max-snippet":"max-snippet:-1","max-image-preview":"max-image-preview:large","max-video-preview":"max-video-preview:-1"},"canonical":"https:\/\/monti.lt\/en\/product\/lavinamoji-montessori-kamuoliuku-delione-2\/","og_locale":"en_US","og_type":"article","og_title":"Lavinamoji Montessori kamuoliuk\u0173 d\u0117lion\u0117 - Montessori \u017eaislai","og_description":"\u017daidimas lavinantis Vaiko smulki\u0105j\u0105 motorik\u0105, padedantis i\u0161mokti skai\u010diuoti ir pa\u017einti spalvas. Galima \u017eaisti naudojant tubel\u0119 ir korteles, pagal kurias reikia sud\u0117ti paveiksl\u0117lyje nurodytas kombinacijas. Ta\u010diau tai dar ne viskas, leiskite vaikui naudotis vaizduot\u0119 ir rasti nauj\u0173 pritaikymo b\u016bd\u0173. Pagrindinis \u017eaidimo tikslas yra sur\u016b\u0161iuoti kamuoliukus \u012f atitinkamus m\u0117gintuv\u0117lius ! Ma\u017eylis gali tai padaryti ranka arba komplekte [&hellip;]","og_url":"https:\/\/monti.lt\/en\/product\/lavinamoji-montessori-kamuoliuku-delione-2\/","og_site_name":"Montessori \u017eaislai","article_modified_time":"2026-04-26T13:15:53+00:00","og_image":[{"width":800,"height":800,"url":"https:\/\/monti.lt\/wp-content\/uploads\/2022\/06\/montes.webp","type":"image\/webp"}],"twitter_card":"summary_large_image","twitter_misc":{"Est. reading time":"1 minute"},"schema":{"@context":"https:\/\/schema.org","@graph":[{"@type":"WebPage","@id":"https:\/\/monti.lt\/product\/lavinamoji-montessori-kamuoliuku-delione-2\/","url":"https:\/\/monti.lt\/product\/lavinamoji-montessori-kamuoliuku-delione-2\/","name":"Lavinamoji Montessori kamuoliuk\u0173 d\u0117lion\u0117 - Montessori \u017eaislai","isPartOf":{"@id":"https:\/\/monti.lt\/#website"},"primaryImageOfPage":{"@id":"https:\/\/monti.lt\/product\/lavinamoji-montessori-kamuoliuku-delione-2\/#primaryimage"},"image":{"@id":"https:\/\/monti.lt\/product\/lavinamoji-montessori-kamuoliuku-delione-2\/#primaryimage"},"thumbnailUrl":"https:\/\/monti.lt\/wp-content\/uploads\/2022\/06\/montes.webp","datePublished":"2022-06-27T11:52:08+00:00","dateModified":"2026-04-26T13:15:53+00:00","breadcrumb":{"@id":"https:\/\/monti.lt\/product\/lavinamoji-montessori-kamuoliuku-delione-2\/#breadcrumb"},"inLanguage":"en-US","potentialAction":[{"@type":"ReadAction","target":["https:\/\/monti.lt\/product\/lavinamoji-montessori-kamuoliuku-delione-2\/"]}]},{"@type":"ImageObject","inLanguage":"en-US","@id":"https:\/\/monti.lt\/product\/lavinamoji-montessori-kamuoliuku-delione-2\/#primaryimage","url":"https:\/\/monti.lt\/wp-content\/uploads\/2022\/06\/montes.webp","contentUrl":"https:\/\/monti.lt\/wp-content\/uploads\/2022\/06\/montes.webp","width":800,"height":800},{"@type":"BreadcrumbList","@id":"https:\/\/monti.lt\/product\/lavinamoji-montessori-kamuoliuku-delione-2\/#breadcrumb","itemListElement":[{"@type":"ListItem","position":1,"name":"Home","item":"https:\/\/monti.lt\/"},{"@type":"ListItem","position":2,"name":"Parduotuv\u0117","item":"https:\/\/monti.lt\/shop\/"},{"@type":"ListItem","position":3,"name":"Lavinamoji Montessori kamuoliuk\u0173 d\u0117lion\u0117"}]},{"@type":"WebSite","@id":"https:\/\/monti.lt\/#website","url":"https:\/\/monti.lt\/","name":"Montessori \u017eaislai","description":"","publisher":{"@id":"https:\/\/monti.lt\/#organization"},"potentialAction":[{"@type":"SearchAction","target":{"@type":"EntryPoint","urlTemplate":"https:\/\/monti.lt\/?s={search_term_string}"},"query-input":"required name=search_term_string"}],"inLanguage":"en-US"},{"@type":"Organization","@id":"https:\/\/monti.lt\/#organization","name":"Montessori \u017eaislai","url":"https:\/\/monti.lt\/","logo":{"@type":"ImageObject","inLanguage":"en-US","@id":"https:\/\/monti.lt\/#\/schema\/logo\/image\/","url":"https:\/\/monti.lt\/wp-content\/uploads\/2022\/03\/montilogo-1.png","contentUrl":"https:\/\/monti.lt\/wp-content\/uploads\/2022\/03\/montilogo-1.png","width":512,"height":512,"caption":"Montessori \u017eaislai"},"image":{"@id":"https:\/\/monti.lt\/#\/schema\/logo\/image\/"}}]}},"_links":{"self":[{"href":"https:\/\/monti.lt\/en\/wp-json\/wp\/v2\/product\/8644"}],"collection":[{"href":"https:\/\/monti.lt\/en\/wp-json\/wp\/v2\/product"}],"about":[{"href":"https:\/\/monti.lt\/en\/wp-json\/wp\/v2\/types\/product"}],"version-history":[{"count":2,"href":"https:\/\/monti.lt\/en\/wp-json\/wp\/v2\/product\/8644\/revisions"}],"predecessor-version":[{"id":13365,"href":"https:\/\/monti.lt\/en\/wp-json\/wp\/v2\/product\/8644\/revisions\/13365"}],"wp:featuredmedia":[{"embeddable":true,"href":"https:\/\/monti.lt\/en\/wp-json\/wp\/v2\/media\/8645"}],"wp:attachment":[{"href":"https:\/\/monti.lt\/en\/wp-json\/wp\/v2\/media?parent=8644"}],"wp:term":[{"taxonomy":"product_cat","embeddable":true,"href":"https:\/\/monti.lt\/en\/wp-json\/wp\/v2\/product_cat?post=8644"},{"taxonomy":"product_tag","embeddable":true,"href":"https:\/\/monti.lt\/en\/wp-json\/wp\/v2\/product_tag?post=8644"}],"curies":[{"name":"wp","href":"https:\/\/api.w.org\/{rel}","templated":true}]}}