{"id":8940,"date":"2022-07-20T10:50:46","date_gmt":"2022-07-20T10:50:46","guid":{"rendered":"https:\/\/monti.lt\/?post_type=product&#038;p=8940"},"modified":"2026-04-13T07:20:31","modified_gmt":"2026-04-13T07:20:31","slug":"mediniu-darzoviu-pjaustymo-rinkinys","status":"publish","type":"product","link":"https:\/\/monti.lt\/en\/product\/mediniu-darzoviu-pjaustymo-rinkinys\/","title":{"rendered":"Medini\u0173 dar\u017eovi\u0173 pjaustymo rinkinys"},"content":{"rendered":"<p>SPALVOT\u0172 DAR\u017dOVI\u0172 IR VAISI\u0172 RINKINYS &#8211; d\u0117\u017eut\u0117je esantis &nbsp;dar\u017eovi\u0173 rinkinys leis smagiai \u017eaisti gaminant maist\u0105; ry\u0161kios ir sultingos spalvos patrauks vaiko d\u0117mes\u012f ir paskatins j\u012f \u017eaisti. Rinkin\u012f sudaro: morka, bulv\u0117, grybas, svog\u016bnas, agurkas, bakla\u017eanas, kaliarop\u0117, peilis ir d\u0117\u017eut\u0117.<br \/>\nGALIMYB\u0116 PJAUTI IR SUJUNGTI &#8220;velcro&#8221; &#8211; d\u0117l rinkinyje esan\u010dio &nbsp;peiliuko ir vidini\u0173 &#8220;Velcro&#8221; u\u017esegim\u0173 gaminius galite perpjauti per pus\u0119. V\u0117liau v\u0117l sujungti vienas su kitu, o tai neabejotinai pa\u012fvairins pramog\u0105.<br \/>\n\u012eTAKA VAIKO RAIDAI &#8211; \u017eaislas ne tik leid\u017eia \u012fdomiai ir linksmai praleisti laik\u0105, bet ir daro \u012ftak\u0105 vaiko intelektiniam vystymuisi ir jo motorini\u0173 (jud\u0117jimo) \u012fg\u016bd\u017ei\u0173 augimui; lavina vaizduot\u0119 ir skatina k\u016brybi\u0161kum\u0105, taip pat moko bendradarbiauti grup\u0117je, gerina socialinius ir integracinius \u012fg\u016bd\u017eius ; naudingas ne tik atpa\u017e\u012fstant dar\u017eovi\u0173 pavadinimus ir formas, bet ir mokantis spalv\u0173 bei skai\u010diavimo. Rinkinys turi d\u0117\u017eut\u0119, tod\u0117l vaikui lengva j\u012f pasiimti su savimi \u012f dar\u017eel\u012f, pas draug\u0105 ar \u012f sod\u0105; jis yra kompakti\u0161kas ir neu\u017eima daug vietos, tod\u0117l galime lengvai pasiimti \u012f kelion\u0119. Visi elementai telpa \u012f d\u0117\u017eut\u0119, tod\u0117l lengviau palaikyti tvark\u0105.<br \/>\nSPECIFIKACIJA &#8211; spalva: \u012fvairiaspalv\u0117; med\u017eiaga: mediena; element\u0173 skai\u010dius rinkinyje: 1 vnt: I\u0161matavimai (ilgis \/ plotis \/ auk\u0161tis): 18\/13 \/ 4,5 cm; svoris: 0,35 kg; svoris pakuot\u0117je: 0,54 kg.<br \/>\nSPECIFIKACIJA<\/p>\n<p>spalva: \u012fvairiaspalv\u0117<br \/>\nmed\u017eiaga: mediena<br \/>\nelement\u0173 skai\u010dius rinkinyje: 9<br \/>\nmatmenys (ilgis \/ plotis \/ auk\u0161tis): 18\/13 \/ 5 \/ 4,5 cm<br \/>\nsvoris: 0,35 kg<br \/>\npakuot\u0117s svoris: 0,54 kg<\/p>\n<p>Rinkinyje rasite:<\/p>\n<p>morka;<br \/>\nbulv\u0117;<br \/>\nPievagrybis;<br \/>\nsvog\u016bnas;<br \/>\nagurkas;<br \/>\nbakla\u017eanas;<br \/>\nkaliarop\u0117;<br \/>\npeilis;<br \/>\nd\u0117\u017eut\u0117.<\/p>\n<p>Spalving\u0173 dar\u017eovi\u0173 rinkinys d\u0117\u017eut\u0117je &#8211; tai puiki pramoga ma\u017eiesiems vir\u0117jams, m\u0117gstantiems \u017eaisti namuose, parduotuv\u0117je ar gaminti maist\u0105. Vaikai m\u0117gsta steb\u0117ti suaugusiuosius, o \u0161is rinkinys leis jiems tai daryti. Jis leis vaidinti vaidmenis nuo ma\u017eens ir atliks edukacin\u0119 funkcij\u0105.<\/p>\n<p>Itin &#8220;skani&#8221; ir spalvinga dar\u017eovi\u0173 imitacij\u0173 kolekcija buvo precizi\u0161kai pagaminta, o j\u0173 ry\u0161kios ir sultingos spalvos turi \u012ftakos estetinei vertei, tod\u0117l patraukia vaiko d\u0117mes\u012f ir skatina j\u012f \u017eaisti.<\/p>","protected":false},"excerpt":{"rendered":"<p>SPALVOT\u0172 DAR\u017dOVI\u0172 IR VAISI\u0172 RINKINYS &#8211; d\u0117\u017eut\u0117je esantis &nbsp;dar\u017eovi\u0173 rinkinys leis smagiai \u017eaisti gaminant maist\u0105; ry\u0161kios ir sultingos spalvos patrauks vaiko d\u0117mes\u012f ir paskatins j\u012f \u017eaisti. Rinkin\u012f sudaro: morka, bulv\u0117, grybas, svog\u016bnas, agurkas, bakla\u017eanas, kaliarop\u0117, peilis ir d\u0117\u017eut\u0117. GALIMYB\u0116 PJAUTI IR SUJUNGTI &#8220;velcro&#8221; &#8211; d\u0117l rinkinyje esan\u010dio &nbsp;peiliuko ir vidini\u0173 &#8220;Velcro&#8221; u\u017esegim\u0173 gaminius galite perpjauti [&hellip;]<\/p>","protected":false},"featured_media":8941,"template":"","meta":{"_acf_changed":false,"iawp_total_views":1587},"product_cat":[218,84,102,90,86,49,39],"product_tag":[96,97,98],"class_list":{"0":"post-8940","1":"product","2":"type-product","3":"status-publish","4":"has-post-thumbnail","6":"product_cat-darzeliu-grupems","7":"product_cat-lavinamieji-zaislai","8":"product_cat-mediniai-zaislai","9":"product_cat-pasaulio-pazinimas","10":"product_cat-smulkioji-motorika","11":"product_cat-visi-zaislai","12":"product_cat-zaislai","13":"product_tag-2-m-3-m","14":"product_tag-3-m-4-m","15":"product_tag-5-m-7-m","17":"first","18":"outofstock","19":"taxable","20":"shipping-taxable","21":"purchasable","22":"product-type-simple"},"acf":[],"yoast_head":"<!-- This site is optimized with the Yoast SEO plugin v23.3 - https:\/\/yoast.com\/wordpress\/plugins\/seo\/ -->\n<title>Medini\u0173 dar\u017eovi\u0173 pjaustymo rinkinys - Montessori \u017eaislai<\/title>\n<meta name=\"robots\" content=\"index, follow, max-snippet:-1, max-image-preview:large, max-video-preview:-1\" \/>\n<link rel=\"canonical\" href=\"https:\/\/monti.lt\/en\/product\/mediniu-darzoviu-pjaustymo-rinkinys\/\" \/>\n<meta property=\"og:locale\" content=\"en_US\" \/>\n<meta property=\"og:type\" content=\"article\" \/>\n<meta property=\"og:title\" content=\"Medini\u0173 dar\u017eovi\u0173 pjaustymo rinkinys - Montessori \u017eaislai\" \/>\n<meta property=\"og:description\" content=\"SPALVOT\u0172 DAR\u017dOVI\u0172 IR VAISI\u0172 RINKINYS &#8211; d\u0117\u017eut\u0117je esantis &nbsp;dar\u017eovi\u0173 rinkinys leis smagiai \u017eaisti gaminant maist\u0105; ry\u0161kios ir sultingos spalvos patrauks vaiko d\u0117mes\u012f ir paskatins j\u012f \u017eaisti. Rinkin\u012f sudaro: morka, bulv\u0117, grybas, svog\u016bnas, agurkas, bakla\u017eanas, kaliarop\u0117, peilis ir d\u0117\u017eut\u0117. GALIMYB\u0116 PJAUTI IR SUJUNGTI &#8220;velcro&#8221; &#8211; d\u0117l rinkinyje esan\u010dio &nbsp;peiliuko ir vidini\u0173 &#8220;Velcro&#8221; u\u017esegim\u0173 gaminius galite perpjauti [&hellip;]\" \/>\n<meta property=\"og:url\" content=\"https:\/\/monti.lt\/en\/product\/mediniu-darzoviu-pjaustymo-rinkinys\/\" \/>\n<meta property=\"og:site_name\" content=\"Montessori \u017eaislai\" \/>\n<meta property=\"article:modified_time\" content=\"2026-04-13T07:20:31+00:00\" \/>\n<meta property=\"og:image\" content=\"https:\/\/monti.lt\/wp-content\/uploads\/2022\/07\/eng_pl_A-set-of-fruits-vegetables-wooden-for-cutting-Z11207-14765_1.jpg\" \/>\n\t<meta property=\"og:image:width\" content=\"652\" \/>\n\t<meta property=\"og:image:height\" content=\"500\" \/>\n\t<meta property=\"og:image:type\" content=\"image\/jpeg\" \/>\n<meta name=\"twitter:card\" content=\"summary_large_image\" \/>\n<meta name=\"twitter:label1\" content=\"Est. reading time\" \/>\n\t<meta name=\"twitter:data1\" content=\"2 minutes\" \/>\n<script type=\"application\/ld+json\" class=\"yoast-schema-graph\">{\"@context\":\"https:\/\/schema.org\",\"@graph\":[{\"@type\":\"WebPage\",\"@id\":\"https:\/\/monti.lt\/product\/mediniu-darzoviu-pjaustymo-rinkinys\/\",\"url\":\"https:\/\/monti.lt\/product\/mediniu-darzoviu-pjaustymo-rinkinys\/\",\"name\":\"Medini\u0173 dar\u017eovi\u0173 pjaustymo rinkinys - Montessori \u017eaislai\",\"isPartOf\":{\"@id\":\"https:\/\/monti.lt\/#website\"},\"primaryImageOfPage\":{\"@id\":\"https:\/\/monti.lt\/product\/mediniu-darzoviu-pjaustymo-rinkinys\/#primaryimage\"},\"image\":{\"@id\":\"https:\/\/monti.lt\/product\/mediniu-darzoviu-pjaustymo-rinkinys\/#primaryimage\"},\"thumbnailUrl\":\"https:\/\/monti.lt\/wp-content\/uploads\/2022\/07\/eng_pl_A-set-of-fruits-vegetables-wooden-for-cutting-Z11207-14765_1.jpg\",\"datePublished\":\"2022-07-20T10:50:46+00:00\",\"dateModified\":\"2026-04-13T07:20:31+00:00\",\"breadcrumb\":{\"@id\":\"https:\/\/monti.lt\/product\/mediniu-darzoviu-pjaustymo-rinkinys\/#breadcrumb\"},\"inLanguage\":\"en-US\",\"potentialAction\":[{\"@type\":\"ReadAction\",\"target\":[\"https:\/\/monti.lt\/product\/mediniu-darzoviu-pjaustymo-rinkinys\/\"]}]},{\"@type\":\"ImageObject\",\"inLanguage\":\"en-US\",\"@id\":\"https:\/\/monti.lt\/product\/mediniu-darzoviu-pjaustymo-rinkinys\/#primaryimage\",\"url\":\"https:\/\/monti.lt\/wp-content\/uploads\/2022\/07\/eng_pl_A-set-of-fruits-vegetables-wooden-for-cutting-Z11207-14765_1.jpg\",\"contentUrl\":\"https:\/\/monti.lt\/wp-content\/uploads\/2022\/07\/eng_pl_A-set-of-fruits-vegetables-wooden-for-cutting-Z11207-14765_1.jpg\",\"width\":652,\"height\":500,\"caption\":\"medines darzoves, medines darzoves pjaustymui\"},{\"@type\":\"BreadcrumbList\",\"@id\":\"https:\/\/monti.lt\/product\/mediniu-darzoviu-pjaustymo-rinkinys\/#breadcrumb\",\"itemListElement\":[{\"@type\":\"ListItem\",\"position\":1,\"name\":\"Home\",\"item\":\"https:\/\/monti.lt\/\"},{\"@type\":\"ListItem\",\"position\":2,\"name\":\"Parduotuv\u0117\",\"item\":\"https:\/\/monti.lt\/shop\/\"},{\"@type\":\"ListItem\",\"position\":3,\"name\":\"Medini\u0173 dar\u017eovi\u0173 pjaustymo rinkinys\"}]},{\"@type\":\"WebSite\",\"@id\":\"https:\/\/monti.lt\/#website\",\"url\":\"https:\/\/monti.lt\/\",\"name\":\"Montessori \u017eaislai\",\"description\":\"\",\"publisher\":{\"@id\":\"https:\/\/monti.lt\/#organization\"},\"potentialAction\":[{\"@type\":\"SearchAction\",\"target\":{\"@type\":\"EntryPoint\",\"urlTemplate\":\"https:\/\/monti.lt\/?s={search_term_string}\"},\"query-input\":\"required name=search_term_string\"}],\"inLanguage\":\"en-US\"},{\"@type\":\"Organization\",\"@id\":\"https:\/\/monti.lt\/#organization\",\"name\":\"Montessori \u017eaislai\",\"url\":\"https:\/\/monti.lt\/\",\"logo\":{\"@type\":\"ImageObject\",\"inLanguage\":\"en-US\",\"@id\":\"https:\/\/monti.lt\/#\/schema\/logo\/image\/\",\"url\":\"https:\/\/monti.lt\/wp-content\/uploads\/2022\/03\/montilogo-1.png\",\"contentUrl\":\"https:\/\/monti.lt\/wp-content\/uploads\/2022\/03\/montilogo-1.png\",\"width\":512,\"height\":512,\"caption\":\"Montessori \u017eaislai\"},\"image\":{\"@id\":\"https:\/\/monti.lt\/#\/schema\/logo\/image\/\"}}]}<\/script>\n<!-- \/ Yoast SEO plugin. -->","yoast_head_json":{"title":"Medini\u0173 dar\u017eovi\u0173 pjaustymo rinkinys - Montessori \u017eaislai","robots":{"index":"index","follow":"follow","max-snippet":"max-snippet:-1","max-image-preview":"max-image-preview:large","max-video-preview":"max-video-preview:-1"},"canonical":"https:\/\/monti.lt\/en\/product\/mediniu-darzoviu-pjaustymo-rinkinys\/","og_locale":"en_US","og_type":"article","og_title":"Medini\u0173 dar\u017eovi\u0173 pjaustymo rinkinys - Montessori \u017eaislai","og_description":"SPALVOT\u0172 DAR\u017dOVI\u0172 IR VAISI\u0172 RINKINYS &#8211; d\u0117\u017eut\u0117je esantis &nbsp;dar\u017eovi\u0173 rinkinys leis smagiai \u017eaisti gaminant maist\u0105; ry\u0161kios ir sultingos spalvos patrauks vaiko d\u0117mes\u012f ir paskatins j\u012f \u017eaisti. Rinkin\u012f sudaro: morka, bulv\u0117, grybas, svog\u016bnas, agurkas, bakla\u017eanas, kaliarop\u0117, peilis ir d\u0117\u017eut\u0117. GALIMYB\u0116 PJAUTI IR SUJUNGTI &#8220;velcro&#8221; &#8211; d\u0117l rinkinyje esan\u010dio &nbsp;peiliuko ir vidini\u0173 &#8220;Velcro&#8221; u\u017esegim\u0173 gaminius galite perpjauti [&hellip;]","og_url":"https:\/\/monti.lt\/en\/product\/mediniu-darzoviu-pjaustymo-rinkinys\/","og_site_name":"Montessori \u017eaislai","article_modified_time":"2026-04-13T07:20:31+00:00","og_image":[{"width":652,"height":500,"url":"https:\/\/monti.lt\/wp-content\/uploads\/2022\/07\/eng_pl_A-set-of-fruits-vegetables-wooden-for-cutting-Z11207-14765_1.jpg","type":"image\/jpeg"}],"twitter_card":"summary_large_image","twitter_misc":{"Est. reading time":"2 minutes"},"schema":{"@context":"https:\/\/schema.org","@graph":[{"@type":"WebPage","@id":"https:\/\/monti.lt\/product\/mediniu-darzoviu-pjaustymo-rinkinys\/","url":"https:\/\/monti.lt\/product\/mediniu-darzoviu-pjaustymo-rinkinys\/","name":"Medini\u0173 dar\u017eovi\u0173 pjaustymo rinkinys - Montessori \u017eaislai","isPartOf":{"@id":"https:\/\/monti.lt\/#website"},"primaryImageOfPage":{"@id":"https:\/\/monti.lt\/product\/mediniu-darzoviu-pjaustymo-rinkinys\/#primaryimage"},"image":{"@id":"https:\/\/monti.lt\/product\/mediniu-darzoviu-pjaustymo-rinkinys\/#primaryimage"},"thumbnailUrl":"https:\/\/monti.lt\/wp-content\/uploads\/2022\/07\/eng_pl_A-set-of-fruits-vegetables-wooden-for-cutting-Z11207-14765_1.jpg","datePublished":"2022-07-20T10:50:46+00:00","dateModified":"2026-04-13T07:20:31+00:00","breadcrumb":{"@id":"https:\/\/monti.lt\/product\/mediniu-darzoviu-pjaustymo-rinkinys\/#breadcrumb"},"inLanguage":"en-US","potentialAction":[{"@type":"ReadAction","target":["https:\/\/monti.lt\/product\/mediniu-darzoviu-pjaustymo-rinkinys\/"]}]},{"@type":"ImageObject","inLanguage":"en-US","@id":"https:\/\/monti.lt\/product\/mediniu-darzoviu-pjaustymo-rinkinys\/#primaryimage","url":"https:\/\/monti.lt\/wp-content\/uploads\/2022\/07\/eng_pl_A-set-of-fruits-vegetables-wooden-for-cutting-Z11207-14765_1.jpg","contentUrl":"https:\/\/monti.lt\/wp-content\/uploads\/2022\/07\/eng_pl_A-set-of-fruits-vegetables-wooden-for-cutting-Z11207-14765_1.jpg","width":652,"height":500,"caption":"medines darzoves, medines darzoves pjaustymui"},{"@type":"BreadcrumbList","@id":"https:\/\/monti.lt\/product\/mediniu-darzoviu-pjaustymo-rinkinys\/#breadcrumb","itemListElement":[{"@type":"ListItem","position":1,"name":"Home","item":"https:\/\/monti.lt\/"},{"@type":"ListItem","position":2,"name":"Parduotuv\u0117","item":"https:\/\/monti.lt\/shop\/"},{"@type":"ListItem","position":3,"name":"Medini\u0173 dar\u017eovi\u0173 pjaustymo rinkinys"}]},{"@type":"WebSite","@id":"https:\/\/monti.lt\/#website","url":"https:\/\/monti.lt\/","name":"Montessori \u017eaislai","description":"","publisher":{"@id":"https:\/\/monti.lt\/#organization"},"potentialAction":[{"@type":"SearchAction","target":{"@type":"EntryPoint","urlTemplate":"https:\/\/monti.lt\/?s={search_term_string}"},"query-input":"required name=search_term_string"}],"inLanguage":"en-US"},{"@type":"Organization","@id":"https:\/\/monti.lt\/#organization","name":"Montessori \u017eaislai","url":"https:\/\/monti.lt\/","logo":{"@type":"ImageObject","inLanguage":"en-US","@id":"https:\/\/monti.lt\/#\/schema\/logo\/image\/","url":"https:\/\/monti.lt\/wp-content\/uploads\/2022\/03\/montilogo-1.png","contentUrl":"https:\/\/monti.lt\/wp-content\/uploads\/2022\/03\/montilogo-1.png","width":512,"height":512,"caption":"Montessori \u017eaislai"},"image":{"@id":"https:\/\/monti.lt\/#\/schema\/logo\/image\/"}}]}},"_links":{"self":[{"href":"https:\/\/monti.lt\/en\/wp-json\/wp\/v2\/product\/8940"}],"collection":[{"href":"https:\/\/monti.lt\/en\/wp-json\/wp\/v2\/product"}],"about":[{"href":"https:\/\/monti.lt\/en\/wp-json\/wp\/v2\/types\/product"}],"version-history":[{"count":2,"href":"https:\/\/monti.lt\/en\/wp-json\/wp\/v2\/product\/8940\/revisions"}],"predecessor-version":[{"id":11986,"href":"https:\/\/monti.lt\/en\/wp-json\/wp\/v2\/product\/8940\/revisions\/11986"}],"wp:featuredmedia":[{"embeddable":true,"href":"https:\/\/monti.lt\/en\/wp-json\/wp\/v2\/media\/8941"}],"wp:attachment":[{"href":"https:\/\/monti.lt\/en\/wp-json\/wp\/v2\/media?parent=8940"}],"wp:term":[{"taxonomy":"product_cat","embeddable":true,"href":"https:\/\/monti.lt\/en\/wp-json\/wp\/v2\/product_cat?post=8940"},{"taxonomy":"product_tag","embeddable":true,"href":"https:\/\/monti.lt\/en\/wp-json\/wp\/v2\/product_tag?post=8940"}],"curies":[{"name":"wp","href":"https:\/\/api.w.org\/{rel}","templated":true}]}}