{"id":8944,"date":"2022-07-20T10:56:30","date_gmt":"2022-07-20T10:56:30","guid":{"rendered":"https:\/\/monti.lt\/?post_type=product&#038;p=8944"},"modified":"2026-04-07T08:31:20","modified_gmt":"2026-04-07T08:31:20","slug":"balansiniai-montessori-akmeneliai","status":"publish","type":"product","link":"https:\/\/monti.lt\/en\/product\/balansiniai-montessori-akmeneliai\/","title":{"rendered":"Balansiniai Montessori akmen\u0117liai"},"content":{"rendered":"<p>PATVIR\u016aS IR SAUG\u016aS &#8211; jau seniai \u017einoma, kad mediniai \u017eaislai yra \u017eaislai, kurie gali d\u017eiuginti kelias kartas. Medin\u0117s kalad\u0117l\u0117s, akmenukai yra patvar\u016bs ir saug\u016bs naudoti.<\/p>\n<p>16 medini\u0173 kalad\u0117li\u0173 &#8211; jas galima sud\u0117ti \u012f bet kokias formas.<\/p>\n<p>UGDYMAS &#8211; \u017daisdami d\u0117lion\u0119 puikiai lavinsite rank\u0173 \u012fg\u016bd\u017eius, miklum\u0105, lavinsite akies ir rankos koordinacij\u0105 ir lavinsite geb\u0117jim\u0105 logi\u0161kai m\u0105styti. Vaikai su \u0161iuo \u017eaislu taip pat lavina kantryb\u0119 ir koncentracij\u0105. Norint sud\u0117lioti kalad\u0117les \u012f tam tikras formas, reikia susikaupimo ir lakios vaizduot\u0117s.<\/p>\n<p>SPALVOS &#8211; gra\u017eios spalvos suteikia estetin\u0119 vert\u0119, patraukia vaik\u0173 d\u0117mes\u012f ir skatina juos \u017eaisti pakartotinai.<\/p>\n<p>SPECIFIKACIJA:<\/p>\n<p>med\u017eiaga: mediena<br \/>\nspalva: \u012fvairiaspalv\u0117<br \/>\ndid\u017eiausio bloko matmenys: 4 \/ 4 \/ 5 cm.<br \/>\nd\u0117\u017eut\u0117s matmenys: Dydis: 17,5 \/ 11 \/ 5 cm<br \/>\nblok\u0173 svoris: 0,240 kg<br \/>\npakuot\u0117s svoris: 0,280 kg<\/p>","protected":false},"excerpt":{"rendered":"<p>PATVIR\u016aS IR SAUG\u016aS &#8211; jau seniai \u017einoma, kad mediniai \u017eaislai yra \u017eaislai, kurie gali d\u017eiuginti kelias kartas. Medin\u0117s kalad\u0117l\u0117s, akmenukai yra patvar\u016bs ir saug\u016bs naudoti.<\/p>\n<p>16 medini\u0173 kalad\u0117li\u0173 &#8211; jas galima sud\u0117ti \u012f bet kokias formas, ta\u010diau \u012fsp\u016bdingiausiai i\u0161eina bok\u0161tai . Komplekte yra skirting\u0173 spalv\u0173 kalad\u0117li\u0173 , tod\u0117l galite sukurti dar \u012fmantresni\u0173 k\u016brini\u0173. I\u0161 j\u0173 galite sukurti nuostabius ra\u0161tus &#8211; tereikia akimirk\u0105 pagalvoti ir suplanuoti element\u0173 i\u0161d\u0117stym\u0105.<\/p>\n<p>UGDYMAS &#8211; \u017daisdami d\u0117lion\u0119 puikiai lavinsite rank\u0173 \u012fg\u016bd\u017eius, miklum\u0105, lavinsite akies ir rankos koordinacij\u0105 ir lavinsite geb\u0117jim\u0105 logi\u0161kai m\u0105styti. Vaikai su \u0161iuo \u017eaislu taip pat lavina kantryb\u0119 ir koncentracij\u0105. Norint sud\u0117lioti kalad\u0117les \u012f tam tikras formas, reikia susikaupimo ir lakios vaizduot\u0117s.<\/p>\n<p>&nbsp;<\/p>\n<p>SPECIFIKACIJA:<\/p>\n<p>med\u017eiaga: mediena<br \/>\nspalva: \u012fvairiaspalv\u0117<br \/>\ndid\u017eiausio bloko matmenys: 4 \/ 4 \/ 5 cm.<br \/>\nd\u0117\u017eut\u0117s matmenys: Dydis: 17,5 \/ 11 \/ 5 cm<br \/>\nblok\u0173 svoris: 0,240 kg<br \/>\npakuot\u0117s svoris: 0,280 kg<\/p>","protected":false},"featured_media":8945,"template":"","meta":{"_acf_changed":false,"iawp_total_views":2148},"product_cat":[218,92,84,91,102,83,86,49,39],"product_tag":[97,98,99],"class_list":{"0":"post-8944","1":"product","2":"type-product","3":"status-publish","4":"has-post-thumbnail","6":"product_cat-darzeliu-grupems","7":"product_cat-deliones","8":"product_cat-lavinamieji-zaislai","9":"product_cat-loginiam-mastymui","10":"product_cat-mediniai-zaislai","11":"product_cat-montessori-zaislai","12":"product_cat-smulkioji-motorika","13":"product_cat-visi-zaislai","14":"product_cat-zaislai","15":"product_tag-3-m-4-m","16":"product_tag-5-m-7-m","17":"product_tag-8-m-11-m","19":"first","20":"onbackorder","21":"taxable","22":"shipping-taxable","23":"purchasable","24":"product-type-simple"},"acf":[],"yoast_head":"<!-- This site is optimized with the Yoast SEO plugin v23.3 - https:\/\/yoast.com\/wordpress\/plugins\/seo\/ -->\n<title>Balansiniai Montessori akmen\u0117liai - Montessori \u017eaislai<\/title>\n<meta name=\"robots\" content=\"index, follow, max-snippet:-1, max-image-preview:large, max-video-preview:-1\" \/>\n<link rel=\"canonical\" href=\"https:\/\/monti.lt\/en\/product\/balansiniai-montessori-akmeneliai\/\" \/>\n<meta property=\"og:locale\" content=\"en_US\" \/>\n<meta property=\"og:type\" content=\"article\" \/>\n<meta property=\"og:title\" content=\"Balansiniai Montessori akmen\u0117liai - Montessori \u017eaislai\" \/>\n<meta property=\"og:description\" content=\"PATVIR\u016aS IR SAUG\u016aS - jau seniai \u017einoma, kad mediniai \u017eaislai yra \u017eaislai, kurie gali d\u017eiuginti kelias kartas. Medin\u0117s kalad\u0117l\u0117s, akmenukai yra patvar\u016bs ir saug\u016bs naudoti.  16 medini\u0173 kalad\u0117li\u0173 - jas galima sud\u0117ti \u012f bet kokias formas, ta\u010diau \u012fsp\u016bdingiausiai i\u0161eina bok\u0161tai . Komplekte yra skirting\u0173 spalv\u0173 kalad\u0117li\u0173 , tod\u0117l galite sukurti dar \u012fmantresni\u0173 k\u016brini\u0173. I\u0161 j\u0173 galite sukurti nuostabius ra\u0161tus - tereikia akimirk\u0105 pagalvoti ir suplanuoti element\u0173 i\u0161d\u0117stym\u0105.  UGDYMAS - \u017daisdami d\u0117lion\u0119 puikiai lavinsite rank\u0173 \u012fg\u016bd\u017eius, miklum\u0105, lavinsite akies ir rankos koordinacij\u0105 ir lavinsite geb\u0117jim\u0105 logi\u0161kai m\u0105styti. Vaikai su \u0161iuo \u017eaislu taip pat lavina kantryb\u0119 ir koncentracij\u0105. Norint sud\u0117lioti kalad\u0117les \u012f tam tikras formas, reikia susikaupimo ir lakios vaizduot\u0117s.  &nbsp;  SPECIFIKACIJA:  med\u017eiaga: mediena spalva: \u012fvairiaspalv\u0117 did\u017eiausio bloko matmenys: 4 \/ 4 \/ 5 cm. d\u0117\u017eut\u0117s matmenys: Dydis: 17,5 \/ 11 \/ 5 cm blok\u0173 svoris: 0,240 kg pakuot\u0117s svoris: 0,280 kg\" \/>\n<meta property=\"og:url\" content=\"https:\/\/monti.lt\/en\/product\/balansiniai-montessori-akmeneliai\/\" \/>\n<meta property=\"og:site_name\" content=\"Montessori \u017eaislai\" \/>\n<meta property=\"article:modified_time\" content=\"2026-04-07T08:31:20+00:00\" \/>\n<meta property=\"og:image\" content=\"https:\/\/monti.lt\/wp-content\/uploads\/2022\/07\/eng_pl_Stones-wooden-blocks-16-pcs-14964_7.jpg\" \/>\n\t<meta property=\"og:image:width\" content=\"688\" \/>\n\t<meta property=\"og:image:height\" content=\"500\" \/>\n\t<meta property=\"og:image:type\" content=\"image\/jpeg\" \/>\n<meta name=\"twitter:card\" content=\"summary_large_image\" \/>\n<meta name=\"twitter:label1\" content=\"Est. reading time\" \/>\n\t<meta name=\"twitter:data1\" content=\"1 minute\" \/>\n<script type=\"application\/ld+json\" class=\"yoast-schema-graph\">{\"@context\":\"https:\/\/schema.org\",\"@graph\":[{\"@type\":\"WebPage\",\"@id\":\"https:\/\/monti.lt\/product\/balansiniai-montessori-akmeneliai\/\",\"url\":\"https:\/\/monti.lt\/product\/balansiniai-montessori-akmeneliai\/\",\"name\":\"Balansiniai Montessori akmen\u0117liai - Montessori \u017eaislai\",\"isPartOf\":{\"@id\":\"https:\/\/monti.lt\/#website\"},\"primaryImageOfPage\":{\"@id\":\"https:\/\/monti.lt\/product\/balansiniai-montessori-akmeneliai\/#primaryimage\"},\"image\":{\"@id\":\"https:\/\/monti.lt\/product\/balansiniai-montessori-akmeneliai\/#primaryimage\"},\"thumbnailUrl\":\"https:\/\/monti.lt\/wp-content\/uploads\/2022\/07\/eng_pl_Stones-wooden-blocks-16-pcs-14964_7.jpg\",\"datePublished\":\"2022-07-20T10:56:30+00:00\",\"dateModified\":\"2026-04-07T08:31:20+00:00\",\"breadcrumb\":{\"@id\":\"https:\/\/monti.lt\/product\/balansiniai-montessori-akmeneliai\/#breadcrumb\"},\"inLanguage\":\"en-US\",\"potentialAction\":[{\"@type\":\"ReadAction\",\"target\":[\"https:\/\/monti.lt\/product\/balansiniai-montessori-akmeneliai\/\"]}]},{\"@type\":\"ImageObject\",\"inLanguage\":\"en-US\",\"@id\":\"https:\/\/monti.lt\/product\/balansiniai-montessori-akmeneliai\/#primaryimage\",\"url\":\"https:\/\/monti.lt\/wp-content\/uploads\/2022\/07\/eng_pl_Stones-wooden-blocks-16-pcs-14964_7.jpg\",\"contentUrl\":\"https:\/\/monti.lt\/wp-content\/uploads\/2022\/07\/eng_pl_Stones-wooden-blocks-16-pcs-14964_7.jpg\",\"width\":688,\"height\":500,\"caption\":\"Balansiniai Montessori akmeneliai\"},{\"@type\":\"BreadcrumbList\",\"@id\":\"https:\/\/monti.lt\/product\/balansiniai-montessori-akmeneliai\/#breadcrumb\",\"itemListElement\":[{\"@type\":\"ListItem\",\"position\":1,\"name\":\"Home\",\"item\":\"https:\/\/monti.lt\/\"},{\"@type\":\"ListItem\",\"position\":2,\"name\":\"Parduotuv\u0117\",\"item\":\"https:\/\/monti.lt\/shop\/\"},{\"@type\":\"ListItem\",\"position\":3,\"name\":\"Balansiniai Montessori akmen\u0117liai\"}]},{\"@type\":\"WebSite\",\"@id\":\"https:\/\/monti.lt\/#website\",\"url\":\"https:\/\/monti.lt\/\",\"name\":\"Montessori \u017eaislai\",\"description\":\"\",\"publisher\":{\"@id\":\"https:\/\/monti.lt\/#organization\"},\"potentialAction\":[{\"@type\":\"SearchAction\",\"target\":{\"@type\":\"EntryPoint\",\"urlTemplate\":\"https:\/\/monti.lt\/?s={search_term_string}\"},\"query-input\":\"required name=search_term_string\"}],\"inLanguage\":\"en-US\"},{\"@type\":\"Organization\",\"@id\":\"https:\/\/monti.lt\/#organization\",\"name\":\"Montessori \u017eaislai\",\"url\":\"https:\/\/monti.lt\/\",\"logo\":{\"@type\":\"ImageObject\",\"inLanguage\":\"en-US\",\"@id\":\"https:\/\/monti.lt\/#\/schema\/logo\/image\/\",\"url\":\"https:\/\/monti.lt\/wp-content\/uploads\/2022\/03\/montilogo-1.png\",\"contentUrl\":\"https:\/\/monti.lt\/wp-content\/uploads\/2022\/03\/montilogo-1.png\",\"width\":512,\"height\":512,\"caption\":\"Montessori \u017eaislai\"},\"image\":{\"@id\":\"https:\/\/monti.lt\/#\/schema\/logo\/image\/\"}}]}<\/script>\n<!-- \/ Yoast SEO plugin. -->","yoast_head_json":{"title":"Balansiniai Montessori akmen\u0117liai - Montessori \u017eaislai","robots":{"index":"index","follow":"follow","max-snippet":"max-snippet:-1","max-image-preview":"max-image-preview:large","max-video-preview":"max-video-preview:-1"},"canonical":"https:\/\/monti.lt\/en\/product\/balansiniai-montessori-akmeneliai\/","og_locale":"en_US","og_type":"article","og_title":"Balansiniai Montessori akmen\u0117liai - Montessori \u017eaislai","og_description":"PATVIR\u016aS IR SAUG\u016aS - jau seniai \u017einoma, kad mediniai \u017eaislai yra \u017eaislai, kurie gali d\u017eiuginti kelias kartas. Medin\u0117s kalad\u0117l\u0117s, akmenukai yra patvar\u016bs ir saug\u016bs naudoti.  16 medini\u0173 kalad\u0117li\u0173 - jas galima sud\u0117ti \u012f bet kokias formas, ta\u010diau \u012fsp\u016bdingiausiai i\u0161eina bok\u0161tai . Komplekte yra skirting\u0173 spalv\u0173 kalad\u0117li\u0173 , tod\u0117l galite sukurti dar \u012fmantresni\u0173 k\u016brini\u0173. I\u0161 j\u0173 galite sukurti nuostabius ra\u0161tus - tereikia akimirk\u0105 pagalvoti ir suplanuoti element\u0173 i\u0161d\u0117stym\u0105.  UGDYMAS - \u017daisdami d\u0117lion\u0119 puikiai lavinsite rank\u0173 \u012fg\u016bd\u017eius, miklum\u0105, lavinsite akies ir rankos koordinacij\u0105 ir lavinsite geb\u0117jim\u0105 logi\u0161kai m\u0105styti. Vaikai su \u0161iuo \u017eaislu taip pat lavina kantryb\u0119 ir koncentracij\u0105. Norint sud\u0117lioti kalad\u0117les \u012f tam tikras formas, reikia susikaupimo ir lakios vaizduot\u0117s.  &nbsp;  SPECIFIKACIJA:  med\u017eiaga: mediena spalva: \u012fvairiaspalv\u0117 did\u017eiausio bloko matmenys: 4 \/ 4 \/ 5 cm. d\u0117\u017eut\u0117s matmenys: Dydis: 17,5 \/ 11 \/ 5 cm blok\u0173 svoris: 0,240 kg pakuot\u0117s svoris: 0,280 kg","og_url":"https:\/\/monti.lt\/en\/product\/balansiniai-montessori-akmeneliai\/","og_site_name":"Montessori \u017eaislai","article_modified_time":"2026-04-07T08:31:20+00:00","og_image":[{"width":688,"height":500,"url":"https:\/\/monti.lt\/wp-content\/uploads\/2022\/07\/eng_pl_Stones-wooden-blocks-16-pcs-14964_7.jpg","type":"image\/jpeg"}],"twitter_card":"summary_large_image","twitter_misc":{"Est. reading time":"1 minute"},"schema":{"@context":"https:\/\/schema.org","@graph":[{"@type":"WebPage","@id":"https:\/\/monti.lt\/product\/balansiniai-montessori-akmeneliai\/","url":"https:\/\/monti.lt\/product\/balansiniai-montessori-akmeneliai\/","name":"Balansiniai Montessori akmen\u0117liai - Montessori \u017eaislai","isPartOf":{"@id":"https:\/\/monti.lt\/#website"},"primaryImageOfPage":{"@id":"https:\/\/monti.lt\/product\/balansiniai-montessori-akmeneliai\/#primaryimage"},"image":{"@id":"https:\/\/monti.lt\/product\/balansiniai-montessori-akmeneliai\/#primaryimage"},"thumbnailUrl":"https:\/\/monti.lt\/wp-content\/uploads\/2022\/07\/eng_pl_Stones-wooden-blocks-16-pcs-14964_7.jpg","datePublished":"2022-07-20T10:56:30+00:00","dateModified":"2026-04-07T08:31:20+00:00","breadcrumb":{"@id":"https:\/\/monti.lt\/product\/balansiniai-montessori-akmeneliai\/#breadcrumb"},"inLanguage":"en-US","potentialAction":[{"@type":"ReadAction","target":["https:\/\/monti.lt\/product\/balansiniai-montessori-akmeneliai\/"]}]},{"@type":"ImageObject","inLanguage":"en-US","@id":"https:\/\/monti.lt\/product\/balansiniai-montessori-akmeneliai\/#primaryimage","url":"https:\/\/monti.lt\/wp-content\/uploads\/2022\/07\/eng_pl_Stones-wooden-blocks-16-pcs-14964_7.jpg","contentUrl":"https:\/\/monti.lt\/wp-content\/uploads\/2022\/07\/eng_pl_Stones-wooden-blocks-16-pcs-14964_7.jpg","width":688,"height":500,"caption":"Balansiniai Montessori akmeneliai"},{"@type":"BreadcrumbList","@id":"https:\/\/monti.lt\/product\/balansiniai-montessori-akmeneliai\/#breadcrumb","itemListElement":[{"@type":"ListItem","position":1,"name":"Home","item":"https:\/\/monti.lt\/"},{"@type":"ListItem","position":2,"name":"Parduotuv\u0117","item":"https:\/\/monti.lt\/shop\/"},{"@type":"ListItem","position":3,"name":"Balansiniai Montessori akmen\u0117liai"}]},{"@type":"WebSite","@id":"https:\/\/monti.lt\/#website","url":"https:\/\/monti.lt\/","name":"Montessori \u017eaislai","description":"","publisher":{"@id":"https:\/\/monti.lt\/#organization"},"potentialAction":[{"@type":"SearchAction","target":{"@type":"EntryPoint","urlTemplate":"https:\/\/monti.lt\/?s={search_term_string}"},"query-input":"required name=search_term_string"}],"inLanguage":"en-US"},{"@type":"Organization","@id":"https:\/\/monti.lt\/#organization","name":"Montessori \u017eaislai","url":"https:\/\/monti.lt\/","logo":{"@type":"ImageObject","inLanguage":"en-US","@id":"https:\/\/monti.lt\/#\/schema\/logo\/image\/","url":"https:\/\/monti.lt\/wp-content\/uploads\/2022\/03\/montilogo-1.png","contentUrl":"https:\/\/monti.lt\/wp-content\/uploads\/2022\/03\/montilogo-1.png","width":512,"height":512,"caption":"Montessori \u017eaislai"},"image":{"@id":"https:\/\/monti.lt\/#\/schema\/logo\/image\/"}}]}},"_links":{"self":[{"href":"https:\/\/monti.lt\/en\/wp-json\/wp\/v2\/product\/8944"}],"collection":[{"href":"https:\/\/monti.lt\/en\/wp-json\/wp\/v2\/product"}],"about":[{"href":"https:\/\/monti.lt\/en\/wp-json\/wp\/v2\/types\/product"}],"version-history":[{"count":2,"href":"https:\/\/monti.lt\/en\/wp-json\/wp\/v2\/product\/8944\/revisions"}],"predecessor-version":[{"id":9822,"href":"https:\/\/monti.lt\/en\/wp-json\/wp\/v2\/product\/8944\/revisions\/9822"}],"wp:featuredmedia":[{"embeddable":true,"href":"https:\/\/monti.lt\/en\/wp-json\/wp\/v2\/media\/8945"}],"wp:attachment":[{"href":"https:\/\/monti.lt\/en\/wp-json\/wp\/v2\/media?parent=8944"}],"wp:term":[{"taxonomy":"product_cat","embeddable":true,"href":"https:\/\/monti.lt\/en\/wp-json\/wp\/v2\/product_cat?post=8944"},{"taxonomy":"product_tag","embeddable":true,"href":"https:\/\/monti.lt\/en\/wp-json\/wp\/v2\/product_tag?post=8944"}],"curies":[{"name":"wp","href":"https:\/\/api.w.org\/{rel}","templated":true}]}}