{"id":9024,"date":"2022-07-26T14:13:10","date_gmt":"2022-07-26T14:13:10","guid":{"rendered":"https:\/\/monti.lt\/?post_type=product&#038;p=9024"},"modified":"2026-01-26T13:36:21","modified_gmt":"2026-01-26T13:36:21","slug":"medinis-kaladeliu-miestas","status":"publish","type":"product","link":"https:\/\/monti.lt\/en\/product\/medinis-kaladeliu-miestas\/","title":{"rendered":"Medinis kalad\u0117li\u0173 miestas"},"content":{"rendered":"<p>MEDINI\u0172 KALAD\u0116LI\u0172 MIESTAS + R\u016a\u0160IUOKLIS + D\u0116LION\u0116 + KREP\u0160YS<\/p>\n<p>K\u016aRYBINGAS IR \u012eDOMUS \u017dAIDIMAS &#8211; medini\u0173 kalad\u0117li\u0173 miestas yra svajon\u0117, apie kuri\u0105 svajoja kiekvienas vaikas, m\u0117gstantis d\u0117lioti \u012fvairias konstrukcijas. Galimyb\u0117s linksmintis ir \u017eaisti vaidmenimis \u010dia prakti\u0161kai neribotos, tod\u0117l tai \u017eaislas, kuris veiksmingai \u012fveikia nuobodul\u012f.<br \/>\nVYSTYMASIS &#8211; kalad\u0117li\u0173 miesto rinkinys yra ne tik puiki pramoga, bet ir mokymasis apie mus supant\u012f pasaul\u012f, kaip funkcionuoja miestas ir pan. \u017daisdamas su tokiu \u017eaislu vaikas taip pat lavina rank\u0173 darbo \u012fg\u016bd\u017eius, mokosi tikslumo ir kantryb\u0117s, pratinasi atpa\u017einti formas, spalvas ir pan.<br \/>\nSPALVINIAI ELEMENTAI &#8211; mokomosios miesto kalad\u0117l\u0117s yra labai spalvingos, d\u0117l to stipriai veikia vaik\u0173 vaizduot\u0119. Tokiu b\u016bdu \u017eaislas padeda ugdyti vaiko k\u016brybi\u0161kum\u0105 ir lavina login\u012f m\u0105stym\u0105.<br \/>\nPATVIRTUMAS &#8211; jau seniai \u017einoma, kad mediniai \u017eaislai &#8211; tai \u017eaislai, kurie nepa\u017eeisti gali linksminti i\u0161tisas kartas. Medin\u0117s miesto kalad\u0117l\u0117s yra patvarios &#8211; tod\u0117l nereikia bijoti, kaip plastikini\u0173 \u017eaisl\u0173 atveju, kad pa\u017eeistas elementas nety\u010dia su\u017eeis vaik\u0105.<\/p>\n<p>SPECIFIKACIJA<\/p>\n<p>blok\u0173 skai\u010dius: Kvadrat\u0173 skai\u010dius: 100 vnt.<br \/>\nd\u0117lion\u0117: 20 vnt.<br \/>\npastat\u0173 i\u0161d\u0117stymo galimyb\u0117: bankas, mokykla, kavin\u0117, policija, ligonin\u0117, gaisrin\u0117, degalin\u0117, vie\u0161butis<br \/>\nkilim\u0117lio matmenys: matmenys: 55 x 42 cm<br \/>\nkibiro matmenys: 22 x 22,5 cm<br \/>\nsvoris: 1,375 kg<br \/>\npakuot\u0117s svoris: 1,769 kg<br \/>\n\u012eSKAI\u010cIUOTAS<\/p>\n<p>100 kalad\u0117li\u0173 (\u012fskaitant automobilius: 6 transporto priemon\u0117s (sargas, policija, greitoji pagalba, taksi, sraigtasparnis, mokyklinis autobusas), 3 med\u017eiai, 3 persona\u017eai (gaisrininkas, policininkas, slaugytoja)<br \/>\nkibir\u0117lis (1 vnt.)<br \/>\ndang\u010dio r\u016b\u0161iuotuvas (1 vnt.)<br \/>\nd\u0117lion\u0117 (20 vnt.)<br \/>\nmai\u0161elis kalad\u0117l\u0117ms (1 vnt.)<\/p>","protected":false},"excerpt":{"rendered":"<p>MEDINI\u0172 KALAD\u0116LI\u0172 MIESTAS + R\u016a\u0160IUOKLIS + D\u0116LION\u0116 + KREP\u0160YS K\u016aRYBINGAS IR \u012eDOMUS \u017dAIDIMAS &#8211; medini\u0173 kalad\u0117li\u0173 miestas yra svajon\u0117, apie kuri\u0105 svajoja kiekvienas vaikas, m\u0117gstantis d\u0117lioti \u012fvairias konstrukcijas. Galimyb\u0117s linksmintis ir \u017eaisti vaidmenimis \u010dia prakti\u0161kai neribotos, tod\u0117l tai \u017eaislas, kuris veiksmingai \u012fveikia nuobodul\u012f. VYSTYMASIS &#8211; kalad\u0117li\u0173 miesto rinkinys yra ne tik puiki pramoga, bet ir [&hellip;]<\/p>","protected":false},"featured_media":9025,"template":"","meta":{"_acf_changed":false,"iawp_total_views":1537},"product_cat":[92,194,195,197,196,191,192,87,84,102,86,199,93,49,39],"product_tag":[96,97,98],"class_list":{"0":"post-9024","1":"product","2":"type-product","3":"status-publish","4":"has-post-thumbnail","6":"product_cat-deliones","7":"product_cat-dovanos-vaikams-2-3-metu","8":"product_cat-dovanos-vaikams-3-4-metu","9":"product_cat-dovanos-berniukams","10":"product_cat-dovanos-mergaitems","11":"product_cat-dovanos-vaikams","12":"product_cat-kaledines-dovanos-vaikams","13":"product_cat-kurybiniai-rinkiniai","14":"product_cat-lavinamieji-zaislai","15":"product_cat-mediniai-zaislai","16":"product_cat-smulkioji-motorika","17":"product_cat-ugdymo-istaigoms","18":"product_cat-vaidmenu-zaidimai","19":"product_cat-visi-zaislai","20":"product_cat-zaislai","21":"product_tag-2-m-3-m","22":"product_tag-3-m-4-m","23":"product_tag-5-m-7-m","25":"first","26":"outofstock","27":"taxable","28":"shipping-taxable","29":"purchasable","30":"product-type-simple"},"acf":[],"yoast_head":"<!-- This site is optimized with the Yoast SEO plugin v23.3 - https:\/\/yoast.com\/wordpress\/plugins\/seo\/ -->\n<title>Medinis kalad\u0117li\u0173 miestas - Montessori \u017eaislai<\/title>\n<meta name=\"robots\" content=\"index, follow, max-snippet:-1, max-image-preview:large, max-video-preview:-1\" \/>\n<link rel=\"canonical\" href=\"https:\/\/monti.lt\/en\/product\/medinis-kaladeliu-miestas\/\" \/>\n<meta property=\"og:locale\" content=\"en_US\" \/>\n<meta property=\"og:type\" content=\"article\" \/>\n<meta property=\"og:title\" content=\"Medinis kalad\u0117li\u0173 miestas - Montessori \u017eaislai\" \/>\n<meta property=\"og:description\" content=\"MEDINI\u0172 KALAD\u0116LI\u0172 MIESTAS + R\u016a\u0160IUOKLIS + D\u0116LION\u0116 + KREP\u0160YS K\u016aRYBINGAS IR \u012eDOMUS \u017dAIDIMAS &#8211; medini\u0173 kalad\u0117li\u0173 miestas yra svajon\u0117, apie kuri\u0105 svajoja kiekvienas vaikas, m\u0117gstantis d\u0117lioti \u012fvairias konstrukcijas. Galimyb\u0117s linksmintis ir \u017eaisti vaidmenimis \u010dia prakti\u0161kai neribotos, tod\u0117l tai \u017eaislas, kuris veiksmingai \u012fveikia nuobodul\u012f. VYSTYMASIS &#8211; kalad\u0117li\u0173 miesto rinkinys yra ne tik puiki pramoga, bet ir [&hellip;]\" \/>\n<meta property=\"og:url\" content=\"https:\/\/monti.lt\/en\/product\/medinis-kaladeliu-miestas\/\" \/>\n<meta property=\"og:site_name\" content=\"Montessori \u017eaislai\" \/>\n<meta property=\"article:modified_time\" content=\"2026-01-26T13:36:21+00:00\" \/>\n<meta property=\"og:image\" content=\"https:\/\/monti.lt\/wp-content\/uploads\/2022\/07\/eng_pl_Wooden-blocks-city-100-pcs-Kruzzel-19-159-16014_17-2.jpg\" \/>\n\t<meta property=\"og:image:width\" content=\"500\" \/>\n\t<meta property=\"og:image:height\" content=\"500\" \/>\n\t<meta property=\"og:image:type\" content=\"image\/jpeg\" \/>\n<meta name=\"twitter:card\" content=\"summary_large_image\" \/>\n<meta name=\"twitter:label1\" content=\"Est. reading time\" \/>\n\t<meta name=\"twitter:data1\" content=\"2 minutes\" \/>\n<script type=\"application\/ld+json\" class=\"yoast-schema-graph\">{\"@context\":\"https:\/\/schema.org\",\"@graph\":[{\"@type\":\"WebPage\",\"@id\":\"https:\/\/monti.lt\/product\/medinis-kaladeliu-miestas\/\",\"url\":\"https:\/\/monti.lt\/product\/medinis-kaladeliu-miestas\/\",\"name\":\"Medinis kalad\u0117li\u0173 miestas - Montessori \u017eaislai\",\"isPartOf\":{\"@id\":\"https:\/\/monti.lt\/#website\"},\"primaryImageOfPage\":{\"@id\":\"https:\/\/monti.lt\/product\/medinis-kaladeliu-miestas\/#primaryimage\"},\"image\":{\"@id\":\"https:\/\/monti.lt\/product\/medinis-kaladeliu-miestas\/#primaryimage\"},\"thumbnailUrl\":\"https:\/\/monti.lt\/wp-content\/uploads\/2022\/07\/eng_pl_Wooden-blocks-city-100-pcs-Kruzzel-19-159-16014_17-2.jpg\",\"datePublished\":\"2022-07-26T14:13:10+00:00\",\"dateModified\":\"2026-01-26T13:36:21+00:00\",\"breadcrumb\":{\"@id\":\"https:\/\/monti.lt\/product\/medinis-kaladeliu-miestas\/#breadcrumb\"},\"inLanguage\":\"en-US\",\"potentialAction\":[{\"@type\":\"ReadAction\",\"target\":[\"https:\/\/monti.lt\/product\/medinis-kaladeliu-miestas\/\"]}]},{\"@type\":\"ImageObject\",\"inLanguage\":\"en-US\",\"@id\":\"https:\/\/monti.lt\/product\/medinis-kaladeliu-miestas\/#primaryimage\",\"url\":\"https:\/\/monti.lt\/wp-content\/uploads\/2022\/07\/eng_pl_Wooden-blocks-city-100-pcs-Kruzzel-19-159-16014_17-2.jpg\",\"contentUrl\":\"https:\/\/monti.lt\/wp-content\/uploads\/2022\/07\/eng_pl_Wooden-blocks-city-100-pcs-Kruzzel-19-159-16014_17-2.jpg\",\"width\":500,\"height\":500},{\"@type\":\"BreadcrumbList\",\"@id\":\"https:\/\/monti.lt\/product\/medinis-kaladeliu-miestas\/#breadcrumb\",\"itemListElement\":[{\"@type\":\"ListItem\",\"position\":1,\"name\":\"Home\",\"item\":\"https:\/\/monti.lt\/\"},{\"@type\":\"ListItem\",\"position\":2,\"name\":\"Parduotuv\u0117\",\"item\":\"https:\/\/monti.lt\/shop\/\"},{\"@type\":\"ListItem\",\"position\":3,\"name\":\"Medinis kalad\u0117li\u0173 miestas\"}]},{\"@type\":\"WebSite\",\"@id\":\"https:\/\/monti.lt\/#website\",\"url\":\"https:\/\/monti.lt\/\",\"name\":\"Montessori \u017eaislai\",\"description\":\"\",\"publisher\":{\"@id\":\"https:\/\/monti.lt\/#organization\"},\"potentialAction\":[{\"@type\":\"SearchAction\",\"target\":{\"@type\":\"EntryPoint\",\"urlTemplate\":\"https:\/\/monti.lt\/?s={search_term_string}\"},\"query-input\":\"required name=search_term_string\"}],\"inLanguage\":\"en-US\"},{\"@type\":\"Organization\",\"@id\":\"https:\/\/monti.lt\/#organization\",\"name\":\"Montessori \u017eaislai\",\"url\":\"https:\/\/monti.lt\/\",\"logo\":{\"@type\":\"ImageObject\",\"inLanguage\":\"en-US\",\"@id\":\"https:\/\/monti.lt\/#\/schema\/logo\/image\/\",\"url\":\"https:\/\/monti.lt\/wp-content\/uploads\/2022\/03\/montilogo-1.png\",\"contentUrl\":\"https:\/\/monti.lt\/wp-content\/uploads\/2022\/03\/montilogo-1.png\",\"width\":512,\"height\":512,\"caption\":\"Montessori \u017eaislai\"},\"image\":{\"@id\":\"https:\/\/monti.lt\/#\/schema\/logo\/image\/\"}}]}<\/script>\n<!-- \/ Yoast SEO plugin. -->","yoast_head_json":{"title":"Medinis kalad\u0117li\u0173 miestas - Montessori \u017eaislai","robots":{"index":"index","follow":"follow","max-snippet":"max-snippet:-1","max-image-preview":"max-image-preview:large","max-video-preview":"max-video-preview:-1"},"canonical":"https:\/\/monti.lt\/en\/product\/medinis-kaladeliu-miestas\/","og_locale":"en_US","og_type":"article","og_title":"Medinis kalad\u0117li\u0173 miestas - Montessori \u017eaislai","og_description":"MEDINI\u0172 KALAD\u0116LI\u0172 MIESTAS + R\u016a\u0160IUOKLIS + D\u0116LION\u0116 + KREP\u0160YS K\u016aRYBINGAS IR \u012eDOMUS \u017dAIDIMAS &#8211; medini\u0173 kalad\u0117li\u0173 miestas yra svajon\u0117, apie kuri\u0105 svajoja kiekvienas vaikas, m\u0117gstantis d\u0117lioti \u012fvairias konstrukcijas. Galimyb\u0117s linksmintis ir \u017eaisti vaidmenimis \u010dia prakti\u0161kai neribotos, tod\u0117l tai \u017eaislas, kuris veiksmingai \u012fveikia nuobodul\u012f. VYSTYMASIS &#8211; kalad\u0117li\u0173 miesto rinkinys yra ne tik puiki pramoga, bet ir [&hellip;]","og_url":"https:\/\/monti.lt\/en\/product\/medinis-kaladeliu-miestas\/","og_site_name":"Montessori \u017eaislai","article_modified_time":"2026-01-26T13:36:21+00:00","og_image":[{"width":500,"height":500,"url":"https:\/\/monti.lt\/wp-content\/uploads\/2022\/07\/eng_pl_Wooden-blocks-city-100-pcs-Kruzzel-19-159-16014_17-2.jpg","type":"image\/jpeg"}],"twitter_card":"summary_large_image","twitter_misc":{"Est. reading time":"2 minutes"},"schema":{"@context":"https:\/\/schema.org","@graph":[{"@type":"WebPage","@id":"https:\/\/monti.lt\/product\/medinis-kaladeliu-miestas\/","url":"https:\/\/monti.lt\/product\/medinis-kaladeliu-miestas\/","name":"Medinis kalad\u0117li\u0173 miestas - Montessori \u017eaislai","isPartOf":{"@id":"https:\/\/monti.lt\/#website"},"primaryImageOfPage":{"@id":"https:\/\/monti.lt\/product\/medinis-kaladeliu-miestas\/#primaryimage"},"image":{"@id":"https:\/\/monti.lt\/product\/medinis-kaladeliu-miestas\/#primaryimage"},"thumbnailUrl":"https:\/\/monti.lt\/wp-content\/uploads\/2022\/07\/eng_pl_Wooden-blocks-city-100-pcs-Kruzzel-19-159-16014_17-2.jpg","datePublished":"2022-07-26T14:13:10+00:00","dateModified":"2026-01-26T13:36:21+00:00","breadcrumb":{"@id":"https:\/\/monti.lt\/product\/medinis-kaladeliu-miestas\/#breadcrumb"},"inLanguage":"en-US","potentialAction":[{"@type":"ReadAction","target":["https:\/\/monti.lt\/product\/medinis-kaladeliu-miestas\/"]}]},{"@type":"ImageObject","inLanguage":"en-US","@id":"https:\/\/monti.lt\/product\/medinis-kaladeliu-miestas\/#primaryimage","url":"https:\/\/monti.lt\/wp-content\/uploads\/2022\/07\/eng_pl_Wooden-blocks-city-100-pcs-Kruzzel-19-159-16014_17-2.jpg","contentUrl":"https:\/\/monti.lt\/wp-content\/uploads\/2022\/07\/eng_pl_Wooden-blocks-city-100-pcs-Kruzzel-19-159-16014_17-2.jpg","width":500,"height":500},{"@type":"BreadcrumbList","@id":"https:\/\/monti.lt\/product\/medinis-kaladeliu-miestas\/#breadcrumb","itemListElement":[{"@type":"ListItem","position":1,"name":"Home","item":"https:\/\/monti.lt\/"},{"@type":"ListItem","position":2,"name":"Parduotuv\u0117","item":"https:\/\/monti.lt\/shop\/"},{"@type":"ListItem","position":3,"name":"Medinis kalad\u0117li\u0173 miestas"}]},{"@type":"WebSite","@id":"https:\/\/monti.lt\/#website","url":"https:\/\/monti.lt\/","name":"Montessori \u017eaislai","description":"","publisher":{"@id":"https:\/\/monti.lt\/#organization"},"potentialAction":[{"@type":"SearchAction","target":{"@type":"EntryPoint","urlTemplate":"https:\/\/monti.lt\/?s={search_term_string}"},"query-input":"required name=search_term_string"}],"inLanguage":"en-US"},{"@type":"Organization","@id":"https:\/\/monti.lt\/#organization","name":"Montessori \u017eaislai","url":"https:\/\/monti.lt\/","logo":{"@type":"ImageObject","inLanguage":"en-US","@id":"https:\/\/monti.lt\/#\/schema\/logo\/image\/","url":"https:\/\/monti.lt\/wp-content\/uploads\/2022\/03\/montilogo-1.png","contentUrl":"https:\/\/monti.lt\/wp-content\/uploads\/2022\/03\/montilogo-1.png","width":512,"height":512,"caption":"Montessori \u017eaislai"},"image":{"@id":"https:\/\/monti.lt\/#\/schema\/logo\/image\/"}}]}},"_links":{"self":[{"href":"https:\/\/monti.lt\/en\/wp-json\/wp\/v2\/product\/9024"}],"collection":[{"href":"https:\/\/monti.lt\/en\/wp-json\/wp\/v2\/product"}],"about":[{"href":"https:\/\/monti.lt\/en\/wp-json\/wp\/v2\/types\/product"}],"version-history":[{"count":1,"href":"https:\/\/monti.lt\/en\/wp-json\/wp\/v2\/product\/9024\/revisions"}],"predecessor-version":[{"id":9030,"href":"https:\/\/monti.lt\/en\/wp-json\/wp\/v2\/product\/9024\/revisions\/9030"}],"wp:featuredmedia":[{"embeddable":true,"href":"https:\/\/monti.lt\/en\/wp-json\/wp\/v2\/media\/9025"}],"wp:attachment":[{"href":"https:\/\/monti.lt\/en\/wp-json\/wp\/v2\/media?parent=9024"}],"wp:term":[{"taxonomy":"product_cat","embeddable":true,"href":"https:\/\/monti.lt\/en\/wp-json\/wp\/v2\/product_cat?post=9024"},{"taxonomy":"product_tag","embeddable":true,"href":"https:\/\/monti.lt\/en\/wp-json\/wp\/v2\/product_tag?post=9024"}],"curies":[{"name":"wp","href":"https:\/\/api.w.org\/{rel}","templated":true}]}}