{"id":9214,"date":"2022-08-09T12:23:53","date_gmt":"2022-08-09T12:23:53","guid":{"rendered":"https:\/\/monti.lt\/?post_type=product&#038;p=9214"},"modified":"2025-10-15T07:48:45","modified_gmt":"2025-10-15T07:48:45","slug":"piesimo-magnetais-lenta","status":"publish","type":"product","link":"https:\/\/monti.lt\/en\/product\/piesimo-magnetais-lenta\/","title":{"rendered":"Pie\u0161imo magnetais lenta"},"content":{"rendered":"<p><strong>SPECIFIKACIJA<\/strong><\/p>\n<ul>\n<li>spalva: juoda ir raudona;<\/li>\n<li>Med\u017eiaga; plastikas \/ metalas;<\/li>\n<li>skyliu \/ kamuoliuku skai\u010dius: 380;<\/li>\n<li>matmenys (ilgis \/ plotis \/ auk\u0161tis) 22 \/ 17,5 \/ 1 cm;<\/li>\n<li>svarstykles; 0,32 kg;<\/li>\n<li>svoris pakuoteje: 0,41 kg.<\/li>\n<\/ul>\n<p><strong>ISKAITANT<\/strong><\/p>\n<ul>\n<li>lenta;<\/li>\n<li>ra\u0161iklis;<\/li>\n<li>20 \u0161ablonu.<\/li>\n<\/ul>","protected":false},"excerpt":{"rendered":"<p>SPECIFIKACIJA spalva: juoda ir raudona; Med\u017eiaga; plastikas \/ metalas; skyliu \/ kamuoliuku skai\u010dius: 380; matmenys (ilgis \/ plotis \/ auk\u0161tis) 22 \/ 17,5 \/ 1 cm; svarstykles; 0,32 kg; svoris pakuoteje: 0,41 kg. ISKAITANT lenta; ra\u0161iklis; 20 \u0161ablonu.<\/p>","protected":false},"featured_media":9215,"template":"","meta":{"_acf_changed":false,"iawp_total_views":813},"product_cat":[218,84,89,86,50,49,39,201],"product_tag":[96,97,98],"class_list":{"0":"post-9214","1":"product","2":"type-product","3":"status-publish","4":"has-post-thumbnail","6":"product_cat-darzeliu-grupems","7":"product_cat-lavinamieji-zaislai","8":"product_cat-mokausi-piesti","9":"product_cat-smulkioji-motorika","10":"product_cat-top-dovanos","11":"product_cat-visi-zaislai","12":"product_cat-zaislai","13":"product_cat-zaislai-kelioneje","14":"product_tag-2-m-3-m","15":"product_tag-3-m-4-m","16":"product_tag-5-m-7-m","18":"first","19":"outofstock","20":"taxable","21":"shipping-taxable","22":"purchasable","23":"product-type-simple"},"acf":[],"yoast_head":"<!-- This site is optimized with the Yoast SEO plugin v23.3 - https:\/\/yoast.com\/wordpress\/plugins\/seo\/ -->\n<title>Pie\u0161imo magnetais lenta - Montessori \u017eaislai<\/title>\n<meta name=\"robots\" content=\"index, follow, max-snippet:-1, max-image-preview:large, max-video-preview:-1\" \/>\n<link rel=\"canonical\" href=\"https:\/\/monti.lt\/en\/product\/piesimo-magnetais-lenta\/\" \/>\n<meta property=\"og:locale\" content=\"en_US\" \/>\n<meta property=\"og:type\" content=\"article\" \/>\n<meta property=\"og:title\" content=\"Pie\u0161imo magnetais lenta - Montessori \u017eaislai\" \/>\n<meta property=\"og:description\" content=\"SPECIFIKACIJA spalva: juoda ir raudona; Med\u017eiaga; plastikas \/ metalas; skyliu \/ kamuoliuku skai\u010dius: 380; matmenys (ilgis \/ plotis \/ auk\u0161tis) 22 \/ 17,5 \/ 1 cm; svarstykles; 0,32 kg; svoris pakuoteje: 0,41 kg. ISKAITANT lenta; ra\u0161iklis; 20 \u0161ablonu.\" \/>\n<meta property=\"og:url\" content=\"https:\/\/monti.lt\/en\/product\/piesimo-magnetais-lenta\/\" \/>\n<meta property=\"og:site_name\" content=\"Montessori \u017eaislai\" \/>\n<meta property=\"article:modified_time\" content=\"2025-10-15T07:48:45+00:00\" \/>\n<meta property=\"og:image\" content=\"https:\/\/monti.lt\/wp-content\/uploads\/2022\/08\/lit_pl_Lenta-magnetiniai-rutuliukai-rasiklis-su-magnetu-14795_1.jpg\" \/>\n\t<meta property=\"og:image:width\" content=\"652\" \/>\n\t<meta property=\"og:image:height\" content=\"500\" \/>\n\t<meta property=\"og:image:type\" content=\"image\/jpeg\" \/>\n<meta name=\"twitter:card\" content=\"summary_large_image\" \/>\n<meta name=\"twitter:label1\" content=\"Est. reading time\" \/>\n\t<meta name=\"twitter:data1\" content=\"1 minute\" \/>\n<script type=\"application\/ld+json\" class=\"yoast-schema-graph\">{\"@context\":\"https:\/\/schema.org\",\"@graph\":[{\"@type\":\"WebPage\",\"@id\":\"https:\/\/monti.lt\/product\/piesimo-magnetais-lenta\/\",\"url\":\"https:\/\/monti.lt\/product\/piesimo-magnetais-lenta\/\",\"name\":\"Pie\u0161imo magnetais lenta - Montessori \u017eaislai\",\"isPartOf\":{\"@id\":\"https:\/\/monti.lt\/#website\"},\"primaryImageOfPage\":{\"@id\":\"https:\/\/monti.lt\/product\/piesimo-magnetais-lenta\/#primaryimage\"},\"image\":{\"@id\":\"https:\/\/monti.lt\/product\/piesimo-magnetais-lenta\/#primaryimage\"},\"thumbnailUrl\":\"https:\/\/monti.lt\/wp-content\/uploads\/2022\/08\/lit_pl_Lenta-magnetiniai-rutuliukai-rasiklis-su-magnetu-14795_1.jpg\",\"datePublished\":\"2022-08-09T12:23:53+00:00\",\"dateModified\":\"2025-10-15T07:48:45+00:00\",\"breadcrumb\":{\"@id\":\"https:\/\/monti.lt\/product\/piesimo-magnetais-lenta\/#breadcrumb\"},\"inLanguage\":\"en-US\",\"potentialAction\":[{\"@type\":\"ReadAction\",\"target\":[\"https:\/\/monti.lt\/product\/piesimo-magnetais-lenta\/\"]}]},{\"@type\":\"ImageObject\",\"inLanguage\":\"en-US\",\"@id\":\"https:\/\/monti.lt\/product\/piesimo-magnetais-lenta\/#primaryimage\",\"url\":\"https:\/\/monti.lt\/wp-content\/uploads\/2022\/08\/lit_pl_Lenta-magnetiniai-rutuliukai-rasiklis-su-magnetu-14795_1.jpg\",\"contentUrl\":\"https:\/\/monti.lt\/wp-content\/uploads\/2022\/08\/lit_pl_Lenta-magnetiniai-rutuliukai-rasiklis-su-magnetu-14795_1.jpg\",\"width\":652,\"height\":500},{\"@type\":\"BreadcrumbList\",\"@id\":\"https:\/\/monti.lt\/product\/piesimo-magnetais-lenta\/#breadcrumb\",\"itemListElement\":[{\"@type\":\"ListItem\",\"position\":1,\"name\":\"Home\",\"item\":\"https:\/\/monti.lt\/\"},{\"@type\":\"ListItem\",\"position\":2,\"name\":\"Parduotuv\u0117\",\"item\":\"https:\/\/monti.lt\/shop\/\"},{\"@type\":\"ListItem\",\"position\":3,\"name\":\"Pie\u0161imo magnetais lenta\"}]},{\"@type\":\"WebSite\",\"@id\":\"https:\/\/monti.lt\/#website\",\"url\":\"https:\/\/monti.lt\/\",\"name\":\"Montessori \u017eaislai\",\"description\":\"\",\"publisher\":{\"@id\":\"https:\/\/monti.lt\/#organization\"},\"potentialAction\":[{\"@type\":\"SearchAction\",\"target\":{\"@type\":\"EntryPoint\",\"urlTemplate\":\"https:\/\/monti.lt\/?s={search_term_string}\"},\"query-input\":\"required name=search_term_string\"}],\"inLanguage\":\"en-US\"},{\"@type\":\"Organization\",\"@id\":\"https:\/\/monti.lt\/#organization\",\"name\":\"Montessori \u017eaislai\",\"url\":\"https:\/\/monti.lt\/\",\"logo\":{\"@type\":\"ImageObject\",\"inLanguage\":\"en-US\",\"@id\":\"https:\/\/monti.lt\/#\/schema\/logo\/image\/\",\"url\":\"https:\/\/monti.lt\/wp-content\/uploads\/2022\/03\/montilogo-1.png\",\"contentUrl\":\"https:\/\/monti.lt\/wp-content\/uploads\/2022\/03\/montilogo-1.png\",\"width\":512,\"height\":512,\"caption\":\"Montessori \u017eaislai\"},\"image\":{\"@id\":\"https:\/\/monti.lt\/#\/schema\/logo\/image\/\"}}]}<\/script>\n<!-- \/ Yoast SEO plugin. -->","yoast_head_json":{"title":"Pie\u0161imo magnetais lenta - Montessori \u017eaislai","robots":{"index":"index","follow":"follow","max-snippet":"max-snippet:-1","max-image-preview":"max-image-preview:large","max-video-preview":"max-video-preview:-1"},"canonical":"https:\/\/monti.lt\/en\/product\/piesimo-magnetais-lenta\/","og_locale":"en_US","og_type":"article","og_title":"Pie\u0161imo magnetais lenta - Montessori \u017eaislai","og_description":"SPECIFIKACIJA spalva: juoda ir raudona; Med\u017eiaga; plastikas \/ metalas; skyliu \/ kamuoliuku skai\u010dius: 380; matmenys (ilgis \/ plotis \/ auk\u0161tis) 22 \/ 17,5 \/ 1 cm; svarstykles; 0,32 kg; svoris pakuoteje: 0,41 kg. ISKAITANT lenta; ra\u0161iklis; 20 \u0161ablonu.","og_url":"https:\/\/monti.lt\/en\/product\/piesimo-magnetais-lenta\/","og_site_name":"Montessori \u017eaislai","article_modified_time":"2025-10-15T07:48:45+00:00","og_image":[{"width":652,"height":500,"url":"https:\/\/monti.lt\/wp-content\/uploads\/2022\/08\/lit_pl_Lenta-magnetiniai-rutuliukai-rasiklis-su-magnetu-14795_1.jpg","type":"image\/jpeg"}],"twitter_card":"summary_large_image","twitter_misc":{"Est. reading time":"1 minute"},"schema":{"@context":"https:\/\/schema.org","@graph":[{"@type":"WebPage","@id":"https:\/\/monti.lt\/product\/piesimo-magnetais-lenta\/","url":"https:\/\/monti.lt\/product\/piesimo-magnetais-lenta\/","name":"Pie\u0161imo magnetais lenta - Montessori \u017eaislai","isPartOf":{"@id":"https:\/\/monti.lt\/#website"},"primaryImageOfPage":{"@id":"https:\/\/monti.lt\/product\/piesimo-magnetais-lenta\/#primaryimage"},"image":{"@id":"https:\/\/monti.lt\/product\/piesimo-magnetais-lenta\/#primaryimage"},"thumbnailUrl":"https:\/\/monti.lt\/wp-content\/uploads\/2022\/08\/lit_pl_Lenta-magnetiniai-rutuliukai-rasiklis-su-magnetu-14795_1.jpg","datePublished":"2022-08-09T12:23:53+00:00","dateModified":"2025-10-15T07:48:45+00:00","breadcrumb":{"@id":"https:\/\/monti.lt\/product\/piesimo-magnetais-lenta\/#breadcrumb"},"inLanguage":"en-US","potentialAction":[{"@type":"ReadAction","target":["https:\/\/monti.lt\/product\/piesimo-magnetais-lenta\/"]}]},{"@type":"ImageObject","inLanguage":"en-US","@id":"https:\/\/monti.lt\/product\/piesimo-magnetais-lenta\/#primaryimage","url":"https:\/\/monti.lt\/wp-content\/uploads\/2022\/08\/lit_pl_Lenta-magnetiniai-rutuliukai-rasiklis-su-magnetu-14795_1.jpg","contentUrl":"https:\/\/monti.lt\/wp-content\/uploads\/2022\/08\/lit_pl_Lenta-magnetiniai-rutuliukai-rasiklis-su-magnetu-14795_1.jpg","width":652,"height":500},{"@type":"BreadcrumbList","@id":"https:\/\/monti.lt\/product\/piesimo-magnetais-lenta\/#breadcrumb","itemListElement":[{"@type":"ListItem","position":1,"name":"Home","item":"https:\/\/monti.lt\/"},{"@type":"ListItem","position":2,"name":"Parduotuv\u0117","item":"https:\/\/monti.lt\/shop\/"},{"@type":"ListItem","position":3,"name":"Pie\u0161imo magnetais lenta"}]},{"@type":"WebSite","@id":"https:\/\/monti.lt\/#website","url":"https:\/\/monti.lt\/","name":"Montessori \u017eaislai","description":"","publisher":{"@id":"https:\/\/monti.lt\/#organization"},"potentialAction":[{"@type":"SearchAction","target":{"@type":"EntryPoint","urlTemplate":"https:\/\/monti.lt\/?s={search_term_string}"},"query-input":"required name=search_term_string"}],"inLanguage":"en-US"},{"@type":"Organization","@id":"https:\/\/monti.lt\/#organization","name":"Montessori \u017eaislai","url":"https:\/\/monti.lt\/","logo":{"@type":"ImageObject","inLanguage":"en-US","@id":"https:\/\/monti.lt\/#\/schema\/logo\/image\/","url":"https:\/\/monti.lt\/wp-content\/uploads\/2022\/03\/montilogo-1.png","contentUrl":"https:\/\/monti.lt\/wp-content\/uploads\/2022\/03\/montilogo-1.png","width":512,"height":512,"caption":"Montessori \u017eaislai"},"image":{"@id":"https:\/\/monti.lt\/#\/schema\/logo\/image\/"}}]}},"_links":{"self":[{"href":"https:\/\/monti.lt\/en\/wp-json\/wp\/v2\/product\/9214"}],"collection":[{"href":"https:\/\/monti.lt\/en\/wp-json\/wp\/v2\/product"}],"about":[{"href":"https:\/\/monti.lt\/en\/wp-json\/wp\/v2\/types\/product"}],"version-history":[{"count":1,"href":"https:\/\/monti.lt\/en\/wp-json\/wp\/v2\/product\/9214\/revisions"}],"predecessor-version":[{"id":9218,"href":"https:\/\/monti.lt\/en\/wp-json\/wp\/v2\/product\/9214\/revisions\/9218"}],"wp:featuredmedia":[{"embeddable":true,"href":"https:\/\/monti.lt\/en\/wp-json\/wp\/v2\/media\/9215"}],"wp:attachment":[{"href":"https:\/\/monti.lt\/en\/wp-json\/wp\/v2\/media?parent=9214"}],"wp:term":[{"taxonomy":"product_cat","embeddable":true,"href":"https:\/\/monti.lt\/en\/wp-json\/wp\/v2\/product_cat?post=9214"},{"taxonomy":"product_tag","embeddable":true,"href":"https:\/\/monti.lt\/en\/wp-json\/wp\/v2\/product_tag?post=9214"}],"curies":[{"name":"wp","href":"https:\/\/api.w.org\/{rel}","templated":true}]}}